{"id":2781,"date":"2021-05-09T04:30:41","date_gmt":"2021-05-09T04:30:41","guid":{"rendered":"https:\/\/reikigreybook.com\/dedication-page\/"},"modified":"2021-12-15T04:42:18","modified_gmt":"2021-12-15T04:42:18","slug":"dedication-page","status":"publish","type":"page","link":"https:\/\/reikigreybook.com\/it\/the-grey-book\/dedication-page\/","title":{"rendered":"Pagina di Dedica"},"content":{"rendered":"\n<p>L&#8217;eredit\u00e0 lasciata a Phyllis non pu\u00f2 essere negata.<\/p>\n\n\n\n<p>l&#8217; immortalit\u00e0 di mia madre vive nei cuori di coloro che adoperano Reiki. <\/p>\n\n\n\n<p class=\"has-text-align-center\">[firmato] Alice Takata Furumoto<\/p>\n\n\n\n<p><\/p>\n\n\n\n<figure class=\"wp-block-image size-large is-resized\"><img fetchpriority=\"high\" decoding=\"async\" src=\"https:\/\/reikigreybook.com\/wp-content\/uploads\/2021\/05\/Dedication-watermarked-2-741x1024.png\" alt=\"\" class=\"wp-image-2728\" width=\"514\" height=\"710\" srcset=\"https:\/\/reikigreybook.com\/wp-content\/uploads\/2021\/05\/Dedication-watermarked-2-741x1024.png 741w, https:\/\/reikigreybook.com\/wp-content\/uploads\/2021\/05\/Dedication-watermarked-2-600x829.png 600w, https:\/\/reikigreybook.com\/wp-content\/uploads\/2021\/05\/Dedication-watermarked-2-217x300.png 217w, https:\/\/reikigreybook.com\/wp-content\/uploads\/2021\/05\/Dedication-watermarked-2-768x1061.png 768w, https:\/\/reikigreybook.com\/wp-content\/uploads\/2021\/05\/Dedication-watermarked-2-1112x1536.png 1112w, https:\/\/reikigreybook.com\/wp-content\/uploads\/2021\/05\/Dedication-watermarked-2.png 1300w\" sizes=\"(max-width: 514px) 100vw, 514px\" \/><\/figure>\n\n\n\n<div style=\"height:15px\" aria-hidden=\"true\" class=\"wp-block-spacer\"><\/div>\n\n\n\n<hr class=\"wp-block-separator is-style-wide\"\/>\n\n\n\n<div class=\"wp-block-group has-black-color has-text-color has-background\" style=\"background-color:#faf8ed\"><div class=\"wp-block-group__inner-container is-layout-flow wp-block-group-is-layout-flow\">\n<h3 class=\"has-text-align-center wp-block-heading\">Prospettiva Storica<\/h3>\n\n\n\n<p>\u2022 Scopri che cosa significano i marchi nel &#8220;<a href=\"https:\/\/reikigreybook.com\/it\/resources\/il-libro-grigio-e-la-storia-del-reiki\/\">Il &#8216;Libro Grigio\u2018 e la Storia di Reiki. <\/a>\u201d<\/p>\n\n\n\n<p>\u2022 Di Susan Mitchell leggi &#8220;<a href=\"https:\/\/reikigreybook.com\/it\/resources\/vivere-nellignoto\/\" data-type=\"pagina\" data-id=\"345\">Vivere nell&#8217;ignoto<\/a>.&#8221; Osserva il processo della successione per vedere come il lignaggio vive e respira in questa tradizione.<\/p>\n\n\n\n<p>\u2022 Leggi di Joyce Winough &#8220;<a href=\"https:\/\/reikigreybook.com\/it\/resources\/il-mistero-del-lignaggio-spirituale\/\">Il Mistero del Lignaggio Spirituale <\/a>\u201d per capire l&#8217; importante ruolo di Alice Takata Furumoto nel passaggio del lignaggio da Hawayo Takata a sua nipote Phyllis Lei Furumoto.<\/p>\n<\/div><\/div>\n\n\n\n<hr class=\"wp-block-separator is-style-wide\"\/>\n\n\n\n<p> <\/p>\n\n\n\n<div style=\"height:100px\" aria-hidden=\"true\" class=\"wp-block-spacer\"><\/div>\n","protected":false},"excerpt":{"rendered":"<p>L&#8217;eredit\u00e0 lasciata a Phyllis non pu\u00f2 essere negata. l&#8217; immortalit\u00e0 di mia madre vive nei cuori di coloro che adoperano Reiki. [firmato] Alice Takata Furumoto Prospettiva Storica \u2022 Scopri che cosa significano i marchi nel &#8220;Il &#8216;Libro Grigio\u2018 e la Storia di Reiki. \u201d \u2022 Di Susan Mitchell leggi &#8220;Vivere nell&#8217;ignoto.&#8221; Osserva il processo della [&hellip;]<\/p>\n","protected":false},"author":1,"featured_media":0,"parent":2878,"menu_order":7,"comment_status":"closed","ping_status":"closed","template":"","meta":{"footnotes":""},"class_list":["post-2781","page","type-page","status-publish","hentry"],"_links":{"self":[{"href":"https:\/\/reikigreybook.com\/it\/wp-json\/wp\/v2\/pages\/2781","targetHints":{"allow":["GET"]}}],"collection":[{"href":"https:\/\/reikigreybook.com\/it\/wp-json\/wp\/v2\/pages"}],"about":[{"href":"https:\/\/reikigreybook.com\/it\/wp-json\/wp\/v2\/types\/page"}],"author":[{"embeddable":true,"href":"https:\/\/reikigreybook.com\/it\/wp-json\/wp\/v2\/users\/1"}],"replies":[{"embeddable":true,"href":"https:\/\/reikigreybook.com\/it\/wp-json\/wp\/v2\/comments?post=2781"}],"version-history":[{"count":5,"href":"https:\/\/reikigreybook.com\/it\/wp-json\/wp\/v2\/pages\/2781\/revisions"}],"predecessor-version":[{"id":6040,"href":"https:\/\/reikigreybook.com\/it\/wp-json\/wp\/v2\/pages\/2781\/revisions\/6040"}],"up":[{"embeddable":true,"href":"https:\/\/reikigreybook.com\/it\/wp-json\/wp\/v2\/pages\/2878"}],"wp:attachment":[{"href":"https:\/\/reikigreybook.com\/it\/wp-json\/wp\/v2\/media?parent=2781"}],"curies":[{"name":"wp","href":"https:\/\/api.w.org\/{rel}","templated":true}]}}