{"id":2878,"date":"2021-05-09T04:27:49","date_gmt":"2021-05-09T04:27:49","guid":{"rendered":"https:\/\/reikigreybook.com\/the-grey-book\/"},"modified":"2022-05-13T21:04:53","modified_gmt":"2022-05-13T21:04:53","slug":"the-grey-book","status":"publish","type":"page","link":"https:\/\/reikigreybook.com\/it\/the-grey-book\/","title":{"rendered":"Leggi il Libro grigio"},"content":{"rendered":"\n<p>Queste sette sezioni del volume <em>Reiki<\/em>del 1982 sono presentate come disposte e pubblicate da Alice Takata Furumoto. La Guida Terapeutica, originalmente pubblicata in Giapponese, \u00e8 stata trasmessa in Inglese dal traduttore di livello professionale Dylan Luers Toda Dal lavoro di Toda abbiamo autorizzato le 8 traduzioni di questo sito web, e per la prima volta, molti di noi possono leggere il manuale originale sui trattamenti Reiki, che Chujiro Hayashi ha preparato per gli studenti di Hayashi Kenkyukai nelle Hawaii nel 1938.<\/p>\n\n\n\n<div class=\"wp-block-media-text alignwide is-stacked-on-mobile is-vertically-aligned-bottom\" style=\"grid-template-columns:46% auto\"><figure class=\"wp-block-media-text__media\"><img fetchpriority=\"high\" decoding=\"async\" width=\"716\" height=\"904\" src=\"https:\/\/reikigreybook.com\/wp-content\/uploads\/2022\/05\/The-Grey-Book-Cover-only-med.jpg\" alt=\"\" class=\"wp-image-6292 size-full\" srcset=\"https:\/\/reikigreybook.com\/wp-content\/uploads\/2022\/05\/The-Grey-Book-Cover-only-med.jpg 716w, https:\/\/reikigreybook.com\/wp-content\/uploads\/2022\/05\/The-Grey-Book-Cover-only-med-600x758.jpg 600w, https:\/\/reikigreybook.com\/wp-content\/uploads\/2022\/05\/The-Grey-Book-Cover-only-med-238x300.jpg 238w\" sizes=\"(max-width: 716px) 100vw, 716px\" \/><\/figure><div class=\"wp-block-media-text__content\">\n<h3 class=\"wp-block-heading\"><a href=\"https:\/\/reikigreybook.com\/it\/the-grey-book\/takatas-diary-entries\/\" data-type=\"pagina\" data-id=\"302\">INIZIA A LEGGERE<\/a><br><strong><em>Reiki: Il Libro Grigio<\/em><\/strong><\/h3>\n\n\n\n<hr class=\"wp-block-separator has-text-color has-background has-black-background-color has-black-color is-style-wide\"\/>\n\n\n\n<div style=\"height:14px\" aria-hidden=\"true\" class=\"wp-block-spacer\"><\/div>\n\n\n\n<p>&gt; <a rel=\"noreferrer noopener\" href=\"https:\/\/reikigreybook.com\/it\/the-grey-book\/takatas-diary-entries\/\" data-type=\"pagina\" target=\"_blank\">Le annotazioni dal Diario di Takata<\/a><\/p>\n\n\n\n<p>&gt; <a rel=\"noreferrer noopener\" href=\"https:\/\/reikigreybook.com\/it\/the-grey-book\/therapy-guide\/\" data-type=\"pagina\" target=\"_blank\">Guida alla Terapia<\/a><\/p>\n\n\n\n<p>&gt; <a rel=\"noreferrer noopener\" href=\"https:\/\/reikigreybook.com\/it\/the-grey-book\/the-art-of-healing\/\" data-type=\"pagina\" data-id=\"306\" target=\"_blank\">L&#8217;Arte della Guarigione<\/a><\/p>\n\n\n\n<p>&gt; <a rel=\"noreferrer noopener\" href=\"https:\/\/reikigreybook.com\/it\/the-grey-book\/photos\/\" data-type=\"pagina\" data-id=\"334\" target=\"_blank\">Fotos<\/a><\/p>\n\n\n\n<p>&gt; <a rel=\"noreferrer noopener\" href=\"https:\/\/reikigreybook.com\/it\/the-grey-book\/takatas-master-certificate\/\" data-type=\"pagina\" data-id=\"320\" target=\"_blank\">Certificati di Takata per la Maestria<\/a><\/p>\n\n\n\n<p>&gt; <a href=\"https:\/\/reikigreybook.com\/it\/the-grey-book\/master-students\/\" data-type=\"pagina\" target=\"_blank\" rel=\"noreferrer noopener\">Studenti Master<\/a><\/p>\n\n\n\n<p>&gt; <a rel=\"noreferrer noopener\" href=\"https:\/\/reikigreybook.com\/it\/the-grey-book\/dedication-page\/\" data-type=\"pagina\" data-id=\"328\" target=\"_blank\">Pagina di Dedica<\/a><\/p>\n<\/div><\/div>\n\n\n\n<div style=\"height:30px\" aria-hidden=\"true\" class=\"wp-block-spacer\"><\/div>\n\n\n\n<hr class=\"wp-block-separator has-text-color has-background has-black-background-color has-black-color is-style-wide\"\/>\n\n\n\n<div style=\"height:30px\" aria-hidden=\"true\" class=\"wp-block-spacer\"><\/div>\n\n\n\n<div class=\"wp-block-media-text alignwide has-media-on-the-right is-stacked-on-mobile is-vertically-aligned-center\" style=\"grid-template-columns:auto 51%\"><figure class=\"wp-block-media-text__media\"><img decoding=\"async\" width=\"675\" height=\"940\" src=\"https:\/\/reikigreybook.com\/wp-content\/uploads\/2022\/05\/Inviting-Generosity-vertical.jpg\" alt=\"\" class=\"wp-image-6074 size-full\" srcset=\"https:\/\/reikigreybook.com\/wp-content\/uploads\/2022\/05\/Inviting-Generosity-vertical.jpg 675w, https:\/\/reikigreybook.com\/wp-content\/uploads\/2022\/05\/Inviting-Generosity-vertical-600x836.jpg 600w, https:\/\/reikigreybook.com\/wp-content\/uploads\/2022\/05\/Inviting-Generosity-vertical-215x300.jpg 215w\" sizes=\"(max-width: 675px) 100vw, 675px\" \/><\/figure><div class=\"wp-block-media-text__content\">\n<h3 class=\"wp-block-heading\"><a href=\"https:\/\/reikigreybook.com\/it\/about-us\/inviting-generosity\/\" data-type=\"pagina\" data-id=\"338\">INVITA LA GENEROSITA<\/a><br><strong><em>Reiki: Il Libro Grigio<\/em><\/strong><\/h3>\n\n\n\n<hr class=\"wp-block-separator has-text-color has-background has-black-background-color has-black-color is-style-wide\"\/>\n\n\n\n<p><\/p>\n\n\n\n<p>Alice Takata Furumoto pubblic\u00f2 <em>Il Libro Grigio<\/em> nel 1982 come dono ai Maestri di Reiki che sua madre Hawayo Takata, aveva iniziato. <a href=\"https:\/\/reikigreybook.com\/it\/about-us\/the-grey-book-team\/\" data-type=\"pagina\" data-id=\"700\"> Il team del Libro Grigio<\/a> desidera continuare questa eredit\u00e0 di generosit\u00e0 offrendo la traduzione del testo originale come dono alla comunit\u00e0 mondiale di Reiki<\/p>\n\n\n\n<p><a href=\"https:\/\/reikigreybook.com\/it\/contribute\/donazione\/\">Ti invitiamo a far parte di questa eredit\u00e0 del donare.<\/a>. Partecipa al progetto del <em>Libro Grigio<\/em> con un offerta monetaria per pi\u00f9 traduzioni di questo testo.<\/p>\n\n\n\n<p><\/p>\n\n\n\n<p> <\/p>\n\n\n\n<div class=\"wp-block-buttons is-horizontal is-content-justification-right is-layout-flex wp-container-core-buttons-is-layout-ae2fe186 wp-block-buttons-is-layout-flex\">\n<div class=\"wp-block-button has-custom-width wp-block-button__width-100 is-style-outline is-style-outline--1\"><a class=\"wp-block-button__link has-vivid-red-color has-white-background-color has-text-color has-background\" href=\"https:\/\/reikigreybook.com\/it\/contribute\/donazione\/\" style=\"border-radius:13px\">Offri il dono della Traduzione<\/a><\/div>\n<\/div>\n<\/div><\/div>\n\n\n\n<div style=\"height:50px\" aria-hidden=\"true\" class=\"wp-block-spacer\"><\/div>\n\n\n\n<hr class=\"wp-block-separator is-style-wide\"\/>\n\n\n\n<div style=\"height:50px\" aria-hidden=\"true\" class=\"wp-block-spacer\"><\/div>\n\n\n\n<p><\/p>\n","protected":false},"excerpt":{"rendered":"<p>Queste sette sezioni del volume Reikidel 1982 sono presentate come disposte e pubblicate da Alice Takata Furumoto. La Guida Terapeutica, originalmente pubblicata in Giapponese, \u00e8 stata trasmessa in Inglese dal traduttore di livello professionale Dylan Luers Toda Dal lavoro di Toda abbiamo autorizzato le 8 traduzioni di questo sito web, e per la prima volta, [&hellip;]<\/p>\n","protected":false},"author":1,"featured_media":0,"parent":0,"menu_order":0,"comment_status":"closed","ping_status":"closed","template":"","meta":{"footnotes":""},"class_list":["post-2878","page","type-page","status-publish","hentry"],"_links":{"self":[{"href":"https:\/\/reikigreybook.com\/it\/wp-json\/wp\/v2\/pages\/2878","targetHints":{"allow":["GET"]}}],"collection":[{"href":"https:\/\/reikigreybook.com\/it\/wp-json\/wp\/v2\/pages"}],"about":[{"href":"https:\/\/reikigreybook.com\/it\/wp-json\/wp\/v2\/types\/page"}],"author":[{"embeddable":true,"href":"https:\/\/reikigreybook.com\/it\/wp-json\/wp\/v2\/users\/1"}],"replies":[{"embeddable":true,"href":"https:\/\/reikigreybook.com\/it\/wp-json\/wp\/v2\/comments?post=2878"}],"version-history":[{"count":5,"href":"https:\/\/reikigreybook.com\/it\/wp-json\/wp\/v2\/pages\/2878\/revisions"}],"predecessor-version":[{"id":7143,"href":"https:\/\/reikigreybook.com\/it\/wp-json\/wp\/v2\/pages\/2878\/revisions\/7143"}],"wp:attachment":[{"href":"https:\/\/reikigreybook.com\/it\/wp-json\/wp\/v2\/media?parent=2878"}],"curies":[{"name":"wp","href":"https:\/\/api.w.org\/{rel}","templated":true}]}}