{"id":3525,"date":"2021-05-09T03:00:07","date_gmt":"2021-05-09T03:00:07","guid":{"rendered":"https:\/\/reikigreybook.com\/the-grey-book\/the-art-of-healing\/"},"modified":"2021-09-22T21:23:53","modified_gmt":"2021-09-22T21:23:53","slug":"the-art-of-healing","status":"publish","type":"page","link":"https:\/\/reikigreybook.com\/it\/the-grey-book\/the-art-of-healing\/","title":{"rendered":"L&#8217;Arte della Guarigione"},"content":{"rendered":"\n<p>Nel mio tentativo di scrivere questo saggio sull&#8217;Arte della Guarigione con poche parole, cercher\u00f2 di essere pratica piuttosto che tecnica, perch\u00e8 ci\u00f2 che sto per definire non \u00e8 associato a nessun elemento tangibile, n\u00e9 ha una forma o un nome. Credo ci sia un essere Supremo &#8211; l&#8217;Infinito Assoluto &#8211; una Forza Dinamica che governa il mondo e l&#8217;Universo. E&#8217; un potere spirtuale invisibile che vibra e tutti gli altri poteri svaniscono nell&#8217;insignificanza al suo confronto. Quindi \u00e8 Assoluto! Questo potere \u00e8 immutabile, incommensurabile ed essendo una forza vitale universale, \u00e8 incomprensibile per l&#8217;individuo. Tuttavia, ogni singolo essere umano riceve quotidianamente le sue benedizioni, sveglio o addormentato. Diversi insegnanti e maestri Lo chiamano il Grande Spirito; La Forza Vitale Universale; Energia Vitale, perch\u00e8 quando viene applicata vitalizza tutto il sistema; Onda Eterea perch\u00e8 lenisce il dolore e ti mette in un sonno profondo come sotto anestesia, e L&#8217;Onda Cosmica perch\u00e8 irradia vibrazioni di sensazioni esaltanti e ti solleva verso l&#8217;armonia Lo chiamer\u00f2 Reiki perch\u00e8 ho studiato con questa espressione. Reiki \u00e8 un&#8217; onda radionica come la radio. Potrebbe essere applicato localmente o come onda corta. Un trattamento a distanza potrebbe essere mandato con successo. Reiki non \u00e8 elettricit\u00e0, e neppure radium o raggi-X. Potrebbe penetrare strati sottili di seta, lino, porcellana o piombo, legno o acciaio perch\u00e8 proveniente dal Grande Spirito. Non distrugge tessuti delicati o nervi. E&#8217; assolutamente innocuo, perci\u00f2 \u00e8 un trattamento pratico e sicuro. Siccome \u00e8 un&#8217;onda universale tutto ci\u00f2 che \u00e8 vita ne trae beneficio quando \u00e8 trattata- la vita delle piante, uccelli, gli animali, cos\u00ec come gli essere umani, neonati o anziani, poveri o ricchi. Dovrebbe essere applicata e utilizzata giornalmente come prevenzione. Dio ci ha dato questo corpo, un posto dove abitare, e il nostro pane quotidiano. Siamo stati messi in questo mondo per un qualche scopo, quindi dovremmo avere salute e felicit\u00e0. Era il piano di Dio quindi ci fornisce tutto. Ci ha dato delle mani da usare per applicare e guarire, per conservare la salute fisica e l&#8217;equilibrio mentale, per liberarci dall&#8217;ignoranza, e vivere in un mondo illuminato, per vivere in armonia con se stessi e gli altri, per amare tutti gli esseri. Quando queste regole sono applicate quotidianamente il corpo risponde e tutto ci\u00f2 che noi desideriamo ottenere in questo mondo \u00e8 alla nostra portata. Salute, felicit\u00e0 e la strada verso la longivit\u00e0, che tutti noi cerchiamo &#8211; questa la chiamer\u00f2 Perfezione.<\/p>\n\n<hr class=\"wp-block-separator has-text-color has-background has-black-background-color has-black-color is-style-wide\"\/>\n\n<p><\/p>\n\n<p>Pagina 2<\/p>\n\n<p><span style=\"text-decoration: underline;\">Come Ottenere questo Potere &#8211; L&#8217;Iniziazione al Primo Livello o &#8220;Shoden&#8221;:<\/span><\/p>\n\n<p>Essendo una forza universale proveniente dal Grande Spirito Divino, essa appartiene a tutti coloro che cercano e desiderano imparare l&#8217;arte della guarigione Non conosce colore, n\u00e8 credo, vecchio o giovane Trover\u00e0 la sua strada quando lo studente sar\u00e0 pronto ad accettare. Gli viene mostrata la strada. L&#8217;Iniziazione \u00e8 una cerimonia sacra e il contatto \u00e8 fatto. Poich\u00e8 si \u00e8 connessi allo Spirito Divino non c&#8217;\u00e8 errore e non si dovrebbe dubitare. E&#8217; l&#8217;Assoluto!<\/p>\n\n<p><span style=\"text-decoration: underline;\">Le Mani sono Pronte a Risanare:<\/span><\/p>\n\n<p>Con il primo contatto o iniziazione, le mani irradiano vibrazioni quando sono poste sulla parte malata. Allevia il dolore, ferma l sangue da una ferita aperta; le tue mani sono pronte a risanare malattie acute e croniche &#8211; gli esseri umani &#8211; le piante -gli uccelli &#8211; gli animali. Nei casi acuti, sono necessari solo pochi minuti di applicazione. Nei casi cronici, il primo passo \u00e8 quello di trovare la causa e l&#8217;effetto.<\/p>\n\n<p><span style=\"text-decoration: underline;\">Come Diagnosticare &#8211; La Causa ed Effetto.<\/span><\/p>\n\n<p id=\"_stroke\">Non \u00e8 necessario spogliare completamente il paziente, ma \u00e8 meglio allentare tutti gli indumenti stretti cos\u00ec che il paziente si possa rilassare, steso sul lettino a faccia in su. La cosa pi\u00f9 mportante \u00e8 trovare la causa della malattia. Inizia il trattamento dagli occhi, ghiandola sinusale, ghiandole pituarie, orecchie, gola, tiroide, timo, stomaco, cistifellia, fegato, pancrea, plesso solare, ileocecum, colon, flessione sigmoidea, ghiandole avariche, vescica, poi la parte anteriore del torace e il cuore. Gira il paziente, tratta la schiena, polmoni, ii sistema nervoso simpatico, reni, milza, e la prostata. Durante il trattamento fidati delle tue mani. Ascolta le vibrazioni o le reazioni. Se c&#8217;\u00e8 del dolore, il dolore si trasmette nelle punte delle dita e nel palmo. Se il paziente ha prurito, la reazione \u00e8 la stessa; se \u00e8 profondo e cronico, pulsa con un dolore intenso, o se \u00e8 acuto il dolore \u00e8 come un formicolio leggero. Appena il corpo risponde al trattamento, la malattia acuta sparisce ma la causa rimane. Scava giornalmente nella causa e con ogni trattatmento si vede il miglioramento. Dopo che gli organi sono stati trattati in questo modo, finisco il trattamento con una lisciata ai nervi con questa si regola la circolazione. Applica sulla pelle poche goccie di olio di sesamo o di olio vegetale puro. Metto il pollice e l&#8217;indice sulla parte sinistra della spina dorsale e le tre dita e il palmo piatto sulla parte destra della spina dorsale. Con un movimento verso il basso, fate 10 o 15 lisciate dalle spalle fino alla fine della spina dorsale. Solo nei casi di diabetici le lisciate sono fatte al contrario; le braccia e le gambe sono manipolate verso il cuore.<\/p>\n\n<hr class=\"wp-block-separator has-text-color has-background has-black-background-color has-black-color is-style-wide\"\/>\n\n<p><\/p>\n\n<p>Pagina 3<\/p>\n\n<p>Il trattamento di cui sopra, \u00e8 chiamato il trattamento base e richiede un ora o pi\u00f9, il tutto \u00e8 dipendente dalle complicazioni e la seriet\u00e0 del caso. Quando si passa lungo il corpo in modo dettagliato, le mani diventano sensibili e sono capaci di determinare le cause e rilevare la pi\u00f9 minima congestione interna, che sia fisica o mentale, acuta o cronica. Essendo un trattamento senza droghe e sangue, Reiki restabilisce la normalit\u00e0 al corpo. <\/p>\n\n<p><span style=\"text-decoration: underline;\">La Purificazione o Reazione:<\/span><\/p>\n\n<p>Da 4 gioni a tre settimane circa, avvengono grandi cambiamenti nel corpo, tutti gli organi interni e le ghiandole cominciano a funzionare con gran vigore e ritmo. Il sistema digestivo produce un flusso normale, i nervi congestionati si rilassano, the aderenze si sciolgono, il colon pigro si organizza, la materia fecale si stacca dalle pareti dell&#8217;intestino, si eliminano i gas. Tossine accumulate duranti molti anni trovano la via d&#8217;uscita attraverso i pori. E&#8217; un sudore appiccicoso. Le feci aumentano, scure e con un odore pungente. L&#8217;urina aumenta come th\u00e8 forte, a volte bianca simile a dell&#8217;acqua mescolata a farina. Dura da quattro a sei giorni, anche se ho avuto pazienti che hanno reagito con un solo trattamento. Quando questo \u00e8 stato dimostrato, si ha la certezza che stia avvenendo una grande revisione generale degli organi interni. Con una pulizia cos\u00ec efficace, il corpo diventa attivo. I nervi intorpiditi riaquistano le sensazioni, l&#8217;appetito aumenta, il sonno profondo viene naturale, gli occhi brillano, la pelle risplende come seta. Con un sangue nuovo e una buona circolazione, nervi e ghiandole ripristinate, \u00e8 possibile ringiovanire da cinque a dieci anni. A questo punto \u00e8 molto importante ci\u00f2 che si consuma.<\/p>\n\n<p><span style=\"text-decoration: underline;\">La Dieta:<\/span><\/p>\n\n<p>Nel percorso di Reiki sulla salute, siamo vegetariani, mangiamo ogni genere di frutta di stagione La natura provvede con abbondanza, ma mai per sprecare. Mangiare troppo \u00e8 un peccato. Mangiare con moderazione, con un senso di gratitudine, riconoscere in Grande Spirito che \u00e8 il creatore, che \u00e8 Tutto il Potere di far si che le cose crescano e fioriscano e fruttifichino. Vieni a tavola con pensieri piacevoli. Non mangiare mai quando sei preoccupato. Latte, zucchero bianco, <s>succo di arancia e di ananas<\/s> e amidi sono da evitare quando il paziente ha lo stomaco debole. Con il cibo adeguato, il paziente risponde pi\u00f9 velocemente ai trattamenti.<\/p>\n\n<p>Nei miei ultimi 12 anni di pratica, l&#8217;esperienza mi ha insegnato alcune scorciatioie per trovare la causa e ottenere i migliori risultati. Nei trattamenti successivi, prima usa il trattamento base, poi concentrati pi\u00f9 a lungo sui punti che indico qui sotto:<\/p>\n\n<hr class=\"wp-block-separator has-text-color has-background has-black-background-color has-black-color is-style-wide\"\/>\n\n<p><\/p>\n\n<p>Pagina 4<\/p>\n\n<p>Raffreddore Comune o Influenza -Sinusite, Gola, Torace.<\/p>\n\n<p>Pleuresia &#8211; Pleura &#8211; Cuore &#8211; Reni<\/p>\n\n<p>Diabete &#8211; Fegato &#8211; Pancrea &#8211; Milza &#8211; Reni<\/p>\n\n<p>Leucemia &#8211; Fegato &#8211; Pancrea &#8211; Milza &#8211; Cuore.<\/p>\n\n<p>Calcoli Biliari &#8211; Cistifellea &#8211; Fegato &#8211; Milza &#8211; Reni.<\/p>\n\n<p>Poliomelite &#8211; Intestineo Tenue &#8211; Plesso Solare, Colon, (Braccia e Gambe) Spina Dorsale.<\/p>\n\n<p>Febbre Reumatica &#8211; Plesso Solare, Reni, Milza, Cuore.<\/p>\n\n<p>Carbuncoli &#8211; Fegato, Pancrea, Reni, Carbuncolo, ( Non forzare. Si drener\u00e0 quando maturo.)<\/p>\n\n<p>Gotta, Donna- Ghiandole Ovariche, Occhi, Ghiandole Pituarie, Tiroide, Cuore.<\/p>\n\n<p>Gotta Uomo &#8211; Prostata, Occhi, Ghiandole Pituarie, Tiroide, Cuore.<\/p>\n\n<p>Malattia della Lingua &#8211; Piante dei Piedi<\/p>\n\n<p>Cuore &#8211; Fegato, Pancrea, Cuore, Milza, Reni, Nervi Simpatici<\/p>\n\n<p>Convulsioni &#8211; Fegato, Plesso Solare, Colon, Sigmoide, ( Piega le gambe verso il petto. Metti un tampone nella bocca)<\/p>\n\n<p>Appendice &#8211; Intestino cieco, Sigmoide<\/p>\n\n<p>Tubercolosi degli Intestini &#8211; Intestino Tenue, Colon<\/p>\n\n<p>Tubercolosi dei Polmoni &#8211; Testa, Polmoni, Cuore, Reni<\/p>\n\n<p>Tubercolosi dei Reni &#8211; Reni , Vescica<\/p>\n\n<p>Calcoli Renali &#8211; Reni, Vescica<\/p>\n\n<p>Gravidanza &#8211; Cistifellea, Ghiandole Ovariche, Pituarie<\/p>\n\n<p>Polmonite &#8211; Paziente sul dorso. Non muovere il paziente. Nessuna lisciata Torace, Polmoni, Pleura, Cuore, Reni. Tratta per due ore. Ripeti dopo otto ore, passata la crisi, continua giornalmente.<\/p>\n\n<p>Asma &#8211; Sinoidi, Gola, Pleura<\/p>\n\n<p>Artrite &#8211; Stomaco, Reni, Parti Interessate<\/p>\n\n<p>Reumatismi &#8211; Reni, Parti Interessate<\/p>\n\n<p>Pressione Sanguigna Alta &amp; Bassa, Donna &#8211; Testa, Gola, Cuore, Ovaie<\/p>\n\n<p>Pressione Sanguigna Alta &amp; Bassa, Uomo &#8211; Testa, Gola, Cuore, Prostata<\/p>\n\n<p>Morbillo &#8211; Stomaco, Pleura, Occhi<\/p>\n\n<p>Cecit\u00e0 &#8211; Pancrea, testa, Occhi, Ovaie<\/p>\n\n<p>Duro d&#8217;Orecchi se i tamburi non sono lacerati)\u2013 Testa, Sinoidi, Orecchie<\/p>\n\n<p>Casi Acuti e d&#8217;Emergenza &#8211; Tratta i Seguenti:<\/p>\n\n<p>Indigestione Acuta &#8211; Stomaco, Cistifellea<\/p>\n\n<p>Avvenelamento Grave &#8211; Quatttro albumi d&#8217;uovo 2 cucchiai di farina. Tratta lo stomaco e ripeti dopo il vomito.<\/p>\n\n<p>Shock &#8211; Plesso Solare, Nervi Simpatici<\/p>\n\n<p>Singhiozzo &#8211; Alza ambedue le braccia, tratta il diaframma<\/p>\n\n<p>Mal di Mare e d&#8217;Aria &#8211; Cistifellea, Ghiandola Pituaria<\/p>\n\n<hr class=\"wp-block-separator has-text-color has-background has-black-background-color has-black-color is-style-wide\"\/>\n\n<p><\/p>\n\n<p>Pagina 5<\/p>\n\n<p>Annegamento &#8211; Importante \u00e8 come il paziente \u00e8 stato portato fuori dall&#8217;acqua alla superfice. Testa in gi\u00f9, gambe in su. Drena l&#8217;acqua dalla bocca. Applica la respirazione artificiale &#8211; Tratta il Plesso Solare, Pancrea, Fegato, Cuore, Polmoni, manipola le mani e i piedi.<\/p>\n\n<p>Pesciolino Rosso &#8211; Reggi il contenitore<\/p>\n\n<p>Fiori &#8211; Tratta il vaso o gli steli nell&#8217;acqua.<\/p>\n\n<p>Semi &#8211; Tratta i semi prima di piantarli.<\/p>\n\n<p>Pulcini nati da un giorno &#8211; da 40 a 60 secondi<\/p>\n\n<p>Maiali &#8211; Mucche &#8211; Cavalli &#8211; Cani &#8211; Dietro le orecchie<\/p>\n\n<p>Distorsioni &#8211; Lividi e Fratture &#8211; Tratta direttamente sul livido e frattura.<\/p>\n\n<p>Ossa Rotte &#8211; ingessare le ossa. Raggi-X, applica le mani sul gesso.<\/p>\n<p>Bruciature\u2013 Applica le mani direttamente sulle bruciature.<\/p>\n<p>Quando lo studente conosce bene i trattamenti di cui sopra e ha esperienza con prove e testimonianze, \u00e8 pronto per &#8220;Oku Den&#8221;, o la conoscenza pi\u00f9 profonda. Lo studente prende il suo secondo voto di iniziazione, che \u00e8 una cerimonia sacra. Con la conoscenza di &#8220;Oku Den&#8221; lo studente ha il vantaggio di aiutare la mente subconscia &#8211; casi mentali &#8211; correggere abitudini negative . esaurimenti nervosi &#8211; insonnia &#8211; lunghi trattamenti a distanza. Nei pazienti depressi, cambia il loro atteggiamento in modo che raggiungano il lato pi\u00f9 positivo della vita. INel trattare casi mentali, prima di tutto trova la causa. Rimuovi la causa e l&#8217;effetto sparisce.<\/p>\n\n<p><span style=\"text-decoration: underline;\">Gli Ideali:<\/span><\/p>\n\n<p>Solo per Oggi non devi arrabbiarti<br\/>Solo per Oggi non Devi Preoccuparti<br\/>Devi essere grato per tutte le numerose benedizioni<br\/>Gadagna da vivere col lavoro onesto<br\/>Sii gentile con il tuo prossimo<\/p>\n\n<p>Ecco qui &#8211; &#8220;Reiki&#8221; L&#8217; Arte della guarigione. E&#8217; un trattamento semplice e tuttavia completo, con meravigliosi risultati. I bambini mostrano pi\u00f9 apprezzamento per la delicatezza e l&#8217;efficacia. Questa \u00e8 la via del Grande Spirito. Pu\u00f2 solo far bene<\/p>\n\n<hr class=\"wp-block-separator is-style-wide\"\/>\n\n<div style=\"height:25px\" aria-hidden=\"true\" class=\"wp-block-spacer\"><\/div>\n\n<hr class=\"wp-block-separator is-style-wide\"\/>\n\n<div class=\"wp-block-group has-black-color has-text-color has-background\" style=\"background-color:#faf8ed\"><div class=\"wp-block-group__inner-container is-layout-flow wp-block-group-is-layout-flow\">\n<h3 class=\"has-text-align-center wp-block-heading\">Prospettiva Storica<\/h3>\n\n\n\n<p>\u2022 Il saggio di Justin Stein &#8220;<a href=\"https:\/\/reikigreybook.com\/it\/resources\/il-libro-grigio-e-la-storia-del-reiki\/\" data-type=\"page\" data-id=\"301\">Il Libro Grigio e la Storia di Reiki<\/a>&#8221; contiene una spiegazione dettagliata sul perch\u00e8 Takata scrisse questo saggio sull&#8217;Arte della Guarigione.<\/p>\n<\/div><\/div>\n\n<hr class=\"wp-block-separator is-style-wide\"\/>\n\n<div style=\"height:100px\" aria-hidden=\"true\" class=\"wp-block-spacer\"><\/div>\n\n<div style=\"height:100px\" aria-hidden=\"true\" class=\"wp-block-spacer\"><\/div>\n","protected":false},"excerpt":{"rendered":"<p>Nel mio tentativo di scrivere questo saggio sull&#8217;Arte della Guarigione con poche parole, cercher\u00f2 di essere pratica piuttosto che tecnica, perch\u00e8 ci\u00f2 che sto per definire non \u00e8 associato a nessun elemento tangibile, n\u00e9 ha una forma o un nome. Credo ci sia un essere Supremo &#8211; l&#8217;Infinito Assoluto &#8211; una Forza Dinamica che governa [&hellip;]<\/p>\n","protected":false},"author":1,"featured_media":0,"parent":2878,"menu_order":3,"comment_status":"closed","ping_status":"closed","template":"","meta":{"footnotes":""},"class_list":["post-3525","page","type-page","status-publish","hentry"],"_links":{"self":[{"href":"https:\/\/reikigreybook.com\/it\/wp-json\/wp\/v2\/pages\/3525","targetHints":{"allow":["GET"]}}],"collection":[{"href":"https:\/\/reikigreybook.com\/it\/wp-json\/wp\/v2\/pages"}],"about":[{"href":"https:\/\/reikigreybook.com\/it\/wp-json\/wp\/v2\/types\/page"}],"author":[{"embeddable":true,"href":"https:\/\/reikigreybook.com\/it\/wp-json\/wp\/v2\/users\/1"}],"replies":[{"embeddable":true,"href":"https:\/\/reikigreybook.com\/it\/wp-json\/wp\/v2\/comments?post=3525"}],"version-history":[{"count":5,"href":"https:\/\/reikigreybook.com\/it\/wp-json\/wp\/v2\/pages\/3525\/revisions"}],"predecessor-version":[{"id":5785,"href":"https:\/\/reikigreybook.com\/it\/wp-json\/wp\/v2\/pages\/3525\/revisions\/5785"}],"up":[{"embeddable":true,"href":"https:\/\/reikigreybook.com\/it\/wp-json\/wp\/v2\/pages\/2878"}],"wp:attachment":[{"href":"https:\/\/reikigreybook.com\/it\/wp-json\/wp\/v2\/media?parent=3525"}],"curies":[{"name":"wp","href":"https:\/\/api.w.org\/{rel}","templated":true}]}}