{"id":4455,"date":"2021-05-09T02:59:04","date_gmt":"2021-05-09T02:59:04","guid":{"rendered":"https:\/\/reikigreybook.com\/the-grey-book\/takatas-diary-entries\/"},"modified":"2021-09-26T18:36:46","modified_gmt":"2021-09-26T18:36:46","slug":"takatas-diary-entries","status":"publish","type":"page","link":"https:\/\/reikigreybook.com\/it\/the-grey-book\/takatas-diary-entries\/","title":{"rendered":"Le annotazioni dal Diario di Takata"},"content":{"rendered":"\n<p>10 Dic. 1935<\/p>\n\n\n\n<p id=\"_up\">Significato di &#8220;Leike&#8221; Energia dentro di s\u00e8, se concentrata e applicata al paziente, curer\u00e0 tutti i disturbi. E&#8217; la pi\u00f9 grande cura della natura, che non richiede farmaci . Auita in tutti gli aspetti della vita umana e animale. Per concentrarsi bisogna purificare i propri pensieri nelle parole e nei propositi e meditare per lasciare che &#8220;l&#8217;energia&#8221; che \u00e8 all&#8217;interno, esca. . Si trova nella parte inferiore dell&#8217;tuo stomaco circa 3 cem. sotto l&#8217;ombelico. Siediti in una posizione comoda, chiudi gli occhi, concentrati sui tuoi pensieri e rilassati, unisci le mani e aspetta i segnale. Delicatamente e gentilmente applicare le mani iniziando da &#8220;heand&#8221;<sup><a href=\"#_1\" data-type=\"internal\" data-id=\"#_1\">[1]<\/a><\/sup> verso il basso. Il paziente che sta per ricevere questo trattamento deve purificare i propri pensieri, sentirsi a proprio agio e avere il desiderio di guarire. Non bisogna dimenticare di sentirsi grati. Gratitudine \u00e8 una grande cura per la mente . In tutti i casi, il paziente potrebbe essere diagnosticato solo col tocco della mano.<\/p>\n\n\n\n<hr class=\"wp-block-separator is-style-wide\"\/>\n\n\n\n<p><\/p>\n\n\n\n<p>2 Aprile 1936<\/p>\n\n\n\n<p>Il padre si \u00e8 ammalato per il freddo ed \u00e8 stanco. Gli abbiamo fatto dei trattamenti e ha potuto fare l&#8217;esame il 7 e tornare a Kuuai il 10. Dopo averli salutati, sono tornata con Giulia a casa della signora Hayashi. Sono stati cos\u00ec gentili e mi hanno pregato di restare con con loro, cos\u00ec da quella notte in poi rester\u00f2 qui. Questo deve essere stato veramente il mio giorno fortunato,come mi viene da pensare. Ho acquisito cos\u00ec tanta esperienza nella gestione dei trattamenti che mi sono trovata a prendere pazienti in modo naturale. Sono andata a curare due ragazze del Barone Toku per 2 giorni e sono guarite, la signora Harazawa all&#8217;ospedale Keio, ogni sera alle 19.30- trattamento dopo operazione- lo trova veramente buono e con recupero veloce. Nell&#8217;ufficio di casa i pazienti sono aumentati da quando sono arrivata.<\/p>\n\n\n\n<hr class=\"wp-block-separator is-style-wide\"\/>\n\n\n\n<p><\/p>\n\n\n\n<p>Maggio 1936<br><s>Aprile 1936<\/s><\/p>\n\n\n\n<p>a loro. mi fa sentire bene ed \u00e8 molto incoraggiante. Ci\u00f2 che \u00e8 stato molto pi\u00f9 piacevole \u00e8 che il signor Hayashi ha acconsentito di impartirmi i segreti di Shinpi Den, Kokyu-Ho e Leiji-Ho, il pi\u00f9 grande segreto della Scienza dell&#8217;Energia.<\/p>\n\n\n\n<p>Nessuno pu\u00f2 immaginare la mia felicit\u00e0 nel pensare che io ho l&#8217;onore e il rispetto di essere considerata per questo dono &#8211; un dono di una vita &amp; ho promesso dentro di me di fare del mio meglio riguardo a questo bellissimo e meraviglioso insegnamento che ho appena ricevuto. Prometto di fare ci\u00f2 che \u00e8 giusto attraverso la sincerit\u00e0 e la gentilezza e che onorer\u00f2 e rispetter\u00f2 l&#8217;insegnamento e il suo maestro con la massima riverenza e rispetto.<\/p>\n\n\n\n<hr class=\"wp-block-separator is-style-wide\"\/>\n\n\n\n<p><\/p>\n\n\n\n<p>29 Marzo,1937<\/p>\n\n\n\n<p>La Legge del Karma, cos\u00ec veritiera secondo gli insegnamenti, quando ci incontriamo \u00e8 l&#8217;inizio della separazione.<\/p>\n\n\n\n<hr class=\"wp-block-separator is-style-wide\"\/>\n\n\n\n<div style=\"height:40px\" aria-hidden=\"true\" class=\"wp-block-spacer\"><\/div>\n\n\n\n<hr class=\"wp-block-separator has-text-color has-background has-black-background-color has-black-color is-style-wide\"\/>\n\n\n\n<div class=\"wp-block-group has-black-color has-text-color has-background\" style=\"background-color:#faf8ed\"><div class=\"wp-block-group__inner-container is-layout-flow wp-block-group-is-layout-flow\">\n<h3 class=\"has-text-align-center wp-block-heading\">Prospettiva Storica<\/h3>\n\n\n\n<p>Per saperne di pi\u00f9 sul contesto di queste annotazioni del diario e sulle tecniche che Takata descrive qui, vedi il saggio del Dott. Justin Stein , <a href=\"https:\/\/reikigreybook.com\/it\/resources\/il-libro-grigio-e-la-storia-del-reiki\/\">&#8220;Il Libro Grigio e la Storia di Reiki&#8221;<\/a><\/p>\n<\/div><\/div>\n\n\n\n<hr class=\"wp-block-separator has-text-color has-background has-black-background-color has-black-color is-style-wide\"\/>\n\n\n\n<div style=\"height:25px\" aria-hidden=\"true\" class=\"wp-block-spacer\"><\/div>\n\n\n\n<hr class=\"wp-block-separator has-text-color has-background has-black-background-color has-black-color is-style-wide\"\/>\n\n\n\n<div class=\"wp-block-group alignwide has-background\" style=\"background-color:#faf8ed\"><div class=\"wp-block-group__inner-container is-layout-flow wp-block-group-is-layout-flow\">\n<p class=\"has-text-align-center has-background\" id=\"_1\" style=\"background-color:#faf8ed;font-size:30px\"><strong>Nota Storica<\/strong><\/p>\n\n\n\n<div class=\"wp-block-media-text alignwide has-media-on-the-right is-stacked-on-mobile is-vertically-aligned-center has-background\" style=\"background-color:#faf8ed\"><figure class=\"wp-block-media-text__media\"><img fetchpriority=\"high\" decoding=\"async\" width=\"874\" height=\"464\" src=\"https:\/\/reikigreybook.com\/wp-content\/uploads\/2021\/05\/Screen-Shot-2021-05-16-at-3.20.43-PM.png\" alt=\"\" class=\"wp-image-1219 size-full\" srcset=\"https:\/\/reikigreybook.com\/wp-content\/uploads\/2021\/05\/Screen-Shot-2021-05-16-at-3.20.43-PM.png 874w, https:\/\/reikigreybook.com\/wp-content\/uploads\/2021\/05\/Screen-Shot-2021-05-16-at-3.20.43-PM-600x319.png 600w, https:\/\/reikigreybook.com\/wp-content\/uploads\/2021\/05\/Screen-Shot-2021-05-16-at-3.20.43-PM-300x159.png 300w, https:\/\/reikigreybook.com\/wp-content\/uploads\/2021\/05\/Screen-Shot-2021-05-16-at-3.20.43-PM-768x408.png 768w\" sizes=\"(max-width: 874px) 100vw, 874px\" \/><\/figure><div class=\"wp-block-media-text__content\">\n<p>[1] Il testo qui sopra trascrive esattamente le parole di Takata, compresi gli errori di ortografia. L&#8217; Inglese sembra dire &#8220;heand&#8221; e riguardo questa ambiguit\u00e0 alcuni la leggono come &#8220;testa&#8221; (head) e altri come &#8220;cuore&#8221; (Heart). Il Dott. Justin Stein scrive: &#8220;Mi sono convinto che non \u00e8 &#8221; cuore&#8221; perch\u00e8 lei ha deliberatamente incrociato le sue T e questa non \u00e8 incrociata&#8221; &#8221; <a href=\"#_up\">^ su<\/a><\/p>\n<\/div><\/div>\n\n\n\n<p><\/p>\n<\/div><\/div>\n\n\n\n<hr class=\"wp-block-separator has-text-color has-background has-black-background-color has-black-color is-style-wide\"\/>\n\n\n\n<p><\/p>\n\n\n\n<div style=\"height:100px\" aria-hidden=\"true\" class=\"wp-block-spacer\"><\/div>\n\n\n\n<p><\/p>\n","protected":false},"excerpt":{"rendered":"<p>10 Dic. 1935 Significato di &#8220;Leike&#8221; Energia dentro di s\u00e8, se concentrata e applicata al paziente, curer\u00e0 tutti i disturbi. E&#8217; la pi\u00f9 grande cura della natura, che non richiede farmaci . Auita in tutti gli aspetti della vita umana e animale. Per concentrarsi bisogna purificare i propri pensieri nelle parole e nei propositi e [&hellip;]<\/p>\n","protected":false},"author":1,"featured_media":0,"parent":2878,"menu_order":1,"comment_status":"closed","ping_status":"closed","template":"","meta":{"footnotes":""},"class_list":["post-4455","page","type-page","status-publish","hentry"],"_links":{"self":[{"href":"https:\/\/reikigreybook.com\/it\/wp-json\/wp\/v2\/pages\/4455","targetHints":{"allow":["GET"]}}],"collection":[{"href":"https:\/\/reikigreybook.com\/it\/wp-json\/wp\/v2\/pages"}],"about":[{"href":"https:\/\/reikigreybook.com\/it\/wp-json\/wp\/v2\/types\/page"}],"author":[{"embeddable":true,"href":"https:\/\/reikigreybook.com\/it\/wp-json\/wp\/v2\/users\/1"}],"replies":[{"embeddable":true,"href":"https:\/\/reikigreybook.com\/it\/wp-json\/wp\/v2\/comments?post=4455"}],"version-history":[{"count":5,"href":"https:\/\/reikigreybook.com\/it\/wp-json\/wp\/v2\/pages\/4455\/revisions"}],"predecessor-version":[{"id":5966,"href":"https:\/\/reikigreybook.com\/it\/wp-json\/wp\/v2\/pages\/4455\/revisions\/5966"}],"up":[{"embeddable":true,"href":"https:\/\/reikigreybook.com\/it\/wp-json\/wp\/v2\/pages\/2878"}],"wp:attachment":[{"href":"https:\/\/reikigreybook.com\/it\/wp-json\/wp\/v2\/media?parent=4455"}],"curies":[{"name":"wp","href":"https:\/\/api.w.org\/{rel}","templated":true}]}}