{"id":4640,"date":"2021-05-10T00:36:06","date_gmt":"2021-05-10T00:36:06","guid":{"rendered":"https:\/\/reikigreybook.com\/home\/"},"modified":"2023-03-12T15:18:35","modified_gmt":"2023-03-12T15:18:35","slug":"home","status":"publish","type":"page","link":"https:\/\/reikigreybook.com\/it\/","title":{"rendered":"Pagina Iniziale"},"content":{"rendered":"\n<div class=\"wp-block-media-text alignwide has-media-on-the-right is-stacked-on-mobile is-vertically-aligned-center\" style=\"grid-template-columns:auto 51%\"><div class=\"wp-block-media-text__content\">\n<h3 class=\"wp-block-heading\"><a href=\"https:\/\/reikigreybook.com\/it\/about-us\/inviting-generosity\/\" data-type=\"page\" data-id=\"338\">INVITA LA GENEROSITA<\/a><br><strong><em>Reiki: Il Libro Grigio<\/em><\/strong><\/h3>\n\n\n\n<hr class=\"wp-block-separator has-text-color has-black-color has-css-opacity has-black-background-color has-background is-style-wide\"\/>\n\n\n\n<p><\/p>\n\n\n\n<p>Alice Takata Furumoto pubblic\u00f2 <em>Il Libro Grigio<\/em> nel 1982 come dono ai Maestri di Reiki che sua madre Hawayo Takata, aveva iniziato. <a href=\"https:\/\/reikigreybook.com\/it\/about-us\/the-grey-book-team\/\" data-type=\"page\" data-id=\"700\"> Il team del Libro Grigio<\/a> desidera continuare questa eredit\u00e0 di generosit\u00e0 offrendo la traduzione del testo originale come dono alla comunit\u00e0 mondiale di Reiki<\/p>\n\n\n\n<p><a href=\"https:\/\/reikigreybook.com\/it\/contribute\/donazione\/\">Ti invitiamo a far parte di questa eredit\u00e0 del donare.<\/a>. Partecipa al progetto del <em>Libro Grigio<\/em> con un offerta monetaria per pi\u00f9 traduzioni di questo testo.<\/p>\n\n\n\n<p><\/p>\n\n\n\n<div class=\"wp-block-buttons is-layout-flex wp-block-buttons-is-layout-flex\">\n<div class=\"wp-block-button has-custom-width wp-block-button__width-100 is-style-outline is-style-outline--1\"><a class=\"wp-block-button__link has-vivid-red-color has-white-background-color has-text-color has-background wp-element-button\" href=\"https:\/\/reikigreybook.com\/it\/contribute\/donazione\/\" style=\"border-radius:13px\">Offri il dono della Traduzione<\/a><\/div>\n<\/div>\n\n\n\n<p><\/p>\n<\/div><figure class=\"wp-block-media-text__media\"><img fetchpriority=\"high\" decoding=\"async\" width=\"675\" height=\"940\" src=\"https:\/\/reikigreybook.com\/wp-content\/uploads\/2022\/05\/Inviting-Generosity-vertical.jpg\" alt=\"\" class=\"wp-image-6070 size-full\" srcset=\"https:\/\/reikigreybook.com\/wp-content\/uploads\/2022\/05\/Inviting-Generosity-vertical.jpg 675w, https:\/\/reikigreybook.com\/wp-content\/uploads\/2022\/05\/Inviting-Generosity-vertical-600x836.jpg 600w, https:\/\/reikigreybook.com\/wp-content\/uploads\/2022\/05\/Inviting-Generosity-vertical-215x300.jpg 215w\" sizes=\"(max-width: 675px) 100vw, 675px\" \/><\/figure><\/div>\n\n\n\n<div style=\"height:25px\" aria-hidden=\"true\" class=\"wp-block-spacer\"><\/div>\n\n\n\n<div class=\"wp-block-media-text alignwide is-stacked-on-mobile is-vertically-aligned-center\" style=\"grid-template-columns:51% auto\"><figure class=\"wp-block-media-text__media\"><img decoding=\"async\" width=\"716\" height=\"904\" src=\"https:\/\/reikigreybook.com\/wp-content\/uploads\/2022\/05\/The-Grey-Book-Cover-only-med.jpg\" alt=\"Foto di copertina della ristampa in Edizione Limitata del 2022 di Reiki:Il Libro Grigio\" class=\"wp-image-6288 size-full\" srcset=\"https:\/\/reikigreybook.com\/wp-content\/uploads\/2022\/05\/The-Grey-Book-Cover-only-med.jpg 716w, https:\/\/reikigreybook.com\/wp-content\/uploads\/2022\/05\/The-Grey-Book-Cover-only-med-600x758.jpg 600w, https:\/\/reikigreybook.com\/wp-content\/uploads\/2022\/05\/The-Grey-Book-Cover-only-med-238x300.jpg 238w\" sizes=\"(max-width: 716px) 100vw, 716px\" \/><\/figure><div class=\"wp-block-media-text__content\">\n<h3 class=\"wp-block-heading\"><br><a href=\"https:\/\/reikigreybook.com\/it\/the-grey-book\/\" data-type=\"page\" data-id=\"323\">LEGGI IL LIBRO INTERO<br><\/a><strong><em>Reiki: Il LIbro Grigio <\/em><\/strong><\/h3>\n\n\n\n<hr class=\"wp-block-separator has-text-color has-black-color has-css-opacity has-black-background-color has-background is-style-wide\"\/>\n\n\n\n<h6 class=\"wp-block-heading\">Listed below are the seven sections of the original 1982 volume&nbsp;<em>Reiki<\/em>. <\/h6>\n\n\n\n<p>&gt; <a rel=\"noreferrer noopener\" href=\"https:\/\/reikigreybook.com\/it\/the-grey-book\/takatas-diary-entries\/\" data-type=\"page\" target=\"_blank\">Le annotazioni dal Diario di Takata<\/a><\/p>\n\n\n\n<p>&gt; <a rel=\"noreferrer noopener\" href=\"https:\/\/reikigreybook.com\/it\/the-grey-book\/therapy-guide\/\" data-type=\"page\" target=\"_blank\">Guida alla Terapia<\/a><\/p>\n\n\n\n<p>&gt; <a rel=\"noreferrer noopener\" href=\"https:\/\/reikigreybook.com\/it\/the-grey-book\/the-art-of-healing\/\" data-type=\"page\" data-id=\"306\" target=\"_blank\">L&#8217;Arte della Guarigione<\/a><\/p>\n\n\n\n<p>&gt; <a rel=\"noreferrer noopener\" href=\"https:\/\/reikigreybook.com\/it\/the-grey-book\/photos\/\" data-type=\"page\" data-id=\"334\" target=\"_blank\">Fotos<\/a><\/p>\n\n\n\n<p>&gt; <a rel=\"noreferrer noopener\" href=\"https:\/\/reikigreybook.com\/it\/the-grey-book\/takatas-master-certificate\/\" data-type=\"page\" data-id=\"320\" target=\"_blank\">Certificati di Takata per la Maestria<\/a><\/p>\n\n\n\n<p>&gt; <a rel=\"noreferrer noopener\" href=\"https:\/\/reikigreybook.com\/it\/the-grey-book\/master-students\/\" data-type=\"page\" data-id=\"308\" target=\"_blank\">Studenti Master<\/a><\/p>\n\n\n\n<p>&gt; <a rel=\"noreferrer noopener\" href=\"https:\/\/reikigreybook.com\/it\/the-grey-book\/dedication-page\/\" data-type=\"page\" data-id=\"328\" target=\"_blank\">Pagina di Dedica<\/a><\/p>\n<\/div><\/div>\n\n\n\n<div style=\"height:50px\" aria-hidden=\"true\" class=\"wp-block-spacer\"><\/div>\n\n\n\n<div style=\"height:20px\" aria-hidden=\"true\" class=\"wp-block-spacer\"><\/div>\n\n\n\n<div class=\"wp-block-cover alignwide is-light has-custom-content-position is-position-bottom-center is-position-center-center\" style=\"min-height:97px;aspect-ratio:unset;\"><span aria-hidden=\"true\" class=\"has-white-background-color has-background-dim-20 wp-block-cover__gradient-background has-background-dim\"><\/span><img decoding=\"async\" width=\"642\" height=\"349\" class=\"wp-block-cover__image-background wp-image-1637\" alt=\"\" src=\"https:\/\/reikigreybook.com\/wp-content\/uploads\/2021\/05\/snowy-kurama-gate.png\" style=\"object-position:57% 0%\" data-object-fit=\"cover\" data-object-position=\"57% 0%\" srcset=\"https:\/\/reikigreybook.com\/wp-content\/uploads\/2021\/05\/snowy-kurama-gate.png 642w, https:\/\/reikigreybook.com\/wp-content\/uploads\/2021\/05\/snowy-kurama-gate-600x326.png 600w, https:\/\/reikigreybook.com\/wp-content\/uploads\/2021\/05\/snowy-kurama-gate-300x163.png 300w\" sizes=\"(max-width: 642px) 100vw, 642px\" \/><div class=\"wp-block-cover__inner-container is-layout-flow wp-block-cover-is-layout-flow\">\n\n<p class=\"has-text-align-center has-large-font-size\" style=\"line-height:1.1\"><strong>Prospettiva Storica<\/strong><\/p>\n\n<\/div><\/div>\n\n\n\n<div class=\"wp-block-group has-black-color has-text-color has-background\" style=\"background-color:#faf8ed\"><div class=\"wp-block-group__inner-container is-layout-flow wp-block-group-is-layout-flow\">\n<p><a href=\"https:\/\/reikigreybook.com\/it\/resources\/a-powerful-force\/\" data-type=\"page\" data-id=\"352\">Una Forza Potente<\/a> &#8211; Brian Brunius scrive della sua motivazione per ristampare <em>Reiki: Il Libro Grigio<\/em> e metterlo online perch\u00e8 il mondo lo veda.<\/p>\n\n\n\n<p><a href=\"https:\/\/reikigreybook.com\/it\/resources\/il-libro-grigio-e-la-storia-del-reiki\/\" data-type=\"page\" data-id=\"301\">Il \u201cLibro Grigio\u201d e la Storia di Reiki <\/a> &#8211; del Dott. Justin Stein leggi la prospettiva storica sul <em>Reiki: Il Libro Grigio <\/em>. scopri il contesto che circonda la sua creazione e i maestri che l&#8217;hanno ricevuta per primi.<\/p>\n\n\n\n<p><a href=\"https:\/\/reikigreybook.com\/it\/resources\/una-piccola-storia-sul-libro-grigio\/\" data-type=\"page\" data-id=\"740\">Una Piccola Storia sul Libro Grigio<\/a> &#8211; Paul Mitchell parla a proposito dei suoi pagamenti per la formazione alla Maestria e come a sua insaputa hanno finanziato la prima stampa del <em>Reiki: Il Libro Grigio<\/em>. <\/p>\n\n\n\n<p><a href=\"https:\/\/reikigreybook.com\/it\/resources\/il-mistero-del-lignaggio-spirituale\/\">Il Mistero del Lignaggio Spirituale<\/a> &#8211; Joyce Winough scrive del passaggio del linaggio spirituale da una generazione all&#8217;altra e del ruolo importante di Alice Takata Furumoto nel passaggio del lignaggio da Hawayo Takata a sua nipote Phyllis Lei Furumoto.<\/p>\n\n\n\n<p><a href=\"https:\/\/reikigreybook.com\/it\/resources\/vivere-nellignoto\/\" data-type=\"page\" data-id=\"345\">Vivere nell&#8217;Ignoto <\/a> &#8211; Susan Mitchell scrive su Johannes Reindl, e le quattro parole che hanno cambiato la sua vita. Osserva il processo della successione per vedere come il lignaggio vive e respira in questa tradizione. <\/p>\n<\/div><\/div>\n\n\n\n<div class=\"wp-block-cover alignwide is-light has-custom-content-position is-position-bottom-center is-position-center-center\" style=\"min-height:97px;aspect-ratio:unset;\"><span aria-hidden=\"true\" class=\"has-white-background-color has-background-dim-20 wp-block-cover__gradient-background has-background-dim\"><\/span><img loading=\"lazy\" decoding=\"async\" width=\"642\" height=\"349\" class=\"wp-block-cover__image-background wp-image-1637\" alt=\"\" src=\"https:\/\/reikigreybook.com\/wp-content\/uploads\/2021\/05\/snowy-kurama-gate.png\" style=\"object-position:51% 100%\" data-object-fit=\"cover\" data-object-position=\"51% 100%\" srcset=\"https:\/\/reikigreybook.com\/wp-content\/uploads\/2021\/05\/snowy-kurama-gate.png 642w, https:\/\/reikigreybook.com\/wp-content\/uploads\/2021\/05\/snowy-kurama-gate-600x326.png 600w, https:\/\/reikigreybook.com\/wp-content\/uploads\/2021\/05\/snowy-kurama-gate-300x163.png 300w\" sizes=\"(max-width: 642px) 100vw, 642px\" \/><div class=\"wp-block-cover__inner-container is-layout-flow wp-block-cover-is-layout-flow\">\n\n<p class=\"has-text-align-center has-large-font-size\" style=\"line-height:1.1\"><\/p>\n\n<\/div><\/div>\n\n\n\n<div style=\"height:100px\" aria-hidden=\"true\" class=\"wp-block-spacer\"><\/div>\n","protected":false},"excerpt":{"rendered":"<p>Una Forza Potente &#8211; Brian Brunius scrive della sua motivazione per ristampare Reiki: Il Libro Grigio e metterlo online perch\u00e8 il mondo lo veda. Il \u201cLibro Grigio\u201d e la Storia di Reiki &#8211; del Dott. Justin Stein leggi la prospettiva storica sul Reiki: Il Libro Grigio . scopri il contesto che circonda la sua creazione [&hellip;]<\/p>\n","protected":false},"author":1,"featured_media":0,"parent":0,"menu_order":0,"comment_status":"closed","ping_status":"closed","template":"","meta":{"footnotes":""},"class_list":["post-4640","page","type-page","status-publish","hentry"],"_links":{"self":[{"href":"https:\/\/reikigreybook.com\/it\/wp-json\/wp\/v2\/pages\/4640","targetHints":{"allow":["GET"]}}],"collection":[{"href":"https:\/\/reikigreybook.com\/it\/wp-json\/wp\/v2\/pages"}],"about":[{"href":"https:\/\/reikigreybook.com\/it\/wp-json\/wp\/v2\/types\/page"}],"author":[{"embeddable":true,"href":"https:\/\/reikigreybook.com\/it\/wp-json\/wp\/v2\/users\/1"}],"replies":[{"embeddable":true,"href":"https:\/\/reikigreybook.com\/it\/wp-json\/wp\/v2\/comments?post=4640"}],"version-history":[{"count":5,"href":"https:\/\/reikigreybook.com\/it\/wp-json\/wp\/v2\/pages\/4640\/revisions"}],"predecessor-version":[{"id":9477,"href":"https:\/\/reikigreybook.com\/it\/wp-json\/wp\/v2\/pages\/4640\/revisions\/9477"}],"wp:attachment":[{"href":"https:\/\/reikigreybook.com\/it\/wp-json\/wp\/v2\/media?parent=4640"}],"curies":[{"name":"wp","href":"https:\/\/api.w.org\/{rel}","templated":true}]}}