{"id":4647,"date":"2021-05-09T04:45:15","date_gmt":"2021-05-09T04:45:15","guid":{"rendered":"https:\/\/reikigreybook.com\/about-us\/"},"modified":"2023-01-24T20:52:50","modified_gmt":"2023-01-24T20:52:50","slug":"about-us","status":"publish","type":"page","link":"https:\/\/reikigreybook.com\/it\/about-us\/","title":{"rendered":"Chi siamo"},"content":{"rendered":"\n<div class=\"wp-block-media-text alignwide has-media-on-the-right is-stacked-on-mobile is-image-fill has-black-color has-text-color has-background\" style=\"background-color:#f2eeae;grid-template-columns:auto 46%\"><div class=\"wp-block-media-text__content\">\n<div style=\"height:20px\" aria-hidden=\"true\" class=\"wp-block-spacer\"><\/div>\n\n\n\n<p class=\"has-text-align-justify has-normal-font-size\">Tutti coloro che hanno contribuito al progetto del Libro Grigio, ringraziano il Patrimonio di Phyllis Furumoto per averci concesso il permesso di ristampare 1500 copie del libro <em>Reiki<\/em> del 1982 comunemente conosciuto come &#8220;Il Libro Grigio.&#8221; E&#8217; stato un atto di fede per noi, quando abbiamo chiesto alla sua Propriet\u00e0 il permesso di mettere tutti i contenuti del libro su un sito web in almeno otto lingue. Il permesso anche per questo \u00e8 stato concesso.! <\/p>\n\n\n\n<p class=\"has-text-align-justify has-normal-font-size\">Con tutto l&#8217;amore nei nostri cuori, offriamo questo libro e sito web a tutte le comunit\u00e0 Reiki, con la speranza che questa condivisione di materiale storico strettamento conservato possa unirci nel nostro amore per il Reiki.<\/p>\n\n\n\n<p class=\"has-text-align-center has-normal-font-size\">In amorevole memoria<br\/><strong>Phyllis Lei Furumoto<\/strong><br\/>I Nostri Cuori &#8211; Il Nostro Amore &#8211; La Nostra Gratitudine<\/p>\n\n\n\n<div style=\"height:13px\" aria-hidden=\"true\" class=\"wp-block-spacer\"><\/div>\n\n\n\n<p><\/p>\n<\/div><figure class=\"wp-block-media-text__media\" style=\"background-image:url(https:\/\/reikigreybook.com\/wp-content\/uploads\/2021\/05\/53095747_2757244500967350_7598808714501423104_o-683x1024.jpg);background-position:58% 40%\"><img fetchpriority=\"high\" decoding=\"async\" width=\"683\" height=\"1024\" src=\"https:\/\/reikigreybook.com\/wp-content\/uploads\/2021\/05\/53095747_2757244500967350_7598808714501423104_o-683x1024.jpg\" alt=\"Foto di Phyllis Furumoto, Portatrice del Lignaggio di Usui Shiki Ryoho\" class=\"wp-image-604 size-full\" srcset=\"https:\/\/reikigreybook.com\/wp-content\/uploads\/2021\/05\/53095747_2757244500967350_7598808714501423104_o-683x1024.jpg 683w, https:\/\/reikigreybook.com\/wp-content\/uploads\/2021\/05\/53095747_2757244500967350_7598808714501423104_o-600x900.jpg 600w, https:\/\/reikigreybook.com\/wp-content\/uploads\/2021\/05\/53095747_2757244500967350_7598808714501423104_o-200x300.jpg 200w, https:\/\/reikigreybook.com\/wp-content\/uploads\/2021\/05\/53095747_2757244500967350_7598808714501423104_o-768x1152.jpg 768w, https:\/\/reikigreybook.com\/wp-content\/uploads\/2021\/05\/53095747_2757244500967350_7598808714501423104_o-1024x1536.jpg 1024w, https:\/\/reikigreybook.com\/wp-content\/uploads\/2021\/05\/53095747_2757244500967350_7598808714501423104_o.jpg 1260w\" sizes=\"(max-width: 683px) 100vw, 683px\" \/><\/figure><\/div>\n\n<div style=\"height:35px\" aria-hidden=\"true\" class=\"wp-block-spacer\"><\/div>\n\n<hr class=\"wp-block-separator has-text-color has-black-color has-css-opacity has-black-background-color has-background is-style-wide\"\/>\n\n<div class=\"wp-block-group has-white-background-color has-background\"><div class=\"wp-block-group__inner-container is-layout-flow wp-block-group-is-layout-flow\">\n<div class=\"wp-block-group\"><div class=\"wp-block-group__inner-container is-layout-flow wp-block-group-is-layout-flow\">\n<p><em>Reiki: Il Libro Grigio<\/em> \u00e8 una collaborazione fra Il Patrimonio di Phyllis Lei Furumoto, <a rel=\"noreferrer noopener\" href=\"https:\/\/www.usuishikiryohoreiki.com\/\" data-type=\"URL\" data-id=\"https:\/\/www.usuishikiryohoreiki.com\/\" target=\"_blank\">L&#8217;Ufficio del Grande Maestro<\/a>, e<a rel=\"noreferrer noopener\" href=\"https:\/\/reikicentersofamerica.org\/\" data-type=\"URL\" data-id=\"https:\/\/reikicentersofamerica.org\/\" target=\"_blank\"> Centri Reiki d&#8217;America.<\/a><\/p>\n<\/div><\/div>\n\n\n\n<div style=\"height:10px\" aria-hidden=\"true\" class=\"wp-block-spacer\"><\/div>\n\n\n\n<p>&gt; <a href=\"https:\/\/reikigreybook.com\/it\/about-us\/the-grey-book-team\/\" data-type=\"URL\" data-id=\"https:\/\/reikigreybook.com\/en\/about-us\/the-grey-book-team\/\">Ecco il Team del Libro Grigio<\/a><br\/>&gt; <a href=\"https:\/\/reikigreybook.com\/it\/about-us\/our-translators\/\" data-type=\"page\" data-id=\"694\">Ecco i Traduttori<\/a><br\/>&gt; <a href=\"https:\/\/reikigreybook.com\/it\/about-us\/inviting-generosity\/\" data-type=\"page\" data-id=\"338\">Aiutateci a Condividere questo Progetto<\/a> <\/p>\n<\/div><\/div>\n\n<hr class=\"wp-block-separator has-text-color has-black-color has-css-opacity has-black-background-color has-background is-style-wide\"\/>\n\n<div style=\"height:35px\" aria-hidden=\"true\" class=\"wp-block-spacer\"><\/div>\n\n<div style=\"height:40px\" aria-hidden=\"true\" class=\"wp-block-spacer\"><\/div>\n\n<div class=\"wp-block-group\"><div class=\"wp-block-group__inner-container is-layout-flow wp-block-group-is-layout-flow\">\n<div class=\"wp-block-group has-background\" style=\"background-color:#e4e4e4\"><div class=\"wp-block-group__inner-container is-layout-flow wp-block-group-is-layout-flow\">\n<div class=\"wp-block-media-text alignwide is-stacked-on-mobile\" style=\"grid-template-columns:32% auto\"><figure class=\"wp-block-media-text__media\"><img decoding=\"async\" width=\"500\" height=\"500\" src=\"https:\/\/reikigreybook.com\/wp-content\/uploads\/2021\/06\/logo-of-office-of-the-grand-master-Usui-shiki-ryoho-sq.jpg\" alt=\"\" class=\"wp-image-2191 size-full\" srcset=\"https:\/\/reikigreybook.com\/wp-content\/uploads\/2021\/06\/logo-of-office-of-the-grand-master-Usui-shiki-ryoho-sq.jpg 500w, https:\/\/reikigreybook.com\/wp-content\/uploads\/2021\/06\/logo-of-office-of-the-grand-master-Usui-shiki-ryoho-sq-300x300.jpg 300w, https:\/\/reikigreybook.com\/wp-content\/uploads\/2021\/06\/logo-of-office-of-the-grand-master-Usui-shiki-ryoho-sq-100x100.jpg 100w, https:\/\/reikigreybook.com\/wp-content\/uploads\/2021\/06\/logo-of-office-of-the-grand-master-Usui-shiki-ryoho-sq-150x150.jpg 150w, https:\/\/reikigreybook.com\/wp-content\/uploads\/2021\/06\/logo-of-office-of-the-grand-master-Usui-shiki-ryoho-sq-50x50.jpg 50w, https:\/\/reikigreybook.com\/wp-content\/uploads\/2021\/06\/logo-of-office-of-the-grand-master-Usui-shiki-ryoho-sq-60x60.jpg 60w, https:\/\/reikigreybook.com\/wp-content\/uploads\/2021\/06\/logo-of-office-of-the-grand-master-Usui-shiki-ryoho-sq-90x90.jpg 90w\" sizes=\"(max-width: 500px) 100vw, 500px\" \/><\/figure><div class=\"wp-block-media-text__content\">\n<p><strong>Ufficio della Grande Maestra<\/strong><br\/>(<a rel=\"noreferrer noopener\" href=\"https:\/\/www.usuishikiryohoreiki.com\/\" data-type=\"URL\" data-id=\"https:\/\/www.usuishikiryohoreiki.com\/\" target=\"_blank\">https:\/\/www.usuishikiryohoreiki.com\/<\/a>)<\/p>\n\n\n\n<p class=\"has-black-color has-text-color\">l&#8217;Ufficio della Grande Maestra (OGM) fu fondato da Phyllis Furumoto e Paul Mitchell nel 1993 per condividere il suo ruolo e responsabilit\u00e0 della Grande Maestra Phyllis Furumoto, Portatrice del Lignaggio e Paul Mitchell, Capo della Disciplina hanno lavorato insieme fino alla morte di Phyllis nel 2019. Oggi l&#8217;Uffico del Grande Maestro, guidato da Johannes Reindl, riconosciuto successore di Phyllis Furumoto, Paul Mitchell and Joyce Winough si dedicano per preservare la practica di Usui Shiki Ryoho per le future generazioni, come tramandato attraverso Lignaggio Spirituale di Mikao Usui, Chujiro Hayashi, Hawayo Takata, Phyllis Furumoto, e Johannes Reindl. La loro continua ricerca sul dono a la pratica di Reiki \u00e8 disponibile per la comunit\u00e0 mondiale attraverso workshops, ritiri, master intensivi e offerte online.<\/p>\n<\/div><\/div>\n<\/div><\/div>\n\n\n\n<div style=\"height:34px\" aria-hidden=\"true\" class=\"wp-block-spacer\"><\/div>\n<\/div><\/div>\n\n<div class=\"wp-block-group\"><div class=\"wp-block-group__inner-container is-layout-flow wp-block-group-is-layout-flow\">\n<div class=\"wp-block-group has-background\" style=\"background-color:#e4e4e4\"><div class=\"wp-block-group__inner-container is-layout-flow wp-block-group-is-layout-flow\">\n<div class=\"wp-block-media-text alignwide is-stacked-on-mobile is-vertically-aligned-center\" style=\"grid-template-columns:31% auto\"><figure class=\"wp-block-media-text__media\"><img decoding=\"async\" width=\"600\" height=\"600\" src=\"https:\/\/reikigreybook.com\/wp-content\/uploads\/2021\/05\/RCA-_logo_toned-down.jpg\" alt=\"Logo di Centri Reiki d&#039; America, una organizzazione no-profit dedita ad aiutare i praticanti Reiki e centri di Reiki nelle Americhe.\" class=\"wp-image-559 size-full\" srcset=\"https:\/\/reikigreybook.com\/wp-content\/uploads\/2021\/05\/RCA-_logo_toned-down.jpg 600w, https:\/\/reikigreybook.com\/wp-content\/uploads\/2021\/05\/RCA-_logo_toned-down-300x300.jpg 300w, https:\/\/reikigreybook.com\/wp-content\/uploads\/2021\/05\/RCA-_logo_toned-down-100x100.jpg 100w, https:\/\/reikigreybook.com\/wp-content\/uploads\/2021\/05\/RCA-_logo_toned-down-150x150.jpg 150w, https:\/\/reikigreybook.com\/wp-content\/uploads\/2021\/05\/RCA-_logo_toned-down-50x50.jpg 50w\" sizes=\"(max-width: 600px) 100vw, 600px\" \/><\/figure><div class=\"wp-block-media-text__content\">\n<p><strong>Centri Reiki d&#8217;America<\/strong><br\/>(<a href=\"https:\/\/ReikiCentersofAmerica.org\" target=\"_blank\" rel=\"noreferrer noopener\">https:\/\/ReikiCentersofAmerica.org<\/a>)<\/p>\n\n\n\n<p class=\"has-black-color has-text-color\">Centri Reiki d&#8217;America conferisce potere ai praticanti di Reiki e ai Maestri per aprire fluenti centri Reiki e far crescere prospere comunit\u00e0 Reiki, rendendo disponibili istruzioni autentiche, tecniche e materiali su Reiki e in suoi primi maestri, cos\u00ec come l&#8217;organizzazione di tour di pellegrinaggio in Giappone per tutti gli studenti cos\u00ec che possano connettersi alla radice del Reiki. Centri Reiki d&#8217;America \u00e8 una organizzazione 501(c)(3) no-profit con base in New York City.<\/p>\n<\/div><\/div>\n<\/div><\/div>\n<\/div><\/div>\n\n<div style=\"height:46px\" aria-hidden=\"true\" class=\"wp-block-spacer\"><\/div>\n\n<div style=\"height:100px\" aria-hidden=\"true\" class=\"wp-block-spacer\"><\/div>\n","protected":false},"excerpt":{"rendered":"<p>Reiki: Il Libro Grigio \u00e8 una collaborazione fra Il Patrimonio di Phyllis Lei Furumoto, L&#8217;Ufficio del Grande Maestro, e Centri Reiki d&#8217;America. &gt; Ecco il Team del Libro Grigio&gt; Ecco i Traduttori&gt; Aiutateci a Condividere questo Progetto Ufficio della Grande Maestra(https:\/\/www.usuishikiryohoreiki.com\/) l&#8217;Ufficio della Grande Maestra (OGM) fu fondato da Phyllis Furumoto e Paul Mitchell nel [&hellip;]<\/p>\n","protected":false},"author":1,"featured_media":0,"parent":0,"menu_order":0,"comment_status":"closed","ping_status":"closed","template":"","meta":{"footnotes":""},"class_list":["post-4647","page","type-page","status-publish","hentry"],"_links":{"self":[{"href":"https:\/\/reikigreybook.com\/it\/wp-json\/wp\/v2\/pages\/4647","targetHints":{"allow":["GET"]}}],"collection":[{"href":"https:\/\/reikigreybook.com\/it\/wp-json\/wp\/v2\/pages"}],"about":[{"href":"https:\/\/reikigreybook.com\/it\/wp-json\/wp\/v2\/types\/page"}],"author":[{"embeddable":true,"href":"https:\/\/reikigreybook.com\/it\/wp-json\/wp\/v2\/users\/1"}],"replies":[{"embeddable":true,"href":"https:\/\/reikigreybook.com\/it\/wp-json\/wp\/v2\/comments?post=4647"}],"version-history":[{"count":5,"href":"https:\/\/reikigreybook.com\/it\/wp-json\/wp\/v2\/pages\/4647\/revisions"}],"predecessor-version":[{"id":9139,"href":"https:\/\/reikigreybook.com\/it\/wp-json\/wp\/v2\/pages\/4647\/revisions\/9139"}],"wp:attachment":[{"href":"https:\/\/reikigreybook.com\/it\/wp-json\/wp\/v2\/media?parent=4647"}],"curies":[{"name":"wp","href":"https:\/\/api.w.org\/{rel}","templated":true}]}}