{"id":4988,"date":"2021-05-13T00:20:15","date_gmt":"2021-05-13T00:20:15","guid":{"rendered":"https:\/\/reikigreybook.com\/resources\/una-piccola-storia-sul-libro-grigio\/"},"modified":"2023-01-24T21:03:00","modified_gmt":"2023-01-24T21:03:00","slug":"una-piccola-storia-sul-libro-grigio","status":"publish","type":"page","link":"https:\/\/reikigreybook.com\/it\/resources\/una-piccola-storia-sul-libro-grigio\/","title":{"rendered":"Una Piccola Storia sul Libro Grigio"},"content":{"rendered":"\n<h4 class=\"wp-block-heading\">di Paul Mitchell<\/h4>\n\n<div class=\"wp-block-media-text alignwide is-stacked-on-mobile\" style=\"grid-template-columns:24% auto\"><figure class=\"wp-block-media-text__media\"><img fetchpriority=\"high\" decoding=\"async\" width=\"377\" height=\"436\" src=\"https:\/\/reikigreybook.com\/wp-content\/uploads\/2021\/05\/paul-mitchell.png\" alt=\"\" class=\"wp-image-1769 size-full\" srcset=\"https:\/\/reikigreybook.com\/wp-content\/uploads\/2021\/05\/paul-mitchell.png 377w, https:\/\/reikigreybook.com\/wp-content\/uploads\/2021\/05\/paul-mitchell-259x300.png 259w\" sizes=\"(max-width: 377px) 100vw, 377px\" \/><\/figure><div class=\"wp-block-media-text__content\">\n<p>Quando fui iniziato a Maestro da Hawayo Takata nel 1979, lei mi ha permesso di completare la quota della maestria in tempi dilazionati. Con la sua morte nel Dicembre del 1980, mi pareva logico dare i pagamenti a sua figlia Alice Furumoto, come destinataria del patrimonio di Takata Sensei<\/p>\n\n\n\n<p>nel riconoscere Phyllis Furumoto successore di Hawayo Takata e grande maestra non mi \u00e8 mai passato per la mente di dare a lei il mio pagamento.<\/p>\n<\/div><\/div>\n\n<div class=\"wp-block-group\"><div class=\"wp-block-group__inner-container is-layout-flow wp-block-group-is-layout-flow\">\n<div style=\"height:25px\" aria-hidden=\"true\" class=\"wp-block-spacer\"><\/div>\n<\/div><\/div>\n\n<p>Quando ho ricevuto il Libro Grigio da Alice nel 1982, sono rimasto commosso dalla sua bellezza e da quanto fosse un dono prezioso. Fui molto grato quando Alice mi permise di utilizzare alcuni dei contenuti per il libretto dello studente che ho donato a The Reiki Alliance<\/p>\n\n<p>Alcuni anni dopo Alice mi chiam\u00f2 per dirmi di mandare il mio ultimo pagamento a Phyllis. Quando parlai a Phyllis su ci\u00f2 lei mi disse che il denaro che avevo mandato a sua madre aveva finanziato la produzione del Libro Grigio Mi sentii onorato nell&#8217;apprendere questa cosa.<\/p>\n\n<p>Alla fine del libro c&#8217;\u00e8 una lista dei 21 maestri iniziati da Takata. Sapevo che mancava una persona, George Araki Phyllis mi disse pi\u00f9 tardi che sua madre non incluse George perch\u00e8 non c&#8217;era documentazione che lui avesse pagato la quota per la maestria. Questo era uno dei modi di Alice per stabilire chi era stato riconosciuto da Takata.<\/p>\n\n<p>Io e Gearge Araki siamo andati insieme a chiedere a Takata Sensei di accettarci come suoi candidati maestri. Ci ha istruito e riconosciuto insieme. Come professore e co-fondatore del Dipartimento di Studi Interdisciplinari nelle Scienze all&#8217;Universit\u00e0 di Stato di San Francisco, George stava facendo ricerca sulla guarigione. Questa ricerca era lo scambio che lui e Takata avevamo concordato come scambio per la sua iniziazione a maestro. Non sapendolo, Alice non l&#8217;aveva incluso nella lista dei maestri.<\/p>\n\n<p>Quando abbiamo ricevuto il nostro Libro Grigio, siamo rimasti sorpresi. Sapevamo che George era uno dei maestri di Hawayo Takata e che apparteneva nella lista con noi.<\/p>\n\n<p class=\"has-text-align-right\">~Paul Mitchell<br\/>Kellogg, ID<br\/>30-Marzo, 2021<\/p>\n\n<div style=\"height:100px\" aria-hidden=\"true\" class=\"wp-block-spacer\"><\/div>\n","protected":false},"excerpt":{"rendered":"<p>di Paul Mitchell Quando fui iniziato a Maestro da Hawayo Takata nel 1979, lei mi ha permesso di completare la quota della maestria in tempi dilazionati. Con la sua morte nel Dicembre del 1980, mi pareva logico dare i pagamenti a sua figlia Alice Furumoto, come destinataria del patrimonio di Takata Sensei nel riconoscere Phyllis [&hellip;]<\/p>\n","protected":false},"author":1,"featured_media":0,"parent":2971,"menu_order":0,"comment_status":"closed","ping_status":"closed","template":"","meta":{"footnotes":""},"class_list":["post-4988","page","type-page","status-publish","hentry"],"_links":{"self":[{"href":"https:\/\/reikigreybook.com\/it\/wp-json\/wp\/v2\/pages\/4988","targetHints":{"allow":["GET"]}}],"collection":[{"href":"https:\/\/reikigreybook.com\/it\/wp-json\/wp\/v2\/pages"}],"about":[{"href":"https:\/\/reikigreybook.com\/it\/wp-json\/wp\/v2\/types\/page"}],"author":[{"embeddable":true,"href":"https:\/\/reikigreybook.com\/it\/wp-json\/wp\/v2\/users\/1"}],"replies":[{"embeddable":true,"href":"https:\/\/reikigreybook.com\/it\/wp-json\/wp\/v2\/comments?post=4988"}],"version-history":[{"count":5,"href":"https:\/\/reikigreybook.com\/it\/wp-json\/wp\/v2\/pages\/4988\/revisions"}],"predecessor-version":[{"id":9164,"href":"https:\/\/reikigreybook.com\/it\/wp-json\/wp\/v2\/pages\/4988\/revisions\/9164"}],"up":[{"embeddable":true,"href":"https:\/\/reikigreybook.com\/it\/wp-json\/wp\/v2\/pages\/2971"}],"wp:attachment":[{"href":"https:\/\/reikigreybook.com\/it\/wp-json\/wp\/v2\/media?parent=4988"}],"curies":[{"name":"wp","href":"https:\/\/api.w.org\/{rel}","templated":true}]}}