{"id":5197,"date":"2021-05-09T04:36:15","date_gmt":"2021-05-09T04:36:15","guid":{"rendered":"https:\/\/reikigreybook.com\/about-us\/inviting-generosity\/"},"modified":"2023-01-24T19:22:08","modified_gmt":"2023-01-24T19:22:08","slug":"inviting-generosity","status":"publish","type":"page","link":"https:\/\/reikigreybook.com\/it\/about-us\/inviting-generosity\/","title":{"rendered":"Un invito alla Generosit\u00e0"},"content":{"rendered":"\n<figure class=\"wp-block-image size-large is-resized is-style-default\"><img fetchpriority=\"high\" decoding=\"async\" src=\"https:\/\/reikigreybook.com\/wp-content\/uploads\/2021\/05\/inviting-generosity.png\" alt=\"\" class=\"wp-image-566\" width=\"842\" height=\"231\" srcset=\"https:\/\/reikigreybook.com\/wp-content\/uploads\/2021\/05\/inviting-generosity.png 595w, https:\/\/reikigreybook.com\/wp-content\/uploads\/2021\/05\/inviting-generosity-300x82.png 300w\" sizes=\"(max-width: 842px) 100vw, 842px\" \/><\/figure>\n\n\n\n<div class=\"wp-block-group has-black-color has-text-color has-background\" style=\"background-color:#f8f8f8\"><div class=\"wp-block-group__inner-container is-layout-flow wp-block-group-is-layout-flow\">\n<div class=\"wp-block-group\"><div class=\"wp-block-group__inner-container is-layout-flow wp-block-group-is-layout-flow\">\n<p>Alice Takata Furumoto ha pubblicato il Libro Grigio nel 1982 come dono ai Maestri di Reiki che sua madre Hawayo Takata, aveva iniziato. <a href=\"https:\/\/reikigreybook.com\/it\/about-us\/the-grey-book-team\/\" data-type=\"page\" data-id=\"700\">Il Team del Libro Grigio <\/a> desidera continuare questa generosa eredit\u00e0, offrendo le traduzioni del testo originale come dono a tutta la comunit\u00e0 mondiale di Reiki.<\/p>\n\n\n\n<p>Phyllis Furumoto si \u00e8 resa conto che la traduzione era necessaria cos\u00ec che gli studenti in ogni luogo potessero avere accesso a Reiki. Ha onorato i traduttori e gli interpreti come &#8220;i fili che ci connettono come comunit\u00e0 internazionale&#8221;<\/p>\n\n\n\n<p>Vogliamo continuare a costruire questi ponti di comunicazione fornendo la traduzione del Libro Grigio su questo sito web, senza alcun costo aggiuntivo. Abbiamo iniziato con otto lingue e speriamo di includere tutte le lingue richieste. A questo punto, il costo di ogni traduzione \u00e8 di 1000 USD.<\/p>\n\n\n\n<p><a href=\"https:\/\/reikigreybook.com\/it\/contribute\/donazione\/\">Vi invitiamo a far parte di questa eredit\u00e0 della donazione.<\/a> Unisciti al progetto del Libro Grigio facendo un&#8217;offerta finanziaria per (avere) pi\u00f9 traduzioni di questo testo. <em><strong>I primi 1500 donatori con una donazione pari o superiore a 73,00 USD riceveranno una riproduzione del Libro Grigio originale.<\/strong><\/em><\/p>\n\n\n\n<p>Decidete voi quanto desiderate dare. Si tratta di partecipare e non della quantit\u00e0 specifica di denaro. Lasciate che il vostro cuore vi giudi. Insieme nutriamo e sosteniamo il flusso di generosit\u00e0 che \u00e8 cominciato con il dono iniziale di Alice.<\/p>\n\n\n\n<p class=\"has-text-align-right has-black-color has-text-color has-background\" style=\"background-color:#f8f8f8\">Con Amore, <br>Susan Mitchell e Johannes Reindl<\/p>\n<\/div><\/div>\n<\/div><\/div>\n\n\n\n<div style=\"height:15px\" aria-hidden=\"true\" class=\"wp-block-spacer\"><\/div>\n\n\n\n<div class=\"wp-block-buttons is-horizontal is-content-justification-center is-layout-flex wp-container-core-buttons-is-layout-499968f5 wp-block-buttons-is-layout-flex\">\n<div class=\"wp-block-button has-custom-width wp-block-button__width-25 is-style-fill\"><a class=\"wp-block-button__link has-background wp-element-button\" href=\"https:\/\/reikigreybook.com\/it\/contribute\/donazione\/\" style=\"border-radius:13px;background-color:#316111\" rel=\"https:\/\/reikigreybook.com\/en\/about-us\/donate\/\"><mark style=\"background-color:rgba(0, 0, 0, 0)\" class=\"has-inline-color has-white-color\">DONATE<\/mark><\/a><\/div>\n<\/div>\n\n\n\n<div style=\"height:100px\" aria-hidden=\"true\" class=\"wp-block-spacer\"><\/div>\n","protected":false},"excerpt":{"rendered":"<p>Alice Takata Furumoto ha pubblicato il Libro Grigio nel 1982 come dono ai Maestri di Reiki che sua madre Hawayo Takata, aveva iniziato. Il Team del Libro Grigio desidera continuare questa generosa eredit\u00e0, offrendo le traduzioni del testo originale come dono a tutta la comunit\u00e0 mondiale di Reiki. Phyllis Furumoto si \u00e8 resa conto che [&hellip;]<\/p>\n","protected":false},"author":1,"featured_media":1448,"parent":4647,"menu_order":2,"comment_status":"closed","ping_status":"closed","template":"","meta":{"footnotes":""},"class_list":["post-5197","page","type-page","status-publish","has-post-thumbnail","hentry"],"_links":{"self":[{"href":"https:\/\/reikigreybook.com\/it\/wp-json\/wp\/v2\/pages\/5197","targetHints":{"allow":["GET"]}}],"collection":[{"href":"https:\/\/reikigreybook.com\/it\/wp-json\/wp\/v2\/pages"}],"about":[{"href":"https:\/\/reikigreybook.com\/it\/wp-json\/wp\/v2\/types\/page"}],"author":[{"embeddable":true,"href":"https:\/\/reikigreybook.com\/it\/wp-json\/wp\/v2\/users\/1"}],"replies":[{"embeddable":true,"href":"https:\/\/reikigreybook.com\/it\/wp-json\/wp\/v2\/comments?post=5197"}],"version-history":[{"count":4,"href":"https:\/\/reikigreybook.com\/it\/wp-json\/wp\/v2\/pages\/5197\/revisions"}],"predecessor-version":[{"id":9112,"href":"https:\/\/reikigreybook.com\/it\/wp-json\/wp\/v2\/pages\/5197\/revisions\/9112"}],"up":[{"embeddable":true,"href":"https:\/\/reikigreybook.com\/it\/wp-json\/wp\/v2\/pages\/4647"}],"wp:featuredmedia":[{"embeddable":true,"href":"https:\/\/reikigreybook.com\/it\/wp-json\/wp\/v2\/media\/1448"}],"wp:attachment":[{"href":"https:\/\/reikigreybook.com\/it\/wp-json\/wp\/v2\/media?parent=5197"}],"curies":[{"name":"wp","href":"https:\/\/api.w.org\/{rel}","templated":true}]}}