{"id":5641,"date":"2021-05-09T04:29:06","date_gmt":"2021-05-09T04:29:06","guid":{"rendered":"https:\/\/reikigreybook.com\/resources\/il-libro-grigio-e-la-storia-del-reiki\/"},"modified":"2023-01-04T19:35:21","modified_gmt":"2023-01-04T19:35:21","slug":"il-libro-grigio-e-la-storia-del-reiki","status":"publish","type":"page","link":"https:\/\/reikigreybook.com\/it\/resources\/il-libro-grigio-e-la-storia-del-reiki\/","title":{"rendered":"Il &#8220;Libro Grigio&#8221; e la storia del Reiki"},"content":{"rendered":"\n<h4 class=\"wp-block-heading\">Del Dott. Justin Stein, PhD<\/h4>\n\n<div class=\"wp-block-media-text alignwide is-stacked-on-mobile\" style=\"grid-template-columns:24% auto\"><figure class=\"wp-block-media-text__media\"><img decoding=\"async\" width=\"185\" height=\"224\" src=\"https:\/\/reikigreybook.com\/wp-content\/uploads\/2021\/05\/image.jpeg\" alt=\"\" class=\"wp-image-1774 size-full\"\/><\/figure><div class=\"wp-block-media-text__content\">\n<p>Sono felice che mi sia stato chiesto di scrivere questo saggio di accompagnamento alla prima in assoluto riedizione autorizzata del &#8220;Libro Grigio&#8221; nel suo 40esimo anniversario. E&#8217; stato realizzato e pubblicato nel 1982 da Alice Takata Furumoto (1925-2013) dopo la scomparsa di sua madre, Hawayo Hiromi Kawamura Takata (1900\u20131980). Le originali 100 copie di questo libro erano state pensate come doni per i Maestri di Reiki formati da Takata e per coloro che avessero voluto venir formati dal succesore di Takata (e figlia di Alice) Phyllis Lei Furumoto (1948\u20132019).<\/p>\n<\/div><\/div>\n\n<div style=\"height:25px\" aria-hidden=\"true\" class=\"wp-block-spacer\"><\/div>\n\n<p>Il Libro Grigio contiene una raccolta di materiale storico che Alice aveva voluto condividere con la crescente comunit\u00e0 Reiki, attraverso quegli istruttori che lei riteneva essere autorizzati. Per gli anni &#8217;80 e &#8217;90, il materiale contenuto in questo libro integrava la tradizione orale, come base di conoscenza storica sulla pratica di Reiki in Giappone e la sua trasmissione in Nord America. Inoltre, la pubblicazione di questo libro era parte di un progetto per convalidare Phyllis in quanto legittima erede dell&#8217;eredit\u00e0 di Takata, in un momento in cui stava prendendo forma una disputa sulla successione con Barbara Weber (Ray).<\/p>\n\n<p>In questa prefazione, propongo un contesto storico per il materiale contenuto nel Libro Grigio con la speranza che fornisca una prospettiva sul perch\u00e8 Alice abbia scelto questa raccolta di documenti da portare a Hawaii Reprographics, una tipografia con sede ad Honolulu, e abbia pubblicato un sottile volume con titolo solo in caratteri Giapponesi. Progredir\u00f2 attraverso le otto sezioni del libro nell&#8217;ordine: la copertina \/ pagina con il titolo, il diario di Takata, la <em>Therapy Guide<\/em>di Hayashi, il saggio l&#8217; &#8220;Arte della Guarigione&#8221; di Takata, le foto del Certificato da Maestro di Takata, la lista degli studenti Maestri, e la dedica.<\/p>\n\n<div class=\"wp-block-media-text alignwide is-stacked-on-mobile\" style=\"grid-template-columns:28% auto\"><figure class=\"wp-block-media-text__media\"><img fetchpriority=\"high\" decoding=\"async\" width=\"310\" height=\"610\" src=\"https:\/\/reikigreybook.com\/wp-content\/uploads\/2021\/06\/Reiki-The-Grey-Book-Title-Page.jpg\" alt=\"Foto della pagina con il titolo 1982 &quot;Reiki: Il Libro Grigio&quot; pubblicato da Alice Takata Furumoto\" class=\"wp-image-2009 size-full\" srcset=\"https:\/\/reikigreybook.com\/wp-content\/uploads\/2021\/06\/Reiki-The-Grey-Book-Title-Page.jpg 310w, https:\/\/reikigreybook.com\/wp-content\/uploads\/2021\/06\/Reiki-The-Grey-Book-Title-Page-152x300.jpg 152w\" sizes=\"(max-width: 310px) 100vw, 310px\" \/><\/figure><div class=\"wp-block-media-text__content\">\n<p>La copertina \u00e8 piuttosto semplice, con i due caratteri Giapponesi calligrafati manualmente per <em>reiki<\/em>; la pagina con il titolo riproduce questi caratteri, seguti dal testo in caratteri Romani : \u201c\u2018LEIKI\u2019 \/ REIKI\u201d. Tuttavia questa semplicit\u00e0 cela della profondit\u00e0. Prima di tutto, l&#8217;ignoto autore della calligrafia, ha fatto una scelta strana, scrivere il carattere tradizionale <em>rei <\/em>(\u9748, rispetto al carattere semplificato \u970a, come \u00e8 stato officialmente scritto dal1946), mentre scrive <em>ki<\/em> nella forma semplificata \u6c17 ( al contrario del tradizionale \u6c23). Questo \u201cmixing and matching\u201d di stile tradizionale e postbellico fu quasi per certo non intenzionale (e Alice scrisse il <em>kanji<\/em> nello stile semplice nel modulo di ordine per l&#8217;Hawaii Reprographics), ma questo incidente riflette come la terapia Reiki fosse stata adattata dai tempi del Giappone prebellico per il nuovo mondo postbellico. Similmente, l&#8217;inclusione di &#8220;Leiki&#8221; &#8211; un modo, ora obsoleto, con cui il termine talvolta era Romanizzato negli anni &#8217;30 e &#8217;40 &#8211; sembra un&#8217;altra, pi\u00f9 consapevole, convalida del lavoro di Takata in qualit\u00e0 di traduttrice che port\u00f2 questa pratica straniera in un nuovo contesto in cui anche i fonemi linguistici erano differenti.<\/p>\n<\/div><\/div>\n\n<div style=\"height:15px\" aria-hidden=\"true\" class=\"wp-block-spacer\"><\/div>\n\n<p>Le pagine iniziali del libro riproducono quattro pagine degli appunti personali e del diario di Takata dal suo viaggio in Giappone del 1935-1936, quando si sottopose ai primi cinque mesi di formazione in Usui Reiki Ry\u014dh\u014d sotto il suo maestro, Hayashi Ch\u016bjir\u014d (1880-1940), uno dei migliori <em>shihan<\/em> (istruttori) formati dal fondatore della terapia, Usui Mikao (1865\u20131926). Il primo estratto, datato 10 dicembre 1935, riproduce i suoi appunti sulla lezione del suo primo giorno di classe presso la sede di Tokyo dell&#8217;Hayashi Reiki Kenky\u016bkai (Hayashi Reiki Research Association). E&#8217; interessante che la pratica che Takata descrive qui sembra essere piuttosto diversa da ci\u00f2 che essa stessa insegn\u00f2 in seguito durante la sua vita. Per esempio, descrive il bisogno di concentrare, purificare i pensieri personali e di meditare &#8220;lasciare che l&#8217;energia&#8217; venga fuori da dentro, &#8220;mentre invece essa avrebbe enfatizzato pi\u00f9 avanti con gli studenti che la concentrazione non era necessaria, ma che <em>reiki<\/em> fluisce naturalmente senza sforzo. L&#8217;insegnamento che &#8220;l&#8217; &#8216;energia&#8217; &#8230;risiede alla base dello stomaco all&#8217;incirca due pollici sotto il ventre&#8221; assomiglia molto a parecchi insegnamenti Giapponesi sull&#8217; <em>hara<\/em> o <em>tanden<\/em>, ma questo \u00e8 un altro aspetto che essa omise nella maggior parte delle sue classi successivamente nel corso della vita.<\/p>\n\n<p>A parte ci\u00f2 che questi dettagli ci dicono sullo sviluppo storico del Reiki, leggere queste annotazioni del diario dell&#8217;inizio della carriera di Takata \u00e8 illuminante perch\u00e8 umanizza questa grande insegnante, fornendo una vista su di lei come studente. Nella seconda annotazione (datata <span style=\"text-decoration: line-through;\">Aprile<\/span> Maggio 1936), in cui descrive con eccitazione come Hayashi-sensei aveva accettato di &#8220;infonderle i segreti del Shinpi Den [i.e., livello Master ], Kokiyu-Ho [i.e., la tecnica di respirazione], e Leiji-Ho, il sommo segreto della Scienza dell&#8217;Energia,\u201d noi da lettori altrettanto ci emozioniamo per lei. A proposito, questo &#8220;sommo segreto&#8221; probabilmente si riferisce a <em>reiju-h\u014d<\/em> (che \u00e8 il come si esegue la cerimonia comunemente chiamata &#8220;iniziazione&#8221; o &#8220;sintonizzazione&#8221;) piuttosto che <em>reiji-h\u014d<\/em> \u970a\u793a\u6cd5; l&#8217;ultima \u00e8 un tipo di meditazione che Takata descrive nella prima annotazione, in cui il praticante siede in <em>gassh\u014d<\/em> (palmi uniti) ed attende &#8220;il segnale&#8221; per iniziare a praticare.<\/p>\n\n<p>Dopo le annotazioni del diario, la seguente sezione (che compone la maggior parte del Libro Grigio) riporta la <em>Therapy Guide <\/em>(<em>Ry\u014dh\u014d shishin<\/em>) che Hayashi Ch\u016bjir\u014d dava ai suoi studenti. Scritto in Giapponese, questo libretto descrive le posizioni delle mani che possono essere utilizzate per trattare varie malattie. Comprende una mappa anatomica bilingue per aiutare i lettori a localizzare gli organi per le posizioni delle mani. E&#8217; pressoch\u00e8 identico al libretto che Takata ricevette durante il suo corso di formazione a Tokyo, ma la copertina mostra che \u00e8 una speciale edizione creata per studenti Giapponesi Americani. Questa edizione comprende una guida fonetica (<em>furigana<\/em>) a fianco del testo principale, visto che la classe lavoratrice di immigranti e la seconda generazione Nisei che costituivano la maggioranza degli studenti Reiki dei primi tempi alle Hawaii, erano generalmente meno dotati nel leggere i caratteri Giapponesi rispetto agli studenti di Hayashi in Giappone appartenenti in gran parte alla media e alta classe sociale.<\/p>\n\n<p>Il testo riporta una forma di conoscenza che i praticanti Reiki negli anni &#8217;30 utilizzavano per determinare le posizioni delle mani per il trattamento. Descrive una serie di condizioni mediche, ciascuna con le posizioni delle mani prescritte per il trattamento. E&#8217; improbabile che i primi praticanti ricevessero un training per il riconoscimento tecnico delle condizioni mediche descritto nella <em>Guide<\/em>; mentre poteva essere comune che i pazienti ricevessero una diagnosi da un medico prima di andare da un praticante di Reiki per il trattamento. Oltre a quelle posizioni delle mani raccomandate, sappiamo che i primi praticanti usavano anche una tecnica di esplorazione (chiamata <em>by\u014dsen<\/em> o <em>by\u014dkan<\/em>) per trovare le aree bisognose di trattamento.<\/p>\n\n<p>Takata descrive questa tecnica nella sezione successiva: un saggio del 1948 &#8220;Sull&#8217;Arte delle Guarigione&#8221;. Questo saggio di cinque pagine battute a macchina \u00e8 una delle descrizioni pi\u00f9 chiare della terapia Reiki che Takata abbia mai realizzato. Contiene una dettagliata descrizione della natura di <em>reiki<\/em> come \u201cforza vitale universale\u201d, cos\u00ec come dei dettagli riguardanti il training con Reiki e la pratica, compresa una primaria versione del &#8220;trattamento di fondazione&#8221; completo e pure una lista di posizioni delle mani specifiche per trattare condizioni particolari. Queste procedure devono essere integrate dalle sensazioni nelle mani del praticante. &#8220;Durante il trattamento&#8221;, scrive, &#8220;abbi fiducia nelle tue mani. Percepisci le vibrazioni o la reazione.&#8221; Queste aiuteranno il praticante a localizzare la &#8220;causa&#8221; (del disagio); trattamenti quotidiani su questa &#8220;causa&#8221; dissiperanno l'&#8221;effetto&#8221;. Questa enfasi nel trovare e trattare la &#8220;causa&#8221; della malattia \u00e8 consistente nelle spiegazioni del Reiki nel Giappone prebellico e contrasta con l&#8217;insegnamento che \u201c<em>reiki<\/em> andr\u00e0 dove c&#8217;\u00e8 bisogno&#8221; che lei avrebbe impartito agli studenti alla fine degli anni &#8217;70.<\/p>\n\n<p>Le linee guida del trattamento nel saggio di Takata contengono molte convergenze con gli appunti della classe nel suo diario e i trattamenti nella <em>Therapy Guide<\/em> di Hayashi, ma Takata aveva gi\u00e0 apportato alcuni cambiamenti che si basavano sulla sua pi\u00f9 che decennale esperienza di trattamento ed insegnamento Reiki. Oltre ai cambiamenti pratici delle posizioni delle mani (per esempio, aggiunta al trattamento di una donna incinta del trattare la cistifellea e la ghiandola pituitaria), essa aggiunse anche un tipo di linguaggio derivante da pratiche Americane religiose e mediche che dimostrava il suo tentativo degli inizi di rendere Reiki comprensibile ad un pubblico non-Giapponese. Per esempio, fece degli esperimenti con l&#8217;usare il linguaggio del Re Biblico Giacomo per tradurre i &#8220;cinque precetti&#8221; di Usui (<em>gokai<\/em>), cominciando con \u201cSolo per oggi\u2014Tu non Devi Arrabbiarti.\u201d Il suo ripetuto uso di &#8220;Grande Spirito&#8221;, un concetto comune nelle culture dei Nativi Americani, si spiega con il fatto che scrisse questo saggio come parte della sua richiesta di un certificato da &#8220;Dottore in Naturopatia&#8221; alla Indian Association of America, un ordine fraterno a tema Nativo Americano. Come descrivo nella mia dissertazione ( e prossimo libro), quando viaggiava e insegnava in Nord America, Takata portava con s\u00e8 delle copie di questo certificato e di un altro che le dava la nomina di &#8220;Ministro Qualificato ordinato della Chiesa Americana Indiana Maya e della Missione Indiana&#8221; per conferire a se stessa e alla sua non ortodossa pratica di guarigione un&#8217;aria di autorit\u00e0.<\/p>\n\n<p>Dopo il saggio l'&#8221;Arte della Guarigione&#8221; ci sono quattro fotografie: un ritratto di Usui Sensei che Takata sembra abbia ricevuto da Hayashi durante il suo training; delle foto di Hayashi Sensei e di Takata ricoperti di lei, presi ad honolulu nel febbraio del 1938, appena prima che Hayashi ritornasse in Giappone; e una foto di una dimostrazione Reiki presso la Young Men\u2019s Buddhist Association Hall ad Honolulu. In questa ultima foto, si pu\u00f2 vedere Takata mentre d\u00e0 un trattamento nel centro e Hayashi lo si vede seduto dietro al tavolo sulla destra. Alla destra di Hayashi \u00e8 appeso il rotolo <em>gokai<\/em>. La didascalia di Alice indica che questo era un incontro della \u201cReiki Therapy Association\u201d (Reiki (Ry\u014dh\u014d) no Kai), anche se sembra che sbagli la data della foto come del 1937; dato che la stessa foto compare in <em>Hawaii Hochi<\/em> il 4 Marzo, del 1938, intitolata come Hayashi 14<sup>th<\/sup> (e ultimo) seminario, era invece presumibilmente del Febbraio del 1938. Dato che ci sono pi\u00f9 di 120 persone nella foto, questa \u00e8 una riunione di studenti delle classi tenute tra l&#8217;Ottobre del 1937 e il Febbraio del 1938, che erano venuti per salutare ed accomiatarsi da Hayashi-sensei.<\/p>\n\n<p>La pagina che segue riproduce il certificato autenticato del Febbraio 1938, firmato da Hayashi, che dichiara che Hawayo Takata \u00e8 un &#8220;Maestro del sistema di guarigione Reiki del Dott. Usui&#8221;: l&#8217;unica negli Stati Uniti e una dei soli tredici &#8220;completamente qualificati come Maestro della professione.&#8221; Basandosi su un&#8217;altra informazione contemporanea, questo numero sembra essere il numero degli <em>shihan<\/em> (Maestri) dell&#8217;Hayashi Reiki Kenky\u016bkai, e non riconosce gli <em>shihan<\/em> dell&#8217;Usui Reiki Ry\u014dh\u014d Gakkai. Questo documento pu\u00f2 essere quello in cui per la prima volta compare stampata la locuzione, attualmente standard, (Reiki) Master. E&#8217; da notare anche l&#8217;uso dell&#8217;espressione &#8220;Sistema Reiki di Usui di guarigione senza farmaci&#8221;. Sembra che Usui stesso avesse enfatizzato il fatto che questo sistema non richiedeva aghi o erbe, e Takata mantenne questa locuzione &#8220;guarigione senza farmaci&#8221; per decenni.<\/p>\n\n<p>Le due pagine finali fanno un salto in avanti nel tempo di pi\u00f9 di quarant&#8217;anni, al momento della pubblicazione e della transizione di Takata. Primo, Alice aveva compilato una lista di ventuno &#8220;Studenti Maestri&#8221; che lei sapeva che sua madre aveva formato; tutti questi (compresa la sorella di Takata Kay Yamashita e sua nipote Phyllis Furumoto) erano stati formati come Maestri tra il 1975 e il 1980. Come Paul Mitchell nota <a href=\"https:\/\/reikigreybook.com\/it\/resources\/una-piccola-storia-sul-libro-grigio\/\" data-type=\"page\" data-id=\"740\">in his foreword<\/a>, la lista \u00e8 incompeta (scordando almeno George Araki); e contiene anche un notevole errore ortografico (Barbara \u201cWebber\u201d, invece di \u201cWeber\u201d).<\/p>\n\n<p>Poi, Alice include una breve dedica finale, che \u00e8 firmata e marcata con tre sigilli (<em>hanko<\/em>). Il grande <em>hanko<\/em> potrebbe essere stato ereditato da Hayashi o potrebbe essere stato creato da Takata: vi si legge &#8220;Sigillo del Sovrintendente della Associazione di Ricerca del Reiki stile Usui&#8221; (<em>Usui-shiki Reiki Kenky\u016bkai Shukan no in<\/em>). Questo marchio simboleggia l&#8217;autorit\u00e0 della carica che Takata assunse come successore di Hayashi, che divent\u00f2 conosciuta come &#8220;Grand Master&#8221;. I due <em>hanko<\/em> pi\u00f9 piccoli portano i nomi Takata e Furumoto. La dedica finale dichiara Phyllis come l&#8217;erede di diritto del lascito di Takata, ed afferma che Takata vive in tutti coloro che praticano Reiki. Come tale, ci\u00f2 rende il libro stesso una sorta di carta del lignaggio, che documenta la trasmissione di Reiki da Usui, attraverso Hayashi e Takata, a Furumoto e (implicitamente) a coloro che possiedono e leggono il libro.<\/p>\n\n<p>In somma, il Libro Grigio fu creato da Alice Takata Furumoto sia come un amorevole tributo alla sua defunta madre che come un&#8217;offerta a sua figlia. Fa la cronistoria della trasmissione del lignaggio in un modo inteso a rendere concreta l&#8217;redit\u00e0 di Phyllis e renderla decifrabile per la comunit\u00e0 Reiki. Inoltre, il libro \u00e8 servito come simbolo fisico che indicava che il suo proprietario era un autentico, riconosciuto Maestro di Usui Shiki Ryoho (USR). Dato che la sua materialit\u00e0 \u00e8 diventata importante tanto quanto il suo contenuto, il possederlo era importante tanto quanto (o di pi\u00f9) del leggerlo e capirlo. Verso la fine degli anni &#8217;90, si poteva trovare la scansione del Libro Grigio online, ma avere il pdf era piuttosto diverso del possedere l&#8217;oggetto stesso.<\/p>\n\n<p>Oggi, la seconda edizione di questo libro non pu\u00f2 aiutare a trasformare l&#8217; &#8220;aura&#8221; dell&#8217;oggetto. Tuttavia, la dedizione dell&#8217; <a rel=\"noreferrer noopener\" href=\"https:\/\/www.usuishikiryohoreiki.com\" target=\"_blank\">Office of the Grandmaster<\/a> di USR e dei <a href=\"https:\/\/reikicentersofamerica.org\" target=\"_blank\" rel=\"noreferrer noopener\">Reiki Centers of America<\/a> nel riprodurre il libro fisico il pi\u00f9 possibile fedele all&#8217;originale e corredandolo di traduzioni e commentari sui contenuti, \u00e8 veramente notevole ed \u00e8 un testamento per una nuova era di Reiki- una che sia pi\u00f9 globale, pi\u00f9 inclusiva, e che possieda una pi\u00f9 profonda coscienza storica. E&#8217; un onore essere stato parte di questo processo.<\/p>\n\n<p class=\"has-text-align-right\">~Justin Stein, PhD<br\/>Vancouver, BC<br\/>Maggio 2021<\/p>\n\n<div style=\"height:100px\" aria-hidden=\"true\" class=\"wp-block-spacer\"><\/div>\n","protected":false},"excerpt":{"rendered":"<p>Del Dott. Justin Stein, PhD Sono felice che mi sia stato chiesto di scrivere questo saggio di accompagnamento alla prima in assoluto riedizione autorizzata del &#8220;Libro Grigio&#8221; nel suo 40esimo anniversario. E&#8217; stato realizzato e pubblicato nel 1982 da Alice Takata Furumoto (1925-2013) dopo la scomparsa di sua madre, Hawayo Hiromi Kawamura Takata (1900\u20131980). Le [&hellip;]<\/p>\n","protected":false},"author":1,"featured_media":0,"parent":2971,"menu_order":0,"comment_status":"closed","ping_status":"closed","template":"","meta":{"footnotes":""},"class_list":["post-5641","page","type-page","status-publish","hentry"],"_links":{"self":[{"href":"https:\/\/reikigreybook.com\/it\/wp-json\/wp\/v2\/pages\/5641","targetHints":{"allow":["GET"]}}],"collection":[{"href":"https:\/\/reikigreybook.com\/it\/wp-json\/wp\/v2\/pages"}],"about":[{"href":"https:\/\/reikigreybook.com\/it\/wp-json\/wp\/v2\/types\/page"}],"author":[{"embeddable":true,"href":"https:\/\/reikigreybook.com\/it\/wp-json\/wp\/v2\/users\/1"}],"replies":[{"embeddable":true,"href":"https:\/\/reikigreybook.com\/it\/wp-json\/wp\/v2\/comments?post=5641"}],"version-history":[{"count":5,"href":"https:\/\/reikigreybook.com\/it\/wp-json\/wp\/v2\/pages\/5641\/revisions"}],"predecessor-version":[{"id":7030,"href":"https:\/\/reikigreybook.com\/it\/wp-json\/wp\/v2\/pages\/5641\/revisions\/7030"}],"up":[{"embeddable":true,"href":"https:\/\/reikigreybook.com\/it\/wp-json\/wp\/v2\/pages\/2971"}],"wp:attachment":[{"href":"https:\/\/reikigreybook.com\/it\/wp-json\/wp\/v2\/media?parent=5641"}],"curies":[{"name":"wp","href":"https:\/\/api.w.org\/{rel}","templated":true}]}}