{"id":5704,"date":"2021-05-09T04:42:38","date_gmt":"2021-05-09T04:42:38","guid":{"rendered":"https:\/\/reikigreybook.com\/resources\/il-mistero-del-lignaggio-spirituale\/"},"modified":"2023-01-24T21:01:01","modified_gmt":"2023-01-24T21:01:01","slug":"il-mistero-del-lignaggio-spirituale","status":"publish","type":"page","link":"https:\/\/reikigreybook.com\/it\/resources\/il-mistero-del-lignaggio-spirituale\/","title":{"rendered":"Il Mistero del Lignaggio Spirituale"},"content":{"rendered":"\n<h4 class=\"wp-block-heading\">di Joyce Winough<\/h4>\n\n<div class=\"wp-block-media-text alignwide is-stacked-on-mobile\" style=\"grid-template-columns:27% auto\"><figure class=\"wp-block-media-text__media\"><img fetchpriority=\"high\" decoding=\"async\" width=\"406\" height=\"406\" src=\"https:\/\/reikigreybook.com\/wp-content\/uploads\/2021\/07\/Joyce-Winough-Medium.png\" alt=\"Foto di Joyce Winough - Maestra Reiki\" class=\"wp-image-3238 size-full\" srcset=\"https:\/\/reikigreybook.com\/wp-content\/uploads\/2021\/07\/Joyce-Winough-Medium.png 406w, https:\/\/reikigreybook.com\/wp-content\/uploads\/2021\/07\/Joyce-Winough-Medium-300x300.png 300w, https:\/\/reikigreybook.com\/wp-content\/uploads\/2021\/07\/Joyce-Winough-Medium-100x100.png 100w, https:\/\/reikigreybook.com\/wp-content\/uploads\/2021\/07\/Joyce-Winough-Medium-150x150.png 150w, https:\/\/reikigreybook.com\/wp-content\/uploads\/2021\/07\/Joyce-Winough-Medium-50x50.png 50w, https:\/\/reikigreybook.com\/wp-content\/uploads\/2021\/07\/Joyce-Winough-Medium-60x60.png 60w, https:\/\/reikigreybook.com\/wp-content\/uploads\/2021\/07\/Joyce-Winough-Medium-90x90.png 90w\" sizes=\"(max-width: 406px) 100vw, 406px\" \/><\/figure><div class=\"wp-block-media-text__content\">\n<p>Phyllis Lei Furumoto era cresciuta in Iowa, USA, subito dopo la seconda guerra mondiale. Sua madre, Alice, aveva delle alte aspettative e fu un severo sorvegliante per la sua prima figlia. Questa relazione madre-figlia non fu sempre facile; tuttavia c&#8217;era un reciproco rispetto e comprensione dell&#8217;indole l&#8217;una dell&#8217;altra . Quando finalmente Phyllis accett\u00f2 l&#8217;offerta di sua nonna di lavorare con lei, questo avvenne da un luogo di resa al dovere famigliare. Con il passare degli anni, Phyllis si cre\u00f2 una vita attorno al suo destino e al suo ruolo di successore di Takata Sensei. E&#8217; stata per lei la vocazione perfetta.<\/p>\n<\/div><\/div>\n\n<div style=\"height:25px\" aria-hidden=\"true\" class=\"wp-block-spacer\"><\/div>\n\n<p>Phyllis ed io ci eravamo trasferite in Arizona nel 2008 per essere vicini ad Alice e perch\u00e8 Phyllis potesse passare pi\u00f9 tempo con sua madre. Quando conobbi Alice, mi resi conto di quanto tenesse alla sua pratica Reiki e alla memoria di sua madre, Hawayo. Per Alice, Reiki era qualcosa di personale e di cui parlare soltanto con il proprio insegnante. Questo pose spesso Phyllis in una situazione di sfida e, pure, la sostenne nel mantenere la tradizione e la cultura del Reiki come un&#8217;arte popolare Giapponese di guarigione. Alice fece tesoro del dono di Reiki datole da Chujiro Hayashi quando era ragazzina. Aveva la sua pratica personale di Reiki che condivise con i suoi figli mentre crescevano. Fare la scelta di dedicarsi alla famiglia invece di diventare Maestra di Reiki, l&#8217;aveva appagata. Essa detiene una posizione straordinaria nel nostro lignaggio. Ella era la figlia di una grande maestra e la madre del suo successore.<\/p>\n\n<figure class=\"wp-block-image size-large\"><img decoding=\"async\" width=\"728\" height=\"392\" src=\"https:\/\/reikigreybook.com\/wp-content\/uploads\/2021\/06\/tryptich.png\" alt=\"\" class=\"wp-image-1889\" srcset=\"https:\/\/reikigreybook.com\/wp-content\/uploads\/2021\/06\/tryptich.png 728w, https:\/\/reikigreybook.com\/wp-content\/uploads\/2021\/06\/tryptich-600x323.png 600w, https:\/\/reikigreybook.com\/wp-content\/uploads\/2021\/06\/tryptich-300x162.png 300w\" sizes=\"(max-width: 728px) 100vw, 728px\" \/><\/figure>\n\n<p>Phyllis dedic\u00f2 la sua vita all&#8217;essere una grande maestra del lignaggio della pratica. Sosteneva le comunit\u00e0 Reiki nel mondo con le storie degli insegnamenti di sua nonna. Svilupp\u00f2 la pratica in una chiara comunicazione verbale che definiva Usui Shiki Ryoho. Cre\u00f2 comunit\u00e0 ovunque and\u00f2 ed ispir\u00f2 gli studenti Reiki a riunirsi e a sostenersi gli uni con gli altri. Si era focalizzata sulle abilit\u00e0 necessarie per una chiara comunicazione con compassione, e teneva una visione del potenziale di una comunit\u00e0 Reiki globale, tutto questo nel mentre continuava ad essere ella stessa una studentessa curiosa.<\/p>\n\n<p>Phyllis aveva educato una comunit\u00e0 di traduttori ed interpreti di nove lingue perch\u00e8 la accompagnassero nei gruppi in giro per il mondo. Mi ricordo di varie volte, quando ella veniva tadotta in una lingua che non conosceva, in cui era in grado di sentire quando l&#8217;energia delle parole non era del tutto giusta. Per i suoi interpreti era un&#8217;esperienza nuova sull&#8217;energia del significato delle parole pi\u00f9 delle parole stesse. Ella era aperta a ricevere studenti di tutte le pratiche e ha lasciato un&#8217;eredit\u00e0 di ore di insegnamenti audio e video. La sua prima risposta alle domande e alle preoccupazioni degli studenti Reiki era quella di far riunire e offrire un &#8220;workshop&#8221;. Phyllis amava il mistero di Reiki e si impegnava ad esplorare e a contemplare le domande che sorgevano nel praticare Reiki. <\/p>\n\n<div class=\"wp-block-media-text alignwide is-stacked-on-mobile\" style=\"grid-template-columns:36% auto\"><figure class=\"wp-block-media-text__media\"><img decoding=\"async\" width=\"300\" height=\"325\" src=\"https:\/\/reikigreybook.com\/wp-content\/uploads\/2021\/08\/Johannes-Reindl-Phyllis-Furumoto.jpg\" alt=\"\" class=\"wp-image-4735 size-full\" srcset=\"https:\/\/reikigreybook.com\/wp-content\/uploads\/2021\/08\/Johannes-Reindl-Phyllis-Furumoto.jpg 300w, https:\/\/reikigreybook.com\/wp-content\/uploads\/2021\/08\/Johannes-Reindl-Phyllis-Furumoto-277x300.jpg 277w, https:\/\/reikigreybook.com\/wp-content\/uploads\/2021\/08\/Johannes-Reindl-Phyllis-Furumoto-55x60.jpg 55w, https:\/\/reikigreybook.com\/wp-content\/uploads\/2021\/08\/Johannes-Reindl-Phyllis-Furumoto-83x90.jpg 83w\" sizes=\"(max-width: 300px) 100vw, 300px\" \/><\/figure><div class=\"wp-block-media-text__content\">\n<p>La tempistica di questa edizione del Libro Grigio \u00e8 fortuita. Una nuova generazione porta avanti la tradizione del lignaggio spirituale nella nostra forma di pratica. Sebbene il processo del lutto per la perdita della mia cara partner continui, sono benedetta dall&#8217;essere un ponte, un collegamento, per il successore di Phyllis, il Grande Maestro Johannes Reindl. Ho visto e sentito la sua energia, toccata da questo mistero del lignaggio spirituale, come se Phyllis stesse riversando la sua luce dentro di lui. Le migliaia di studenti Reiki toccati dagli insegnamenti di Furumoto Sensei e gli studenti Reiki che stanno ora iniziando il loro percorso hanno un&#8217;opportunit\u00e0 &#8220;di conoscere ancora&#8221; e di riconoscere questo mistero del Lignaggio Spirituale attraverso la loro relazione con Johannes.<\/p>\n<\/div><\/div>\n\n<div style=\"height:25px\" aria-hidden=\"true\" class=\"wp-block-spacer\"><\/div>\n\n<p class=\"has-text-align-right\">~Joyce Winough<br\/>Green Valley, AZ<br\/>1 Giugno, 2021<\/p>\n\n<div style=\"height:100px\" aria-hidden=\"true\" class=\"wp-block-spacer\"><\/div>\n","protected":false},"excerpt":{"rendered":"<p>di Joyce Winough Phyllis Lei Furumoto era cresciuta in Iowa, USA, subito dopo la seconda guerra mondiale. Sua madre, Alice, aveva delle alte aspettative e fu un severo sorvegliante per la sua prima figlia. Questa relazione madre-figlia non fu sempre facile; tuttavia c&#8217;era un reciproco rispetto e comprensione dell&#8217;indole l&#8217;una dell&#8217;altra . Quando finalmente Phyllis [&hellip;]<\/p>\n","protected":false},"author":1,"featured_media":0,"parent":2971,"menu_order":0,"comment_status":"closed","ping_status":"closed","template":"","meta":{"footnotes":""},"class_list":["post-5704","page","type-page","status-publish","hentry"],"_links":{"self":[{"href":"https:\/\/reikigreybook.com\/it\/wp-json\/wp\/v2\/pages\/5704","targetHints":{"allow":["GET"]}}],"collection":[{"href":"https:\/\/reikigreybook.com\/it\/wp-json\/wp\/v2\/pages"}],"about":[{"href":"https:\/\/reikigreybook.com\/it\/wp-json\/wp\/v2\/types\/page"}],"author":[{"embeddable":true,"href":"https:\/\/reikigreybook.com\/it\/wp-json\/wp\/v2\/users\/1"}],"replies":[{"embeddable":true,"href":"https:\/\/reikigreybook.com\/it\/wp-json\/wp\/v2\/comments?post=5704"}],"version-history":[{"count":5,"href":"https:\/\/reikigreybook.com\/it\/wp-json\/wp\/v2\/pages\/5704\/revisions"}],"predecessor-version":[{"id":9155,"href":"https:\/\/reikigreybook.com\/it\/wp-json\/wp\/v2\/pages\/5704\/revisions\/9155"}],"up":[{"embeddable":true,"href":"https:\/\/reikigreybook.com\/it\/wp-json\/wp\/v2\/pages\/2971"}],"wp:attachment":[{"href":"https:\/\/reikigreybook.com\/it\/wp-json\/wp\/v2\/media?parent=5704"}],"curies":[{"name":"wp","href":"https:\/\/api.w.org\/{rel}","templated":true}]}}