{"id":5871,"date":"2021-05-09T04:40:55","date_gmt":"2021-05-09T04:40:55","guid":{"rendered":"https:\/\/reikigreybook.com\/resources\/vivere-nellignoto\/"},"modified":"2023-01-24T20:59:20","modified_gmt":"2023-01-24T20:59:20","slug":"vivere-nellignoto","status":"publish","type":"page","link":"https:\/\/reikigreybook.com\/it\/resources\/vivere-nellignoto\/","title":{"rendered":"Vivere nell&#8217;Ignoto"},"content":{"rendered":"\n<h4 class=\"wp-block-heading\">di Susan Mitchell<\/h4>\n\n<div class=\"wp-block-media-text alignwide is-stacked-on-mobile is-vertically-aligned-center\" style=\"grid-template-columns:24% auto\"><figure class=\"wp-block-media-text__media\"><img fetchpriority=\"high\" decoding=\"async\" width=\"480\" height=\"480\" src=\"https:\/\/reikigreybook.com\/wp-content\/uploads\/2021\/05\/Susan-turkish-coffee.png\" alt=\"Foto di Susan Mitchell\" class=\"wp-image-895 size-full\" srcset=\"https:\/\/reikigreybook.com\/wp-content\/uploads\/2021\/05\/Susan-turkish-coffee.png 480w, https:\/\/reikigreybook.com\/wp-content\/uploads\/2021\/05\/Susan-turkish-coffee-300x300.png 300w, https:\/\/reikigreybook.com\/wp-content\/uploads\/2021\/05\/Susan-turkish-coffee-100x100.png 100w, https:\/\/reikigreybook.com\/wp-content\/uploads\/2021\/05\/Susan-turkish-coffee-150x150.png 150w, https:\/\/reikigreybook.com\/wp-content\/uploads\/2021\/05\/Susan-turkish-coffee-50x50.png 50w\" sizes=\"(max-width: 480px) 100vw, 480px\" \/><\/figure><div class=\"wp-block-media-text__content\">\n<p>Il Libro Grigio era il dono da parte di Alice Takata Furumoto ai Maestri iniziati di Hawayo Takata. Era anche un riconoscimento di sua figlia, Phyllis, come successore di Hawayo Takata.<\/p>\n\n\n\n<p>Grazie a delle lettere, sappiamo che Alice sapeva che Takata Sensei voleva che Phyllis prendesse il suo posto come capo del Sistema Usui di Guarigione Naturale Reiki. Takata mor\u00ec nel Dicembre 1980 e la transizione avvenne senza che fosse dato un formale annuncio pubblico. Phyllis fece i primi passi del suo percorso sentendosi molto sola.<\/p>\n<\/div><\/div>\n\n<div style=\"height:25px\" aria-hidden=\"true\" class=\"wp-block-spacer\"><\/div>\n\n<p>Con la diagnosi di cancro del 2009, Phyllis si rese conto che aveva bisogno di preparare se stessa e la comunit\u00e0 alla sua morte. Phyllis e Paul Mitchell tennero sette ritiri sul tema della successione. Da questo sorse un gruppo di maestri e studenti che si incontrarono per due anni e mezzo prima della morte di Phyllis, per cercare, interrogarsi, e giungere oltre la loro stessa comprensione del processo di successione.<\/p>\n\n<p>Quando Phyllis diede l&#8217;annuncio che Johannes era il Portatore del Lignaggio, egli era senz&#8217;altro solo nella sua posizione, tuttavia diversamente da Phyllis, non da solo &#8211; tenuto da maestri e studenti di tutto il mondo che accolgono il lignaggio di questa tradizione dell&#8217;Usui Shiki Ryoho.<\/p>\n\n<p>&#8220;Che cosa \u00e8 indossare il mantello della successione?&#8221; Chiesi a Johannes. Egli rispose,<\/p>\n\n<div class=\"wp-block-group\"><div class=\"wp-block-group__inner-container is-layout-flow wp-block-group-is-layout-flow\">\n<pre class=\"wp-block-verse\"><em><figure class=\"wp-block-vers is-style-default\" align=\"right\"><img decoding=\"async\" src=\"https:\/\/reikigreybook.com\/wp-content\/uploads\/2021\/06\/Phyllis-Furumoto-and-Johannes-Reindl-300.jpg\" alt=\"Foto di Johannes Reindl e Phyllis Lei Furumoto insieme in Giappone\" class=\"wp-image-2029\" width=\"300\" align=\"right\"\/><\/figure>\"Andando indietro a quel giorno di Marzo 2019, posso ancora sentire Phyllis dire, 'Johannes, tu lo sei.' Non era una domanda. Era un'affermazione. E' cos\u00ec, e basta. Dovetti udire la verit\u00e0 di quelle parole. Potevano venire soltanto da Phyllis.<\/em>\n\n <em>\"So che la successione non ha a che fare con 'me', la mia personalit\u00e0 o le mie caratteristiche. Non ha a che fare con l'autocandidarsi o eleggersi da s\u00e8. Non \u00e8 qualcosa a livello personale. Non sento neanche che l'aver identificato me sia stata una scelta personale per Phyllis stessa.<\/em>\n \n<em>\"Ho letto di recente un'intervista in cui Phyllis parlava della sua esperienza dell'essere diventata il successore di Takata. Ho percepito che nel processo di Phyllis di identificazione di un successore, ella ricercava qualcosa che aveva sperimentato. Non riguardava delle abilit\u00e0, o se Johannes fosse carino ed obbediente, non riguardava il fatto che 'tu' fossi contenta di 'me'. Neppure riguardava il fatto che io piacessi in modo particolare a Phyllis. Io credo che lei ricercasse il dove l'energia fluisse.<\/em>\n\n <em>\"E' stato un processo interno profondo rendersi conto che Reiki viene per primo. All'inizio lo sentivo come un ardere. Ogni volta che mi capitava di sentire Phyllis dire, 'Reiki viene per primo', sembrava come se su questo ci fosse molto da chiedere. Se Reiki viene per primo, il s\u00e8 viene per secondo. Allora com'\u00e8 rispetto a me, al mio s\u00e8 individuale?<\/em>\n\n <em>\"Ora lo sento come un grande sollievo. Mi connette alla realt\u00e0 del fatto che non devo compiacere tutti. Ci possono essere dei conflitti, ma rende ci\u00f2 pi\u00f9 facile perch\u00e8 comprendo che non ha a che fare con il conflitto. E' che Reiki viene per primo. Questo pone la mia vita in prospettiva: servire il sistema; servire Reiki.<\/em>\n\n <em>\" Questo \u00e8 un importante insegnamento per molti di noi. I nostri maestri ci sfidano, ci provocano, ci mostrano ci\u00f2 che abbiamo bisogno di imparare: quello che conta \u00e8 la nostra relazione con la pratica. Reiki viene per primo. Questa \u00e8 la risposta a molte delle domande.\"<\/em> <\/pre>\n\n\n\n<p><\/p>\n<\/div><\/div>\n\n<div style=\"height:10px\" aria-hidden=\"true\" class=\"wp-block-spacer\"><\/div>\n\n<p>Il percorso interiore di Phyllis, l&#8217;esplorazione da parte della comunit\u00e0 della successione, e le conversazioni tra gli studenti e i maestri in tutto il mondo, hanno generato un campo per il processo di successione. Come Alice Takata Furumoto noi siamo invitati a testimoniare e a partecipare al flusso della successione che si dispiega nel lignaggio di Usui Shiki Ryoho.<\/p>\n\n<p class=\"has-text-align-right\">~Susan Mitchell<br\/>Kellogg, ID<br\/>30-Marzo, 2021<\/p>\n\n<div style=\"height:100px\" aria-hidden=\"true\" class=\"wp-block-spacer\"><\/div>\n","protected":false},"excerpt":{"rendered":"<p>di Susan Mitchell Il Libro Grigio era il dono da parte di Alice Takata Furumoto ai Maestri iniziati di Hawayo Takata. Era anche un riconoscimento di sua figlia, Phyllis, come successore di Hawayo Takata. Grazie a delle lettere, sappiamo che Alice sapeva che Takata Sensei voleva che Phyllis prendesse il suo posto come capo del [&hellip;]<\/p>\n","protected":false},"author":1,"featured_media":0,"parent":2971,"menu_order":0,"comment_status":"closed","ping_status":"closed","template":"","meta":{"footnotes":""},"class_list":["post-5871","page","type-page","status-publish","hentry"],"_links":{"self":[{"href":"https:\/\/reikigreybook.com\/it\/wp-json\/wp\/v2\/pages\/5871","targetHints":{"allow":["GET"]}}],"collection":[{"href":"https:\/\/reikigreybook.com\/it\/wp-json\/wp\/v2\/pages"}],"about":[{"href":"https:\/\/reikigreybook.com\/it\/wp-json\/wp\/v2\/types\/page"}],"author":[{"embeddable":true,"href":"https:\/\/reikigreybook.com\/it\/wp-json\/wp\/v2\/users\/1"}],"replies":[{"embeddable":true,"href":"https:\/\/reikigreybook.com\/it\/wp-json\/wp\/v2\/comments?post=5871"}],"version-history":[{"count":5,"href":"https:\/\/reikigreybook.com\/it\/wp-json\/wp\/v2\/pages\/5871\/revisions"}],"predecessor-version":[{"id":9151,"href":"https:\/\/reikigreybook.com\/it\/wp-json\/wp\/v2\/pages\/5871\/revisions\/9151"}],"up":[{"embeddable":true,"href":"https:\/\/reikigreybook.com\/it\/wp-json\/wp\/v2\/pages\/2971"}],"wp:attachment":[{"href":"https:\/\/reikigreybook.com\/it\/wp-json\/wp\/v2\/media?parent=5871"}],"curies":[{"name":"wp","href":"https:\/\/api.w.org\/{rel}","templated":true}]}}