{"id":2379,"date":"2021-05-09T03:00:07","date_gmt":"2021-05-09T03:00:07","guid":{"rendered":"https:\/\/reikigreybook.com\/the-art-of-healing\/"},"modified":"2022-12-22T18:38:18","modified_gmt":"2022-12-22T18:38:18","slug":"the-art-of-healing","status":"publish","type":"page","link":"https:\/\/reikigreybook.com\/nl\/the-grey-book\/the-art-of-healing\/","title":{"rendered":"De kunst van het helen"},"content":{"rendered":"\n<figure class=\"wp-block-table is-style-stripes\"><table class=\"has-black-color has-white-background-color has-text-color has-background\"><tbody><tr><td><a href=\"https:\/\/reikigreybook.com\/nl\/the-grey-book\/therapy-guide\/\">&lt;&#8211; Vorige sectie<\/a><\/td><td class=\"has-text-align-right\" data-align=\"right\"><a href=\"https:\/\/reikigreybook.com\/nl\/the-grey-book\/photos\/\">Volgende sectie &#8211;&gt;<\/a><\/td><\/tr><\/tbody><\/table><\/figure>\n\n<div style=\"height:25px\" aria-hidden=\"true\" class=\"wp-block-spacer\"><\/div>\n\n<p>In mijn streven dit essay over de kunst van het helen beknopt te houden, zal ik trachten eerder praktisch dan technisch te zijn, aangezien dat wat ik ga defini\u00ebren geen verband houdt met enig stoffelijk wezen dat zichtbaar is en het geen vorm heeft, noch een naam. Ik geloof dat er \u00e9\u00e9n Opperwezen bestaat \u2013 de Absoluut Oneindige \u2013 een Dynamische Kracht die de wereld en het universum regeert. Het is een onzichtbare spirituele kracht die trilt en alle andere krachten vallen erbij in het niet. Daarom is die Absoluut! Deze kracht is onpeilbaar, onmetelijk en omdat het een universele levenskracht is, onbegrijpelijk voor de mens. Toch ontvangt ieder levend wezen, wakker of slapend, er dagelijks de zegeningen van. Verschillende leraren en meesters noemen het de Grote Geest, de Universele Levenskracht, Levensenergie omdat het, wanneer toegepast, het hele systeem vitaliseert, Ethergolf omdat het pijn lenigt en je in een diepe sluimering brengt zoals bij een narcose, en de Kosmische Golf omdat het trillingen van opgetogen gevoelens uitstraalt en je in harmonie brengt. Ik zal het &#8216;Reiki&#8217; noemen omdat ik het onder die naam heb geleerd. Reiki is een golf als van een radio. Het kan plaatselijk worden toegepast of zoals bij de korte golf. Een afstandsbehandeling kan met succes worden gegeven. Reiki is geen elektriciteit, noch radium- of r\u00f6ntgenstraling. Het is in staat om door dunne lagen zijde, linnen, porselein of lood, hout of staal heen te dringen, omdat het afkomstig is van de Grote Geest, de Oneindige. Het maakt tere weefsels of zenuwen niet kapot. Het is absoluut onschadelijk en daarom is het een praktische en veilige behandeling. Aangezien het een universele golf is, heeft alles wat leeft baat bij een behandeling \u2013 planten, vogels, de dieren, evenals mensen, jong of oud, arm of rijk. Het zou dagelijks preventief moeten worden toegepast en gebruikt. God heeft ons dit lichaam gegeven, een plek om te verblijven, en ons dagelijkse brood. We zijn met een bepaald doel op de wereld gezet en daarom zouden we gezond en gelukkig moeten zijn. Het was Gods plan dus Hij zal ons van alles voorzien. Hij gaf ons handen om ze te gebruiken door ze op te leggen en ermee te helen, om fysiek gezond en mentaal in evenwicht te blijven, om onszelf te bevrijden van onwetendheid en in een verlichte wereld te leven, in harmonie met onszelf en anderen, en alle wezens lief te hebben. Wanneer deze regels dagelijks worden toegepast, zal het lichaam reageren en alles wat we in deze wereld wensen en willen bereiken is binnen ons bereik. Gezondheid, geluk en de weg naar een lang leven, wat we allemaal zoeken \u2013 ik zal dit Perfectie noemen.<\/p>\n\n<hr class=\"wp-block-separator has-text-color has-black-color has-css-opacity has-black-background-color has-background is-style-wide\"\/>\n\n<p><\/p>\n\n<p>Pagina 2<\/p>\n\n<p><span style=\"text-decoration: underline;\">Hoe je deze kracht verwerft \u2013 eerstegraads inwijding of &#8216;Shoden&#8217;:<\/span><\/p>\n\n<p>Aangezien het een universele kracht van de Grote Goddelijke Geest is, behoort het toe aan iedereen die zoekt en ernaar verlangt de kunst van het helen te leren. Het kent geen kleur, noch geloofsovertuiging, oud of jong. Het vindt zijn weg als de student bereid is te accepteren. Hem zal de weg worden getoond. Inwijding is een heilige ceremonie en het contact wordt tot stand gebracht. Omdat we ons verbinden met de Goddelijke Geest zijn er geen vergissingen en hoeven we niet te twijfelen. Het is Absoluut!<\/p>\n\n<p><span style=\"text-decoration: underline;\">De handen zijn klaar om te helen:<\/span><\/p>\n\n<p>Bij het eerste contact of de inwijding stralen de handen trillingen uit wanneer ze op het zieke deel worden gelegd. Het lenigt pijn, stelpt het bloed van een open wond; je handen zijn klaar om acute en chronische ziekten te helen \u2013 mensen \u2013 de planten \u2013 de vogels \u2013 de dieren. In acute gevallen hoef je maar enkele minuten te behandelen. In de chronische gevallen is het vinden van oorzaak en gevolg de eerste stap.<\/p>\n\n<p><span style=\"text-decoration: underline;\">Hoe je vaststelt \u2013 oorzaak en gevolg:<\/span><\/p>\n\n<p id=\"_stroke\">Het is niet nodig om de pati\u00ebnt geheel te ontkleden, maar het is beter om alle strakke kleding los te doen zodat de pati\u00ebnt kan ontspannen terwijl hij met zijn gezicht naar boven op tafel ligt. Het allerbelangrijkste is om de oorzaak van de ziekte te vinden. Begin de behandeling bij de ogen, sinussen, hypofyse, oren, keel, schildklier, thymus, maag, galblaas, lever, alvleesklier, zonnevlecht, kronkeldarm, blindedarm, karteldarm, sigmo\u00efd, eierstokken, blaas, dan de borst en het hart. Draai de pati\u00ebnt om, behandel de rug, longen, sympathische zenuwen, nieren, milt en prostaat. Vertrouw tijdens de behandeling op je handen. Luister naar de trillingen of reactie. Als er pijn is, voel je dat in je vingertoppen en handpalm. Als de pati\u00ebnt jeuk heeft, is de reactie hetzelfde; als diep en chronisch dan voel je een diepe pijn kloppen, of als acuut, dan is de pijn een lichte tinteling. Zodra het lichaam op de behandeling reageert, verdwijnt de acute kwaal maar de oorzaak blijft. Verdiep je dagelijks in de oorzaak en bij elke behandeling zal verbetering te zien zijn. Nadat de organen op deze manier zijn behandeld, be\u00ebindig ik de behandeling met een zenuwveeg die de bloedsomloop reguleert. Breng een paar druppels sesamolie of een andere pure, plantaardige olie op de huid aan. Ik plaats mijn duim en wijsvinger aan de linkerkant van de ruggengraat en de drie vingers en de palm plat aan de rechterkant van de ruggengraat. Met een neerwaartse beweging, 10 \u00e0 15 vegen van de schouders tot onderaan het ruggenmerg. Alleen in geval van diabetes zijn de vegen omgekeerd; armen en benen worden in de richting van het hart behandeld.<\/p>\n\n<hr class=\"wp-block-separator has-text-color has-black-color has-css-opacity has-black-background-color has-background is-style-wide\"\/>\n\n<p><\/p>\n\n<p>Pagina 3<\/p>\n\n<p>Bovengenoemde behandeling wordt de basisbehandeling genoemd en die duurt een uur of langer, afhankelijk van de complicaties en de ernst van de zaak. Door het lichaam minutieus te behandelen worden de handen gevoelig en zijn ze in staat om de oorzaak te bepalen en zelfs de kleinste blokkade vanbinnen te ontdekken, of die nu fysiek of mentaal is, acuut of chronisch. Reiki is een volledig medicijnvrije en bloedeloze behandeling waardoor het lichaam genormaliseerd wordt. <\/p>\n\n<p><span style=\"text-decoration: underline;\">De zuivering of reactie:<\/span><\/p>\n\n<p>Na ongeveer vier dagen tot drie weken zien we dat er een grote verandering in het lichaam optreedt, alle inwendige organen en klieren gaan met veel vitaliteit en regelmaat functioneren. De spijsverteringssappen normaliseren, de geblokkeerde zenuwen ontspannen, verklevingen worden los, de luie karteldarm herstelt, ontlasting laat los van de darmwanden, de gassen verdwijnen. Jaren van opgehoopte gifstoffen vinden via de pori\u00ebn een weg naar buiten. Het is een plakkerige transpiratie. De ontlasting neemt toe, donker en sterk van geur. De urine wordt als donkere thee, soms wit als door water geroerde bloem. Het duurt vier \u00e0 zes dagen en toch heb ik pati\u00ebnten gehad die al op \u00e9\u00e9n behandeling reageerden. Als dit gebeurt, weet je zeker dat de inwendige organen een grote, algemene beurt krijgen. Na zo&#8217;n goede reiniging wordt het lichaam actief. Het gevoel in afgestompte zenuwen komt terug, je eetlust verbetert, een gezonde slaap komt vanzelf, ogen stralen, huid glanst als zijde. Met nieuw bloed en een goede circulatie, herstelde zenuwen en klieren, is het mogelijk om 5 of 10 jaar te verjongen. Op dat moment is het heel belangrijk wat je eet.<\/p>\n\n<p><span style=\"text-decoration: underline;\">Het dieet:<\/span><\/p>\n\n<p>Bij de Reiki-gezondheidsbehandelingen zijn we vegetari\u00ebr en eten allerlei soorten fruit van het seizoen. De natuur biedt het in overvloed aan, maar nooit om het te verspillen. Overeten is een zonde. Met mate eten, met een gevoel van dankbaarheid, om de Grote Geest te erkennen die de schepper is, die de Almachtige is die ervoor zorgt dat dingen groeien en bloeien en vrucht dragen. Ga aan tafel met prettige gedachten. Eet nooit als je je zorgen maakt. Melk, witte suiker, <s>sinaasappelsap en ananassap<\/s> en zetmeel moeten vermeden worden als de pati\u00ebnt een zwakke maag heeft. Met de juiste voeding reageert de pati\u00ebnt sneller op de behandelingen.<\/p>\n\n<p>Nu ik me 12 jaar heb beziggehouden met deze beoefening, weet ik uit ervaring een paar snelle manieren om de oorzaak te vinden en de beste resultaten te krijgen. Gebruik bij de volgende behandelingen eerst de basisbehandeling en concentreer je vervolgens langer op de essenti\u00eble punten die hier worden genoemd:<\/p>\n\n<hr class=\"wp-block-separator has-text-color has-black-color has-css-opacity has-black-background-color has-background is-style-wide\"\/>\n\n<p><\/p>\n\n<p>Pagina 4<\/p>\n\n<p>Een gewone verkoudheid of &#8216;griep&#8217; \u2013 sinussen, keel, borst<\/p>\n\n<p>Pleuritus \u2013 pleura, hart, nieren<\/p>\n\n<p>Diabetes \u2013 lever, alvleesklier, milt, nieren<\/p>\n\n<p>Leukemie \u2013 lever, alvleesklier, milt, hart<\/p>\n\n<p>Galstenen \u2013 galblaas, lever, milt, nieren<\/p>\n\n<p>Polio \u2013 dunne darm, zonnevlecht, karteldarm, (armen of benen) ruggengraat<\/p>\n\n<p>Acuut reuma \u2013 zonnevlecht, nieren, milt, hart<\/p>\n\n<p>Steenpuisten \u2013 lever, alvleesklier, nieren, steenpuist (Niet forceren. Hij breekt vanzelf open wanneer hij rijp is.)<\/p>\n\n<p>Struma, vrouw \u2013 eierstokken, ogen, hypofyse, schildklier, hart<\/p>\n\n<p>Struma, man \u2013 prostaat, ogen, hypofyse, schildklier, hart<\/p>\n\n<p>Ziekte van de tong \u2013 voetzolen<\/p>\n\n<p>Hart \u2013 lever, alvleesklier, hart, milt, nieren, sympathische zenuwen<\/p>\n\n<p>Stuiptrekkingen \u2013 lever, zonnevlecht, karteldarm, sigmo\u00efd (Breng knie\u00ebn naar de borst. Leg bescherming in de mond.)<\/p>\n\n<p>Blindedarmontsteking \u2013 kronkeldarm, blindedarm, sigmo\u00efd<\/p>\n\n<p>Tuberculose van de darmen \u2013 dunne darm, karteldarm<\/p>\n\n<p>Tuberculose van de longen \u2013 hoofd, longen, hart nieren<\/p>\n\n<p>Tuberculose van de nieren \u2013 nieren, blaas<\/p>\n\n<p>Nierstenen \u2013 nieren, blaas<\/p>\n\n<p>Zwangerschap \u2013 galblaas, eierstokken, hypofyse<\/p>\n\n<p>Longontsteking \u2013 Pati\u00ebnt plat op de rug. Verplaats de pati\u00ebnt niet. Geen veeg. Borst, longen, pleura, hart, nieren. Behandel twee uur. Herhaal na acht uur, crisis over, ga dagelijks verder.<\/p>\n\n<p>Astma \u2013 sinussen, keel, pleura<\/p>\n\n<p>Artritis \u2013 maag, nieren, aangetaste delen<\/p>\n\n<p>Reuma \u2013 nieren, aangetaste delen<\/p>\n\n<p>Hoge &amp; lage bloeddruk, vrouw \u2013 hoofd, keel, hart, eierstokken<\/p>\n\n<p>Hoge &amp; lage bloeddruk, man \u2013 hoofd, keel, hart, prostaat<\/p>\n\n<p>Mazelen \u2013 buik, pleura, ogen<\/p>\n\n<p>Blind \u2013 alvleesklier, hoofd, ogen, eierstokken<\/p>\n\n<p>Hardhorig (Als trommelvlies niet is gescheurd) \u2013 hoofd, sinussen, oren<\/p>\n\n<p>Acute en noodgevallen \u2013 behandel het volgende:<\/p>\n\n<p>Acute indigestie \u2013 maag, galblaas<\/p>\n\n<p>Acute vergiftiging \u2013 vier eiwitten, 2 eetlepels bloem, behandel maag en herhaal na overgeven.<\/p>\n\n<p>Shock \u2013 zonnevlecht, sympathische zenuwen<\/p>\n\n<p>De hik \u2013 breng beide armen omhoog, behandel het middenrif<\/p>\n\n<p>Zeeziek of luchtziek \u2013 galblaas, hypofyse<\/p>\n\n<hr class=\"wp-block-separator has-text-color has-black-color has-css-opacity has-black-background-color has-background is-style-wide\"\/>\n\n<p><\/p>\n\n<p>Pagina 5<\/p>\n\n<p>Verdrinking \u2013 het belangrijkste is hoe de pati\u00ebnt uit het water naar boven is gehaald. Hoofd naar beneden, benen omhoog. Laat het water uit de mond stromen. Pas mond-op-mondbeademing toe \u2013 behandel zonnevlecht, alvleesklier, lever, hart, longen, wrijf handen en voeten.<\/p>\n\n<p>Goudvis \u2013 houd de kom vast.<\/p>\n\n<p>Bloemen \u2013 behandel de pot of stelen in water.<\/p>\n\n<p>Zaden \u2013 behandel zaden voorafgaand aan het planten.<\/p>\n\n<p>Kuikentjes van een dag \u2013 40 tot 60 seconden<\/p>\n\n<p>Varkens \u2013 koeien \u2013 paarden \u2013 honden \u2013 achter de oren<\/p>\n\n<p>Verstuikingen \u2013 kneuzingen en breuken \u2013 behandel rechtstreeks op de kneuzing of breuk.<\/p>\n\n<p>Gebroken botten \u2013 laat de botten zetten. En r\u00f6ntgenfoto laten maken, leg handen op gips.<\/p>\n<p>Brandwonden \u2013 plaats handen rechtstreeks op brandwonden.<\/p>\n<p>Wanneer de student goed vertrouwd is geraakt met bovenstaande behandelingen en ervaring heeft opgedaan, met bewijzen en referenties, is hij klaar voor de &#8216;Oku Den&#8217;, of diepere kennis. De student doet zijn tweede gelofte van inwijding, wat een heilige ceremonie is. Met de kennis van &#8216;Oku Den&#8217; heeft de student het voordeel dat hij de onderbewuste geest kan helpen \u2013 mentale gevallen \u2013 het corrigeren van slechte gewoonten \u2013 zenuwinzinkingen \u2013 slapeloosheid \u2013 afstandsbehandelingen. Verander de houding van depressieve pati\u00ebnten zodat zij de positievere kant van het leven gaan zien. Vind bij het behandelen van mentale gevallen eerst de oorzaak. Neem de oorzaak weg en het gevolg zal er niet zijn.<\/p>\n\n<p><span style=\"text-decoration: underline;\">De idealen:<\/span><\/p>\n\n<p>Alleen vandaag \u2013 gij zult u niet boos maken<br\/>Alleen vandaag \u2013 gij zult u geen zorgen maken<br\/>Gij zult dankbaar zijn voor de vele zegeningen<br\/>Verdien uw bestaan met eerlijk werk<br\/>Wees vriendelijk tegen uw buren<\/p>\n\n<p>Hier is het dan \u2013 &#8216;Reiki&#8217; \u2013 de kunst van het helen. Het is een simpele maar complete behandeling, met prachtige resultaten. De kleintjes geven meer blijk van waardering omdat het zo zachtaardig en effectief is. Dit is de manier van de Grote Geest. Het kan alleen maar goeddoen.<\/p>\n\n<hr class=\"wp-block-separator has-css-opacity is-style-wide\"\/>\n\n<div style=\"height:25px\" aria-hidden=\"true\" class=\"wp-block-spacer\"><\/div>\n\n<hr class=\"wp-block-separator has-css-opacity is-style-wide\"\/>\n\n<div class=\"wp-block-group has-black-color has-text-color has-background\" style=\"background-color:#faf8ed\"><div class=\"wp-block-group__inner-container is-layout-flow wp-block-group-is-layout-flow\">\n<h3 class=\"has-text-align-center wp-block-heading\">Historische perspectieven<\/h3>\n\n\n\n<p>\u2022 In Justin Steins essay, &#8216;<a href=\"https:\/\/reikigreybook.com\/nl\/resources\/het-grijze-boek-en-de-geschiedenis-van-reiki\/\" data-type=\"page\" data-id=\"301\">Het &#8220;Grijze Boek&#8221; en de geschiedenis van Reiki<\/a>&#8216;, wordt uitgebreid uitgelegd waarom Takata dit essay over de kunst van het helen heeft geschreven.<\/p>\n<\/div><\/div>\n\n<hr class=\"wp-block-separator has-css-opacity is-style-wide\"\/>\n\n<figure class=\"wp-block-table is-style-stripes\"><table class=\"has-black-color has-white-background-color has-text-color has-background\"><tbody><tr><td><a href=\"https:\/\/reikigreybook.com\/nl\/the-grey-book\/therapy-guide\/\">&lt;&#8211; Vorige sectie<\/a><\/td><td class=\"has-text-align-right\" data-align=\"right\"><a href=\"https:\/\/reikigreybook.com\/nl\/the-grey-book\/photos\/\">Volgende sectie &#8211;&gt;<\/a><\/td><\/tr><\/tbody><\/table><\/figure>\n\n<div style=\"height:25px\" aria-hidden=\"true\" class=\"wp-block-spacer\"><\/div>\n\n<div style=\"height:100px\" aria-hidden=\"true\" class=\"wp-block-spacer\"><\/div>\n","protected":false},"excerpt":{"rendered":"<p>&lt;&#8211; Vorige sectie Volgende sectie &#8211;&gt; In mijn streven dit essay over de kunst van het helen beknopt te houden, zal ik trachten eerder praktisch dan technisch te zijn, aangezien dat wat ik ga defini\u00ebren geen verband houdt met enig stoffelijk wezen dat zichtbaar is en het geen vorm heeft, noch een naam. Ik geloof [&hellip;]<\/p>\n","protected":false},"author":1,"featured_media":0,"parent":2406,"menu_order":3,"comment_status":"closed","ping_status":"closed","template":"","meta":{"footnotes":""},"class_list":["post-2379","page","type-page","status-publish","hentry"],"_links":{"self":[{"href":"https:\/\/reikigreybook.com\/nl\/wp-json\/wp\/v2\/pages\/2379","targetHints":{"allow":["GET"]}}],"collection":[{"href":"https:\/\/reikigreybook.com\/nl\/wp-json\/wp\/v2\/pages"}],"about":[{"href":"https:\/\/reikigreybook.com\/nl\/wp-json\/wp\/v2\/types\/page"}],"author":[{"embeddable":true,"href":"https:\/\/reikigreybook.com\/nl\/wp-json\/wp\/v2\/users\/1"}],"replies":[{"embeddable":true,"href":"https:\/\/reikigreybook.com\/nl\/wp-json\/wp\/v2\/comments?post=2379"}],"version-history":[{"count":5,"href":"https:\/\/reikigreybook.com\/nl\/wp-json\/wp\/v2\/pages\/2379\/revisions"}],"predecessor-version":[{"id":8503,"href":"https:\/\/reikigreybook.com\/nl\/wp-json\/wp\/v2\/pages\/2379\/revisions\/8503"}],"up":[{"embeddable":true,"href":"https:\/\/reikigreybook.com\/nl\/wp-json\/wp\/v2\/pages\/2406"}],"wp:attachment":[{"href":"https:\/\/reikigreybook.com\/nl\/wp-json\/wp\/v2\/media?parent=2379"}],"curies":[{"name":"wp","href":"https:\/\/api.w.org\/{rel}","templated":true}]}}