{"id":9373,"date":"2021-05-09T02:59:04","date_gmt":"2021-05-09T02:59:04","guid":{"rendered":"https:\/\/reikigreybook.com\/czytaj-szara-ksiazke\/wpisy-do-pamietnika-takaty\/"},"modified":"2024-06-27T15:23:31","modified_gmt":"2024-06-27T15:23:31","slug":"wpisy-do-pamietnika-takaty","status":"publish","type":"page","link":"https:\/\/reikigreybook.com\/pl\/czytaj-szara-ksiazke\/wpisy-do-pamietnika-takaty\/","title":{"rendered":"Wpisy w Pami\u0119tniku Takaty."},"content":{"rendered":"\n<figure class=\"wp-block-table is-style-stripes\"><table class=\"has-black-color has-white-background-color has-text-color has-background\"><tbody><tr><td><\/td><td class=\"has-text-align-right\" data-align=\"right\"><a href=\"https:\/\/reikigreybook.com\/pl\/czytaj-szara-ksiazke\/przewodnik-po-terapii\/\">Nast\u0119pna sekcja &#8211;&gt;<\/a><\/td><\/tr><\/tbody><\/table><\/figure>\n\n<div style=\"height:25px\" aria-hidden=\"true\" class=\"wp-block-spacer\"><\/div>\n\n<p>10. grudnia 1935 r.<\/p>\n\n<p id=\"_up\">Wyra\u017cenie Energii \u201cLeiki\u201dsamej w sobie,kiedy energia jest skupiona-skoncentrowana i przekazana pacjentowi, uzdrowi wszelkie schorzenia. Jest to najwspanialszy dar natury, kt\u00f3ry nie wymaga \u017cadnych lek\u00f3w. Pomaga w ka\u017cdym zakresie, zar\u00f3wno ludziom jak i zwierz\u0119tom. By j\u0105 skoncentrowa\u0107 nale\u017cy oczy\u015bci\u0107 my\u015bli \u2013 w s\u0142owach i w my\u015blach i medytowa\u0107 , aby pozwoli\u0107 \u201eenergii\u201d wydoby\u0107 si\u0119 z wn\u0119trza. Le\u017cy ona w dole brzucha, oko\u0142o 5 cm poni\u017cej p\u0119pka. Usi\u0105d\u017a w wygodnej pozycji, zamknij oczy, skup si\u0119 na swoich my\u015blach i odpr\u0119\u017c si\u0119; z\u0142\u00f3\u017c d\u0142onie i czekaj na sygna\u0142. \u0141agodnie i delikatnie przy\u0142\u00f3\u017c d\u0142onie, zaczynaj\u0105c od g\u0142owy <a href=\"#_1\" data-type=\"internal\" data-id=\"#_1\"><sup>[1<\/sup>] w d\u00f3\u0142.<\/a> Pacjent, kt\u00f3remu mamy robi\u0107 ten zabieg, musi oczy\u015bci\u0107 swoje my\u015bli, czu\u0107 si\u0119 komfortowo i pragn\u0105\u0107 powrotu do zdrowia. Nie wolno zapomnie\u0107 o tym by czu\u0107 wdzi\u0119czno\u015b\u0107. Wdzi\u0119czno\u015b\u0107 jest wspania\u0142ym lekarstwem dla umys\u0142u. W ka\u017cdym przypadku, pacjent mo\u017ce zosta\u0107 zdiagnozowany jedynie poprzez dotkni\u0119cie d\u0142oni\u0105.<\/p>\n\n<hr class=\"wp-block-separator has-css-opacity is-style-wide\"\/>\n\n<p><\/p>\n\n<p>2. kwietnia 1936 r.<\/p>\n\n<p>Ojciec by\u0142 przezi\u0119biony i zm\u0119czony. Zrobi\u0142am mu zabiegi i 7-<sup>ego<\/sup> m\u00f3g\u0142 przyst\u0105pi\u0107 do egzaminu, a 10-<sup>ego<\/sup> wr\u00f3ci\u0142 na Kauai. Po po\u017cegnaniu ich, wr\u00f3ci\u0142am z Juli\u0105 do domu pani Hayashi. Byli bardzo mili i prosili mnie bym z nimi zosta\u0142a, zatem jestem tu od tamtego wieczoru. Dotar\u0142o do mnie, \u017ce to musia\u0142 by\u0107 m\u00f3j naprawd\u0119 szcz\u0119\u015bliwy dzie\u0144. Zdoby\u0142am du\u017c\u0105 wiedz\u0119 w zakresie leczenia i w spos\u00f3b naturalny zacz\u0119\u0142am przyjmowa\u0107 pacj\u0119t\u00f3w. Uzdrowi\u0142am dwie dziewczyny z Baron Toku; dwa dni i by\u0142y zdrowe. Pani Harazawa w Szpitalu Keio ma pooperacyjny zabieg o 7:30 ka\u017cdego wieczoru i uwa\u017ca je za bardzo dobre, przyspieszaj\u0105ce regeneracj\u0119. W domowym gabinecie zacz\u0119\u0142o przybywa\u0107 pacjent\u00f3w od kiedy do nich przyjecha\u0142am<\/p>\n\n<hr class=\"wp-block-separator has-css-opacity is-style-wide\"\/>\n\n<p><\/p>\n\n<p>Maj, 1936 r.<br\/><s>Kwiecie\u0144, 1936 r.<\/s><\/p>\n\n<p>sprawia to, \u017ce czuj\u0119 si\u0119 dobrze i jestem bardzo zmotywowana. Co mnie bardziej ni\u017c ucieszy\u0142o, to fakt, \u017ce pan Hayashi zezwoli\u0142 na przekazanie mi sekret\u00f3w Shinpi Den, Kokiyu-Ho i Leiji-Ho, b\u0119d\u0105cych najwy\u017cszymi wtajemniczeniami w Nauce o Energii.<\/p>\n\n<p>Nikt nie jest w stanie sobie wyobrazi\u0107 rado\u015bci, kt\u00f3r\u0105 czuj\u0119 na sam\u0105 my\u015bl, \u017ce mia\u0142am zaszczyt otrzymania tego daru \u2013 daru na ca\u0142e \u017cycie. I obieca\u0142am sobie da\u0107 z siebie wszystko w kontek\u015bcie tej pi\u0119knej, cudownej wiedzy, kt\u00f3r\u0105 w\u0142a\u015bnie otrzyma\u0142am. Niniejszym obiecuj\u0119 czyni\u0107 to, co w\u0142a\u015bciwe, poprzez szczero\u015b\u0107 i dobro\u0107, i b\u0119d\u0119 traktowa\u0107 te nauki oraz ich nauczyciela z najwy\u017csz\u0105 czci\u0105 i szacunkiem.<\/p>\n\n<hr class=\"wp-block-separator has-css-opacity is-style-wide\"\/>\n\n<p><\/p>\n\n<p>29. marca 1937 r.<\/p>\n\n<p>Prawo Karmy, tak prawdziwe wed\u0142ug nauk przekazu, m\u00f3wi, \u017ce moment spotkanie, jest pocz\u0105tkiem rozstania.<\/p>\n\n<hr class=\"wp-block-separator has-css-opacity is-style-wide\"\/>\n\n<div style=\"height:40px\" aria-hidden=\"true\" class=\"wp-block-spacer\"><\/div>\n\n<hr class=\"wp-block-separator has-text-color has-black-color has-css-opacity has-black-background-color has-background is-style-wide\"\/>\n\n<div class=\"wp-block-group has-black-color has-text-color has-background\" style=\"background-color:#faf8ed\"><div class=\"wp-block-group__inner-container is-layout-flow wp-block-group-is-layout-flow\">\n<h3 class=\"has-text-align-center wp-block-heading\">Perspektywa historyczna<\/h3>\n\n\n\n<p>By dowiedzie\u0107 si\u0119 wi\u0119cej na temat kontekstu tych wpis\u00f3w i technik opisywanych tu przez Takat\u0119, przeczytaj rozprawk\u0119 dr Justina Stein\u2019a<a href=\"https:\/\/reikigreybook.com\/pl\/zrodla\/szara-ksiega-i-historia-reiki\/\">\u201eSzara Ksi\u0119ga i Historia Reiki\u201d.<\/a><\/p>\n<\/div><\/div>\n\n<hr class=\"wp-block-separator has-text-color has-black-color has-css-opacity has-black-background-color has-background is-style-wide\"\/>\n\n<div style=\"height:25px\" aria-hidden=\"true\" class=\"wp-block-spacer\"><\/div>\n\n<hr class=\"wp-block-separator has-text-color has-black-color has-css-opacity has-black-background-color has-background is-style-wide\"\/>\n\n<div class=\"wp-block-group alignwide has-background\" style=\"background-color:#faf8ed\"><div class=\"wp-block-group__inner-container is-layout-flow wp-block-group-is-layout-flow\">\n<p class=\"has-text-align-center has-background\" id=\"_1\" style=\"background-color:#faf8ed;font-size:30px\"><strong>Nota historyczna<\/strong><\/p>\n\n\n\n<div class=\"wp-block-media-text alignwide has-media-on-the-right is-stacked-on-mobile is-vertically-aligned-center has-background\" style=\"background-color:#faf8ed\"><div class=\"wp-block-media-text__content\">\n<p>[1] Powy\u017cszy tekst jest dok\u0142adn\u0105 transkrypcj\u0105 s\u0142\u00f3w Takaty, \u0142\u0105cznie z liter\u00f3wkami. Odnosz\u0105c si\u0119 do niniejszej dwuznaczno\u015bci, kt\u00f3r\u0105 niekt\u00f3rzy odczytuj\u0105 jako \u201eg\u0142ow\u0119\u201d, a inni jako \u201eserce\u201d, dr Justin Stein pisze: \u201eJestem przekonany, \u017ce nie jest to \u201eserce\u201d, poniewa\u017c ona stawia\u0142a kreski w &#8222;t&#8221;, a tu kreski nie ma&#8221;. ^ <a href=\"#_up\">w g\u00f3r\u0119 .<\/a><\/p>\n<\/div><figure class=\"wp-block-media-text__media\"><img fetchpriority=\"high\" decoding=\"async\" width=\"874\" height=\"464\" src=\"https:\/\/reikigreybook.com\/wp-content\/uploads\/2021\/05\/Screen-Shot-2021-05-16-at-3.20.43-PM.png\" alt=\"\" class=\"wp-image-870 size-full\" srcset=\"https:\/\/reikigreybook.com\/wp-content\/uploads\/2021\/05\/Screen-Shot-2021-05-16-at-3.20.43-PM.png 874w, https:\/\/reikigreybook.com\/wp-content\/uploads\/2021\/05\/Screen-Shot-2021-05-16-at-3.20.43-PM-600x319.png 600w, https:\/\/reikigreybook.com\/wp-content\/uploads\/2021\/05\/Screen-Shot-2021-05-16-at-3.20.43-PM-300x159.png 300w, https:\/\/reikigreybook.com\/wp-content\/uploads\/2021\/05\/Screen-Shot-2021-05-16-at-3.20.43-PM-768x408.png 768w\" sizes=\"(max-width: 874px) 100vw, 874px\" \/><\/figure><\/div>\n\n\n\n<p><\/p>\n<\/div><\/div>\n\n<hr class=\"wp-block-separator has-text-color has-black-color has-css-opacity has-black-background-color has-background is-style-wide\"\/>\n\n<div style=\"height:25px\" aria-hidden=\"true\" class=\"wp-block-spacer\"><\/div>\n\n<figure class=\"wp-block-table is-style-stripes\"><table class=\"has-black-color has-white-background-color has-text-color has-background\"><tbody><tr><td><\/td><td class=\"has-text-align-right\" data-align=\"right\"><a href=\"https:\/\/reikigreybook.com\/pl\/czytaj-szara-ksiazke\/przewodnik-po-terapii\/\">Nast\u0119pna sekcja &#8211;&gt;<\/a><\/td><\/tr><\/tbody><\/table><\/figure>\n\n<div style=\"height:100px\" aria-hidden=\"true\" class=\"wp-block-spacer\"><\/div>\n\n<p><\/p>\n","protected":false},"excerpt":{"rendered":"<p>Nast\u0119pna sekcja &#8211;&gt; 10. grudnia 1935 r. Wyra\u017cenie Energii \u201cLeiki\u201dsamej w sobie,kiedy energia jest skupiona-skoncentrowana i przekazana pacjentowi, uzdrowi wszelkie schorzenia. Jest to najwspanialszy dar natury, kt\u00f3ry nie wymaga \u017cadnych lek\u00f3w. Pomaga w ka\u017cdym zakresie, zar\u00f3wno ludziom jak i zwierz\u0119tom. By j\u0105 skoncentrowa\u0107 nale\u017cy oczy\u015bci\u0107 my\u015bli \u2013 w s\u0142owach i w my\u015blach i medytowa\u0107 , [&hellip;]<\/p>\n","protected":false},"author":1,"featured_media":0,"parent":9252,"menu_order":1,"comment_status":"closed","ping_status":"closed","template":"","meta":{"footnotes":""},"class_list":["post-9373","page","type-page","status-publish","hentry"],"_links":{"self":[{"href":"https:\/\/reikigreybook.com\/pl\/wp-json\/wp\/v2\/pages\/9373","targetHints":{"allow":["GET"]}}],"collection":[{"href":"https:\/\/reikigreybook.com\/pl\/wp-json\/wp\/v2\/pages"}],"about":[{"href":"https:\/\/reikigreybook.com\/pl\/wp-json\/wp\/v2\/types\/page"}],"author":[{"embeddable":true,"href":"https:\/\/reikigreybook.com\/pl\/wp-json\/wp\/v2\/users\/1"}],"replies":[{"embeddable":true,"href":"https:\/\/reikigreybook.com\/pl\/wp-json\/wp\/v2\/comments?post=9373"}],"version-history":[{"count":5,"href":"https:\/\/reikigreybook.com\/pl\/wp-json\/wp\/v2\/pages\/9373\/revisions"}],"predecessor-version":[{"id":9725,"href":"https:\/\/reikigreybook.com\/pl\/wp-json\/wp\/v2\/pages\/9373\/revisions\/9725"}],"up":[{"embeddable":true,"href":"https:\/\/reikigreybook.com\/pl\/wp-json\/wp\/v2\/pages\/9252"}],"wp:attachment":[{"href":"https:\/\/reikigreybook.com\/pl\/wp-json\/wp\/v2\/media?parent=9373"}],"curies":[{"name":"wp","href":"https:\/\/api.w.org\/{rel}","templated":true}]}}