{"id":9395,"date":"2021-05-09T03:00:07","date_gmt":"2021-05-09T03:00:07","guid":{"rendered":"https:\/\/reikigreybook.com\/czytaj-szara-ksiazke\/sztuka-uzdrawiania\/"},"modified":"2024-08-26T16:05:37","modified_gmt":"2024-08-26T16:05:37","slug":"sztuka-uzdrawiania","status":"publish","type":"page","link":"https:\/\/reikigreybook.com\/pl\/czytaj-szara-ksiazke\/sztuka-uzdrawiania\/","title":{"rendered":"Sztuka Uzdrawiania"},"content":{"rendered":"\n<figure class=\"wp-block-table is-style-stripes\"><table class=\"has-black-color has-white-background-color has-text-color has-background\"><tbody><tr><td><a href=\"https:\/\/reikigreybook.com\/pl\/czytaj-szara-ksiazke\/przewodnik-po-terapii\/\">&lt;&#8211; Poprzednia sekcja<\/a><\/td><td class=\"has-text-align-right\" data-align=\"right\"><a href=\"https:\/\/reikigreybook.com\/pl\/czytaj-szara-ksiazke\/zdjecia\/\">Nast\u0119pna sekcja&gt;<\/a><\/td><\/tr><\/tbody><\/table><\/figure>\n\n<div style=\"height:25px\" aria-hidden=\"true\" class=\"wp-block-spacer\"><\/div>\n\n<p>W mojej pr\u00f3bie napisania tego eseju na temat Sztuki Uzdrawiania b\u0119d\u0105c ograniczony s\u0142owami, postaram si\u0119 raczej by\u0107 praktyczny ni\u017c techniczny, poniewa\u017c to, co zaraz zdefiniuj\u0119, nie jest kojarzone z czymkolwiek materialnym co jest widoczne, ani nie ma formy, ani nazwy. Wierz\u0119, \u017ce istnieje jedna Najwy\u017csza Istota \u2013 Absolutna Niesko\u0144czono\u015b\u0107 \u2013 Dynamiczna Si\u0142a, kt\u00f3ra rz\u0105dzi \u015bwiatem i Wszech\u015bwiatem. Jest to niewidoczna duchowa moc, kt\u00f3ra wibruje i wszystkie inne moce w por\u00f3wnaniu z ni\u0105, trac\u0105 na swej istotno\u015bci. Tak\u017ce dlatego jest ona Absolutem! Si\u0142a ta jest niezg\u0142\u0119biona, bezgraniczna i \u2013 b\u0119d\u0105c uniwersaln\u0105 si\u0142\u0105 \u017cyciow\u0105 \u2013 jest niepoj\u0119ta dla cz\u0142owieka. Jednak\u017ce ka\u017cda jedna \u017cywa istota otrzymuje codziennie jej b\u0142ogos\u0142awie\u0144stwa, przebudzona czy \u015bpi\u0105ca. R\u00f3\u017cni nauczyciele i mistrzowie nazywaj\u0105 Go \u0143ajwy\u017cszym Duchem, Uniwersaln\u0105 Si\u0142\u0105 \u017byciow\u0105, Energi\u0105 \u017bycia, poniewa\u017c, gdy zaaplikowana, rewitalizuje ca\u0142y organizm; Fal\u0105 Eteru, poniewa\u017c \u0142agodzi b\u00f3l i sprawia \u017ce zapadasz w g\u0142\u0119boki sen, jakby pod narkoz\u0105, i Fal\u0105 Kosmiczn\u0105, poniewa\u017c emanuje wibracj\u0105 rozradowanych odczu\u0107 i unosi ci\u0119 w stan harmonii. B\u0119d\u0119 to nazywa\u0142 \u201eReiki\u201d, poniewa\u017c uczy\u0142em si\u0119 tego pod t\u0105 nazw\u0105. Reiki jest fal\u0105 elektromagnetyczn\u0105 jak fala radiowa. Mo\u017ce zosta\u0107 zaaplikowana miejscowo,kr\u00f3tkofalowo. Mo\u017ce by\u0107 z powodzeniem zastosowana na odleg\u0142o\u015b\u0107. Reiki nie jest elektryczno\u015bci\u0105 ani radem, ani promieniem Rentgena. Mo\u017ce przenikn\u0105\u0107 cienkie warstwy jedwabiu, lnu, porcelany lub o\u0142owiu, drewna czy stali, poniewa\u017c pochodzi od Najwy\u017cszego Ducha, Niesko\u0144czono\u015bci. Nie niszczy delikatnych tkanek ani nerw\u00f3w. Jest absolutnie nieszkodliwa, dlatego stanowi praktyczn\u0105 i bezpieczn\u0105 kuracj\u0119. Poniewa\u017c jest uniwersaln\u0105 fal\u0105, wszystko co \u017cyje korzysta, gdy jest stosowana \u2013 \u017cycie ro\u015blin, ptactwo, zwierz\u0119ta oraz istoty ludzkie: niemowl\u0119ta czy osoby starsze, biedni czy bogaci. Powinna by\u0107 aplikowana i wykorzystywana codziennie, jako profilaktyka. B\u00f3g da\u0142 nam to cia\u0142o, miejsce do zamieszkania i nasz codzienny chleb. Zostali\u015bmy zes\u0142ani na ten \u015bwiat dla jakiego\u015b celu, dlatego powinni\u015bmy cieszy\u0107 si\u0119 zdrowiem i szcz\u0119\u015bciem. By\u0142 to Boski Plan, dlatego mamy wszystko zapewnione. Da\u0142 nam r\u0119ce by\u015bmy ich u\u017cywali do uzdrawiania, by utrzyma\u0107 zdrowie fizyczne i r\u00f3wnowag\u0119 umys\u0142u, by wyzwoli\u0107 si\u0119 z ignorancji i \u017cy\u0107 w o\u015bwieconym \u015bwiecie, w r\u00f3wnowadze z samym sob\u0105 i innymi, by kocha\u0107 wszystkie istoty. Gdy regu\u0142y te s\u0105 codziennie stosowane, cia\u0142o odpowie i wszystko czego pragniemy na tym \u015bwiecie dost\u0105pi\u0107, b\u0119dzie na wyci\u0105gni\u0119cie r\u0119ki. Zdrowie, szcz\u0119\u015bcie i droga do d\u0142ugowieczno\u015bci, do kt\u00f3rej wszyscy d\u0105\u017cymy. Nazw\u0119 to Perfekcj\u0105.<\/p>\n\n<hr class=\"wp-block-separator has-text-color has-black-color has-css-opacity has-black-background-color has-background is-style-wide\"\/>\n\n<p><\/p>\n\n<p>Strona 2<\/p>\n\n<p><span style=\"text-decoration: underline;\">Jak Dost\u0105pi\u0107 tej Si\u0142y \u2014 Inicjacja Pierwszego Stopnia lub &#8222;Shoden\u201d:<\/span><\/p>\n\n<p>B\u0119d\u0105c si\u0142\u0105 uniwersaln\u0105 od Najwy\u017cszego Ducha \u015awi\u0119tego, nale\u017cy ona do wszystkich, kt\u00f3rzy poszukuj\u0105 i wyra\u017caj\u0105 pragnienie by nauczy\u0107 si\u0119 sztuki uzdrawiania. Nie wybiera koloru, wyznania, starszych czy m\u0142odszych. Znajdzie swoj\u0105 drog\u0119, gdy ucze\u0144 jest gotowy by j\u0105 przyj\u0105\u0107. Droga zostanie mu wkazana. Inicjacja jest \u015bwi\u0119t\u0105 ceremoni\u0105 i wtedy kontakt zostaje nawi\u0105zany. Poniewa\u017c \u0142\u0105czymy si\u0119 z Duchem \u015awi\u0119tym, ani nie ma miejsca na b\u0142\u0105d, ani nie powinni\u015bmy w\u0105tpi\u0107. To jest Absolut!<\/p>\n\n<p><span style=\"text-decoration: underline;\">R\u0119ce s\u0105 Gotowe by Uzdrawia\u0107:<\/span><\/p>\n\n<p>Wraz z pierwszym kontaktem lub inicjacj\u0105, r\u0119ce emanuj\u0105 wibracjami gdy zostaj\u0105 przy\u0142o\u017cone do chorych miejsc. U\u015bmierza to b\u00f3l, zatrzymuje krwawienie z otwartej rany. Twoje r\u0119ce s\u0105 gotowe uzdrowi\u0107 ostre i chroniczne stany \u2013 u istot ludzkich, ro\u015blin, ptactwa, zwierz\u0105t. W ostrych przypadkach wystarczy tylko kilka minut zabiegu W przypadkach chronicznych, pierwszym krokiem jest znale\u017a\u0107 przyczyn\u0119 i skutek.<\/p>\n\n<p><span style=\"text-decoration: underline;\">Jak Diagnozowa\u0107 \u2014 Przyczyna i Skutek:<\/span><\/p>\n\n<p id=\"_stroke\">Nie jest konieczne ca\u0142kowite rozbieranie pacjenta, jednak lepiej jest polu\u017ani\u0107 wszelkie ciasne ubrania tak, by pacjent m\u00f3g\u0142 si\u0119 zrelaksowa\u0107 le\u017c\u0105c na stole twarz\u0105 do g\u00f3ry. Najwa\u017cniejszym jest znale\u017a\u0107 przyczyn\u0119 choroby. Zacznij zabieg od oczu, zatok, przysadki m\u00f3zgowej, uszu, gard\u0142a, tarczycy, grasicy, \u017co\u0142\u0105dka, woreczka \u017c\u00f3\u0142ciowego, w\u0105troby, trzustki, splotu s\u0142onecznego, jelita kr\u0119tego z jelitem \u015blepym, okr\u0119\u017cnicy, zgi\u0119cia esicy, jajnik\u00f3w, p\u0119cherza moczowego, nast\u0119pnie przednia cz\u0119\u015b\u0107 klatki piersiowej i serce. Odwr\u00f3\u0107 pacjenta i r\u00f3b zabieg na plecy, p\u0142uca, nerwy wsp\u00f3\u0142czulne, nerki, \u015bledzion\u0119 i gruczo\u0142 prostaty. Podczas zabiegu ufaj swoim d\u0142oniom. Ws\u0142uchaj si\u0119 w wibracje lub reakcje. Je\u015bli miejsce jest bol\u0105ce, b\u00f3l rejestruje si\u0119 w opuszkach twoich palc\u00f3w i d\u0142oniach. Je\u015bli sw\u0119dzi, reakcja jest taka sama. W przypadku g\u0142\u0119bokiego i chronicznego b\u00f3lu, pulsuje g\u0142\u0119bokim b\u00f3lem, a je\u015bli przewlek\u0142y \u2013 b\u00f3j jest p\u0142ytkim mrowieniem. Jak tylko cia\u0142o zareaguje na zabieg, znika ostra dolegliwo\u015b\u0107, ale przyczyna pozostaje. Codziennie zag\u0142\u0119biaj si\u0119 w przyczyn\u0119, a z ka\u017cdym kolejnym zabiegiem widoczna b\u0119dzie poprawa. Po takim zabiegu na organach, stosuj\u0119 technik\u0119 ko\u0144cow\u0105 masa\u017cu energetycznego, kt\u00f3ry reguluje kr\u0105\u017cenie. Zastosuj na sk\u00f3r\u0119 kilka kropel oleju sezamowego lub jakiegokolwiek innego czystego oleju ro\u015blinnego. Umieszczam kciuk i palec wskazuj\u0105cy po lewej stronie kr\u0119gos\u0142upa i trzy palce i d\u0142o\u0144 p\u0142asko po stronie prawej. Ruchem w d\u00f3\u0142, od 10 do 15 g\u0142a\u015bni\u0119\u0107, pocz\u0105wszy od ramion do ko\u0144ca kr\u0119gos\u0142upa. Jedynie u os\u00f3b z cukrzyc\u0105, masa\u017c jest wykonywany odwrotnie. R\u0119ce i nogi masujemy w kierunku do serca.<\/p>\n\n<hr class=\"wp-block-separator has-text-color has-black-color has-css-opacity has-black-background-color has-background is-style-wide\"\/>\n\n<p><\/p>\n\n<p>Strona 3<\/p>\n\n<p>Powy\u017cszy zabieg jest nazywany zabiegiem podstawowym i zabiera godzin\u0119 lub wi\u0119cej, w zale\u017cno\u015bci od skomplikowania i powagi przypadku. Przechodz\u0105c przez cia\u0142o miejsce przy miejscu, d\u0142onie staj\u0105 si\u0119 wra\u017cliwe i b\u0119d\u0105 w stanie okre\u015bli\u0107 przyczyn\u0119 i wykry\u0107 najdrobniejszy zator w ciele, fizyczny czy mentalny, ostry lub chroniczny. B\u0119d\u0105c woln\u0105 od lek\u00f3w i bezkrwaw\u0105 kuracj\u0105, Reiki unormuje cia\u0142o. <\/p>\n\n<p><span style=\"text-decoration: underline;\">Oczyszczanie lub Reakcja:<\/span><\/p>\n\n<p>W ci\u0105gu oko\u0142o czterech dni do trzech tygodni zauwa\u017cymy w ciele istotn\u0105 zmian\u0119 \u2013 wszystkie narz\u0105dy wewn\u0119trzne i gruczo\u0142y zaczynaj\u0105 funkcjonowa\u0107 rytmicznie i z wigorem. Soki trawienne nabieraj\u0105 normalnego przep\u0142ywu, napi\u0119te nerwy rozlu\u017aniaj\u0105 si\u0119, zrosty si\u0119 rozbijaj\u0105, leniwa okr\u0119\u017cnica zaczyna pracowa\u0107, kapry\u015bna masa odpada od \u015bcianek jelit, gazy zostaj\u0105 wyeliminowane. Przez lata nagromadzone toksyny wydostaj\u0105 si\u0119 na zewn\u0105trz przez pory cia\u0142a. Pot jest wtedy kleisty. Wypr\u00f3\u017cnianie jest cz\u0119stsze, stolec ma ciemny kolor i intensywniejszy zapach. Mocz osi\u0105ga kolor ciemnej herbaty, a czasami jest bia\u0142y jak zmieszana woda z m\u0105k\u0105. Trwa to od czterech do sze\u015bciu dni, jednak mia\u0142em pacjent\u00f3w, kt\u00f3rzy reagowali ju\u017c po jednym zabiegu. Gdy sytuacja si\u0119 ustabilizuje, mo\u017cesz by\u0107 pewien, \u017ce mia\u0142a miejsce generalna odnowa organ\u00f3w wewn\u0119trznych. Po tak dobrym oczyszczaniu cia\u0142o o\u017cywa. Odr\u0119twia\u0142e nerwy odzyskuj\u0105 czucie, apetyt wzrasta, zdrowy sen przychodzi naturalnie, oczy b\u0142yszcz\u0105, a sk\u00f3ra l\u015bni jak jedwab. Wraz z od\u015bwie\u017con\u0105 krwi\u0105 i dobrym kr\u0105\u017ceniem, odbudowanymi nerwami i gruczo\u0142ami, mo\u017cna odm\u0142odzi\u0107 si\u0119 o pi\u0119\u0107 do dziesi\u0119ciu lat. W tym momencie bardzo istotne jest to, co konsumujesz.<\/p>\n\n<p><span style=\"text-decoration: underline;\">Dieta:<\/span><\/p>\n\n<p>Podczas stosowania zabieg\u00f3w zdrowotnych Reiki jeste\u015bmy wegetarianami i jemy wszystkie rodzaje sezonowych owoc\u00f3w. Natura dostarcza nam wiele, jednak nigdy na zmarnowanie. Przejadanie si\u0119 jest grzechem. Jedzenie z umiarem, z uczuciem wdzi\u0119czno\u015bci, uznaj\u0105c Najwy\u017cszego Ducha, kt\u00f3ry jest stw\u00f3rc\u0105, kt\u00f3ry jest Wszechmoc\u0105, sprawiaj\u0105c\u0105 \u017ce wszystko ro\u015bnie, kwitnie i rodzi owoce. Siadaj do sto\u0142u z przyjemnymi my\u015blami. Nigdy nie jedz, gdy jeste\u015b zmartwiony. Gdy pacjent ma s\u0142aby \u017co\u0142\u0105dek, nale\u017cy unika\u0107 mleka, bia\u0142ego cukru, <s>soku pomara\u0144czowego i ananasowego<\/s> oraz skrobi. Od\u017cywiaj\u0105c si\u0119 w\u0142a\u015bciwie, pacjent szybciej reaguje na zabiegi.<\/p>\n\n<p>W mojej 12-letniej praktyce, do\u015bwiadczenie nauczy\u0142o mnie kilku skr\u00f3t\u00f3w jak znale\u017a\u0107 przyczyn\u0119 i otrzyma\u0107 najlepsze rezultaty. W nast\u0119puj\u0105cych zabiegach, zr\u00f3b najpierw zabieg podstawowy, a nast\u0119pnie koncentruj si\u0119 d\u0142u\u017cej na kluczowych punktach wymienionych poni\u017cej:<\/p>\n\n<hr class=\"wp-block-separator has-text-color has-black-color has-css-opacity has-black-background-color has-background is-style-wide\"\/>\n\n<p><\/p>\n\n<p>Strona 4<\/p>\n\n<p>Przezi\u0119bienie b\u0105d\u017a &#8222;Grypa&#8221; \u2013 Zatoki, Gard\u0142o, Klatka Piersiowa<\/p>\n\n<p>Zapalenie op\u0142ucnej \u2013 Op\u0142ucna, Serce, Nerki<\/p>\n\n<p>Cukrzyca \u2013 W\u0105troba, Trzustka, \u015aledziona, Nerki<\/p>\n\n<p>Bia\u0142aczka \u2013 W\u0105troba, Trzustka, \u015aledziona, Serce<\/p>\n\n<p>Kamienie \u017c\u00f3\u0142ciowe \u2013 P\u0119cherzyk \u017b\u00f3\u0142ciowy, W\u0105troba, \u015aledziona, Nerki<\/p>\n\n<p>Polio \u2013 Jelito Cienkie, Splot S\u0142oneczny, Okr\u0119\u017cnica, Kr\u0119gos\u0142up (Ramiona lub Nogi)<\/p>\n\n<p>Gor\u0105czka reumatyczna \u2013 Splot s\u0142oneczny, Nerki, \u015aledziona, Serce<\/p>\n\n<p>Czyrak Mnogi \u2013 W\u0105troba, Trzustka, Nerki, Czyrak (Nie r\u00f3b tego na si\u0142\u0119. Gdy dojrzeje, wyp\u0142ynie).<\/p>\n\n<p>Wole u Kobiet \u2013 Jajniki, Oczy, Przysadka M\u00f3zgowa, Tarczyca, Serce<\/p>\n\n<p>Wole u M\u0119\u017cczyzn \u2013 Gruczo\u0142 prostaty, Oczy, Przysadka M\u00f3zgowa, Tarczyca, Serce<\/p>\n\n<p>Choroby J\u0119zyka \u2013 Podeszwy st\u00f3p<\/p>\n\n<p>Serce \u2013 W\u0105troba, Trzustka, Serce, \u015aledziona, Nerki, Nerwy Wsp\u00f3\u0142czulne<\/p>\n\n<p>Konwulsje \u2013 W\u0105troba, Splot S\u0142oneczny, Okr\u0119\u017cnica, Esica (Zegnij kolana w kierunku klatki piersiowej. W\u0142\u00f3\u017c wk\u0142adk\u0119 do ust).<\/p>\n\n<p>Zapalenie Wyrostka Robaczkowego \u2013 Zastawka Kr\u0119tniczo-K\u0105tnicza, Esica<\/p>\n\n<p>Gru\u017alica Jelit \u2013 Jelito Cienkie, Okr\u0119\u017cnica<\/p>\n\n<p>Gru\u017alica P\u0142uc \u2013 G\u0142owa, P\u0142uca, Serce, Nerki<\/p>\n\n<p>Gru\u017alica Nerek \u2013 Nerki, P\u0119cherz Moczowy<\/p>\n\n<p>Kamienie Nerkowe \u2013 Nerki, P\u0119cherz Moczowy<\/p>\n\n<p>Ci\u0105\u017ca \u2013 P\u0119cherzyk \u017b\u00f3\u0142ciowy, Jajniki, Przysadka M\u00f3zgowa<\/p>\n\n<p>Zapalenie P\u0142uc \u2013 Po\u0142\u00f3\u017c pacjenta p\u0142asko na plecach. Nie przemieszczaj pacjenta. Nie wykonuj ko\u0144cowego masa\u017cu kregos\u0142upa. Klatka Piersiowa, P\u0142uca, Op\u0142ucna, Serce, Nerki. R\u00f3b zabieg przez dwie godziny. Powt\u00f3rz po o\u015bmiu godzinach, gdy kryzys minie, kontynuuj codziennie.<\/p>\n\n<p>Astma \u2013 Zatoki, Gard\u0142o, Op\u0142ucna<\/p>\n\n<p>Zapalenie Staw\u00f3w \u2013 \u017bo\u0142\u0105dek, Nerki, Obszary Dotkni\u0119te<\/p>\n\n<p>Reumatyzm \u2013 Nerki, Cz\u0119\u015bci cia\u0142a dotkni\u0119te chorob\u0105<\/p>\n\n<p>Wysokie i Niskie Ci\u015bnienie Krwi u Kobiet &#8211; G\u0142owa, Gard\u0142o, Serce, Jajniki<\/p>\n\n<p>Wysokie i Niskie Ci\u015bnienie Krwi u M\u0119\u017cczyzn \u2013 G\u0142owa, Gard\u0142o, Serce, Prostata<\/p>\n\n<p>Odra \u2013 \u017bo\u0142\u0105dek, Op\u0142ucna, Oczy<\/p>\n\n<p>\u015alepota \u2013 Trzustka, G\u0142owa, Oczy, Jajniki<\/p>\n\n<p>Niedos\u0142yszenie (Je\u015bli b\u0119benki nie s\u0105 pop\u0119kane) \u2013 G\u0142owa, Zatoki, Uszy<\/p>\n\n<p>Ostre i Nag\u0142e Przypadki \u2013 R\u00f3b Zabiegi Nast\u0119puj\u0105cym:<\/p>\n\n<p>Ostra Niestrawno\u015b\u0107 \u2013 \u017bo\u0142\u0105dek, P\u0119cherzyk \u017b\u00f3\u0142ciowy<\/p>\n\n<p>Ostre Zatrucie \u2013 Cztery bia\u0142ka jajka, 2 \u0142y\u017cki m\u0105ki, stosowa\u0107 na \u017co\u0142\u0105dek i powtorzy\u0107 po zwymiotowaniu.<\/p>\n\n<p>Wstrz\u0105s \u2013 Splot S\u0142oneczny, Nerwy Wsp\u00f3\u0142czulne<\/p>\n\n<p>Czkawka \u2013 Unie\u015b obie r\u0119ce do g\u00f3ry, r\u00f3b zabieg na przepon\u0119<\/p>\n\n<p>Choroba morska lub powietrzna (choroba lokomocyjna) \u2013 P\u0119cherzyk \u017b\u00f3\u0142ciowy, Przysadka M\u00f3zgowa<\/p>\n\n<hr class=\"wp-block-separator has-text-color has-black-color has-css-opacity has-black-background-color has-background is-style-wide\"\/>\n\n<p><\/p>\n\n<p>Strona 5<\/p>\n\n<p>Podtopienie \u2013 Najwa\u017cniejszy jest spos\u00f3b wydobycia pacjenta z wody na powierzchni\u0119. G\u0142owa w d\u00f3\u0142, nogi do g\u00f3ry. Wykrztusi\u0107 wod\u0119 przez usta. Zastosowa\u0107 sztuczne oddychanie &#8211; Robi\u0107 Zabieg na Splot S\u0142oneczny, Trzustk\u0119, W\u0105trob\u0119, Serce, P\u0142uca, porusza\u0107 r\u0119kami i stopami.<\/p>\n\n<p>Z\u0142ota Rybka \u2013 R\u00f3b zabieg na akwarium.<\/p>\n\n<p>Kwiaty \u2013 Robi\u0107 zabieg na doniczk\u0119 lub \u0142odygi w wodzie.<\/p>\n\n<p>Nasiona &#8211; Robi\u0107 zabieg nasionom przed ich zasadzeniem.<\/p>\n\n<p>Piskl\u0119ta jednodniowe \u2013 R\u00f3b zabieg od 40 do 60 sekund<\/p>\n\n<p>\u015awinie \u2013 Krowy \u2013 Konie \u2013 Psy \u2013 R\u00f3b zabieg za uszami<\/p>\n\n<p>Zwichni\u0119cia \u2013 St\u0142uczenia i P\u0119kni\u0119cia \u2013 Robi\u0107 zabiegi bezpo\u015brednio na st\u0142uczenia i p\u0119kni\u0119cia.<\/p>\n\n<p>Z\u0142amane ko\u015bci \u2013 Nastawi\u0107 ko\u015bci. Prze\u015bwietli\u0107, przyk\u0142ada\u0107 r\u0119ce na gips.<\/p>\n<p>Oparzenia \u2013 przyk\u0142ada\u0107 r\u0119ce bezpo\u015brednio na oparzenia.<\/p>\n<p>Kiedy ucze\u0144 dobrze zaznajomi si\u0119 z powy\u017cszymi zabiegami, zbierze do\u015bwiadczenie wraz z dowodami i \u015bwiadectwami uzdrowie\u0144, jest gotowy na &#8222;Oku Den&#8221;, czyli g\u0142\u0119bsz\u0105 wiedz\u0119. Ucze\u0144 otrzymuje inicjacj\u0119 drugiego stopnia, kt\u00f3ra jest \u015bwi\u0119t\u0105 ceremoni\u0105. Maj\u0105c wiedz\u0119 \u201eOku Den\u201d, ucze\u0144 zdobywa mo\u017cliwo\u015b\u0107 by pom\u00f3c pod\u015bwiadomemu umys\u0142owi: choroby psychiczne &#8211; korekta si\u0119 z\u0142ych nawyk\u00f3w &#8211; za\u0142amania nerwowe &#8211; bezsenno\u015b\u0107 &#8211; zabiegi na odleg\u0142o\u015b\u0107. W przypadku pacjent\u00f3w z depresj\u0105, mo\u017cna zmieni\u0107 ich nastawienie tak, by dostrzegli ja\u015bniejsza stron\u0119 \u017cycia. W leczeniu pacjent\u00f3w z problemami psychicznymi, przede wszystkim nale\u017cy znale\u017a\u0107 przyczyn\u0119. Usun\u0105\u0107 przyczyn\u0119, a skutek r\u00f3wnie\u017c ust\u0105pi.<\/p>\n\n<p><span style=\"text-decoration: underline;\">Idea\u0142y (Zasady):<\/span><\/p>\n\n<p>Chocia\u017cby dzi\u015b &#8211; Nie z\u0142o\u015b\u0107 si\u0119<br\/>Chocia\u017cby dzi\u015b &#8211; Nie martw si\u0119<br\/>B\u0105d\u017a wdzi\u0119czny za wiele b\u0142ogos\u0142awie\u0144stw<br\/>Zarabiaj na \u017cycie uczciw\u0105 prac\u0105<br\/>B\u0105d\u017a mi\u0142y dla swoich s\u0105siad\u00f3w<\/p>\n\n<p>Oto jest \u2013 \u201eReiki\u201d \u2013 Sztuka uzdrawiania. Jest prost\u0105, jednak kompleksow\u0105 kuracj\u0105, kt\u00f3ra przynosi wspania\u0142e rezultaty. Dzieci bardziej j\u0105 doceniaj\u0105, ze wzgl\u0119du na jej \u0142agodno\u015b\u0107 i skuteczno\u015b\u0107. Jest to droga Najwy\u017cszego Ducha. Jest w stanie czyni\u0107 tylko dobro.<\/p>\n\n<hr class=\"wp-block-separator has-css-opacity is-style-wide\"\/>\n\n<div style=\"height:25px\" aria-hidden=\"true\" class=\"wp-block-spacer\"><\/div>\n\n<hr class=\"wp-block-separator has-css-opacity is-style-wide\"\/>\n\n<div class=\"wp-block-group has-black-color has-text-color has-background\" style=\"background-color:#faf8ed\"><div class=\"wp-block-group__inner-container is-layout-flow wp-block-group-is-layout-flow\">\n<h3 class=\"has-text-align-center wp-block-heading\">Perspektywy Historyczne<\/h3>\n\n\n\n<p>\u2022 Esej Justina Steina \u201e<a href=\"https:\/\/reikigreybook.com\/pl\/zrodla\/szara-ksiega-i-historia-reiki\/\" data-type=\"page\" data-id=\"301\">&#8222;Szara Ksi\u0119ga\u201d i Historia Reiki<\/a>\u201d zawiera szczeg\u00f3\u0142owe wyja\u015bnienie, dlaczego Takata napisa\u0142a swoj\u0105 rozprawk\u0119 o Sztuce Uzdrawiania.<\/p>\n<\/div><\/div>\n\n<hr class=\"wp-block-separator has-css-opacity is-style-wide\"\/>\n\n<figure class=\"wp-block-table is-style-stripes\"><table class=\"has-black-color has-white-background-color has-text-color has-background\"><tbody><tr><td><a href=\"https:\/\/reikigreybook.com\/pl\/czytaj-szara-ksiazke\/przewodnik-po-terapii\/\">&lt;&#8211; Poprzednia sekcja<\/a><\/td><td class=\"has-text-align-right\" data-align=\"right\"><a href=\"https:\/\/reikigreybook.com\/pl\/czytaj-szara-ksiazke\/zdjecia\/\">Nast\u0119pna sekcja&gt;<\/a><\/td><\/tr><\/tbody><\/table><\/figure>\n\n<div style=\"height:25px\" aria-hidden=\"true\" class=\"wp-block-spacer\"><\/div>\n\n<div style=\"height:100px\" aria-hidden=\"true\" class=\"wp-block-spacer\"><\/div>\n","protected":false},"excerpt":{"rendered":"<p>&lt;&#8211; Poprzednia sekcja Nast\u0119pna sekcja&gt; W mojej pr\u00f3bie napisania tego eseju na temat Sztuki Uzdrawiania b\u0119d\u0105c ograniczony s\u0142owami, postaram si\u0119 raczej by\u0107 praktyczny ni\u017c techniczny, poniewa\u017c to, co zaraz zdefiniuj\u0119, nie jest kojarzone z czymkolwiek materialnym co jest widoczne, ani nie ma formy, ani nazwy. Wierz\u0119, \u017ce istnieje jedna Najwy\u017csza Istota \u2013 Absolutna Niesko\u0144czono\u015b\u0107 \u2013 [&hellip;]<\/p>\n","protected":false},"author":1,"featured_media":0,"parent":9252,"menu_order":3,"comment_status":"closed","ping_status":"closed","template":"","meta":{"footnotes":""},"class_list":["post-9395","page","type-page","status-publish","hentry"],"_links":{"self":[{"href":"https:\/\/reikigreybook.com\/pl\/wp-json\/wp\/v2\/pages\/9395","targetHints":{"allow":["GET"]}}],"collection":[{"href":"https:\/\/reikigreybook.com\/pl\/wp-json\/wp\/v2\/pages"}],"about":[{"href":"https:\/\/reikigreybook.com\/pl\/wp-json\/wp\/v2\/types\/page"}],"author":[{"embeddable":true,"href":"https:\/\/reikigreybook.com\/pl\/wp-json\/wp\/v2\/users\/1"}],"replies":[{"embeddable":true,"href":"https:\/\/reikigreybook.com\/pl\/wp-json\/wp\/v2\/comments?post=9395"}],"version-history":[{"count":5,"href":"https:\/\/reikigreybook.com\/pl\/wp-json\/wp\/v2\/pages\/9395\/revisions"}],"predecessor-version":[{"id":9933,"href":"https:\/\/reikigreybook.com\/pl\/wp-json\/wp\/v2\/pages\/9395\/revisions\/9933"}],"up":[{"embeddable":true,"href":"https:\/\/reikigreybook.com\/pl\/wp-json\/wp\/v2\/pages\/9252"}],"wp:attachment":[{"href":"https:\/\/reikigreybook.com\/pl\/wp-json\/wp\/v2\/media?parent=9395"}],"curies":[{"name":"wp","href":"https:\/\/api.w.org\/{rel}","templated":true}]}}