{"id":9444,"date":"2021-05-09T03:43:10","date_gmt":"2021-05-09T03:43:10","guid":{"rendered":"https:\/\/reikigreybook.com\/czytaj-szara-ksiazke\/dyplom-mistrzowski-takaty\/"},"modified":"2024-08-26T17:47:11","modified_gmt":"2024-08-26T17:47:11","slug":"dyplom-mistrzowski-takaty","status":"publish","type":"page","link":"https:\/\/reikigreybook.com\/pl\/czytaj-szara-ksiazke\/dyplom-mistrzowski-takaty\/","title":{"rendered":"Dyplom Mistrzowski Takaty"},"content":{"rendered":"\n<figure class=\"wp-block-table is-style-stripes\"><table class=\"has-black-color has-white-background-color has-text-color has-background\"><tbody><tr><td><a href=\"https:\/\/reikigreybook.com\/pl\/czytaj-szara-ksiazke\/zdjecia\/\">&lt;&#8211; Poprzednia sekcja<\/a><\/td><td class=\"has-text-align-right\" data-align=\"right\"><a href=\"https:\/\/reikigreybook.com\/pl\/czytaj-szara-ksiazke\/uczniowie-mistrzowie\/\">Nast\u0119pna sekcja&gt;<\/a><\/td><\/tr><\/tbody><\/table><\/figure>\n\n<div style=\"height:25px\" aria-hidden=\"true\" class=\"wp-block-spacer\"><\/div>\n\n<p class=\"has-text-align-center\"><strong>Dyplom<\/strong><\/p>\n\n<p>          <span style=\"text-decoration: underline;\">NINIEJSZYM ZA\u015aWIADCZAM<\/span>, \u017ce<span style=\"text-decoration: underline;\"> Pani Hawayo Takata,<\/span> obywatelka ameryka\u0144ska urodzona na Terytorium Hawaj\u00f3w, po uko\u0144czeniu studi\u00f3w i po szkoleniu w zakresie uzdrawiania Reiki w systemie Usui odbytym pod moim osobistym nadzorem podczas wizyty w Japonii w 1935 r. i p\u00f3\u017aniej, przesz\u0142a wszystkie testy i okaza\u0142a si\u0119 godna i zdolna do przeprowadzania zabieg\u00f3w uzdrawiaj\u0105cych oraz przekazywania mocy Reiki innym.<br\/><br\/><br\/><br\/><br\/><br\/><br\/> DLATEGO ja, dr Chujiro Hayashi, na mocy mojego autorytetu jako Mistrza systemu Usui Reiki bezlekowego uzdrawiania, niniejszym nadaj\u0119 Pani Hawayo Takata pe\u0142n\u0105 moc i upowa\u017cnienie do praktykowania systemu Reiki i przekazywania innym sekretu wiedzy i daru uzdrawiania w ramach tego systemu.<br\/> PANI HAWAYO TAKATA zostaje niniejszym certyfikowana przeze mnie na praktyka i Mistrza Reiki systemu uzdrawiania dr.Usui ,w tym momencie jedynej osoby w Stanach Zjednoczonych, udzielam jej pozwolenia na przekazywanie mocy innym i jest jedn\u0105 z trzynastu w pe\u0142ni wykwalifikowanych Mistrz\u00f3w w tej profesji.<br\/><br\/> Podpisane przeze mnie dnia 21-ego lutego 1938 roku w mie\u015bcie i hrabstwie Honolulu na Hawajach.<\/p>\n\n<p class=\"has-text-align-right\">(PODPIS) Chujiro Hayashi<\/p>\n\n<p class=\"has-text-align-left\">\u015awiadkiem jego podpisu jest:<br\/><span style=\"text-decoration: underline;\">Yoshino Hanao<\/span><\/p>\n\n<hr class=\"wp-block-separator has-text-color has-black-color has-css-opacity has-black-background-color has-background is-style-wide\"\/>\n\n<p class=\"has-text-align-left\"><em>TERYTORIUM HAWAJ\u00d3W<br\/>Miasto i hrabstwo Honolulu<br\/>Tego dnia <span style=\"text-decoration: underline;\">21-ego<\/span> <span style=\"text-decoration: underline;\">lutego<\/span> A.D. 1938 osobi\u015bcie pojawi\u0142 si\u0119 przede mn\u0105 (DR.) CHUJIRO HAYASHI, znany jako osoba opisana w powy\u017cszym dokumencie i kt\u00f3ra ustanowi\u0142a powy\u017cszy dokument oraz przyzna\u0142a, \u017ce ten <span style=\"text-decoration: underline;\">KTO<\/span> to wykona\u0142 , uczyni\u0142 to w zgodzie z <span style=\"text-decoration: underline;\">Jego<\/span><br\/><span style=\"text-decoration: underline;\">(nieczytelny podpis)<\/span><br\/>Notariusz, Pierwszy Okr\u0119g S\u0105dowy,<br\/>Terytorium Hawaj\u00f3w<\/em><br\/><\/p>\n\n<figure class=\"wp-block-image size-large\"><img fetchpriority=\"high\" decoding=\"async\" width=\"600\" height=\"826\" src=\"https:\/\/reikigreybook.com\/wp-content\/uploads\/2021\/05\/Photo-of-Hawayo-Takatas-Master-Certificate-from-the-Grey_book.png\" alt=\"\" class=\"wp-image-516\" srcset=\"https:\/\/reikigreybook.com\/wp-content\/uploads\/2021\/05\/Photo-of-Hawayo-Takatas-Master-Certificate-from-the-Grey_book.png 600w, https:\/\/reikigreybook.com\/wp-content\/uploads\/2021\/05\/Photo-of-Hawayo-Takatas-Master-Certificate-from-the-Grey_book-218x300.png 218w\" sizes=\"(max-width: 600px) 100vw, 600px\" \/><\/figure>\n\n<figure class=\"wp-block-table is-style-stripes\"><table class=\"has-black-color has-white-background-color has-text-color has-background\"><tbody><tr><td><a href=\"https:\/\/reikigreybook.com\/pl\/czytaj-szara-ksiazke\/zdjecia\/\">&lt;&#8211; Poprzednia sekcja<\/a><\/td><td class=\"has-text-align-right\" data-align=\"right\"><a href=\"https:\/\/reikigreybook.com\/pl\/czytaj-szara-ksiazke\/uczniowie-mistrzowie\/\">Nast\u0119pna sekcja&gt;<\/a><\/td><\/tr><\/tbody><\/table><\/figure>\n\n<div style=\"height:100px\" aria-hidden=\"true\" class=\"wp-block-spacer\"><\/div>\n","protected":false},"excerpt":{"rendered":"<p>&lt;&#8211; Poprzednia sekcja Nast\u0119pna sekcja&gt; Dyplom NINIEJSZYM ZA\u015aWIADCZAM, \u017ce Pani Hawayo Takata, obywatelka ameryka\u0144ska urodzona na Terytorium Hawaj\u00f3w, po uko\u0144czeniu studi\u00f3w i po szkoleniu w zakresie uzdrawiania Reiki w systemie Usui odbytym pod moim osobistym nadzorem podczas wizyty w Japonii w 1935 r. i p\u00f3\u017aniej, przesz\u0142a wszystkie testy i okaza\u0142a si\u0119 godna i zdolna do [&hellip;]<\/p>\n","protected":false},"author":1,"featured_media":0,"parent":9252,"menu_order":5,"comment_status":"closed","ping_status":"closed","template":"","meta":{"footnotes":""},"class_list":["post-9444","page","type-page","status-publish","hentry"],"_links":{"self":[{"href":"https:\/\/reikigreybook.com\/pl\/wp-json\/wp\/v2\/pages\/9444","targetHints":{"allow":["GET"]}}],"collection":[{"href":"https:\/\/reikigreybook.com\/pl\/wp-json\/wp\/v2\/pages"}],"about":[{"href":"https:\/\/reikigreybook.com\/pl\/wp-json\/wp\/v2\/types\/page"}],"author":[{"embeddable":true,"href":"https:\/\/reikigreybook.com\/pl\/wp-json\/wp\/v2\/users\/1"}],"replies":[{"embeddable":true,"href":"https:\/\/reikigreybook.com\/pl\/wp-json\/wp\/v2\/comments?post=9444"}],"version-history":[{"count":5,"href":"https:\/\/reikigreybook.com\/pl\/wp-json\/wp\/v2\/pages\/9444\/revisions"}],"predecessor-version":[{"id":9937,"href":"https:\/\/reikigreybook.com\/pl\/wp-json\/wp\/v2\/pages\/9444\/revisions\/9937"}],"up":[{"embeddable":true,"href":"https:\/\/reikigreybook.com\/pl\/wp-json\/wp\/v2\/pages\/9252"}],"wp:attachment":[{"href":"https:\/\/reikigreybook.com\/pl\/wp-json\/wp\/v2\/media?parent=9444"}],"curies":[{"name":"wp","href":"https:\/\/api.w.org\/{rel}","templated":true}]}}