{"id":9446,"date":"2021-05-09T04:34:20","date_gmt":"2021-05-09T04:34:20","guid":{"rendered":"https:\/\/reikigreybook.com\/czytaj-szara-ksiazke\/zdjecia\/"},"modified":"2024-08-26T18:20:23","modified_gmt":"2024-08-26T18:20:23","slug":"zdjecia","status":"publish","type":"page","link":"https:\/\/reikigreybook.com\/pl\/czytaj-szara-ksiazke\/zdjecia\/","title":{"rendered":"Zdj\u0119cia"},"content":{"rendered":"\n<figure class=\"wp-block-table is-style-stripes\"><table class=\"has-black-color has-white-background-color has-text-color has-background\"><tbody><tr><td><a href=\"https:\/\/reikigreybook.com\/pl\/czytaj-szara-ksiazke\/sztuka-uzdrawiania\/\">&lt;&#8211; Poprzednia sekcja<\/a><\/td><td class=\"has-text-align-right\" data-align=\"right\"><a href=\"https:\/\/reikigreybook.com\/pl\/czytaj-szara-ksiazke\/dyplom-mistrzowski-takaty\/\">Nast\u0119pna sekcja&gt;<\/a><\/td><\/tr><\/tbody><\/table><\/figure>\n\n<div style=\"height:25px\" aria-hidden=\"true\" class=\"wp-block-spacer\"><\/div>\n<div class=\"wp-block-image\">\n<figure class=\"aligncenter size-large\"><img fetchpriority=\"high\" decoding=\"async\" width=\"600\" height=\"862\" src=\"https:\/\/reikigreybook.com\/wp-content\/uploads\/2021\/06\/Photo-of-Usui-Sensei-from-Grey-Book.png\" alt=\"Fotografia Mistrza Mikao Usui z 1937 roku, zrobiona na Hawajach, wydrukowana w Reiki: Szara Ksi&#x119;ga; prawa autorskie 1982 i 2022\" class=\"wp-image-1940\" srcset=\"https:\/\/reikigreybook.com\/wp-content\/uploads\/2021\/06\/Photo-of-Usui-Sensei-from-Grey-Book.png 600w, https:\/\/reikigreybook.com\/wp-content\/uploads\/2021\/06\/Photo-of-Usui-Sensei-from-Grey-Book-209x300.png 209w\" sizes=\"(max-width: 600px) 100vw, 600px\" \/><figcaption class=\"wp-element-caption\"><strong>MISTRZ USUI<\/strong><\/figcaption><\/figure>\n<\/div><div class=\"wp-block-image\">\n<figure class=\"aligncenter size-large\"><img decoding=\"async\" width=\"600\" height=\"862\" src=\"https:\/\/reikigreybook.com\/wp-content\/uploads\/2021\/06\/Photo-of-Hayashi-Sensei-from-Grey-Book.png\" alt=\"Zdj&#x119;cie Mistrza Chujiro Hayashi z 1937 roku, zrobione na Hawajach, wydrukowane w Reiki: Szara Ksi&#x119;ga; prawa autorskie 1982 i 2022\" class=\"wp-image-1932\" srcset=\"https:\/\/reikigreybook.com\/wp-content\/uploads\/2021\/06\/Photo-of-Hayashi-Sensei-from-Grey-Book.png 600w, https:\/\/reikigreybook.com\/wp-content\/uploads\/2021\/06\/Photo-of-Hayashi-Sensei-from-Grey-Book-209x300.png 209w\" sizes=\"(max-width: 600px) 100vw, 600px\" \/><figcaption class=\"wp-element-caption\"><strong>&#8222;MISTRZ HAYASHI &#8211; WIZYTA NA HAWAJACH, 1938&#8221;<\/strong><\/figcaption><\/figure>\n<\/div><div class=\"wp-block-image\">\n<figure class=\"aligncenter size-large\"><img decoding=\"async\" width=\"600\" height=\"828\" src=\"https:\/\/reikigreybook.com\/wp-content\/uploads\/2021\/06\/Photo-of-Takata-Sensei-from-Grey-Book.png\" alt=\"Zdj&#x119;cie Mistrzyni Hawayo Takaty z 1937 roku, zrobione na Hawajach, wydrukowane w Reiki: Szara Ksi&#x119;ga; prawa autorskie 1982 i 2022\" class=\"wp-image-1924\" srcset=\"https:\/\/reikigreybook.com\/wp-content\/uploads\/2021\/06\/Photo-of-Takata-Sensei-from-Grey-Book.png 600w, https:\/\/reikigreybook.com\/wp-content\/uploads\/2021\/06\/Photo-of-Takata-Sensei-from-Grey-Book-217x300.png 217w\" sizes=\"(max-width: 600px) 100vw, 600px\" \/><figcaption class=\"wp-element-caption\"><strong>MISTRZYNI TAKATA, 1938<\/strong><\/figcaption><\/figure>\n<\/div><div class=\"wp-block-image\">\n<figure class=\"aligncenter size-large\"><img loading=\"lazy\" decoding=\"async\" width=\"825\" height=\"600\" src=\"https:\/\/reikigreybook.com\/wp-content\/uploads\/2021\/06\/Photo-Reiki-Ryoho-Kai-from-Grey-Book.png\" alt=\"Zdj&#x119;cie Reiki Ryoho Kai z Hawayo Takat&#x105; i Chujiro Hayashim, zrobione na Hawajach, pochodzi z ksi&#x105;&#x17C;ki Reiki: Szara Ksi&#x119;ga; prawa autorskie 1982 i 2022\" class=\"wp-image-1916\" srcset=\"https:\/\/reikigreybook.com\/wp-content\/uploads\/2021\/06\/Photo-Reiki-Ryoho-Kai-from-Grey-Book.png 825w, https:\/\/reikigreybook.com\/wp-content\/uploads\/2021\/06\/Photo-Reiki-Ryoho-Kai-from-Grey-Book-600x436.png 600w, https:\/\/reikigreybook.com\/wp-content\/uploads\/2021\/06\/Photo-Reiki-Ryoho-Kai-from-Grey-Book-300x218.png 300w, https:\/\/reikigreybook.com\/wp-content\/uploads\/2021\/06\/Photo-Reiki-Ryoho-Kai-from-Grey-Book-768x559.png 768w\" sizes=\"(max-width: 825px) 100vw, 825px\" \/><figcaption class=\"wp-element-caption\"><strong>REIKI RYHO HO KAI, 1937<\/strong><\/figcaption><\/figure>\n<\/div>\n<div style=\"height:15px\" aria-hidden=\"true\" class=\"wp-block-spacer\"><\/div>\n\n<hr class=\"wp-block-separator has-css-opacity is-style-wide\"\/>\n\n<div class=\"wp-block-group has-black-color has-text-color has-background\" style=\"background-color:#faf8ed\"><div class=\"wp-block-group__inner-container is-layout-flow wp-block-group-is-layout-flow\">\n<h3 class=\"has-text-align-center wp-block-heading\">Perspektywy Historyczne<\/h3>\n\n\n\n<p>\u2022 Ostatnie zdj\u0119cie przedstawia Takat\u0119 demonstruj\u0105c\u0105 Reiki w sali Stowarzyszenia M\u0142odych Buddyjskich M\u0119\u017cczyzn w Honolulu w lutym 1938 roku. Aby uzyska\u0107 wi\u0119cej informacji na temat tych zdj\u0119\u0107, zobacz \u201e<a href=\"https:\/\/reikigreybook.com\/pl\/zrodla\/szara-ksiega-i-historia-reiki\/\">&#8222;Szara Ksi\u0119ga&#8221; i Historia Reiki<\/a>&#8221; Justina Steina.<\/p>\n\n\n\n<p>\u2022 Wi\u0119cej informacji na temat tradycji linii duchowego przekazu mo\u017cna zdoby\u0107 czytaj\u0105c prac\u0119 Joyce Winough \u201e<a href=\"https:\/\/reikigreybook.com\/pl\/zrodla\/tajemnica-linii-duchowego-przekazu\/\">Tajemnica duchowego przekazu&#8221;<\/a> oraz prac\u0119 Susan Mitchell <a href=\"https:\/\/reikigreybook.com\/pl\/zrodla\/zyjac-w-nieznanym-niewiadomym\/\" data-type=\"page\" data-id=\"345\">\u201eWkraczaj\u0105c w nieznane&#8221;<\/a>.<\/p>\n<\/div><\/div>\n\n<hr class=\"wp-block-separator has-css-opacity is-style-wide\"\/>\n\n<figure class=\"wp-block-table is-style-stripes\"><table class=\"has-black-color has-white-background-color has-text-color has-background\"><tbody><tr><td><a href=\"https:\/\/reikigreybook.com\/pl\/czytaj-szara-ksiazke\/sztuka-uzdrawiania\/\">&lt;&#8211; Poprzednia sekcja<\/a><\/td><td class=\"has-text-align-right\" data-align=\"right\"><a href=\"https:\/\/reikigreybook.com\/pl\/czytaj-szara-ksiazke\/dyplom-mistrzowski-takaty\/\">Nast\u0119pna sekcja&gt;<\/a><\/td><\/tr><\/tbody><\/table><\/figure>\n\n<div style=\"height:75px\" aria-hidden=\"true\" class=\"wp-block-spacer\"><\/div>\n","protected":false},"excerpt":{"rendered":"<p>&lt;&#8211; Poprzednia sekcja Nast\u0119pna sekcja&gt; Perspektywy Historyczne \u2022 Ostatnie zdj\u0119cie przedstawia Takat\u0119 demonstruj\u0105c\u0105 Reiki w sali Stowarzyszenia M\u0142odych Buddyjskich M\u0119\u017cczyzn w Honolulu w lutym 1938 roku. Aby uzyska\u0107 wi\u0119cej informacji na temat tych zdj\u0119\u0107, zobacz \u201e&#8222;Szara Ksi\u0119ga&#8221; i Historia Reiki&#8221; Justina Steina. \u2022 Wi\u0119cej informacji na temat tradycji linii duchowego przekazu mo\u017cna zdoby\u0107 czytaj\u0105c prac\u0119 [&hellip;]<\/p>\n","protected":false},"author":1,"featured_media":0,"parent":9252,"menu_order":4,"comment_status":"closed","ping_status":"closed","template":"","meta":{"footnotes":""},"class_list":["post-9446","page","type-page","status-publish","hentry"],"_links":{"self":[{"href":"https:\/\/reikigreybook.com\/pl\/wp-json\/wp\/v2\/pages\/9446","targetHints":{"allow":["GET"]}}],"collection":[{"href":"https:\/\/reikigreybook.com\/pl\/wp-json\/wp\/v2\/pages"}],"about":[{"href":"https:\/\/reikigreybook.com\/pl\/wp-json\/wp\/v2\/types\/page"}],"author":[{"embeddable":true,"href":"https:\/\/reikigreybook.com\/pl\/wp-json\/wp\/v2\/users\/1"}],"replies":[{"embeddable":true,"href":"https:\/\/reikigreybook.com\/pl\/wp-json\/wp\/v2\/comments?post=9446"}],"version-history":[{"count":5,"href":"https:\/\/reikigreybook.com\/pl\/wp-json\/wp\/v2\/pages\/9446\/revisions"}],"predecessor-version":[{"id":9940,"href":"https:\/\/reikigreybook.com\/pl\/wp-json\/wp\/v2\/pages\/9446\/revisions\/9940"}],"up":[{"embeddable":true,"href":"https:\/\/reikigreybook.com\/pl\/wp-json\/wp\/v2\/pages\/9252"}],"wp:attachment":[{"href":"https:\/\/reikigreybook.com\/pl\/wp-json\/wp\/v2\/media?parent=9446"}],"curies":[{"name":"wp","href":"https:\/\/api.w.org\/{rel}","templated":true}]}}