{"id":9541,"date":"2021-05-09T03:02:04","date_gmt":"2021-05-09T03:02:04","guid":{"rendered":"https:\/\/reikigreybook.com\/czytaj-szara-ksiazke\/uczniowie-mistrzowie\/"},"modified":"2024-08-26T16:48:20","modified_gmt":"2024-08-26T16:48:20","slug":"uczniowie-mistrzowie","status":"publish","type":"page","link":"https:\/\/reikigreybook.com\/pl\/czytaj-szara-ksiazke\/uczniowie-mistrzowie\/","title":{"rendered":"Uczniowie-inicjowani na mistrz\u00f3w"},"content":{"rendered":"\n<figure class=\"wp-block-table is-style-stripes\"><table class=\"has-black-color has-white-background-color has-text-color has-background\"><tbody><tr><td><a href=\"https:\/\/reikigreybook.com\/pl\/czytaj-szara-ksiazke\/dyplom-mistrzowski-takaty\/\">&lt;&#8211; Poprzednia sekcja<\/a><\/td><td class=\"has-text-align-right\" data-align=\"right\"><a href=\"https:\/\/reikigreybook.com\/pl\/czytaj-szara-ksiazke\/strona-z-dedykacjami\/\">Nast\u0119pna sekcja&gt;<\/a><\/td><\/tr><\/tbody><\/table><\/figure>\n\n<div style=\"height:25px\" aria-hidden=\"true\" class=\"wp-block-spacer\"><\/div>\n\n<h4 class=\"wp-block-heading\">&#8222;Uczniowie-inicjowani na mistrz\u00f3w przez Takat\u0119 Sensei\u201d<\/h4>\n\n<p>DOROTHY BABA<br\/>URSULA BAYLOW<br\/>RICK BOCKNER<br\/>PATRICIA BOWLING<br\/>BARBARA BROWN<br\/>FRAN BROWN<br\/>PHYLLIS FURUMOTO<br\/>BETH GRAY<br\/>JOHN GRAY<br\/>IRIS ISHIKURO<br\/>HARRY KUBOI<br\/>ETHEL LOMBARDI<br\/>BARBARA McCULLOUGH<br\/>MARY McFADYEN<br\/>PAUL MITCHELL<br\/>BETHEL PHAIGH<br\/>SHINOBU SAITO<br\/>VIRGINIA SAMDAHL<br\/>WANJA TWAN<br\/>BARBARA WEBBER<br\/>KAY YAMASHITA<\/p>\n\n<div style=\"height:15px\" aria-hidden=\"true\" class=\"wp-block-spacer\"><\/div>\n\n<hr class=\"wp-block-separator has-css-opacity is-style-wide\"\/>\n\n<div class=\"wp-block-group has-black-color has-text-color has-background\" style=\"background-color:#faf8ed\"><div class=\"wp-block-group__inner-container is-layout-flow wp-block-group-is-layout-flow\">\n<h3 class=\"has-text-align-center wp-block-heading\">Perspektywy Historyczne<\/h3>\n\n\n\n<p>\u2022 Przeczytaj \u201e<a href=\"https:\/\/reikigreybook.com\/pl\/zrodla\/mala-opowiesc-o-szarej-ksiedze\/\" data-type=\"URL\" data-id=\"https:\/\/reikigreybook.com\/?page_id=740\">Kr\u00f3tk\u0105 opowie\u015b\u0107 o szarej ksi\u0105\u017cce<\/a>\u201d Paula Mitchella, w kt\u00f3rej wyja\u015bnia on, dlaczego nazwisko George&#8217;a Arakiego nie znalaz\u0142o si\u0119 na li\u015bcie \u201eMistrz\u00f3w -Uczni\u00f3w Takaty Sensei\u201d.<\/p>\n\n\n\n<p>\u2022 Zauwa\u017cy\u0142e\u015b b\u0142\u0105d w nazwisku? <a href=\"https:\/\/reikigreybook.com\/pl\/zrodla\/szara-ksiega-i-historia-reiki\/\">Obja\u015bnienia Justina Steina w jego esseju na temat\u201eSzarej ksi\u0105\u017cki\u201d i historii Reiki.&#8221;<\/a><\/p>\n<\/div><\/div>\n\n<hr class=\"wp-block-separator has-css-opacity is-style-wide\"\/>\n\n<p> <\/p>\n\n<figure class=\"wp-block-table is-style-stripes\"><table class=\"has-black-color has-white-background-color has-text-color has-background\"><tbody><tr><td><a href=\"https:\/\/reikigreybook.com\/pl\/czytaj-szara-ksiazke\/dyplom-mistrzowski-takaty\/\">&lt;&#8211; Poprzednia sekcja<\/a><\/td><td class=\"has-text-align-right\" data-align=\"right\"><a href=\"https:\/\/reikigreybook.com\/pl\/czytaj-szara-ksiazke\/strona-z-dedykacjami\/\">Nast\u0119pna sekcja&gt;<\/a><\/td><\/tr><\/tbody><\/table><\/figure>\n\n<div style=\"height:100px\" aria-hidden=\"true\" class=\"wp-block-spacer\"><\/div>\n","protected":false},"excerpt":{"rendered":"<p>&lt;&#8211; Poprzednia sekcja Nast\u0119pna sekcja&gt; &#8222;Uczniowie-inicjowani na mistrz\u00f3w przez Takat\u0119 Sensei\u201d DOROTHY BABAURSULA BAYLOWRICK BOCKNERPATRICIA BOWLINGBARBARA BROWNFRAN BROWNPHYLLIS FURUMOTOBETH GRAYJOHN GRAYIRIS ISHIKUROHARRY KUBOIETHEL LOMBARDIBARBARA McCULLOUGHMARY McFADYENPAUL MITCHELLBETHEL PHAIGHSHINOBU SAITOVIRGINIA SAMDAHLWANJA TWANBARBARA WEBBERKAY YAMASHITA Perspektywy Historyczne \u2022 Przeczytaj \u201eKr\u00f3tk\u0105 opowie\u015b\u0107 o szarej ksi\u0105\u017cce\u201d Paula Mitchella, w kt\u00f3rej wyja\u015bnia on, dlaczego nazwisko George&#8217;a Arakiego nie znalaz\u0142o si\u0119 [&hellip;]<\/p>\n","protected":false},"author":1,"featured_media":0,"parent":9252,"menu_order":6,"comment_status":"closed","ping_status":"closed","template":"","meta":{"footnotes":""},"class_list":["post-9541","page","type-page","status-publish","hentry"],"_links":{"self":[{"href":"https:\/\/reikigreybook.com\/pl\/wp-json\/wp\/v2\/pages\/9541","targetHints":{"allow":["GET"]}}],"collection":[{"href":"https:\/\/reikigreybook.com\/pl\/wp-json\/wp\/v2\/pages"}],"about":[{"href":"https:\/\/reikigreybook.com\/pl\/wp-json\/wp\/v2\/types\/page"}],"author":[{"embeddable":true,"href":"https:\/\/reikigreybook.com\/pl\/wp-json\/wp\/v2\/users\/1"}],"replies":[{"embeddable":true,"href":"https:\/\/reikigreybook.com\/pl\/wp-json\/wp\/v2\/comments?post=9541"}],"version-history":[{"count":5,"href":"https:\/\/reikigreybook.com\/pl\/wp-json\/wp\/v2\/pages\/9541\/revisions"}],"predecessor-version":[{"id":9936,"href":"https:\/\/reikigreybook.com\/pl\/wp-json\/wp\/v2\/pages\/9541\/revisions\/9936"}],"up":[{"embeddable":true,"href":"https:\/\/reikigreybook.com\/pl\/wp-json\/wp\/v2\/pages\/9252"}],"wp:attachment":[{"href":"https:\/\/reikigreybook.com\/pl\/wp-json\/wp\/v2\/media?parent=9541"}],"curies":[{"name":"wp","href":"https:\/\/api.w.org\/{rel}","templated":true}]}}