{"id":9545,"date":"2021-05-09T04:30:41","date_gmt":"2021-05-09T04:30:41","guid":{"rendered":"https:\/\/reikigreybook.com\/czytaj-szara-ksiazke\/strona-z-dedykacjami\/"},"modified":"2024-08-26T18:12:03","modified_gmt":"2024-08-26T18:12:03","slug":"strona-z-dedykacjami","status":"publish","type":"page","link":"https:\/\/reikigreybook.com\/pl\/czytaj-szara-ksiazke\/strona-z-dedykacjami\/","title":{"rendered":"Strona z dedykacjami"},"content":{"rendered":"\n<figure class=\"wp-block-table is-style-stripes\"><table class=\"has-black-color has-white-background-color has-text-color has-background\"><tbody><tr><td><a href=\"https:\/\/reikigreybook.com\/pl\/czytaj-szara-ksiazke\/uczniowie-mistrzowie\/\">&lt;&#8211; Poprzednia sekcja<\/a><\/td><td class=\"has-text-align-right\" data-align=\"right\"><\/td><\/tr><\/tbody><\/table><\/figure>\n\n<div style=\"height:25px\" aria-hidden=\"true\" class=\"wp-block-spacer\"><\/div>\n\n<p>Dziedzictwo , kt\u00f3re otrzyma\u0142a Phyllis jest niezaprzeczalne.<\/p>\n\n<p>Nie\u015bmiertelno\u015b\u0107 mojej matki \u017cyje w sercach tych, kt\u00f3rzy praktykuj\u0105 REIKI. <\/p>\n\n<p class=\"has-text-align-center\">[signed] Alice Takata Furumoto<\/p>\n\n<p><\/p>\n\n<figure class=\"wp-block-image size-large is-resized\"><img fetchpriority=\"high\" decoding=\"async\" src=\"https:\/\/reikigreybook.com\/wp-content\/uploads\/2021\/05\/Dedication-watermarked-2-741x1024.png\" alt=\"\" class=\"wp-image-479\" width=\"514\" height=\"710\" srcset=\"https:\/\/reikigreybook.com\/wp-content\/uploads\/2021\/05\/Dedication-watermarked-2-741x1024.png 741w, https:\/\/reikigreybook.com\/wp-content\/uploads\/2021\/05\/Dedication-watermarked-2-600x829.png 600w, https:\/\/reikigreybook.com\/wp-content\/uploads\/2021\/05\/Dedication-watermarked-2-217x300.png 217w, https:\/\/reikigreybook.com\/wp-content\/uploads\/2021\/05\/Dedication-watermarked-2-768x1061.png 768w, https:\/\/reikigreybook.com\/wp-content\/uploads\/2021\/05\/Dedication-watermarked-2-1112x1536.png 1112w, https:\/\/reikigreybook.com\/wp-content\/uploads\/2021\/05\/Dedication-watermarked-2.png 1300w\" sizes=\"(max-width: 514px) 100vw, 514px\" \/><\/figure>\n\n<div style=\"height:15px\" aria-hidden=\"true\" class=\"wp-block-spacer\"><\/div>\n\n<hr class=\"wp-block-separator has-css-opacity is-style-wide\"\/>\n\n<div class=\"wp-block-group has-black-color has-text-color has-background\" style=\"background-color:#faf8ed\"><div class=\"wp-block-group__inner-container is-layout-flow wp-block-group-is-layout-flow\">\n<h3 class=\"has-text-align-center wp-block-heading\">Perspektywy Historyczne<\/h3>\n\n\n\n<p>Dowiedz si\u0119, co oznaczaj\u0105 japo\u0144skie piecz\u0119cie w <a href=\"https:\/\/reikigreybook.com\/pl\/zrodla\/szara-ksiega-i-historia-reiki\/\">\u201eSzarej ksi\u0119dze i Historii Reiki &#8222;autorstwa Justina Steina.<\/a><\/p>\n\n\n\n<p>Przeczytaj <a href=\"https:\/\/reikigreybook.com\/pl\/zrodla\/zyjac-w-nieznanym-niewiadomym\/\" data-type=\"page\" data-id=\"345\">\u201eWkraczaj\u0105c w nieznane\u201d<\/a> Susan Mitchell. Rzu\u0107 okiem na proces dziedziczenia i zobacz, jak linia przekazu \u017cyje i oddycha w ramach tej tradycji.<\/p>\n\n\n\n<p>\u2022 Przeczytaj <a href=\"https:\/\/reikigreybook.com\/pl\/zrodla\/tajemnica-linii-duchowego-przekazu\/\">\u201eTajemnic\u0119 linii duchowego przekazu\u201d<\/a> Joyce Winough, aby zrozumie\u0107 wa\u017cn\u0105 rol\u0119 jak\u0105 odegra\u0142a Alice Takata Furumoto w przekazie dziedzictwa Hawayo Takaty swojej wnuczce, Phyllis Lei Furumoto.<\/p>\n<\/div><\/div>\n\n<hr class=\"wp-block-separator has-css-opacity is-style-wide\"\/>\n\n<p> <\/p>\n\n<figure class=\"wp-block-table is-style-stripes\"><table class=\"has-black-color has-white-background-color has-text-color has-background\"><tbody><tr><td><a href=\"https:\/\/reikigreybook.com\/pl\/czytaj-szara-ksiazke\/uczniowie-mistrzowie\/\">&lt;&#8211; Poprzednia sekcja<\/a><\/td><td class=\"has-text-align-right\" data-align=\"right\"><\/td><\/tr><\/tbody><\/table><\/figure>\n\n<div style=\"height:100px\" aria-hidden=\"true\" class=\"wp-block-spacer\"><\/div>\n","protected":false},"excerpt":{"rendered":"<p>&lt;&#8211; Poprzednia sekcja Dziedzictwo , kt\u00f3re otrzyma\u0142a Phyllis jest niezaprzeczalne. Nie\u015bmiertelno\u015b\u0107 mojej matki \u017cyje w sercach tych, kt\u00f3rzy praktykuj\u0105 REIKI. [signed] Alice Takata Furumoto Perspektywy Historyczne Dowiedz si\u0119, co oznaczaj\u0105 japo\u0144skie piecz\u0119cie w \u201eSzarej ksi\u0119dze i Historii Reiki &#8222;autorstwa Justina Steina. Przeczytaj \u201eWkraczaj\u0105c w nieznane\u201d Susan Mitchell. Rzu\u0107 okiem na proces dziedziczenia i zobacz, jak [&hellip;]<\/p>\n","protected":false},"author":1,"featured_media":0,"parent":9252,"menu_order":7,"comment_status":"closed","ping_status":"closed","template":"","meta":{"footnotes":""},"class_list":["post-9545","page","type-page","status-publish","hentry"],"_links":{"self":[{"href":"https:\/\/reikigreybook.com\/pl\/wp-json\/wp\/v2\/pages\/9545","targetHints":{"allow":["GET"]}}],"collection":[{"href":"https:\/\/reikigreybook.com\/pl\/wp-json\/wp\/v2\/pages"}],"about":[{"href":"https:\/\/reikigreybook.com\/pl\/wp-json\/wp\/v2\/types\/page"}],"author":[{"embeddable":true,"href":"https:\/\/reikigreybook.com\/pl\/wp-json\/wp\/v2\/users\/1"}],"replies":[{"embeddable":true,"href":"https:\/\/reikigreybook.com\/pl\/wp-json\/wp\/v2\/comments?post=9545"}],"version-history":[{"count":4,"href":"https:\/\/reikigreybook.com\/pl\/wp-json\/wp\/v2\/pages\/9545\/revisions"}],"predecessor-version":[{"id":9938,"href":"https:\/\/reikigreybook.com\/pl\/wp-json\/wp\/v2\/pages\/9545\/revisions\/9938"}],"up":[{"embeddable":true,"href":"https:\/\/reikigreybook.com\/pl\/wp-json\/wp\/v2\/pages\/9252"}],"wp:attachment":[{"href":"https:\/\/reikigreybook.com\/pl\/wp-json\/wp\/v2\/media?parent=9545"}],"curies":[{"name":"wp","href":"https:\/\/api.w.org\/{rel}","templated":true}]}}