{"id":9560,"date":"2021-05-09T04:40:55","date_gmt":"2021-05-09T04:40:55","guid":{"rendered":"https:\/\/reikigreybook.com\/zyjac-w-nieznanym-niewiadomym\/"},"modified":"2024-08-26T18:47:02","modified_gmt":"2024-08-26T18:47:02","slug":"zyjac-w-nieznanym-niewiadomym","status":"publish","type":"page","link":"https:\/\/reikigreybook.com\/pl\/zrodla\/zyjac-w-nieznanym-niewiadomym\/","title":{"rendered":"Wkraczaj\u0105c w nieznane"},"content":{"rendered":"\n<h4 class=\"wp-block-heading\">napisane przez Susan Mitchell<\/h4>\n\n<div class=\"wp-block-media-text alignwide is-stacked-on-mobile is-vertically-aligned-center\" style=\"grid-template-columns:24% auto\"><figure class=\"wp-block-media-text__media\"><img fetchpriority=\"high\" decoding=\"async\" width=\"480\" height=\"480\" src=\"https:\/\/reikigreybook.com\/wp-content\/uploads\/2021\/05\/Susan-turkish-coffee.png\" alt=\"Zdj\u0119cie Susan Mitchell\" class=\"wp-image-895 size-full\" srcset=\"https:\/\/reikigreybook.com\/wp-content\/uploads\/2021\/05\/Susan-turkish-coffee.png 480w, https:\/\/reikigreybook.com\/wp-content\/uploads\/2021\/05\/Susan-turkish-coffee-300x300.png 300w, https:\/\/reikigreybook.com\/wp-content\/uploads\/2021\/05\/Susan-turkish-coffee-100x100.png 100w, https:\/\/reikigreybook.com\/wp-content\/uploads\/2021\/05\/Susan-turkish-coffee-150x150.png 150w, https:\/\/reikigreybook.com\/wp-content\/uploads\/2021\/05\/Susan-turkish-coffee-50x50.png 50w\" sizes=\"(max-width: 480px) 100vw, 480px\" \/><\/figure><div class=\"wp-block-media-text__content\">\n<p>&#8222;Szara ksi\u0105\u017cka &#8221; by\u0142a darem Alice Takata Furumoto dla mistrz\u00f3w inicjowanych przez Hawayo Takat\u0119 . By\u0142o to r\u00f3wnie\u017c uznanie jej c\u00f3rki, Phyllis, jako nast\u0119pczyni Hawayo Takaty.<\/p>\n\n\n\n<p>Z list\u00f3w dowiadujemy si\u0119, \u017ce Alice wiedzia\u0142a, \u017ce Takata Sensei chcia\u0142a, aby Phyllis zaj\u0119\u0142a jej miejsce jako g\u0142owa Systemu Usui Naturalnego Uzdrawiania. Takata zmar\u0142a w grudniu 1980 roku, a jej odej\u015bcie nast\u0105pi\u0142o bez formalnego publicznego og\u0142oszenia. Phyllis stawia\u0142a pierwsze kroki w swojej podr\u00f3\u017cy, czuj\u0105c si\u0119 bardzo samotna.<\/p>\n<\/div><\/div>\n\n<div style=\"height:25px\" aria-hidden=\"true\" class=\"wp-block-spacer\"><\/div>\n\n<p>Po zdiagnozowaniu u niej raka w 2009 roku Phyllis zda\u0142a sobie spraw\u0119, \u017ce musi przygotowa\u0107 siebie i spo\u0142eczno\u015b\u0107 na swoj\u0105 w\u0142asn\u0105 \u015bmier\u0107 . Phyllis i Paul Mitchell przeprowadzili siedem warsztat\u00f3w-zjazd\u00f3w na temat sukcesji. Z tych spotka\u0144 wy\u0142oni\u0142a si\u0119 grupa mistrz\u00f3w i uczni\u00f3w, kt\u00f3rzy spotykali si\u0119 przez dwa i p\u00f3\u0142 roku przed \u015bmierci\u0105 Phyllis, aby rozpatrywa\u0107 t\u0119 kwesti\u0119 ,zadawa\u0107 pytania i wykracza\u0107 poza ich w\u0142asne zrozumienie procesu sukcesji.<\/p>\n\n<p>Kiedy Phyllis og\u0142osi\u0142a Johannesa Spadkobierc\u0105 Linii Przekazu, by\u0142 on wyj\u0105tkowo samotny w swojej roli, ale w przeciwie\u0144stwie do Phyllis nie sam \u2014 podtrzymywany przez mistrz\u00f3w i uczni\u00f3w na ca\u0142ym \u015bwiecie, kt\u00f3rzy przyjmuj\u0105 lini\u0119 tradycji Usui Shiki Ryoho.<\/p>\n\n<p>\u201cJak to jest przyj\u0105\u0107 odpowiedzialno\u015b\u0107 dziedzictwa ?\u201d Spyta\u0142am Johannesa. Odpowiedzia\u0142,<\/p>\n\n<div class=\"wp-block-group\"><div class=\"wp-block-group__inner-container is-layout-flow wp-block-group-is-layout-flow\">\n<pre class=\"wp-block-verse\"><em><figure class=\"wp-block-vers is-style-default\" align=\"right\"><img decoding=\"async\" src=\"https:\/\/reikigreybook.com\/wp-content\/uploads\/2021\/06\/Phyllis-Furumoto-and-Johannes-Reindl-300.jpg\" alt=\"Zdj&#x119;cie Johannesa Reindla i Phyllis Lei Furumoto razem w Japonii.\" class=\"wp-image-2029\" width=\"300\" align=\"right\"\/><\/figure>\u201ePatrz\u0105c wstecz na ten dzie\u0144 w marcu 2019 roku, s\u0142ysz\u0119, jak Phyllis m\u00f3wi: \u00bbJohannes, jeste\u015b tym\u00ab. To nie by\u0142o pytanie. To by\u0142o o\u015bwiadczenie. TO jest w\u0142a\u015bnie tak. Musia\u0142em us\u0142ysze\u0107 prawd\u0119 tych s\u0142\u00f3w. Mog\u0142y pochodzi\u0107 tylko od Phyllis.<\/em>\n\n <em>\u201eTeraz wiem, \u017ce sukcesja nie dotyczy \u201emnie\u201d, mojej osobowo\u015bci czy moich cech. Tu nie chodzi o samonominacj\u0119 czy samoselekcj\u0119. To nie jest osobiste. Nie wydaje mi si\u0119, \u017ceby identyfikacja mnie by\u0142a osobistym wyborem Phyllis.<\/em>\n \n<em>\u201eCzyta\u0142em ostatnio wywiad, w kt\u00f3rym Phyllis opowiada\u0142a o swoich w\u0142asnych do\u015bwiadczeniach zwi\u0105zanych z zast\u0105pieniem Takaty Sensei. Wyczu\u0142em, \u017ce Phyllis, szukaj\u0105c nast\u0119pcy, szuka\u0142a czego\u015b, czego sama do\u015bwiadczy\u0142a. Nie chodzi\u0142o o umiej\u0119tno\u015bci ani o to, czy Johannes jest mi\u0142y czy pos\u0142uszny, nie o to, czy \u201ety\u201d jeste\u015b zadowolony ze \u201emnie\u201d. Ani nawet o to, czy Phyllis szczeg\u00f3lnie mnie lubi\u0142a. My\u015bl\u0119, \u017ce patrzy\u0142a, gdzie p\u0142ynie energia.<\/em>\n\n <em>\u201eU\u015bwiadomienie sobie, \u017ce Reiki jest najwa\u017cniejsze, by\u0142o g\u0142\u0119bokim wewn\u0119trznym procesem. Na pocz\u0105tku wydawa\u0142o si\u0119 to ci\u0119\u017carem. Ilekro\u0107 s\u0142ysza\u0142em, jak Phyllis m\u00f3wi: \u201eReiki jest najwa\u017cniejsze\u201d, wydawa\u0142o mi si\u0119, \u017ce to pro\u015bba o zbyt wiele. Je\u015bli Reiki jest na pierwszym miejscu, JA jest na drugim miejscu. A co ze mn\u0105, moim indywidualnym ja?<\/em>\n\n <em>\u201eTeraz czuj\u0119 tak\u0105 ulg\u0119.\" \u0141\u0105czy mnie to z rzeczywisto\u015bci\u0105, \u017ce nie musz\u0119 zadowoli\u0107 wszystkich. Mog\u0105 istnie\u0107 konflikty, ale to u\u0142atwia spraw\u0119, poniewa\u017c rozumiem, \u017ce tu nie chodzi o konflikt. Chodzi o to, \u017ce Reiki jest na pierwszym miejscu. To stawia moje \u017cycie w perspektywie: s\u0142u\u017cenia systemowi, s\u0142u\u017cenia Reiki.<\/em>\n\n <em>\u201eTo wa\u017cna lekcja dla wielu z nas. Nasi mistrzowie rzucaj\u0105 nam wyzwania, prowokuj\u0105 nas, pokazuj\u0105c nam, czego musimy si\u0119 nauczy\u0107: \u017ce liczy si\u0119 nasz zwi\u0105zek z praktyk\u0105. Reiki jest na pierwszym miejscu. To jest odpowied\u017a na wiele pyta\u0144\u201d.<\/em> <\/pre>\n\n\n\n<p><\/p>\n<\/div><\/div>\n\n<div style=\"height:10px\" aria-hidden=\"true\" class=\"wp-block-spacer\"><\/div>\n\n<p>Wewn\u0119trzna podr\u00f3\u017c Phyllis, badanie sukcesji przez spo\u0142eczno\u015b\u0107 oraz rozmowy mi\u0119dzy studentami i mistrzami na ca\u0142ym \u015bwiecie stworzy\u0142y pole dla procesu dziedziczenia. Podobnie jak Alice Takata Furumoto, jeste\u015bmy zaproszeni do bycia \u015bwiadkami i uczestniczenia w rozwijaj\u0105cym si\u0119 strumieniu sukcesji w linii Usui Shiki Ryoho.<\/p>\n\n<p class=\"has-text-align-right\">~Susan Mitchell<br\/>Kellogg, ID<br\/>Marzec 30, 2021<\/p>\n\n<div style=\"height:100px\" aria-hidden=\"true\" class=\"wp-block-spacer\"><\/div>\n","protected":false},"excerpt":{"rendered":"<p>napisane przez Susan Mitchell &#8222;Szara ksi\u0105\u017cka &#8221; by\u0142a darem Alice Takata Furumoto dla mistrz\u00f3w inicjowanych przez Hawayo Takat\u0119 . By\u0142o to r\u00f3wnie\u017c uznanie jej c\u00f3rki, Phyllis, jako nast\u0119pczyni Hawayo Takaty. Z list\u00f3w dowiadujemy si\u0119, \u017ce Alice wiedzia\u0142a, \u017ce Takata Sensei chcia\u0142a, aby Phyllis zaj\u0119\u0142a jej miejsce jako g\u0142owa Systemu Usui Naturalnego Uzdrawiania. Takata zmar\u0142a w [&hellip;]<\/p>\n","protected":false},"author":1,"featured_media":0,"parent":9675,"menu_order":0,"comment_status":"closed","ping_status":"closed","template":"","meta":{"footnotes":""},"class_list":["post-9560","page","type-page","status-publish","hentry"],"_links":{"self":[{"href":"https:\/\/reikigreybook.com\/pl\/wp-json\/wp\/v2\/pages\/9560","targetHints":{"allow":["GET"]}}],"collection":[{"href":"https:\/\/reikigreybook.com\/pl\/wp-json\/wp\/v2\/pages"}],"about":[{"href":"https:\/\/reikigreybook.com\/pl\/wp-json\/wp\/v2\/types\/page"}],"author":[{"embeddable":true,"href":"https:\/\/reikigreybook.com\/pl\/wp-json\/wp\/v2\/users\/1"}],"replies":[{"embeddable":true,"href":"https:\/\/reikigreybook.com\/pl\/wp-json\/wp\/v2\/comments?post=9560"}],"version-history":[{"count":5,"href":"https:\/\/reikigreybook.com\/pl\/wp-json\/wp\/v2\/pages\/9560\/revisions"}],"predecessor-version":[{"id":9944,"href":"https:\/\/reikigreybook.com\/pl\/wp-json\/wp\/v2\/pages\/9560\/revisions\/9944"}],"up":[{"embeddable":true,"href":"https:\/\/reikigreybook.com\/pl\/wp-json\/wp\/v2\/pages\/9675"}],"wp:attachment":[{"href":"https:\/\/reikigreybook.com\/pl\/wp-json\/wp\/v2\/media?parent=9560"}],"curies":[{"name":"wp","href":"https:\/\/api.w.org\/{rel}","templated":true}]}}