{"id":9576,"date":"2021-05-12T16:42:34","date_gmt":"2021-05-12T16:42:34","guid":{"rendered":"https:\/\/reikigreybook.com\/grupa-szarej-ksiegi\/"},"modified":"2024-09-05T13:43:49","modified_gmt":"2024-09-05T13:43:49","slug":"grupa-szarej-ksiegi","status":"publish","type":"page","link":"https:\/\/reikigreybook.com\/pl\/o-nas\/grupa-szarej-ksiegi\/","title":{"rendered":"Grupa Szarej Ksi\u0119gi"},"content":{"rendered":"\n<div class=\"wp-block-media-text alignwide is-stacked-on-mobile\" style=\"grid-template-columns:18% auto\"><figure class=\"wp-block-media-text__media\"><img decoding=\"async\" width=\"150\" height=\"175\" src=\"https:\/\/reikigreybook.com\/wp-content\/uploads\/2021\/05\/Photo-of-Brian-Brunius.png\" alt=\"\" class=\"wp-image-599 size-full\"\/><\/figure><div class=\"wp-block-media-text__content\">\n<h4 class=\"wp-block-heading\"><strong>Brian Brunius<\/strong><\/h4>\n\n\n\n<p>Brian jest praktykiem w systemie Usui Shiki Ryoho, w linii przekazu Johna Harveya Graya. Jest za\u0142o\u017cycielem <a rel=\"noreferrer noopener\" href=\"https:\/\/nycreikicenter.com\" target=\"_blank\">Centrum Reiki NYC<\/a> (NYC Reiki Center), gdzie pracuje na pe\u0142en etat oraz jest Dyrektorem <a rel=\"noreferrer noopener\" href=\"https:\/\/reikicentersofamerica.org\" target=\"_blank\">Ameryka\u0144skich Centr\u00f3w Reiki<\/a> (Reiki Centers of America). Brian jest cz\u0142onkiem <a rel=\"noreferrer noopener\" href=\"https:\/\/reikialliance.com\" target=\"_blank\">Stowarzyszenia Reiki<\/a> (The Reiki Alliance) i obecnie pe\u0142ni funkcj\u0119 jej Administratora Finansowego. <\/p>\n<\/div><\/div>\n\n<div style=\"height:25px\" aria-hidden=\"true\" class=\"wp-block-spacer\"><\/div>\n\n<div class=\"wp-block-media-text alignwide is-stacked-on-mobile\" style=\"grid-template-columns:18% auto\"><figure class=\"wp-block-media-text__media\"><img decoding=\"async\" width=\"150\" height=\"175\" src=\"https:\/\/reikigreybook.com\/wp-content\/uploads\/2021\/05\/diane-domondon-150.png\" alt=\"\" class=\"wp-image-596 size-full\"\/><\/figure><div class=\"wp-block-media-text__content\">\n<h4 class=\"wp-block-heading\"><strong>Diane Domondon<\/strong><\/h4>\n\n\n\n<p>Diane jest Mistrzem Reiki oraz Instruktorem w tradycji Usui Shiki Ryoho. Przyjmuje klient\u00f3w i prowadzi zaj\u0119cia Reiki w pe\u0142nym wymiarze godzin. W trakcie uczestnictwa w projekcie <em>Szarej Ksi\u0119gi<\/em> obejmowa\u0142a stanowisko w Zarz\u0105dzie <a rel=\"noreferrer noopener\" href=\"https:\/\/reikicentersofamerica.org\" target=\"_blank\">Ameryka\u0144skich Centr\u00f3w Reiki<\/a> (Reiki Centers of America) oraz jest cz\u0142onkiem <a rel=\"noreferrer noopener\" href=\"https:\/\/reikialliance.com\" target=\"_blank\">Stowarzyszenia Reiki<\/a> (The Reiki Alliance).<\/p>\n<\/div><\/div>\n\n<div style=\"height:25px\" aria-hidden=\"true\" class=\"wp-block-spacer\"><\/div>\n\n<div class=\"wp-block-media-text alignwide is-stacked-on-mobile\" style=\"grid-template-columns:18% auto\"><figure class=\"wp-block-media-text__media\"><img fetchpriority=\"high\" decoding=\"async\" width=\"377\" height=\"436\" src=\"https:\/\/reikigreybook.com\/wp-content\/uploads\/2021\/05\/paul-mitchell.png\" alt=\"\" class=\"wp-image-1769 size-full\" srcset=\"https:\/\/reikigreybook.com\/wp-content\/uploads\/2021\/05\/paul-mitchell.png 377w, https:\/\/reikigreybook.com\/wp-content\/uploads\/2021\/05\/paul-mitchell-259x300.png 259w\" sizes=\"(max-width: 377px) 100vw, 377px\" \/><\/figure><div class=\"wp-block-media-text__content\">\n<h4 class=\"wp-block-heading\"><strong>Paul Mitchell<\/strong><\/h4>\n\n\n\n<p>Paul Mitchell uczy\u0142 si\u0119 Reiki od Hawayo Takaty w 1978 roku i jest jednym z dwudziestu dw\u00f3ch Mistrz\u00f3w, kt\u00f3rych inicjowa\u0142a. Paul by\u0142 jednym z za\u0142o\u017cycieli Stowarzyszenia Reiki (The Reiki Alliance), a w 1993 roku do\u0142\u0105czy\u0142 do Phyllis Furumoto jako Lider Nauczania w systemie Usui Shiki Ryoho. Stworzyli razem <a rel=\"noreferrer noopener\" href=\"https:\/\/www.usuishikiryohoreiki.com\" data-type=\"URL\" data-id=\"https:\/\/www.usuishikiryohoreiki.com\" target=\"_blank\">Urz\u0105d Wielkiego Mistrza<\/a> (Office of the Grandmaster). Obecnie wsp\u00f3\u0142pracuj\u0105c z Johannes Reindl i Joyce Winough, jest zaanga\u017cowany w \u017cyciowe poszukiwania w obszarze uzdrawiania, wzrostu i duchowego rozwoju, kt\u00f3re s\u0105 obietnic\u0105 praktyk Reiki. <\/p>\n<\/div><\/div>\n\n<div style=\"height:25px\" aria-hidden=\"true\" class=\"wp-block-spacer\"><\/div>\n\n<div class=\"wp-block-media-text alignwide is-stacked-on-mobile\" style=\"grid-template-columns:18% auto\"><figure class=\"wp-block-media-text__media\"><img loading=\"lazy\" decoding=\"async\" width=\"480\" height=\"480\" src=\"https:\/\/reikigreybook.com\/wp-content\/uploads\/2021\/05\/Susan-turkish-coffee.png\" alt=\"Zdj\u0119cie Susan Mitchell\" class=\"wp-image-895 size-full\" srcset=\"https:\/\/reikigreybook.com\/wp-content\/uploads\/2021\/05\/Susan-turkish-coffee.png 480w, https:\/\/reikigreybook.com\/wp-content\/uploads\/2021\/05\/Susan-turkish-coffee-300x300.png 300w, https:\/\/reikigreybook.com\/wp-content\/uploads\/2021\/05\/Susan-turkish-coffee-100x100.png 100w, https:\/\/reikigreybook.com\/wp-content\/uploads\/2021\/05\/Susan-turkish-coffee-150x150.png 150w, https:\/\/reikigreybook.com\/wp-content\/uploads\/2021\/05\/Susan-turkish-coffee-50x50.png 50w\" sizes=\"(max-width: 480px) 100vw, 480px\" \/><\/figure><div class=\"wp-block-media-text__content\">\n<h4 class=\"wp-block-heading\"><strong>Susan Mitchell<\/strong><\/h4>\n\n\n\n<p>Susan uczy\u0142a si\u0119 Reiki od Hawayo Takaty. By\u0142a pierwszym dyrektorem Stowarzyszenia Reiki (The Reiki Alliance) w latach 1988-1998 i redaktorem Holenderskiego <em>Mi\u0119dzynarodowego Czasopisma Reiki<\/em> (Reiki Magazine International).  Pomog\u0142a uporz\u0105dkowa\u0107 archiwa Hawayo Takaty, kt\u00f3re teraz mieszcz\u0105 si\u0119 na Uniwersytecie Kalifornijskim w Santa Barbara. W 2019 roku Susan mia\u0142a zaszczyt u\u017cyczy\u0107 <em>Swojego W\u0142asnego G\u0142osu w Ho\u0142dzie Phyllis Lei Furumoto, 1948-2019<\/em>. Susan jest jednym z za\u0142o\u017cycieli mi\u0119dzynarodowej organizacji <a href=\"https:\/\/www.reikiunified.com\/\" data-type=\"URL\" data-id=\"https:\/\/www.reikiunified.com\/\" target=\"_blank\" rel=\"noreferrer noopener\">Zjednoczone Reiki<\/a> (Reiki Unified), sprzeciwiaj\u0105cej si\u0119 ustanowieniu przepis\u00f3w rz\u0105dowych dla praktyk Reiki w Stanach Zjednoczonych. <\/p>\n<\/div><\/div>\n\n<div style=\"height:25px\" aria-hidden=\"true\" class=\"wp-block-spacer\"><\/div>\n\n<div class=\"wp-block-media-text alignwide is-stacked-on-mobile\" style=\"grid-template-columns:18% auto\"><figure class=\"wp-block-media-text__media\"><img loading=\"lazy\" decoding=\"async\" width=\"314\" height=\"314\" src=\"https:\/\/reikigreybook.com\/wp-content\/uploads\/2021\/06\/Johannes-Reindl-square.jpg\" alt=\"Zdj\u0119cie Johannesa Reindla\" class=\"wp-image-2163 size-full\" srcset=\"https:\/\/reikigreybook.com\/wp-content\/uploads\/2021\/06\/Johannes-Reindl-square.jpg 314w, https:\/\/reikigreybook.com\/wp-content\/uploads\/2021\/06\/Johannes-Reindl-square-300x300.jpg 300w, https:\/\/reikigreybook.com\/wp-content\/uploads\/2021\/06\/Johannes-Reindl-square-100x100.jpg 100w, https:\/\/reikigreybook.com\/wp-content\/uploads\/2021\/06\/Johannes-Reindl-square-150x150.jpg 150w, https:\/\/reikigreybook.com\/wp-content\/uploads\/2021\/06\/Johannes-Reindl-square-50x50.jpg 50w, https:\/\/reikigreybook.com\/wp-content\/uploads\/2021\/06\/Johannes-Reindl-square-60x60.jpg 60w, https:\/\/reikigreybook.com\/wp-content\/uploads\/2021\/06\/Johannes-Reindl-square-90x90.jpg 90w\" sizes=\"(max-width: 314px) 100vw, 314px\" \/><\/figure><div class=\"wp-block-media-text__content\">\n<h4 class=\"wp-block-heading\"><strong>Johannes Reindl<\/strong><\/h4>\n\n\n\n<p>Johannes Reindl praktykuje Reiki od 1995 roku, kiedy to otrzyma\u0142 inicjacj\u0119 pierwszego stopnia w swoim kraju ojczystym &#8211; Austrii, w wieku 17 lat. Od tego momentu podr\u00f3\u017cuje po \u015bwiecie bior\u0105c udzia\u0142 oraz asystuj\u0105c w warsztatach Reiki i Aikido, organizowanych przez mistrz\u00f3w Reiki Usui Shiki Ryoho i Urz\u0105d Wielkiego Mistrza (Office of the Grandmaster &#8211; OGM). Johannes szkoli\u0142 si\u0119 na mistrza przy Phyllis Furumoto i zosta\u0142 przez ni\u0105 inicjowany na stopie\u0144 mistrzowski w Japonii. W 2019 roku zosta\u0142 wskazany przez Phyllis jako jej nast\u0119pca w duchowej linii przekazu w tradycji Usui Shiki Ryoho. <\/p>\n<\/div><\/div>\n\n<div style=\"height:25px\" aria-hidden=\"true\" class=\"wp-block-spacer\"><\/div>\n\n<div class=\"wp-block-media-text alignwide is-stacked-on-mobile\" style=\"grid-template-columns:18% auto\"><figure class=\"wp-block-media-text__media\"><img loading=\"lazy\" decoding=\"async\" width=\"185\" height=\"224\" src=\"https:\/\/reikigreybook.com\/wp-content\/uploads\/2021\/05\/justin-stein-horizontal-300x224-1-e1620779649281.jpg\" alt=\"\" class=\"wp-image-593 size-full\"\/><\/figure><div class=\"wp-block-media-text__content\">\n<h4 class=\"wp-block-heading\"><strong>Dr Justin Stein, doktor nauk<\/strong><\/h4>\n\n\n\n<p>Justin B. Stein, doktor (Uniwersytet w Toronto, Religioznawstwo, 2017), jest historykiem praktyk duchowych w miejscach po\u0142\u0105cze\u0144 pomi\u0119dzy Japoni\u0105, Hawajami i P\u00f3\u0142nocn\u0105 Ameryk\u0105. Jego praca nad Reiki, w\u0142\u0105czaj\u0105c oryginalne t\u0142umaczenia historycznych japo\u0144sko-j\u0119zycznych materia\u0142\u00f3w, zosta\u0142a opublikowana w czasopismach recenzowanych przez specjalist\u00f3w w tej dziedzinie (w\u0142\u0105czaj\u0105c <em>Medycyn\u0119 Azjatyck\u0105<\/em> (Asian Medicine) i <em>Japo\u0144skie Religie<\/em>) oraz zosta\u0142a przet\u0142umaczona na j\u0119zyk niemiecki, japo\u0144ski, a tak\u017ce rumu\u0144ski. Stein uko\u0144czy\u0142 Japo\u0144sk\u0105 Szko\u0142\u0119 Promocji Nauki, Stypendium Bada\u0144 Mi\u0119dzynarodowych pod okiem \u014ctani Eiichi na Uniwersytecie Bukky\u014d w Kyoto, w Japonii (2017-2019). Obecnie zajmuje stanowisko Instruktora w Departamencie Studi\u00f3w Azjatyckich na Politechnice Kwantlen. Jego prace naukowe s\u0105 dost\u0119pne pod adresem <a rel=\"noreferrer noopener\" href=\"https:\/\/justinstein.academia.edu\/\" target=\"_blank\">https:\/\/justinstein.academia.edu\/<\/a><\/p>\n<\/div><\/div>\n\n<div style=\"height:25px\" aria-hidden=\"true\" class=\"wp-block-spacer\"><\/div>\n\n<div class=\"wp-block-media-text alignwide is-stacked-on-mobile\" style=\"grid-template-columns:18% auto\"><figure class=\"wp-block-media-text__media\"><img loading=\"lazy\" decoding=\"async\" width=\"334\" height=\"334\" src=\"https:\/\/reikigreybook.com\/wp-content\/uploads\/2021\/07\/Joyce-Winough-close.png\" alt=\"Zdj\u0119cie Joyce Winough - Mistrzyni Reiki\" class=\"wp-image-3227 size-full\" srcset=\"https:\/\/reikigreybook.com\/wp-content\/uploads\/2021\/07\/Joyce-Winough-close.png 334w, https:\/\/reikigreybook.com\/wp-content\/uploads\/2021\/07\/Joyce-Winough-close-300x300.png 300w, https:\/\/reikigreybook.com\/wp-content\/uploads\/2021\/07\/Joyce-Winough-close-100x100.png 100w, https:\/\/reikigreybook.com\/wp-content\/uploads\/2021\/07\/Joyce-Winough-close-150x150.png 150w, https:\/\/reikigreybook.com\/wp-content\/uploads\/2021\/07\/Joyce-Winough-close-50x50.png 50w, https:\/\/reikigreybook.com\/wp-content\/uploads\/2021\/07\/Joyce-Winough-close-60x60.png 60w, https:\/\/reikigreybook.com\/wp-content\/uploads\/2021\/07\/Joyce-Winough-close-90x90.png 90w\" sizes=\"(max-width: 334px) 100vw, 334px\" \/><\/figure><div class=\"wp-block-media-text__content\">\n<h4 class=\"wp-block-heading\"><strong>Joyce Winough<\/strong><\/h4>\n\n\n\n<p>Joyce Winough praktykuje Reiki od 32 lat. Uzyska\u0142a Pierwszy Stopie\u0144 od Helen Haberly a Drugi od Jean Ferris &#8211; Mistrzyni Heleny. Zosta\u0142a inicjowana na Mistrza przez Phyllis Furumoto w 2002 roku. Joyce otworzy\u0142a gabinet zabiegowy w 1993 roku i naucza Reiki od czasu swojej mistrzowskiej inicjacji. Podr\u00f3\u017cowa\u0142a ze swoj\u0105 \u017con\u0105, Phyllis Furumoto, jako koordynator spotka\u0144, zaj\u0119\u0107, warsztat\u00f3w Reiki oraz organizowa\u0142a wyjazdy do Japonii do momentu, a\u017c jej wsp\u00f3\u0142ma\u0142\u017conka zmar\u0142a w 2019 roku. Joyce kontynuuje swoj\u0105 podr\u00f3\u017c Reiki i zaanga\u017cowanie w system Usui Shiki Ryoho jako cz\u0142onkini Stowarzyszenia Reiki (Reiki Alliance) i Zwi\u0105zku Reiki w Wielkiej Brytanii (UK Reiki Association), prezentuj\u0105c Projekt Archiw\u00f3w Takaty (Takata Archive Project) oraz pracuj\u0105c z Johannesem Reindlem i Paulem Mitchellem jako cz\u0142onkini <a rel=\"noreferrer noopener\" href=\"https:\/\/www.usuishikiryohoreiki.com\" target=\"_blank\">Urz\u0119du Wielkiego Mistrza<\/a> (Office of the Grandmaster) od 2020 roku.<\/p>\n\n\n\n<p> <\/p>\n<\/div><\/div>\n\n<div style=\"height:100px\" aria-hidden=\"true\" class=\"wp-block-spacer\"><\/div>\n","protected":false},"excerpt":{"rendered":"<p>Brian Brunius Brian jest praktykiem w systemie Usui Shiki Ryoho, w linii przekazu Johna Harveya Graya. Jest za\u0142o\u017cycielem Centrum Reiki NYC (NYC Reiki Center), gdzie pracuje na pe\u0142en etat oraz jest Dyrektorem Ameryka\u0144skich Centr\u00f3w Reiki (Reiki Centers of America). Brian jest cz\u0142onkiem Stowarzyszenia Reiki (The Reiki Alliance) i obecnie pe\u0142ni funkcj\u0119 jej Administratora Finansowego. Diane [&hellip;]<\/p>\n","protected":false},"author":1,"featured_media":0,"parent":9595,"menu_order":1,"comment_status":"closed","ping_status":"closed","template":"","meta":{"footnotes":""},"class_list":["post-9576","page","type-page","status-publish","hentry"],"_links":{"self":[{"href":"https:\/\/reikigreybook.com\/pl\/wp-json\/wp\/v2\/pages\/9576","targetHints":{"allow":["GET"]}}],"collection":[{"href":"https:\/\/reikigreybook.com\/pl\/wp-json\/wp\/v2\/pages"}],"about":[{"href":"https:\/\/reikigreybook.com\/pl\/wp-json\/wp\/v2\/types\/page"}],"author":[{"embeddable":true,"href":"https:\/\/reikigreybook.com\/pl\/wp-json\/wp\/v2\/users\/1"}],"replies":[{"embeddable":true,"href":"https:\/\/reikigreybook.com\/pl\/wp-json\/wp\/v2\/comments?post=9576"}],"version-history":[{"count":5,"href":"https:\/\/reikigreybook.com\/pl\/wp-json\/wp\/v2\/pages\/9576\/revisions"}],"predecessor-version":[{"id":9966,"href":"https:\/\/reikigreybook.com\/pl\/wp-json\/wp\/v2\/pages\/9576\/revisions\/9966"}],"up":[{"embeddable":true,"href":"https:\/\/reikigreybook.com\/pl\/wp-json\/wp\/v2\/pages\/9595"}],"wp:attachment":[{"href":"https:\/\/reikigreybook.com\/pl\/wp-json\/wp\/v2\/media?parent=9576"}],"curies":[{"name":"wp","href":"https:\/\/api.w.org\/{rel}","templated":true}]}}