{"id":9599,"date":"2021-05-09T04:36:15","date_gmt":"2021-05-09T04:36:15","guid":{"rendered":"https:\/\/reikigreybook.com\/o-nas\/zapraszajac-hojnosc\/"},"modified":"2024-08-26T18:22:42","modified_gmt":"2024-08-26T18:22:42","slug":"zapraszajac-hojnosc","status":"publish","type":"page","link":"https:\/\/reikigreybook.com\/pl\/o-nas\/zapraszajac-hojnosc\/","title":{"rendered":"Zapraszaj\u0105c do hojno\u015bci"},"content":{"rendered":"\n<figure class=\"wp-block-image size-large is-resized is-style-default\"><img fetchpriority=\"high\" decoding=\"async\" src=\"https:\/\/reikigreybook.com\/wp-content\/uploads\/2021\/05\/inviting-generosity.png\" alt=\"\" class=\"wp-image-566\" width=\"842\" height=\"231\" srcset=\"https:\/\/reikigreybook.com\/wp-content\/uploads\/2021\/05\/inviting-generosity.png 595w, https:\/\/reikigreybook.com\/wp-content\/uploads\/2021\/05\/inviting-generosity-300x82.png 300w\" sizes=\"(max-width: 842px) 100vw, 842px\" \/><\/figure>\n\n<div class=\"wp-block-group has-black-color has-text-color has-background\" style=\"background-color:#f8f8f8\"><div class=\"wp-block-group__inner-container is-layout-flow wp-block-group-is-layout-flow\">\n<div class=\"wp-block-group\"><div class=\"wp-block-group__inner-container is-layout-flow wp-block-group-is-layout-flow\">\n<p>Alice Takata Furumoto opublikowa\u0142a Szar\u0105 Ksi\u0119g\u0119 w 1982 roku, jako prezent dla Mistrz\u00f3w Reiki, kt\u00f3rych inicjowa\u0142a jej matka, Hawayo Takata.<a href=\"https:\/\/reikigreybook.com\/pl\/o-nas\/grupa-szarej-ksiegi\/\" data-type=\"page\" data-id=\"700\">Zesp\u00f3\u0142 Szarej Ksi\u0119gi<\/a> chce kontynuowa\u0107 to dziedzictwo hojno\u015bci, oferuj\u0105c t\u0142umaczenia oryginalnego tekstu jako prezent dla \u015bwiatowej spo\u0142eczno\u015bci Reiki.<\/p>\n\n\n\n<p>Phyllis Furumoto zdawa\u0142a sobie spraw\u0119 z konieczno\u015bci t\u0142umaczenia, aby uczniowie na ca\u0142ym \u015bwiecie mogli uzyska\u0107 dost\u0119p do Reiki. Uhonorowa\u0142a t\u0142umaczy widz\u0105c ich jako \u201enici, kt\u00f3re \u0142\u0105cz\u0105 nas jako spo\u0142eczno\u015b\u0107 mi\u0119dzynarodow\u0105\u201d.<\/p>\n\n\n\n<p>Chcemy nadal budowa\u0107 mosty komunikacji, udost\u0119pniaj\u0105c bezp\u0142atnie t\u0142umaczenie Szarej Ksi\u0119gi na tej stronie. Zacz\u0119li\u015bmy od o\u015bmiu j\u0119zyk\u00f3w i mamy nadziej\u0119, \u017ce uwzgl\u0119dnimy wszystkie pozosta\u0142e wymagane j\u0119zyki. W tym momencie koszt ka\u017cdego t\u0142umaczenia wynosi 1000 USD.<\/p>\n\n\n\n<p><a href=\"https:\/\/reikigreybook.com\/pl\/contribute\/darowizny\/\">Zapraszamy do bycia cz\u0119\u015bci\u0105 dziedzictwa tego daru.<\/a> Do\u0142\u0105cz do projektu Szarej Ksi\u0119gi, sk\u0142adaj\u0105c ofiarowanie finansowe na wi\u0119cej t\u0142umacze\u0144 tego tekstu. <em><strong>Pierwszych 1500 darczy\u0144c\u00f3w, kt\u00f3rzy przeka\u017c\u0105 73 USD lub wi\u0119cej, otrzyma reprodukcj\u0119 oryginalnej Szarej Ksi\u0119gi.<\/strong><\/em><\/p>\n\n\n\n<p>Ty decydujesz ile chcesz da\u0107. Chodzi tu o uczestnictwo, a nie o konkretn\u0105 kwot\u0119 pieni\u0119dzy. Niech serce ci\u0119 prowadzi. Razem piel\u0119gnujemy i podtrzymujemy strumie\u0144 hojno\u015bci, kt\u00f3ry rozpocz\u0105\u0142 si\u0119 wraz z oryginalnym darem Alice.<\/p>\n\n\n\n<p class=\"has-text-align-right has-black-color has-text-color has-background\" style=\"background-color:#f8f8f8\">Z mi\u0142o\u015bci\u0105,<br\/>Susan Mitchell i Johannes Reindl<\/p>\n<\/div><\/div>\n<\/div><\/div>\n\n<div style=\"height:15px\" aria-hidden=\"true\" class=\"wp-block-spacer\"><\/div>\n\n<div class=\"wp-block-buttons is-horizontal is-content-justification-center is-layout-flex wp-container-core-buttons-is-layout-499968f5 wp-block-buttons-is-layout-flex\">\n<div class=\"wp-block-button has-custom-width wp-block-button__width-25 is-style-fill\"><a class=\"wp-block-button__link has-background wp-element-button\" href=\"https:\/\/reikigreybook.com\/pl\/contribute\/darowizny\/\" style=\"border-radius:13px;background-color:#316111\" rel=\"https:\/\/reikigreybook.com\/en\/about-us\/donate\/\"><mark style=\"background-color:rgba(0, 0, 0, 0)\" class=\"has-inline-color has-white-color\">PODARUJ DATEK<\/mark><\/a><\/div>\n<\/div>\n\n<div style=\"height:100px\" aria-hidden=\"true\" class=\"wp-block-spacer\"><\/div>\n","protected":false},"excerpt":{"rendered":"<p>Alice Takata Furumoto opublikowa\u0142a Szar\u0105 Ksi\u0119g\u0119 w 1982 roku, jako prezent dla Mistrz\u00f3w Reiki, kt\u00f3rych inicjowa\u0142a jej matka, Hawayo Takata.Zesp\u00f3\u0142 Szarej Ksi\u0119gi chce kontynuowa\u0107 to dziedzictwo hojno\u015bci, oferuj\u0105c t\u0142umaczenia oryginalnego tekstu jako prezent dla \u015bwiatowej spo\u0142eczno\u015bci Reiki. Phyllis Furumoto zdawa\u0142a sobie spraw\u0119 z konieczno\u015bci t\u0142umaczenia, aby uczniowie na ca\u0142ym \u015bwiecie mogli uzyska\u0107 dost\u0119p do Reiki. [&hellip;]<\/p>\n","protected":false},"author":1,"featured_media":7656,"parent":9595,"menu_order":2,"comment_status":"closed","ping_status":"closed","template":"","meta":{"footnotes":""},"class_list":["post-9599","page","type-page","status-publish","has-post-thumbnail","hentry"],"_links":{"self":[{"href":"https:\/\/reikigreybook.com\/pl\/wp-json\/wp\/v2\/pages\/9599","targetHints":{"allow":["GET"]}}],"collection":[{"href":"https:\/\/reikigreybook.com\/pl\/wp-json\/wp\/v2\/pages"}],"about":[{"href":"https:\/\/reikigreybook.com\/pl\/wp-json\/wp\/v2\/types\/page"}],"author":[{"embeddable":true,"href":"https:\/\/reikigreybook.com\/pl\/wp-json\/wp\/v2\/users\/1"}],"replies":[{"embeddable":true,"href":"https:\/\/reikigreybook.com\/pl\/wp-json\/wp\/v2\/comments?post=9599"}],"version-history":[{"count":5,"href":"https:\/\/reikigreybook.com\/pl\/wp-json\/wp\/v2\/pages\/9599\/revisions"}],"predecessor-version":[{"id":9904,"href":"https:\/\/reikigreybook.com\/pl\/wp-json\/wp\/v2\/pages\/9599\/revisions\/9904"}],"up":[{"embeddable":true,"href":"https:\/\/reikigreybook.com\/pl\/wp-json\/wp\/v2\/pages\/9595"}],"wp:featuredmedia":[{"embeddable":true,"href":"https:\/\/reikigreybook.com\/pl\/wp-json\/wp\/v2\/media\/7656"}],"wp:attachment":[{"href":"https:\/\/reikigreybook.com\/pl\/wp-json\/wp\/v2\/media?parent=9599"}],"curies":[{"name":"wp","href":"https:\/\/api.w.org\/{rel}","templated":true}]}}