{"id":9675,"date":"2021-05-09T02:56:21","date_gmt":"2021-05-09T02:56:21","guid":{"rendered":"https:\/\/reikigreybook.com\/zrodla\/"},"modified":"2024-08-27T17:55:48","modified_gmt":"2024-08-27T17:55:48","slug":"zrodla","status":"publish","type":"page","link":"https:\/\/reikigreybook.com\/pl\/zrodla\/","title":{"rendered":"Teksty \u017ar\u00f3d\u0142owe"},"content":{"rendered":"\n<p>Cz\u0142onkowie zespo\u0142u <a href=\"\/en\/?page_id=700\" data-type=\"page\" data-id=\"700\">The Grey Book<\/a> napisali kilka esej\u00f3w, kt\u00f3re mia\u0142y s\u0142u\u017cy\u0107 jako \u017ar\u00f3d\u0142o zrozumienia i kontekstualizowania tre\u015bci <em>Reiki: The Grey Book<\/em> na stronie internetowej. Kiedy przegl\u0105da si\u0119 to bez powi\u0105zania z oryginaln\u0105 wersj\u0105 ksi\u0105\u017cki wydrukowan\u0105 w 1982 roku, materia\u0142y zawarte w sekcji \u201e<a href=\"https:\/\/reikigreybook.com\/pl\/czytaj-szara-ksiazke\/\" data-type=\"page\" data-id=\"323\">Szara Ksi\u0105\u017cka<\/a>\u201d na stronie internetowej mog\u0105 wydawa\u0107 si\u0119 odr\u0119bnymi i niepowi\u0105zanymi ze sob\u0105 dokumentami historycznymi. Mamy nadziej\u0119 na zachowanie oryginalnego kontekstu drukowanego tomu. <\/p>\n\n<div style=\"height:20px\" aria-hidden=\"true\" class=\"wp-block-spacer\"><\/div>\n\n<div class=\"wp-block-cover alignwide is-light has-custom-content-position is-position-bottom-center is-position-center-center\" style=\"min-height:97px;aspect-ratio:unset;\"><span aria-hidden=\"true\" class=\"wp-block-cover__background has-white-background-color has-background-dim-20 has-background-dim\"><\/span><img fetchpriority=\"high\" decoding=\"async\" width=\"642\" height=\"349\" class=\"wp-block-cover__image-background wp-image-731\" alt=\"\" src=\"https:\/\/reikigreybook.com\/wp-content\/uploads\/2021\/05\/snowy-kurama-gate.png\" style=\"object-position:57% 0%\" data-object-fit=\"cover\" data-object-position=\"57% 0%\" srcset=\"https:\/\/reikigreybook.com\/wp-content\/uploads\/2021\/05\/snowy-kurama-gate.png 642w, https:\/\/reikigreybook.com\/wp-content\/uploads\/2021\/05\/snowy-kurama-gate-600x326.png 600w, https:\/\/reikigreybook.com\/wp-content\/uploads\/2021\/05\/snowy-kurama-gate-300x163.png 300w\" sizes=\"(max-width: 642px) 100vw, 642px\" \/><div class=\"wp-block-cover__inner-container is-layout-flow wp-block-cover-is-layout-flow\">\n<p class=\"has-text-align-center has-large-font-size\" style=\"line-height:1.1\"><strong>Perspektywy Historyczne<\/strong><\/p>\n<\/div><\/div>\n\n<div class=\"wp-block-group has-black-color has-text-color has-background\" style=\"background-color:#faf8ed\"><div class=\"wp-block-group__inner-container is-layout-flow wp-block-group-is-layout-flow\">\n<p><a href=\"https:\/\/reikigreybook.com\/pl\/zrodla\/potezna-sila\/\" data-type=\"page\" data-id=\"352\">Wielka Moc<\/a> &#8211; Brian Brunius pisze o swej motywacji by wznowi\u0107 wydanie <em>Reiki: Szarej Ksi\u0105\u017cki<\/em> i udost\u0119pni\u0107 j\u0105 online ca\u0142emu \u015bwiatu.<\/p>\n\n\n\n<p><a href=\"https:\/\/reikigreybook.com\/pl\/zrodla\/szara-ksiega-i-historia-reiki\/\" data-type=\"page\" data-id=\"301\">&#8222;Szara Ksi\u0119ga&#8221; i Historia Reiki<\/a> &#8211; Przeczytaj o perspektywnie historycznej Dr. Justin Stein&#8217;a na temat <em>Reiki: Szara Ksi\u0119ga<\/em>. Dowiedz si\u0119 o tym jaki kontekst towarzyszy\u0142 jej powstaniu oraz o Mistrzach, kt\u00f3rzy otrzymali j\u0105 jako pierwsi.<\/p>\n\n\n\n<p><a href=\"https:\/\/reikigreybook.com\/pl\/zrodla\/mala-opowiesc-o-szarej-ksiedze\/\" data-type=\"page\" data-id=\"740\">Kr\u00f3tka Historia na temat Szarej Ksi\u0105\u017cki<\/a> &#8211; Paul Mitchell dzieli si\u0119 z nami histori\u0105 na temat zap\u0142aty za swoje mistrzostwo Reiki oraz w jaki spos\u00f3b, bez jego wiedzy, zosta\u0142o sfinansowane oryginalne wydanie <em>Reiki: Szara Ksi\u0105\u017cka<\/em> <\/p>\n\n\n\n<p><a href=\"https:\/\/reikigreybook.com\/pl\/zrodla\/tajemnica-linii-duchowego-przekazu\/\" data-type=\"URL\" data-id=\"https:\/\/reikigreybook.com\/en\/resources\/the-mystery-of-spiritual-lineage\/\">Tajemnica Duchowego Przekazu<\/a>&#8211; Joyce Winough pisze o przekazywaniu duchowego dziedzictwa z jednego pokolenia na kolejne oraz o znacz\u0105cej roli Alice Takaty Furumoto w przekazie duchowym pomi\u0119dzy Hawayo Takat\u0105 a jej wnuczk\u0105, Phyllis Lei Furumoto.<\/p>\n\n\n\n<p><a href=\"https:\/\/reikigreybook.com\/pl\/zrodla\/zyjac-w-nieznanym-niewiadomym\/\" data-type=\"page\" data-id=\"345\">Wkraczaj\u0105c W Nieznane<\/a> &#8211; Susan Mitchell pisze o Johannesie Reindl&#8217;u i czterech s\u0142owach, kt\u00f3re odmieni\u0142y jego \u017cycie. Rzu\u0107 okiem na proces dziedziczenia i zobacz, jak linia przekazu \u017cyje i oddycha w ramach tej tradycji.<\/p>\n<\/div><\/div>\n\n<div class=\"wp-block-cover alignwide is-light has-custom-content-position is-position-bottom-center is-position-center-center\" style=\"min-height:97px;aspect-ratio:unset;\"><span aria-hidden=\"true\" class=\"wp-block-cover__background has-white-background-color has-background-dim-20 has-background-dim\"><\/span><img decoding=\"async\" width=\"642\" height=\"349\" class=\"wp-block-cover__image-background wp-image-731\" alt=\"\" src=\"https:\/\/reikigreybook.com\/wp-content\/uploads\/2021\/05\/snowy-kurama-gate.png\" style=\"object-position:51% 100%\" data-object-fit=\"cover\" data-object-position=\"51% 100%\" srcset=\"https:\/\/reikigreybook.com\/wp-content\/uploads\/2021\/05\/snowy-kurama-gate.png 642w, https:\/\/reikigreybook.com\/wp-content\/uploads\/2021\/05\/snowy-kurama-gate-600x326.png 600w, https:\/\/reikigreybook.com\/wp-content\/uploads\/2021\/05\/snowy-kurama-gate-300x163.png 300w\" sizes=\"(max-width: 642px) 100vw, 642px\" \/><div class=\"wp-block-cover__inner-container is-layout-flow wp-block-cover-is-layout-flow\">\n<p class=\"has-text-align-center has-large-font-size\" style=\"line-height:1.1\"><\/p>\n<\/div><\/div>\n\n<div style=\"height:100px\" aria-hidden=\"true\" class=\"wp-block-spacer\"><\/div>\n","protected":false},"excerpt":{"rendered":"<p>Cz\u0142onkowie zespo\u0142u The Grey Book napisali kilka esej\u00f3w, kt\u00f3re mia\u0142y s\u0142u\u017cy\u0107 jako \u017ar\u00f3d\u0142o zrozumienia i kontekstualizowania tre\u015bci Reiki: The Grey Book na stronie internetowej. Kiedy przegl\u0105da si\u0119 to bez powi\u0105zania z oryginaln\u0105 wersj\u0105 ksi\u0105\u017cki wydrukowan\u0105 w 1982 roku, materia\u0142y zawarte w sekcji \u201eSzara Ksi\u0105\u017cka\u201d na stronie internetowej mog\u0105 wydawa\u0107 si\u0119 odr\u0119bnymi i niepowi\u0105zanymi ze sob\u0105 [&hellip;]<\/p>\n","protected":false},"author":1,"featured_media":0,"parent":0,"menu_order":0,"comment_status":"closed","ping_status":"closed","template":"","meta":{"footnotes":""},"class_list":["post-9675","page","type-page","status-publish","hentry"],"_links":{"self":[{"href":"https:\/\/reikigreybook.com\/pl\/wp-json\/wp\/v2\/pages\/9675","targetHints":{"allow":["GET"]}}],"collection":[{"href":"https:\/\/reikigreybook.com\/pl\/wp-json\/wp\/v2\/pages"}],"about":[{"href":"https:\/\/reikigreybook.com\/pl\/wp-json\/wp\/v2\/types\/page"}],"author":[{"embeddable":true,"href":"https:\/\/reikigreybook.com\/pl\/wp-json\/wp\/v2\/users\/1"}],"replies":[{"embeddable":true,"href":"https:\/\/reikigreybook.com\/pl\/wp-json\/wp\/v2\/comments?post=9675"}],"version-history":[{"count":5,"href":"https:\/\/reikigreybook.com\/pl\/wp-json\/wp\/v2\/pages\/9675\/revisions"}],"predecessor-version":[{"id":9961,"href":"https:\/\/reikigreybook.com\/pl\/wp-json\/wp\/v2\/pages\/9675\/revisions\/9961"}],"wp:attachment":[{"href":"https:\/\/reikigreybook.com\/pl\/wp-json\/wp\/v2\/media?parent=9675"}],"curies":[{"name":"wp","href":"https:\/\/api.w.org\/{rel}","templated":true}]}}