{"id":9905,"date":"2021-05-09T04:42:38","date_gmt":"2021-05-09T04:42:38","guid":{"rendered":"https:\/\/reikigreybook.com\/zrodla\/tajemnica-linii-duchowego-przekazu\/"},"modified":"2024-08-26T19:01:00","modified_gmt":"2024-08-26T19:01:00","slug":"tajemnica-linii-duchowego-przekazu","status":"publish","type":"page","link":"https:\/\/reikigreybook.com\/pl\/zrodla\/tajemnica-linii-duchowego-przekazu\/","title":{"rendered":"Tajemnica linii duchowego przekazu"},"content":{"rendered":"\n<h4 class=\"wp-block-heading\">napisana przez Joyce Winough<\/h4>\n\n<div class=\"wp-block-media-text alignwide is-stacked-on-mobile\" style=\"grid-template-columns:27% auto\"><figure class=\"wp-block-media-text__media\"><img fetchpriority=\"high\" decoding=\"async\" width=\"406\" height=\"406\" src=\"https:\/\/reikigreybook.com\/wp-content\/uploads\/2021\/07\/Joyce-Winough-Medium.png\" alt=\"Zdj\u0119cie Joyce Winough - Mistrzyni Reiki\" class=\"wp-image-3238 size-full\" srcset=\"https:\/\/reikigreybook.com\/wp-content\/uploads\/2021\/07\/Joyce-Winough-Medium.png 406w, https:\/\/reikigreybook.com\/wp-content\/uploads\/2021\/07\/Joyce-Winough-Medium-300x300.png 300w, https:\/\/reikigreybook.com\/wp-content\/uploads\/2021\/07\/Joyce-Winough-Medium-100x100.png 100w, https:\/\/reikigreybook.com\/wp-content\/uploads\/2021\/07\/Joyce-Winough-Medium-150x150.png 150w, https:\/\/reikigreybook.com\/wp-content\/uploads\/2021\/07\/Joyce-Winough-Medium-50x50.png 50w, https:\/\/reikigreybook.com\/wp-content\/uploads\/2021\/07\/Joyce-Winough-Medium-60x60.png 60w, https:\/\/reikigreybook.com\/wp-content\/uploads\/2021\/07\/Joyce-Winough-Medium-90x90.png 90w\" sizes=\"(max-width: 406px) 100vw, 406px\" \/><\/figure><div class=\"wp-block-media-text__content\">\n<p>Phyllis Lei Furumoto dorasta\u0142a w Iowa w USA, tu\u017c po II wojnie \u015bwiatowej. Jej matka, Alice, mia\u0142a wobec niej wysokie oczekiwania i powa\u017cnie planowa\u0142a karier\u0119 swojego pierwszego dziecka. Ta relacja matka-c\u00f3rka nie zawsze by\u0142a \u0142atwa; mimo to panowa\u0142 mi\u0119dzy nimi wzajemny szacunek i wzajemne zrozumienie. Kiedy Phyllis w ko\u0144cu przyj\u0119\u0142a ofert\u0119 pracy od babci, oznacza\u0142o to poddanie si\u0119 obowi\u0105zkom rodzinnym. Z biegiem lat Phyllis stworzy\u0142a \u017cycie wok\u00f3\u0142 swojego przeznaczenia i roli nast\u0119pczyni Takaty Sensei. By\u0142o to dla niej idealne powo\u0142anie.<br\/><br\/><br\/>     <\/p>\n<\/div><\/div>\n\n<div style=\"height:25px\" aria-hidden=\"true\" class=\"wp-block-spacer\"><\/div>\n\n<p>Phyllis i ja przeprowadzi\u0142y\u015bmy si\u0119 do Green Valley w Arizonie w 2008 roku, aby by\u0107 blisko Alice i aby Phyllis mog\u0142a sp\u0119dza\u0107 wi\u0119cej czasu z matk\u0105. Kiedy pozna\u0142am Alice, zobaczy\u0142am, jak blisko by\u0142a ona zwi\u0105zana praktyk\u0105 Reiki i pami\u0119ci\u0105 o swojej matce, Hawayo. Dla Alice Reiki by\u0142o spraw\u0105 osobist\u0105,o tym mo\u017cna by\u0142o rozmawia\u0107 wy\u0142\u0105cznie ze swoim nauczycielem. To cz\u0119sto stawia\u0142o Phyllis w trudnym po\u0142o\u017ceniu, a jednocze\u015bnie wspiera\u0142o j\u0105 w podtrzymywaniu tradycji i kultury Reiki jako japo\u0144skiej ludowej sztuki uzdrawiania. Alicja bardzo ceni\u0142a dar Reiki, kt\u00f3ry otrzyma\u0142a od Chujiro Hayashi, gdy by\u0142a m\u0142od\u0105 dziewczyn\u0105. Mia\u0142a swoj\u0105 osobist\u0105 praktyk\u0119 Reiki, kt\u00f3r\u0105 dzieli\u0142a si\u0119 ze swoimi dzie\u0107mi, gdy dorasta\u0142y. Dokona\u0142a wyboru za\u0142o\u017cenia rodziny gdzie znalaz\u0142a spe\u0142nienie zamiast bycia Mistrzem Reiki . Zajmowa\u0142a wyj\u0105tkowe miejsce w naszej linii przekazu. By\u0142a c\u00f3rk\u0105 arcymistrza i matk\u0105 spadkobiercy Reiki.        <\/p>\n\n<figure class=\"wp-block-image size-large\"><img decoding=\"async\" width=\"728\" height=\"392\" src=\"https:\/\/reikigreybook.com\/wp-content\/uploads\/2021\/06\/tryptich.png\" alt=\"\" class=\"wp-image-1889\" srcset=\"https:\/\/reikigreybook.com\/wp-content\/uploads\/2021\/06\/tryptich.png 728w, https:\/\/reikigreybook.com\/wp-content\/uploads\/2021\/06\/tryptich-600x323.png 600w, https:\/\/reikigreybook.com\/wp-content\/uploads\/2021\/06\/tryptich-300x162.png 300w\" sizes=\"(max-width: 728px) 100vw, 728px\" \/><\/figure>\n\n<p>Phyllis po\u015bwi\u0119ci\u0142a swoje \u017cycie byciu Wielk\u0105 Mistrzyni\u0105 linii przekazu. Wspiera\u0142a spo\u0142eczno\u015bci Reiki na ca\u0142ym \u015bwiecie historiami o naukach swojej babci. Rozwin\u0119\u0142a t\u0119 praktyk\u0119 w jasny j\u0119zyk, kt\u00f3ry zdefiniowa\u0142a Usui Shiki Ryoho. Tworzy\u0142a spo\u0142eczno\u015b\u0107, gdziekolwiek si\u0119 uda\u0142a i inspirowa\u0142a uczni\u00f3w Reiki do gromadzenia si\u0119 i wzajemnego wspierania. Skupi\u0142a si\u0119 na umiej\u0119tno\u015bciach potrzebnych do jasnej komunikacji ze wsp\u00f3\u0142czuciem, mia\u0142a wizj\u0119 potencja\u0142u globalnej spo\u0142eczno\u015bci Reiki, ca\u0142y czas sama b\u0119d\u0105c zaciekawion\u0105 studentk\u0105.<br\/><br\/><br\/><br\/><br\/><br\/><br\/><br\/><br\/><br\/>    <\/p>\n\n<p>Phyllis stworzy\u0142a spo\u0142eczno\u015b\u0107 t\u0142umaczy w dziewi\u0119ciu j\u0119zykach, aby mogli towarzyszy\u0107 jej w grupach na ca\u0142ym \u015bwiecie. Pami\u0119tam, \u017ce kilka razy, gdy t\u0142umaczono j\u0105 w j\u0119zyku, kt\u00f3rego nie zna\u0142a, czu\u0142a, \u017ce energia s\u0142\u00f3w nie by\u0142a do ko\u0144ca w\u0142a\u015bciwa. Dla jej t\u0142umaczy by\u0142o to nowe do\u015bwiadczenie dotycz\u0105ce energii znaczenia s\u0142\u00f3w, a nie samych s\u0142\u00f3w. By\u0142a otwarta na przyj\u0119cie student\u00f3w wszystkich praktyk i pozostawi\u0142a po sobie dziedzictwo tysi\u0119cy godzin nauczania audio i wideo. Jej pierwsz\u0105 odpowiedzi\u0105 na pytania i w\u0105tpliwo\u015bci uczni\u00f3w Reiki by\u0142o zorganizowanie \u201ewarsztatu\u201d. Phyllis kocha\u0142a tajemnic\u0119 Reiki i by\u0142a zaanga\u017cowana w zg\u0142\u0119bianie i kontemplacj\u0119 pyta\u0144 wynikaj\u0105cych z praktyki Reiki.      <\/p>\n\n<div class=\"wp-block-media-text alignwide is-stacked-on-mobile\" style=\"grid-template-columns:36% auto\"><figure class=\"wp-block-media-text__media\"><img decoding=\"async\" width=\"300\" height=\"325\" src=\"https:\/\/reikigreybook.com\/wp-content\/uploads\/2021\/08\/Johannes-Reindl-Phyllis-Furumoto.jpg\" alt=\"\" class=\"wp-image-4735 size-full\" srcset=\"https:\/\/reikigreybook.com\/wp-content\/uploads\/2021\/08\/Johannes-Reindl-Phyllis-Furumoto.jpg 300w, https:\/\/reikigreybook.com\/wp-content\/uploads\/2021\/08\/Johannes-Reindl-Phyllis-Furumoto-277x300.jpg 277w, https:\/\/reikigreybook.com\/wp-content\/uploads\/2021\/08\/Johannes-Reindl-Phyllis-Furumoto-55x60.jpg 55w, https:\/\/reikigreybook.com\/wp-content\/uploads\/2021\/08\/Johannes-Reindl-Phyllis-Furumoto-83x90.jpg 83w\" sizes=\"(max-width: 300px) 100vw, 300px\" \/><\/figure><div class=\"wp-block-media-text__content\">\n<p><br\/>Moment wydania tego wydania Szarej Ksi\u0119gi jest przypadkowy. Nowe pokolenie kontynuuje tradycj\u0119 duchowego przekazu w naszej formie praktyki. Mimo \u017ce m\u00f3j proces \u017ca\u0142oby po stracie mojego drogiego partnera trwa, jestem b\u0142ogos\u0142awiona, \u017ce jestem pomostem i \u0142\u0105cznikiem z nast\u0119pc\u0105 Phyllis, Wielkim Mistrzem, Johannesem Reindlem. Widzia\u0142am i czu\u0142am jego energi\u0119, poruszon\u0105 tajemnic\u0105 duchowego przekazu, jakby Phyllis wlewa\u0142a w niego swoje \u015bwiat\u0142o. Tysi\u0105ce uczni\u00f3w Reiki dotkni\u0119tych naukami Furumoto Sensei i student\u00f3w Reiki dopiero rozpoczynaj\u0105cych swoj\u0105 podr\u00f3\u017c maj\u0105 okazj\u0119 \u201eponownie pozna\u0107\u201d i rozpozna\u0107 tajemnic\u0119 duchowego przekazu poprzez swoj\u0105 relacj\u0119 z Johannesem.<br\/><br\/><br\/><br\/><br\/>    <\/p>\n<\/div><\/div>\n\n<div style=\"height:25px\" aria-hidden=\"true\" class=\"wp-block-spacer\"><\/div>\n\n<p class=\"has-text-align-right\">~Joyce Winough<br\/>Green Valley, AZ<br\/>June 1, 2021<\/p>\n\n<div style=\"height:100px\" aria-hidden=\"true\" class=\"wp-block-spacer\"><\/div>\n","protected":false},"excerpt":{"rendered":"<p>napisana przez Joyce Winough Phyllis Lei Furumoto dorasta\u0142a w Iowa w USA, tu\u017c po II wojnie \u015bwiatowej. Jej matka, Alice, mia\u0142a wobec niej wysokie oczekiwania i powa\u017cnie planowa\u0142a karier\u0119 swojego pierwszego dziecka. Ta relacja matka-c\u00f3rka nie zawsze by\u0142a \u0142atwa; mimo to panowa\u0142 mi\u0119dzy nimi wzajemny szacunek i wzajemne zrozumienie. Kiedy Phyllis w ko\u0144cu przyj\u0119\u0142a ofert\u0119 [&hellip;]<\/p>\n","protected":false},"author":1,"featured_media":0,"parent":9675,"menu_order":0,"comment_status":"closed","ping_status":"closed","template":"","meta":{"footnotes":""},"class_list":["post-9905","page","type-page","status-publish","hentry"],"_links":{"self":[{"href":"https:\/\/reikigreybook.com\/pl\/wp-json\/wp\/v2\/pages\/9905","targetHints":{"allow":["GET"]}}],"collection":[{"href":"https:\/\/reikigreybook.com\/pl\/wp-json\/wp\/v2\/pages"}],"about":[{"href":"https:\/\/reikigreybook.com\/pl\/wp-json\/wp\/v2\/types\/page"}],"author":[{"embeddable":true,"href":"https:\/\/reikigreybook.com\/pl\/wp-json\/wp\/v2\/users\/1"}],"replies":[{"embeddable":true,"href":"https:\/\/reikigreybook.com\/pl\/wp-json\/wp\/v2\/comments?post=9905"}],"version-history":[{"count":2,"href":"https:\/\/reikigreybook.com\/pl\/wp-json\/wp\/v2\/pages\/9905\/revisions"}],"predecessor-version":[{"id":9945,"href":"https:\/\/reikigreybook.com\/pl\/wp-json\/wp\/v2\/pages\/9905\/revisions\/9945"}],"up":[{"embeddable":true,"href":"https:\/\/reikigreybook.com\/pl\/wp-json\/wp\/v2\/pages\/9675"}],"wp:attachment":[{"href":"https:\/\/reikigreybook.com\/pl\/wp-json\/wp\/v2\/media?parent=9905"}],"curies":[{"name":"wp","href":"https:\/\/api.w.org\/{rel}","templated":true}]}}