{"id":9907,"date":"2021-05-09T04:44:54","date_gmt":"2021-05-09T04:44:54","guid":{"rendered":"https:\/\/reikigreybook.com\/zrodla\/potezna-sila\/"},"modified":"2024-08-26T19:10:52","modified_gmt":"2024-08-26T19:10:52","slug":"potezna-sila","status":"publish","type":"page","link":"https:\/\/reikigreybook.com\/pl\/zrodla\/potezna-sila\/","title":{"rendered":"Pot\u0119\u017cna si\u0142a"},"content":{"rendered":"\n<h4 class=\"wp-block-heading\">napisana przez Brian Brunius<\/h4>\n\n<div class=\"wp-block-media-text alignwide is-stacked-on-mobile\" style=\"grid-template-columns:24% auto\"><figure class=\"wp-block-media-text__media\"><img decoding=\"async\" width=\"150\" height=\"175\" src=\"https:\/\/reikigreybook.com\/wp-content\/uploads\/2021\/05\/Photo-of-Brian-Brunius.png\" alt=\"Zdj\u0119cie Briana Bruniusa\" class=\"wp-image-599 size-full\"\/><\/figure><div class=\"wp-block-media-text__content\">\n<p>Dwadzie\u015bcia sze\u015b\u0107 lat temu m\u00f3j instruktor Reiki, John Harvey Gray, trzyma\u0142 w klasie sw\u00f3j jedyny egzemplarz Szarej Ksi\u0119gi. By\u0142 dla niego tak cenny, \u017ce nie pozwoli\u0142 nam, studentom, go dotkn\u0105\u0107. T\u0142oczyli\u015bmy si\u0119 wok\u00f3\u0142 niego, pr\u00f3buj\u0105c dobrze przyjrze\u0107 si\u0119 ksi\u0105\u017cce , podczas gdy on ostro\u017cnie przewraca\u0142 jej strony. Poczu\u0142em, \u017ce przyci\u0105ga mnie do tej ksi\u0105\u017cki dziwna moc, kt\u00f3r\u0105 dopiero zacz\u0105\u0142em uczy\u0107 si\u0119 wyczuwa\u0107 i nazywa\u0107 \u201eReiki\u201d. Szara Ksi\u0119ga, kt\u00f3r\u0105 trzyma\u0142 John, wyda\u0142a mi si\u0119 r\u00f3wnie pot\u0119\u017cna, jak inicjacje, kt\u00f3rych udziela\u0142 ka\u017cdego dnia na zaj\u0119ciach.<\/p>\n<\/div><\/div>\n\n<div style=\"height:25px\" aria-hidden=\"true\" class=\"wp-block-spacer\"><\/div>\n\n<p>Niewielki tom licz\u0105cy oko\u0142o 75 stron, kt\u00f3rego zawarto\u015b\u0107 zosta\u0142a zaczerpni\u0119ta z dokument\u00f3w Reiki Hawayo Takaty i opracowana po jej \u015bmierci przez jej c\u00f3rk\u0119, Alice Takat\u0119 Furumoto. W 1982 roku Alice wydrukowa\u0142a 100 egzemplarzy tej ksi\u0105\u017cki. Na ok\u0142adce widnia\u0142y jedynie dwa japo\u0144skie znaki kanji, Rei i Ki, wydrukowane czarnym tuszem na szarym lnianym papierze. To w\u0142a\u015bnie ten szary papier i brak oczywistego angielskiego tytu\u0142u sprawi\u0142y, \u017ce ksi\u0105\u017ck\u0119 nazwano \u201eSzara Ksi\u0119g\u0105\u201d.<\/p>\n\n<p>Na ko\u0144cu ksi\u0105\u017cki znajdowa\u0142a si\u0119 strona podpisana przez Alice Takat\u0119 Furumoto czym\u015b, co wygl\u0105da\u0142o jak czarny pisak. Strona zosta\u0142a imponuj\u0105co post\u0119plowana trzema japo\u0144skimi piecz\u0119ciami. John przeczyta\u0142 nam na g\u0142os: \u201eNie mo\u017cna zaprzeczy\u0107 dziedzictwu pozostawionemu Phyllis\u201d.<br\/> Tymi s\u0142owami zacz\u0105\u0142 opowiada\u0107 swoj\u0105 histori\u0119 o Phyllis Lei Furumoto, sw\u00f3j udzia\u0142 w uznaniu Phyllis za spodkobierc\u0119 linii Hawayo Takaty i za\u0142o\u017ceniu Przymierza Reiki,stowarzyszenia Mistrz\u00f3w, kt\u00f3re mog\u0142oby wspiera\u0107 jej rozw\u00f3j.<\/p>\n\n<p>W 2017 roku uczestniczy\u0142em z Phyllis w warsztatach w Arizonie. Podczas intensywnej wymiany zda\u0144 mi\u0119dzy nami na temat \u201epojednania\u201d si\u0119gn\u0119\u0142a do szuflady biurka i wyci\u0105gn\u0119\u0142a cztery pozosta\u0142e egzemplarze Szarej Ksi\u0119gi,a\u017c zamiem\u00f3wi\u0142em z wra\u017cenia. Wyja\u015bni\u0142a, \u017ce ze 100 oryginalnych kopii 21 zosta\u0142o podpisanych, ostemplowanych i wys\u0142anych do Mistrz\u00f3w Reiki inicjowanych i uznanych przez Hawayo Takat\u0119. Pozosta\u0142e 79 egzemplarzy przekazano Phyllis. Niekt\u00f3re na przestrzeni lat podarowa\u0142a przyjacio\u0142om lub uczniom Reiki; do 2017 roku pozosta\u0142y tylko te cztery egzemplarze. I nie, nikt z nas nie m\u00f3g\u0142 mie\u0107 takiej ksi\u0105\u017cki, ale obieca\u0142a, \u017ce \u201eju\u017c wkr\u00f3tce\u201d przedrukuje ksi\u0105\u017ck\u0119 z japo\u0144skim t\u0142umaczeniem. Reszt\u0119 dnia sp\u0119dzi\u0142a rozmawiaj\u0105c o pojednaniu w Reiki i swoim pragnieniu naprawienia niezamierzonych negatywnych konsekwencji przesz\u0142ych wybor\u00f3w.<\/p>\n\n<p>Szara Ksi\u0119ga jest \u0142\u0105cznikiem z przesz\u0142o\u015bci\u0105, kt\u00f3ra wydaje si\u0119 zar\u00f3wno obca, jak i dawna ,jest pomostem pomi\u0119dzy zaj\u0119ciami Reiki Chujiro Hayashi w Japonii i na Hawajach, a uczniami Reiki, kt\u00f3rzy prawie 90 lat p\u00f3\u017aniej rozprzestrzenili si\u0119 na ca\u0142y \u015bwiat. 21 podpisanych i ostemplowanych egzemplarzy Szarej Ksi\u0119gi nada\u0142o autorytet i autentyczno\u015b\u0107 tym, kt\u00f3rzy je pierwotnie otrzymali. Pomimo \u017ce odziedziczyli wiele po Sensei Takacie, ksi\u0105\u017cka by\u0142a jednym z niewielu namacalnych obiekt\u00f3w. Mam nadziej\u0119, \u017ce dzi\u0119ki szerokiemu udost\u0119pnieniu tej rzadkiej ksi\u0105\u017cki, \u015bwiat\u0142o przekazane przez Chujiro Hayashiego Hawayo Takacie potem Phyllis Lei Furumoto, a z niej Johannesowi Reindl i globalnym spo\u0142eczno\u015bciom Reiki, kt\u00f3re uczy\u0142a , mentorowa\u0142a i o\u017cywia\u0142a, teraz dotrze do wszystkich, kt\u00f3rzy pragn\u0105 zosta\u0107 uczniami Reiki i zostan\u0105 poprowadzeni w podr\u00f3\u017c ku byciem Reiki.<\/p>\n\n<p class=\"has-text-align-right\">~Brian Brunius<br\/>New York City<br\/>Marzec 31, 2021<\/p>\n\n<div style=\"height:100px\" aria-hidden=\"true\" class=\"wp-block-spacer\"><\/div>\n","protected":false},"excerpt":{"rendered":"<p>napisana przez Brian Brunius Dwadzie\u015bcia sze\u015b\u0107 lat temu m\u00f3j instruktor Reiki, John Harvey Gray, trzyma\u0142 w klasie sw\u00f3j jedyny egzemplarz Szarej Ksi\u0119gi. By\u0142 dla niego tak cenny, \u017ce nie pozwoli\u0142 nam, studentom, go dotkn\u0105\u0107. T\u0142oczyli\u015bmy si\u0119 wok\u00f3\u0142 niego, pr\u00f3buj\u0105c dobrze przyjrze\u0107 si\u0119 ksi\u0105\u017cce , podczas gdy on ostro\u017cnie przewraca\u0142 jej strony. Poczu\u0142em, \u017ce przyci\u0105ga mnie [&hellip;]<\/p>\n","protected":false},"author":1,"featured_media":0,"parent":9675,"menu_order":0,"comment_status":"closed","ping_status":"closed","template":"","meta":{"footnotes":""},"class_list":["post-9907","page","type-page","status-publish","hentry"],"_links":{"self":[{"href":"https:\/\/reikigreybook.com\/pl\/wp-json\/wp\/v2\/pages\/9907","targetHints":{"allow":["GET"]}}],"collection":[{"href":"https:\/\/reikigreybook.com\/pl\/wp-json\/wp\/v2\/pages"}],"about":[{"href":"https:\/\/reikigreybook.com\/pl\/wp-json\/wp\/v2\/types\/page"}],"author":[{"embeddable":true,"href":"https:\/\/reikigreybook.com\/pl\/wp-json\/wp\/v2\/users\/1"}],"replies":[{"embeddable":true,"href":"https:\/\/reikigreybook.com\/pl\/wp-json\/wp\/v2\/comments?post=9907"}],"version-history":[{"count":2,"href":"https:\/\/reikigreybook.com\/pl\/wp-json\/wp\/v2\/pages\/9907\/revisions"}],"predecessor-version":[{"id":9946,"href":"https:\/\/reikigreybook.com\/pl\/wp-json\/wp\/v2\/pages\/9907\/revisions\/9946"}],"up":[{"embeddable":true,"href":"https:\/\/reikigreybook.com\/pl\/wp-json\/wp\/v2\/pages\/9675"}],"wp:attachment":[{"href":"https:\/\/reikigreybook.com\/pl\/wp-json\/wp\/v2\/media?parent=9907"}],"curies":[{"name":"wp","href":"https:\/\/api.w.org\/{rel}","templated":true}]}}