{"id":9909,"date":"2021-05-13T00:20:15","date_gmt":"2021-05-13T00:20:15","guid":{"rendered":"https:\/\/reikigreybook.com\/zrodla\/mala-opowiesc-o-szarej-ksiedze\/"},"modified":"2024-08-27T14:32:52","modified_gmt":"2024-08-27T14:32:52","slug":"mala-opowiesc-o-szarej-ksiedze","status":"publish","type":"page","link":"https:\/\/reikigreybook.com\/pl\/zrodla\/mala-opowiesc-o-szarej-ksiedze\/","title":{"rendered":"Ma\u0142a opowie\u015b\u0107 o Szarej Ksi\u0119dze"},"content":{"rendered":"\n<h4 class=\"wp-block-heading\">napisane przez Paula Mitchella<\/h4>\n\n<div class=\"wp-block-media-text alignwide is-stacked-on-mobile\" style=\"grid-template-columns:24% auto\"><figure class=\"wp-block-media-text__media\"><img fetchpriority=\"high\" decoding=\"async\" width=\"377\" height=\"436\" src=\"https:\/\/reikigreybook.com\/wp-content\/uploads\/2021\/05\/paul-mitchell.png\" alt=\"\" class=\"wp-image-1769 size-full\" srcset=\"https:\/\/reikigreybook.com\/wp-content\/uploads\/2021\/05\/paul-mitchell.png 377w, https:\/\/reikigreybook.com\/wp-content\/uploads\/2021\/05\/paul-mitchell-259x300.png 259w\" sizes=\"(max-width: 377px) 100vw, 377px\" \/><\/figure><div class=\"wp-block-media-text__content\">\n<p>Kiedy w 1979 r. zosta\u0142em inicjowany na mistrza Reiki przez Hawayo Takat\u0119, pozwoli\u0142a mi ona z czasem uzupe\u0142ni\u0107 op\u0142at\u0119 mistrzowsk\u0105. Wraz z jej \u015bmierci\u0105 w grudniu 1980 roku wyda\u0142o mi si\u0119 rozs\u0105dne przekazanie p\u0142atno\u015bci jej c\u00f3rce, Alice Furumoto, jako beneficjentce maj\u0105tku Takaty Sensei.<\/p>\n\n\n\n<p>Uznaj\u0105c Phyllis Furumoto za nast\u0119pczyni\u0119 Wielkiej mistrzyni Hawayo Takaty, nigdy nie przysz\u0142o mi do g\u0142owy, aby j\u0105 sp\u0142aci\u0107 .<\/p>\n<\/div><\/div>\n\n<div class=\"wp-block-group\"><div class=\"wp-block-group__inner-container is-layout-flow wp-block-group-is-layout-flow\">\n<div style=\"height:25px\" aria-hidden=\"true\" class=\"wp-block-spacer\"><\/div>\n<\/div><\/div>\n\n<p>Kiedy w 1982 roku otrzyma\u0142em Szar\u0105 Ksi\u0119g\u0119 od Alicji, by\u0142em poruszony jej pi\u0119knem i tym, jak cenny by\u0142 to prezent. By\u0142em bardzo wdzi\u0119czny, gdy Alice pozwoli\u0142a mi wykorzysta\u0107 cz\u0119\u015b\u0107 tre\u015bci w broszurze studenckiej, kt\u00f3r\u0105 podarowa\u0142em Reiki Alliance -Przymierzowi Reiki<\/p>\n\n<p>Kilka lat p\u00f3\u017aniej Alice zadzwoni\u0142a i powiedzia\u0142a, \u017cebym wys\u0142a\u0142 Phyllis ostatnie p\u0142atno\u015bci. Kiedy rozmawia\u0142am o tym z Phyllis, powiedzia\u0142a mi, \u017ce pieni\u0105dze, kt\u00f3re wys\u0142a\u0142em jej matce, sfinansowa\u0142y produkcj\u0119 Szarej Ksi\u0119gi. Mia\u0142em zaszczyt si\u0119 tego dowiedzie\u0107.<\/p>\n\n<p>Na ko\u0144cu ksi\u0105\u017cki znajduje si\u0119 lista 21 mistrz\u00f3w inicjowanych przez Takat\u0119. Wiedzia\u0142em, \u017ce brakuje jednej osoby, George&#8217;a Arakiego. Phyllis powiedzia\u0142a mi p\u00f3\u017aniej, \u017ce jej matka nie uwzgl\u0119dni\u0142a George&#8217;a, poniewa\u017c nie by\u0142o \u017cadnych zapis\u00f3w potwierdzaj\u0105cych, \u017ce ui\u015bci\u0142 on op\u0142at\u0119 mistrzowsk\u0105. To by\u0142 jeden ze sposob\u00f3w, w jaki Alice ustali\u0142a, kogo uzna\u0142a Takata Sensei.<\/p>\n\n<p>.George Araki i ja poszli\u015bmy razem poprosi\u0107 Takat\u0119 Sensei, aby przyj\u0119\u0142a nas na kandydat\u00f3w na mistrz\u00f3w. Ona zaakceptowa\u0142a nas razem i razem nas szkoli\u0142a. Jako profesor i wsp\u00f3\u0142za\u0142o\u017cyciel Wydzia\u0142u Interdyscyplinarnych Studi\u00f3w Naukowych na Uniwersytecie Stanowym w San Francisco, George prowadzi\u0142 badania nad uzdrawianiem. Jego badania by\u0142y wymian\u0105, na kt\u00f3r\u0105 on i Takata zgodzili si\u0119 w ramach swojej mistrzowskiej inicjacji. Nie wiedz\u0105c o tym, Alicja nie umie\u015bci\u0142a go na li\u015bcie mistrz\u00f3w.<\/p>\n\n<p>Kiedy otrzymali\u015bmy nasze Szare Ksi\u0119gi, byli\u015bmy zaskoczeni. Wiedzieli\u015bmy, \u017ce George by\u0142 jednym z mistrz\u00f3w Hawayo Takaty i znajdowa\u0142 si\u0119 na naszej li\u015bcie.<\/p>\n\n<p class=\"has-text-align-right\">~Paul Mitchell<br\/>Kellogg, ID<br\/>March 30, 2021<\/p>\n\n<div style=\"height:100px\" aria-hidden=\"true\" class=\"wp-block-spacer\"><\/div>\n","protected":false},"excerpt":{"rendered":"<p>napisane przez Paula Mitchella Kiedy w 1979 r. zosta\u0142em inicjowany na mistrza Reiki przez Hawayo Takat\u0119, pozwoli\u0142a mi ona z czasem uzupe\u0142ni\u0107 op\u0142at\u0119 mistrzowsk\u0105. Wraz z jej \u015bmierci\u0105 w grudniu 1980 roku wyda\u0142o mi si\u0119 rozs\u0105dne przekazanie p\u0142atno\u015bci jej c\u00f3rce, Alice Furumoto, jako beneficjentce maj\u0105tku Takaty Sensei. Uznaj\u0105c Phyllis Furumoto za nast\u0119pczyni\u0119 Wielkiej mistrzyni Hawayo [&hellip;]<\/p>\n","protected":false},"author":1,"featured_media":0,"parent":9675,"menu_order":0,"comment_status":"closed","ping_status":"closed","template":"","meta":{"footnotes":""},"class_list":["post-9909","page","type-page","status-publish","hentry"],"_links":{"self":[{"href":"https:\/\/reikigreybook.com\/pl\/wp-json\/wp\/v2\/pages\/9909","targetHints":{"allow":["GET"]}}],"collection":[{"href":"https:\/\/reikigreybook.com\/pl\/wp-json\/wp\/v2\/pages"}],"about":[{"href":"https:\/\/reikigreybook.com\/pl\/wp-json\/wp\/v2\/types\/page"}],"author":[{"embeddable":true,"href":"https:\/\/reikigreybook.com\/pl\/wp-json\/wp\/v2\/users\/1"}],"replies":[{"embeddable":true,"href":"https:\/\/reikigreybook.com\/pl\/wp-json\/wp\/v2\/comments?post=9909"}],"version-history":[{"count":4,"href":"https:\/\/reikigreybook.com\/pl\/wp-json\/wp\/v2\/pages\/9909\/revisions"}],"predecessor-version":[{"id":9949,"href":"https:\/\/reikigreybook.com\/pl\/wp-json\/wp\/v2\/pages\/9909\/revisions\/9949"}],"up":[{"embeddable":true,"href":"https:\/\/reikigreybook.com\/pl\/wp-json\/wp\/v2\/pages\/9675"}],"wp:attachment":[{"href":"https:\/\/reikigreybook.com\/pl\/wp-json\/wp\/v2\/media?parent=9909"}],"curies":[{"name":"wp","href":"https:\/\/api.w.org\/{rel}","templated":true}]}}