{"id":9720,"date":"2021-06-15T00:32:01","date_gmt":"2021-06-15T00:32:01","guid":{"rendered":"https:\/\/reikigreybook.com\/contribute\/darowizny\/"},"modified":"2024-06-27T13:54:40","modified_gmt":"2024-06-27T13:54:40","slug":"darowizny","status":"publish","type":"product","link":"https:\/\/reikigreybook.com\/pl\/contribute\/darowizny\/","title":{"rendered":"Zam\u00f3w jeden egzemplarz"},"content":{"rendered":"","protected":false},"excerpt":{"rendered":"<p>Za darowizn\u0119 w wysoko\u015bci 73 USD lub wi\u0119cej otrzymasz dok\u0142adn\u0105 replik\u0119 oryginalnej <em>Szarej Ksi\u0119gi<\/em>, wydrukowanej w j\u0119zyku angielskim, z Przewodnikiem terapeutycznym Hayashi w j\u0119zyku japo\u0144skim. Oryginalne wydanie z 1982 r. zosta\u0142o z grubsza zmontowane z reprodukcjami zdj\u0119\u0107 z gazet Takaty po jej \u015bmierci. Ta limitowana edycja w 2022 r. zosta\u0142a wydrukowana na tym samym papierze w dok\u0142adnej skali, co oryginalne 100 egzemplarzy.<\/p>\n<p>Wszystkie t\u0142umaczenia ca\u0142ej ksi\u0105\u017cki s\u0105 dost\u0119pne do bezp\u0142atnego przeczytania na tej stronie. Japo\u0144ska cz\u0119\u015b\u0107 ksi\u0105\u017cki zosta\u0142a r\u00f3wnie\u017c przet\u0142umaczona na wszystkie oferowane tutaj j\u0119zyki.<\/p>\n<p>W zale\u017cno\u015bci od kraju, po otrzymaniu egzemplarza ksi\u0105\u017cki mo\u017cesz zosta\u0107 poproszony o zap\u0142acenie niewielkiej kwoty podatku VAT. Twoja darowizna umo\u017cliwi nam dystrybucj\u0119 ksi\u0105\u017cki w\u015br\u00f3d ludzi na ca\u0142ym \u015bwiecie. Naszym celem w ramach projektu jest wzajemne wspieranie si\u0119 i wyr\u00f3wnanie naszego wsp\u00f3lnego wk\u0142adu w ten projekt.<\/p>\n","protected":false},"featured_media":8004,"template":"","meta":[],"product_brand":[],"product_cat":[135],"product_tag":[],"class_list":{"0":"post-9720","1":"product","2":"type-product","3":"status-publish","4":"has-post-thumbnail","6":"product_cat-zdobadz-kopie","7":"product_shipping_class-donation-shipping-class-pl","9":"first","10":"instock","11":"sold-individually","12":"taxable","13":"purchasable","14":"product-type-donation"},"_links":{"self":[{"href":"https:\/\/reikigreybook.com\/pl\/wp-json\/wp\/v2\/product\/9720","targetHints":{"allow":["GET"]}}],"collection":[{"href":"https:\/\/reikigreybook.com\/pl\/wp-json\/wp\/v2\/product"}],"about":[{"href":"https:\/\/reikigreybook.com\/pl\/wp-json\/wp\/v2\/types\/product"}],"wp:featuredmedia":[{"embeddable":true,"href":"https:\/\/reikigreybook.com\/pl\/wp-json\/wp\/v2\/media\/8004"}],"wp:attachment":[{"href":"https:\/\/reikigreybook.com\/pl\/wp-json\/wp\/v2\/media?parent=9720"}],"wp:term":[{"taxonomy":"product_brand","embeddable":true,"href":"https:\/\/reikigreybook.com\/pl\/wp-json\/wp\/v2\/product_brand?post=9720"},{"taxonomy":"product_cat","embeddable":true,"href":"https:\/\/reikigreybook.com\/pl\/wp-json\/wp\/v2\/product_cat?post=9720"},{"taxonomy":"product_tag","embeddable":true,"href":"https:\/\/reikigreybook.com\/pl\/wp-json\/wp\/v2\/product_tag?post=9720"}],"curies":[{"name":"wp","href":"https:\/\/api.w.org\/{rel}","templated":true}]}}