{"id":9846,"date":"2024-06-20T08:11:49","date_gmt":"2024-06-20T08:11:49","guid":{"rendered":"https:\/\/reikigreybook.com\/contribute\/zamowienia-zbiorcze\/"},"modified":"2025-07-01T00:12:31","modified_gmt":"2025-07-01T00:12:31","slug":"zamowienia-zbiorcze","status":"publish","type":"product","link":"https:\/\/reikigreybook.com\/pl\/contribute\/zamowienia-zbiorcze\/","title":{"rendered":"Zam\u00f3wienia zbiorcze"},"content":{"rendered":"","protected":false},"excerpt":{"rendered":"<p>Tutaj mo\u017cesz zam\u00f3wi\u0107 wiele kopii <em>Reiki: Szara Ksi\u0119ga. <\/em> W przypadku zam\u00f3wienia wielu egzemplarzy koszt wysy\u0142ki jest obni\u017cony, co skutkuje znacznymi oszcz\u0119dno\u015bciami. Poni\u017csze opcje dotycz\u0105 2, 5 i 10 kopii ksi\u0105\u017cki. 102 \/ 5,000 Je\u015bli potrzebujesz innej liczby ksi\u0105\u017cek, wy\u015blij e-mail na adres <a href=\"mailto:info@ReikiGreyBook.com\">info@ReikiGreyBook.com<\/a>, aby uzyska\u0107 wycen\u0119. W zale\u017cno\u015bci od kraju, przy odbiorze egzemplarzy ksi\u0105\u017cki mo\u017cesz zosta\u0107 poproszony o zap\u0142acenie niewielkiej kwoty podatku VAT.<\/p>\n","protected":false},"featured_media":9817,"template":"","meta":[],"product_brand":[],"product_cat":[199],"product_tag":[],"class_list":{"0":"post-9846","1":"product","2":"type-product","3":"status-publish","4":"has-post-thumbnail","6":"product_cat-zdobadz-wiele-kopii","8":"first","9":"instock","10":"purchasable","11":"product-type-variable"},"_links":{"self":[{"href":"https:\/\/reikigreybook.com\/pl\/wp-json\/wp\/v2\/product\/9846","targetHints":{"allow":["GET"]}}],"collection":[{"href":"https:\/\/reikigreybook.com\/pl\/wp-json\/wp\/v2\/product"}],"about":[{"href":"https:\/\/reikigreybook.com\/pl\/wp-json\/wp\/v2\/types\/product"}],"wp:featuredmedia":[{"embeddable":true,"href":"https:\/\/reikigreybook.com\/pl\/wp-json\/wp\/v2\/media\/9817"}],"wp:attachment":[{"href":"https:\/\/reikigreybook.com\/pl\/wp-json\/wp\/v2\/media?parent=9846"}],"wp:term":[{"taxonomy":"product_brand","embeddable":true,"href":"https:\/\/reikigreybook.com\/pl\/wp-json\/wp\/v2\/product_brand?post=9846"},{"taxonomy":"product_cat","embeddable":true,"href":"https:\/\/reikigreybook.com\/pl\/wp-json\/wp\/v2\/product_cat?post=9846"},{"taxonomy":"product_tag","embeddable":true,"href":"https:\/\/reikigreybook.com\/pl\/wp-json\/wp\/v2\/product_tag?post=9846"}],"curies":[{"name":"wp","href":"https:\/\/api.w.org\/{rel}","templated":true}]}}