{"id":2633,"date":"2021-05-09T04:34:20","date_gmt":"2021-05-09T04:34:20","guid":{"rendered":"https:\/\/reikigreybook.com\/photos\/"},"modified":"2021-08-11T05:21:57","modified_gmt":"2021-08-11T05:21:57","slug":"photos","status":"publish","type":"page","link":"https:\/\/reikigreybook.com\/pt-br\/the-grey-book\/photos\/","title":{"rendered":"Fotos"},"content":{"rendered":"\n<div class=\"wp-block-image\"><figure class=\"aligncenter size-large\"><img fetchpriority=\"high\" decoding=\"async\" width=\"600\" height=\"862\" src=\"https:\/\/reikigreybook.com\/wp-content\/uploads\/2021\/06\/Photo-of-Usui-Sensei-from-Grey-Book.png\" alt=\"Foto de Mikao Usui Sensei de 1937, no Hava\u00ed, impressa em Reiki: O Livro Cinza, direitos autorais 1982 e 2022\" class=\"wp-image-1945\" srcset=\"https:\/\/reikigreybook.com\/wp-content\/uploads\/2021\/06\/Photo-of-Usui-Sensei-from-Grey-Book.png 600w, https:\/\/reikigreybook.com\/wp-content\/uploads\/2021\/06\/Photo-of-Usui-Sensei-from-Grey-Book-209x300.png 209w\" sizes=\"(max-width: 600px) 100vw, 600px\" \/><figcaption><strong>USUI SENSEI<\/strong><\/figcaption><\/figure><\/div>\n\n\n\n<div class=\"wp-block-image\"><figure class=\"aligncenter size-large\"><img decoding=\"async\" width=\"600\" height=\"862\" src=\"https:\/\/reikigreybook.com\/wp-content\/uploads\/2021\/06\/Photo-of-Hayashi-Sensei-from-Grey-Book.png\" alt=\"Photo of Chujiro Hayashi Sensei from 1937 in Hawaii printed in Reiki: The Grey Book, copyright 1982 and 2022\" class=\"wp-image-1937\" srcset=\"https:\/\/reikigreybook.com\/wp-content\/uploads\/2021\/06\/Photo-of-Hayashi-Sensei-from-Grey-Book.png 600w, https:\/\/reikigreybook.com\/wp-content\/uploads\/2021\/06\/Photo-of-Hayashi-Sensei-from-Grey-Book-209x300.png 209w\" sizes=\"(max-width: 600px) 100vw, 600px\" \/><figcaption><strong>&#8220;HAYASHI SENSEI &#8211; VISITA AO HAVA\u00cd 1938&#8221;<\/strong><\/figcaption><\/figure><\/div>\n\n\n\n<div class=\"wp-block-image\"><figure class=\"aligncenter size-large\"><img decoding=\"async\" width=\"600\" height=\"828\" src=\"https:\/\/reikigreybook.com\/wp-content\/uploads\/2021\/06\/Photo-of-Takata-Sensei-from-Grey-Book.png\" alt=\"Foto de Hawayo Takata Sensei de 1937, no Hava\u00ed, impressa em Reiki: O Livro Cinza, direitos autorais 1982 e 2022\" class=\"wp-image-1929\" srcset=\"https:\/\/reikigreybook.com\/wp-content\/uploads\/2021\/06\/Photo-of-Takata-Sensei-from-Grey-Book.png 600w, https:\/\/reikigreybook.com\/wp-content\/uploads\/2021\/06\/Photo-of-Takata-Sensei-from-Grey-Book-217x300.png 217w\" sizes=\"(max-width: 600px) 100vw, 600px\" \/><figcaption><strong>TAKATA SENSEI 1938<\/strong><\/figcaption><\/figure><\/div>\n\n\n\n<div class=\"wp-block-image\"><figure class=\"aligncenter size-large\"><img loading=\"lazy\" decoding=\"async\" width=\"825\" height=\"600\" src=\"https:\/\/reikigreybook.com\/wp-content\/uploads\/2021\/06\/Photo-Reiki-Ryoho-Kai-from-Grey-Book.png\" alt=\"Foto de Reiki Ryoho Kai, com Hawayo Takata e Chujiro Hayashi no Hava\u00ed, em Reiki: O Livro Cinza, direitos autorais 1982 e 2022\" class=\"wp-image-1921\" srcset=\"https:\/\/reikigreybook.com\/wp-content\/uploads\/2021\/06\/Photo-Reiki-Ryoho-Kai-from-Grey-Book.png 825w, https:\/\/reikigreybook.com\/wp-content\/uploads\/2021\/06\/Photo-Reiki-Ryoho-Kai-from-Grey-Book-600x436.png 600w, https:\/\/reikigreybook.com\/wp-content\/uploads\/2021\/06\/Photo-Reiki-Ryoho-Kai-from-Grey-Book-300x218.png 300w, https:\/\/reikigreybook.com\/wp-content\/uploads\/2021\/06\/Photo-Reiki-Ryoho-Kai-from-Grey-Book-768x559.png 768w\" sizes=\"(max-width: 825px) 100vw, 825px\" \/><figcaption><strong>REIKI RYHO HO KAI 1937<\/strong><\/figcaption><\/figure><\/div>\n\n\n\n<div style=\"height:15px\" aria-hidden=\"true\" class=\"wp-block-spacer\"><\/div>\n\n\n\n<hr class=\"wp-block-separator is-style-wide\"\/>\n\n\n\n<div class=\"wp-block-group has-black-color has-text-color has-background\" style=\"background-color:#faf8ed\"><div class=\"wp-block-group__inner-container is-layout-flow wp-block-group-is-layout-flow\">\n<h3 class=\"has-text-align-center wp-block-heading\">Perspectivas Hist\u00f3ricas<\/h3>\n\n\n\n<p>\u2022 A \u00faltima foto mostra Takata fazendo uma demonstra\u00e7\u00e3o de Reiki no Hall da Associa\u00e7\u00e3o Budista dos Jovens, em Honolulu, em fevereiro de 1938. Para mais informa\u00e7\u00f5es sobre estas fotos, ver Justin Stein: &#8220;<a href=\"https:\/\/reikigreybook.com\/pt-br\/resources\/o-livro-cinza-e-a-historia-de-reiki\/\">O Livro Cinza e a Hist\u00f3ria de Reiki<\/a>.&#8221;<\/p>\n\n\n\n<p>\u2022 Para saber mais sobre a tradi\u00e7\u00e3o da linhagem espiritual, ler &#8220;<a href=\"https:\/\/reikigreybook.com\/pt-br\/resources\/o-misterio-da-linhagem-espiritual\/\">O Mist\u00e9rio da Linhagem Espiritual <\/a>&#8221; de Joyce Winough e &#8220;<a href=\"https:\/\/reikigreybook.com\/pt-br\/resources\/viver-no-desconhecido\/\" data-type=\"page\">Viver o Desconhecido<\/a>&#8221; de Susan Mitchell.<\/p>\n<\/div><\/div>\n\n\n\n<hr class=\"wp-block-separator is-style-wide\"\/>\n\n\n\n<div style=\"height:100px\" aria-hidden=\"true\" class=\"wp-block-spacer\"><\/div>\n","protected":false},"excerpt":{"rendered":"<p>Perspectivas Hist\u00f3ricas \u2022 A \u00faltima foto mostra Takata fazendo uma demonstra\u00e7\u00e3o de Reiki no Hall da Associa\u00e7\u00e3o Budista dos Jovens, em Honolulu, em fevereiro de 1938. Para mais informa\u00e7\u00f5es sobre estas fotos, ver Justin Stein: &#8220;O Livro Cinza e a Hist\u00f3ria de Reiki.&#8221; \u2022 Para saber mais sobre a tradi\u00e7\u00e3o da linhagem espiritual, ler &#8220;O [&hellip;]<\/p>\n","protected":false},"author":1,"featured_media":0,"parent":6721,"menu_order":4,"comment_status":"closed","ping_status":"closed","template":"","meta":{"footnotes":""},"class_list":["post-2633","page","type-page","status-publish","hentry"],"_links":{"self":[{"href":"https:\/\/reikigreybook.com\/pt-br\/wp-json\/wp\/v2\/pages\/2633","targetHints":{"allow":["GET"]}}],"collection":[{"href":"https:\/\/reikigreybook.com\/pt-br\/wp-json\/wp\/v2\/pages"}],"about":[{"href":"https:\/\/reikigreybook.com\/pt-br\/wp-json\/wp\/v2\/types\/page"}],"author":[{"embeddable":true,"href":"https:\/\/reikigreybook.com\/pt-br\/wp-json\/wp\/v2\/users\/1"}],"replies":[{"embeddable":true,"href":"https:\/\/reikigreybook.com\/pt-br\/wp-json\/wp\/v2\/comments?post=2633"}],"version-history":[{"count":5,"href":"https:\/\/reikigreybook.com\/pt-br\/wp-json\/wp\/v2\/pages\/2633\/revisions"}],"predecessor-version":[{"id":4353,"href":"https:\/\/reikigreybook.com\/pt-br\/wp-json\/wp\/v2\/pages\/2633\/revisions\/4353"}],"up":[{"embeddable":true,"href":"https:\/\/reikigreybook.com\/pt-br\/wp-json\/wp\/v2\/pages\/6721"}],"wp:attachment":[{"href":"https:\/\/reikigreybook.com\/pt-br\/wp-json\/wp\/v2\/media?parent=2633"}],"curies":[{"name":"wp","href":"https:\/\/api.w.org\/{rel}","templated":true}]}}