{"id":3428,"date":"2021-05-09T02:59:04","date_gmt":"2021-05-09T02:59:04","guid":{"rendered":"https:\/\/reikigreybook.com\/the-grey-book\/takatas-diary-entries\/"},"modified":"2022-11-15T15:25:01","modified_gmt":"2022-11-15T15:25:01","slug":"takatas-diary-entries","status":"publish","type":"page","link":"https:\/\/reikigreybook.com\/pt-br\/the-grey-book\/takatas-diary-entries\/","title":{"rendered":"Entradas no Di\u00e1rio de Takata"},"content":{"rendered":"\n<p>10 de dezembro de 1935<\/p>\n\n<p id=\"_up\">O significado da Energia &#8220;Leiki&#8221; em cada um, quando concentrada e aplicada em um paciente, cura todas as doen\u00e7as. \u00c9 a maior cura da natureza, que n\u00e3o precisa de rem\u00e9dios. Ajuda em todos os aspectos, vida humana &amp; animal. Para se concentrar, deve-se purificar os pensamentos em palavras &amp; em pensamentos &amp; meditar para deixar que a &#8220;energia&#8221; venha de dentro. Encontra-se abaixo do seu est\u00f4mago a cerca de 5 cms. abaixo do umbigo. Sente-se em uma posi\u00e7\u00e3o confort\u00e1vel, feche os olhos, concentre-se nos seus pensamentos &amp; relaxe, junte as suas m\u00e3os &amp; espere pelo sinal. Suave &amp; gentilmente coloque as m\u00e3os come\u00e7ando pela cabe\u00e7a <sup><a href=\"#_1\" data-type=\"internal\" data-id=\"#_1\">[1]<\/a><\/sup> para baixo. O paciente que est\u00e1 prestes a receber este tratamento deve, purificar os seus pensamentos, sentir-se confort\u00e1vel e desejar ficar bem. N\u00e3o se deve esquecer de sentir gratid\u00e3o. Gratid\u00e3o \u00e9 a grande cura para a mente. Em todos os casos, o paciente pode ser diagnosticado simplesmente pelo toque da m\u00e3o.<\/p>\n\n<hr class=\"wp-block-separator is-style-wide\"\/>\n\n<p><\/p>\n\n<p>2 de abril de 1936<\/p>\n\n<p>Pai estava doente com resfriado e cansado. Dei-lhe um tratamento e ele foi capaz de fazer exame no dia <sup>7<\/sup> e voltar no dia <sup>10<\/sup> para Kauai. Depois de v\u00ea-los partir, voltei ok com Julia para a casa da Sra. Hayashi. Foram t\u00e3o simp\u00e1ticos e me imploraram para ficar com eles assim, desde aquela noite, estou hospedada aqui. Este deve ter sido meu dia de sorte, penso. Adquiri tanto conhecimento relacionado aos tratamentos que me percebo vendo pacientes naturalmente. Fui curar duas meninas de Baron Toku 2 dias e elas se curaram, a Sra. Harazawa no Hospital Keio, todas as noites \u00e0s 19:30 &#8211; tratamento depois da opera\u00e7\u00e3o &#8211; ela nota que \u00e9 muito bom e r\u00e1pida recupera\u00e7\u00e3o. No escrit\u00f3rio em casa os pacientes come\u00e7am a aumentar desde que eu vim<\/p>\n\n<hr class=\"wp-block-separator is-style-wide\"\/>\n\n<p><\/p>\n\n<p>Maio de 1936<br\/><s>Abril de 1936<\/s><\/p>\n\n<p>para eles, me faz sentir bem &amp; bem encorajador. O que foi mais do que agrad\u00e1vel foi que o Sr. Hayashi concedeu-me os segredos de Shinpi Den, Kokiyu-Ho &amp; de Leiji-Ho, o maior segredo na Ci\u00eancia da Energia.<\/p>\n\n<p>Pode imaginar a minha felicidade de pensar que eu tenho a honra &amp; o respeito de ser tratada com este presente \u2014 um presente de toda uma vida &amp; eu prometo dentro de mim fazer o meu melhor em rela\u00e7\u00e3o a este ensinamento maravilhoso que acabo de receber. Prometo fazer o que for certo com sinceridade e gentileza e considerar e respeitar o ensinamento e seu professor com a maior rever\u00eancia e respeito.<\/p>\n\n<hr class=\"wp-block-separator is-style-wide\"\/>\n\n<p><\/p>\n\n<p>29 de mar\u00e7o de 1937<\/p>\n\n<p>A lei do carma, t\u00e3o verdadeira de acordo com os ensinamentos, quando o encontramos, \u00e9 o come\u00e7o da separa\u00e7\u00e3o.<\/p>\n\n<hr class=\"wp-block-separator is-style-wide\"\/>\n\n<div style=\"height:40px\" aria-hidden=\"true\" class=\"wp-block-spacer\"><\/div>\n\n<hr class=\"wp-block-separator has-text-color has-background has-black-background-color has-black-color is-style-wide\"\/>\n\n<div class=\"wp-block-group has-black-color has-text-color has-background\" style=\"background-color:#faf8ed\"><div class=\"wp-block-group__inner-container is-layout-flow wp-block-group-is-layout-flow\">\n<h3 class=\"has-text-align-center wp-block-heading\">Perspectivas Hist\u00f3ricas<\/h3>\n\n\n\n<p>Para aprender mais sobre o contexto destas entradas no di\u00e1rio e as t\u00e9cnicas Takata aqui descreve, ver o ensaio do Dr. Justin Stein, &#8220;<a href=\"https:\/\/reikigreybook.com\/pt-br\/resources\/o-livro-cinza-e-a-historia-de-reiki\/\">O &#8216;Livro Cinza&#8217; e a Hist\u00f3ria de Reiki.<\/a>&#8220;<\/p>\n<\/div><\/div>\n\n<hr class=\"wp-block-separator has-text-color has-background has-black-background-color has-black-color is-style-wide\"\/>\n\n<div style=\"height:25px\" aria-hidden=\"true\" class=\"wp-block-spacer\"><\/div>\n\n<hr class=\"wp-block-separator has-text-color has-background has-black-background-color has-black-color is-style-wide\"\/>\n\n<div class=\"wp-block-group alignwide has-background\" style=\"background-color:#faf8ed\"><div class=\"wp-block-group__inner-container is-layout-flow wp-block-group-is-layout-flow\">\n<p class=\"has-text-align-center has-background\" id=\"_1\" style=\"background-color:#faf8ed;font-size:30px\"><strong>Nota Hist\u00f3rica<\/strong><\/p>\n\n\n\n<div class=\"wp-block-media-text alignwide has-media-on-the-right is-stacked-on-mobile is-vertically-aligned-center has-background\" style=\"background-color:#faf8ed\"><figure class=\"wp-block-media-text__media\"><img fetchpriority=\"high\" decoding=\"async\" width=\"874\" height=\"464\" src=\"https:\/\/reikigreybook.com\/wp-content\/uploads\/2021\/05\/Screen-Shot-2021-05-16-at-3.20.43-PM.png\" alt=\"\" class=\"wp-image-870 size-full\" srcset=\"https:\/\/reikigreybook.com\/wp-content\/uploads\/2021\/05\/Screen-Shot-2021-05-16-at-3.20.43-PM.png 874w, https:\/\/reikigreybook.com\/wp-content\/uploads\/2021\/05\/Screen-Shot-2021-05-16-at-3.20.43-PM-600x319.png 600w, https:\/\/reikigreybook.com\/wp-content\/uploads\/2021\/05\/Screen-Shot-2021-05-16-at-3.20.43-PM-300x159.png 300w, https:\/\/reikigreybook.com\/wp-content\/uploads\/2021\/05\/Screen-Shot-2021-05-16-at-3.20.43-PM-768x408.png 768w\" sizes=\"(max-width: 874px) 100vw, 874px\" \/><\/figure><div class=\"wp-block-media-text__content\">\n<p>[1] O texto acima transcreve exatamente as palavras de Takata, incluindo erros de ortografia. Em rela\u00e7\u00e3o a esta ambiguidade, que \u00e0s vezes se l\u00ea &#8216;head&#8217; e outras &#8216;heart&#8217;, Dr. Justin Stein escreve, &#8220;Eu me convenci que n\u00e3o \u00e9 &#8220;heart&#8221; porque ela deliberadamente cortou seus ts e este n\u00e3o est\u00e3 cortado&#8221;. <a href=\"#_up\">^ para cima<\/a><\/p>\n<\/div><\/div>\n\n\n\n<p><\/p>\n<\/div><\/div>\n\n<hr class=\"wp-block-separator has-text-color has-background has-black-background-color has-black-color is-style-wide\"\/>\n\n<p><\/p>\n\n<div style=\"height:100px\" aria-hidden=\"true\" class=\"wp-block-spacer\"><\/div>\n\n<p><\/p>\n","protected":false},"excerpt":{"rendered":"<p>10 de dezembro de 1935 O significado da Energia &#8220;Leiki&#8221; em cada um, quando concentrada e aplicada em um paciente, cura todas as doen\u00e7as. \u00c9 a maior cura da natureza, que n\u00e3o precisa de rem\u00e9dios. Ajuda em todos os aspectos, vida humana &amp; animal. Para se concentrar, deve-se purificar os pensamentos em palavras &amp; em [&hellip;]<\/p>\n","protected":false},"author":1,"featured_media":0,"parent":6721,"menu_order":1,"comment_status":"closed","ping_status":"closed","template":"","meta":{"footnotes":""},"class_list":["post-3428","page","type-page","status-publish","hentry"],"_links":{"self":[{"href":"https:\/\/reikigreybook.com\/pt-br\/wp-json\/wp\/v2\/pages\/3428","targetHints":{"allow":["GET"]}}],"collection":[{"href":"https:\/\/reikigreybook.com\/pt-br\/wp-json\/wp\/v2\/pages"}],"about":[{"href":"https:\/\/reikigreybook.com\/pt-br\/wp-json\/wp\/v2\/types\/page"}],"author":[{"embeddable":true,"href":"https:\/\/reikigreybook.com\/pt-br\/wp-json\/wp\/v2\/users\/1"}],"replies":[{"embeddable":true,"href":"https:\/\/reikigreybook.com\/pt-br\/wp-json\/wp\/v2\/comments?post=3428"}],"version-history":[{"count":5,"href":"https:\/\/reikigreybook.com\/pt-br\/wp-json\/wp\/v2\/pages\/3428\/revisions"}],"predecessor-version":[{"id":8052,"href":"https:\/\/reikigreybook.com\/pt-br\/wp-json\/wp\/v2\/pages\/3428\/revisions\/8052"}],"up":[{"embeddable":true,"href":"https:\/\/reikigreybook.com\/pt-br\/wp-json\/wp\/v2\/pages\/6721"}],"wp:attachment":[{"href":"https:\/\/reikigreybook.com\/pt-br\/wp-json\/wp\/v2\/media?parent=3428"}],"curies":[{"name":"wp","href":"https:\/\/api.w.org\/{rel}","templated":true}]}}