{"id":3526,"date":"2021-05-09T03:00:07","date_gmt":"2021-05-09T03:00:07","guid":{"rendered":"https:\/\/reikigreybook.com\/the-grey-book\/the-art-of-healing\/"},"modified":"2021-08-11T05:20:47","modified_gmt":"2021-08-11T05:20:47","slug":"the-art-of-healing","status":"publish","type":"page","link":"https:\/\/reikigreybook.com\/pt-br\/the-grey-book\/the-art-of-healing\/","title":{"rendered":"A Arte de Cura"},"content":{"rendered":"\n<p>Na minha tentativa de escrever este texto sobre a Arte de Cura em poucas palavras, tentarei ser pr\u00e1tica, mais do que t\u00e9cnica, pois o que vou definir n\u00e3o est\u00e1 associado com um ser material que \u00e9 vis\u00edvel, nem tem forma, ou nome. Acredito que existe um Ser Supremo &#8211; o Infinito Absoluto &#8211; uma For\u00e7a Din\u00e2mica que rege o mundo e o Universo. \u00c9 uma for\u00e7a espiritual invis\u00edvel que vibra e todas as outras for\u00e7as se tornam insignificantes perto dela. Portanto, \u00e9 Absoluta! Essa for\u00e7a \u00e9 insond\u00e1vel, incomensur\u00e1vel e, sendo uma for\u00e7a vital, \u00e9 incompreens\u00edvel ao homem. Por\u00e9m, todos os seres vivos sem exce\u00e7\u00e3o recebem suas ben\u00e7\u00e3os diariamente, estando dormindo ou acordados. Diferentes professores e mestres a chamam de O Grande Esp\u00edrito; A For\u00e7a Vital Universal; Energia Vital pois, quando \u00e9 aplicada, revitaliza todo o sistema; Onda de \u00c9ter, pois acalma a dor e provoca uma profunda sonol\u00eancia como se sob os efeitos de anestesia, e a Onda C\u00f3smica, pois irradia vibra\u00e7\u00f5es de sentimentos exultantes e eleva as pessoas \u00e0 harmonia. Chamarei de &#8220;Reiki&#8221;, pois aprendi usando esta express\u00e3o. Reiki \u00e9 uma onda radi\u00f4nica, como o r\u00e1dio. Pode ser aplicado localmente ou atrav\u00e9s de ondas curtas. Um tratamento \u00e0 dist\u00e2ncia pode ser feito com sucesso. Reiki n\u00e3o \u00e9 eletricidade, nem r\u00e1dio, nem Raio-X. Pode penetrar em finas camadas de seda, linho, porcelana ou chumbo, madeira, a\u00e7o, pois vem do Grande Esp\u00edrito, o Infinito. N\u00e3o destroi tecidos ou nervos delicados. \u00c9 totalmente inofensivo, portanto, \u00e9 um tratamento pr\u00e1tico e seguro. Por ser uma onda universal, tudo o que possui vida se beneficia quando tratado &#8211; plantas, aves, animais, assim como seres humanos, crian\u00e7as ou velhos, pobres ou ricos. Deve ser usado e aplicado diariamente como preven\u00e7\u00e3o. Deus nos deu este corpo, um lugar onde habitar, e o nosso p\u00e3o de cada dia. Viemos a este mundo com um objetivo, portanto, devemos ter sa\u00fade e felicidade. Este foi o plano de Deus, assim, nos oferece tudo o que precisamos. Ele nos deu m\u00e3os para us\u00e1-las ao aplicar e curar, ter sa\u00fade f\u00edsica e equil\u00edbrio mental, nos livrar da ignor\u00e2ncia, e viver em um mundo iluminado, em harmonia conosco e com os outros, para amar todos os seres. Quando essas regras s\u00e3o aplicadas diariamente, o corpo reage e tudo o que desejamos e queremos alcan\u00e7ar neste mundo est\u00e1 ao nosso alcance. Sa\u00fade, felicidade e o caminho para longevidade, que todos buscamos &#8211; chamarei isto de Perfei\u00e7\u00e3o.<\/p>\n\n\n\n<hr class=\"wp-block-separator has-text-color has-background has-black-background-color has-black-color is-style-wide\"\/>\n\n\n\n<p><\/p>\n\n\n\n<p>P\u00e1gina 2<\/p>\n\n\n\n<p><span style=\"text-decoration: underline;\">Como obter esta for\u00e7a &#8211; Inicia\u00e7\u00e3o de Primeiro N\u00edvel, ou &#8220;Shoden&#8221;:<\/span><\/p>\n\n\n\n<p>Sendo uma for\u00e7a universal do Grande Esp\u00edrito Divino, pertence a todos os que buscam e desejam aprender a arte de cura. N\u00e3o conhece cor, nem credo, velho ou novo. O aluno encontrar\u00e1 o seu caminho quando estiver pronto para aceitar. O caminho lhe \u00e9 mostrado. Inicia\u00e7\u00e3o \u00e9 uma cerim\u00f4nia sagrada e o contato se estabelece. Por estarmos nos associando com o Esp\u00edrito Divino, n\u00e3o h\u00e1 erro, nem devemos duvidar. \u00c9 Absoluto!<\/p>\n\n\n\n<p><span style=\"text-decoration: underline;\">As m\u00e3os est\u00e3o prontas para curar:<\/span><\/p>\n\n\n\n<p>Com o primeiro contato, ou inicia\u00e7\u00e3o, as m\u00e3os irradiam vibra\u00e7\u00f5es quando aplicadas \u00e0 parte doente. Alivia a dor, estaca o sangue em um ferimento aberto; suas m\u00e3os est\u00e3o prontas para curar doen\u00e7as agudas e cr\u00f4nicas &#8211; seres humanos &#8211; plantas &#8211; aves &#8211; animais. Em casos agudos, \u00e9 necess\u00e1rio apenas uma aplica\u00e7\u00e3o de poucos minutos. Em casos cr\u00f4nicos, o primeiro passo \u00e9 encontrar a causa e o efeito.<\/p>\n\n\n\n<p><span style=\"text-decoration: underline;\">Como diagnosticar &#8211; causa e efeito:<\/span><\/p>\n\n\n\n<p id=\"_stroke\">N\u00e3o \u00e9 necess\u00e1rio o paciente se desvestir completamente, por\u00e9m, o melhor \u00e9 afrouxar a roupa, se apertada, para que o paciente possa relaxar e deitar-se na maca, virado para cima. O mais importante \u00e9 saber a causa da doen\u00e7a. Comece tratando os olhos, seios da face, gl\u00e2ndulas pituit\u00e1rias, orelhas, garganta, tire\u00f3ide, timo, est\u00f4mago, ves\u00edcula biliar, f\u00edgado, p\u00e2ncreas, plexo solar, ileoceco, c\u00f3lon, flexura sigm\u00f3ide, gl\u00e2ndulas ovarianas, bexiga e, depois, t\u00f3rax e o cora\u00e7\u00e3o. Com o paciente de bru\u00e7o, tratar as costas, pulm\u00f5es, nervos simp\u00e1ticos, rins, ba\u00e7o e gl\u00e2ndulas da pr\u00f3stata. Confie em suas m\u00e3os durante o tratamento. Perceba as vibra\u00e7\u00f5es ou rea\u00e7\u00f5es. Se houver dor, ela \u00e9 registrada na ponta de seus dedos e na sua palma. Se o paciente tiver uma coceira, \u00e9 registrado da mesma maneira; se profunda e cr\u00f4nica, a dor lateja profundo, ou se for aguda, a dor \u00e9 um formigamento superficial. Assim que o corpo reagir ao tratamento, a doen\u00e7a aguda desaparece, por\u00e9m, a causa permanece. Diariamente, e com cada tratamento, aprofunde-se na causa, pode-se perceber uma melhora. Depois de tratar os \u00f3rg\u00e3os dessa maneira, termino o tratamento com um alisar dos nervos, o que ajusta a circula\u00e7\u00e3o. Aplique na pele algumas gotas de \u00f3leo de s\u00e9same, ou qualquer \u00f3leo vegetal puro. Coloco meu polegar e indicador \u00e0 esquerda da coluna e os tr\u00eas dedos e a palma, \u00e0 direita da coluna. Deslizo a minha m\u00e3o assim 10 a 15 vezes, come\u00e7ando nos ombros at\u00e9 o final da coluna. Somente em casos de diabetes esse movimento \u00e9 feito na dire\u00e7\u00e3o contr\u00e1ria; bra\u00e7os e pernas s\u00e3o manipulados em dire\u00e7\u00e3o ao cora\u00e7\u00e3o.<\/p>\n\n\n\n<hr class=\"wp-block-separator has-text-color has-background has-black-background-color has-black-color is-style-wide\"\/>\n\n\n\n<p><\/p>\n\n\n\n<p>P\u00e1gina 3<\/p>\n\n\n\n<p>O tratamento acima \u00e9 chamado de tratamento b\u00e1sico, e leva uma hora ou mais, dependendo das complica\u00e7\u00f5es e da gravidade do caso. Passando detalhadamente pelo corpo, suas m\u00e3os se tornam sens\u00edveis e s\u00e3o capazes de determinar a causa e detectar uma leve congest\u00e3o, podendo ser f\u00edsica ou mental, aguda ou cr\u00f4nica. Sendo um tratamento sem uso de rem\u00e9dios e sem sangue, Reiki devolve o seu corpo para o estado normal. <\/p>\n\n\n\n<p><span style=\"text-decoration: underline;\">Limpeza ou rea\u00e7\u00e3o:<\/span><\/p>\n\n\n\n<p>Em quatro dias ou em at\u00e9 tr\u00eas semanas, percebemos uma grande mudan\u00e7a ocorrer no corpo, todos os \u00f3rg\u00e3os internos e gl\u00e2ndulas come\u00e7am a funcionar com mais vigor e ritmo. O fluxo dos sucos digestivos se normaliza, os nervos congestionados relaxam, as ader\u00eancias se rompem, o c\u00f3lon pregui\u00e7oso se organiza, a mat\u00e9ria inst\u00e1vel solta das paredes dos intestinos, os gases s\u00e3o eliminados. Anos de toxinas acumuladas s\u00e3o eliminadas pelos poros. Uma perspira\u00e7\u00e3o pegajosa. As fezes aumentam, escuras e com odor forte. A urina aumenta como ch\u00e1 escuro, \u00e0s vezes brancas como farinha misturada com \u00e1gua. Isso dura uns quatro a seis dias, mas j\u00e1 tive pacientes que reagiram depois de apenas um tratamento. Quando isto acontece, voc\u00ea tem certeza que uma enorme limpeza geral aconteceu nos \u00f3rg\u00e3os internos. Com uma limpeza t\u00e3o boa, o corpo se torna ativo. Os nervos adormecidos recuperam a sensa\u00e7\u00e3o, o apetite aumenta, o sono fica profundo, os olhos brilham e a pele parece seda. Com sangue novo e uma boa circula\u00e7\u00e3o, nervos e gl\u00e2ndulas se restabelecem, \u00e9 poss\u00edvel rejuvenescer 5 a 10 anos. Nesse momento, o que voc\u00ea consome \u00e9 importante.<\/p>\n\n\n\n<p><span style=\"text-decoration: underline;\">Dieta:<\/span><\/p>\n\n\n\n<p>Nos tratamentos de Reiki para sa\u00fade, somos vegetarianos e comemos todos os tipos de frutas da esta\u00e7\u00e3o. A natureza \u00e9 abundante, mas sem desperdi\u00e7ar. Comer demais \u00e9 um pecado. Comer moderadamente, com um sentimento de gratid\u00e3o, para reconhecer o Grande Esp\u00edrito que \u00e9 o criador, o Todo Poderoso, que faz as coisas crescerem, florescerem e dar frutos. Venha \u00e0 mesa com pensamentos agrad\u00e1veis. Nunca coma quando estiver preocupado. Leite, a\u00e7\u00facar branco, <s>suco de laranja e abacaxi<\/s> e amido devem ser evitados quando o paciente tiver um est\u00f4mago fraco. Com alimentos corretos, o paciente reage mais r\u00e1pido aos tratamentos.<\/p>\n\n\n\n<p>Nos meus 12 anos de pr\u00e1tica, a experi\u00eancia me mostrou alguns atalhos para descobrir a causa e alcan\u00e7ar os melhores resultados. Nos tratamentos seguintes, primeiro fa\u00e7a o tratamento b\u00e1sico, depois concentre-se mais tempo nos pontos vitais mencionados abaixo:<\/p>\n\n\n\n<hr class=\"wp-block-separator has-text-color has-background has-black-background-color has-black-color is-style-wide\"\/>\n\n\n\n<p><\/p>\n\n\n\n<p>P\u00e1gina 4<\/p>\n\n\n\n<p>Resfriado normal ou gripe \u2013 seios da face, garganta e t\u00f3rax<\/p>\n\n\n\n<p>Pleurisia \u2013 pleura, cora\u00e7\u00e3o, rins<\/p>\n\n\n\n<p>Diabetes \u2013 f\u00edgado, p\u00e2ncreas, ba\u00e7o, rins<\/p>\n\n\n\n<p>Leucemia \u2013 f\u00edgado, p\u00e2ncreas, ba\u00e7o, cora\u00e7\u00e3o<\/p>\n\n\n\n<p>C\u00e1lculos biliares \u2013 ves\u00edcula, f\u00edgado, ba\u00e7o, rins<\/p>\n\n\n\n<p>Polio \u2013 intestino delgado, plexo solar, c\u00f3lon, (bra\u00e7os ou pernas) coluna<\/p>\n\n\n\n<p>Febre reum\u00e1tica &#8211; plexo solar, rins, ba\u00e7o, cora\u00e7\u00e3o<\/p>\n\n\n\n<p>Carb\u00fanculos \u2013 f\u00edgado, p\u00e2ncreas, rins, carb\u00fanculo (n\u00e3o for\u00e7ar, drena quando estiver pronto)<\/p>\n\n\n\n<p>B\u00f3cio, mulheres \u2013 gl\u00e2ndulas do ov\u00e1rio, olhos, gl\u00e2ndulas pituit\u00e1rias, tire\u00f3ide, cora\u00e7\u00e3o<\/p>\n\n\n\n<p>B\u00f3cio, homens \u2013 gl\u00e2ndulas da pr\u00f3stata, olhos, gl\u00e2ndulas pituit\u00e1rias, tire\u00f3ide, cora\u00e7\u00e3o<\/p>\n\n\n\n<p>Doen\u00e7a na l\u00edngua \u2013 sola do p\u00e9<\/p>\n\n\n\n<p>Cora\u00e7\u00e3o \u2013 f\u00edgado, p\u00e2ncreas, cora\u00e7\u00e3o, ba\u00e7o, rins, nervos simp\u00e1ticos<\/p>\n\n\n\n<p>Convuls\u00f5es \u2013 f\u00edgado, plexo solar, c\u00f3lon, sigm\u00f3ide (Dobre os joelhos em dire\u00e7\u00e3o ao t\u00f3rax. Coloque algo almofadado na boca do paciente).<\/p>\n\n\n\n<p>Apendicite \u2013 ileocicum, sigm\u00f3ide<\/p>\n\n\n\n<p>Tuberculose dos intestinos \u2013 intestino delgado, c\u00f3lon<\/p>\n\n\n\n<p>Tuberculose dos pulm\u00f5es \u2013 cabe\u00e7a, pulm\u00f5es, cora\u00e7\u00e3o, rins<\/p>\n\n\n\n<p>Tuberculose dos rins \u2013 rins, bexiga<\/p>\n\n\n\n<p>Pedra nos rins \u2013 rins, bexiga<\/p>\n\n\n\n<p>Gravidez \u2013 ves\u00edcula biliar, gl\u00e2ndulas ovarianas, pituit\u00e1rias<\/p>\n\n\n\n<p>Pneumonia \u2013 paciente deitado para cima. N\u00e3o mova o paciente. Sem deslizar a m\u00e3o. T\u00f3rax, pulm\u00f5es, pleura, cora\u00e7\u00e3o, rins. Trate por duas horas. Repita depois de oito horas, se a crise passar, continue diariamente.<\/p>\n\n\n\n<p>Asma \u2013 seios da face, garganta, pleura<\/p>\n\n\n\n<p>Artrite \u2013 est\u00f4mago, rins, partes afetadas<\/p>\n\n\n\n<p>Reumatismo \u2013 rins, partes afetadas<\/p>\n\n\n\n<p>Press\u00e3o sangu\u00ednea alta ou baixa, mulheres \u2013 cabe\u00e7a, garganta, cora\u00e7\u00e3o, ov\u00e1rios<\/p>\n\n\n\n<p>Press\u00e3o sangu\u00ednea alta ou baixa, homens \u2013 cabe\u00e7a, garganta, cora\u00e7\u00e3o, pr\u00f3stata<\/p>\n\n\n\n<p>Sarampo \u2013 est\u00f4mago, pleura, olhos<\/p>\n\n\n\n<p>Cegueira \u2013 p\u00e2ncreas, cabe\u00e7a, olhos, ov\u00e1rios<\/p>\n\n\n\n<p>Dificuldade para ouvir (se o t\u00edmpano n\u00e3o estiver perfurado) \u2013 cabe\u00e7a, seios da face, orelhas<\/p>\n\n\n\n<p>Casos agudos e emerg\u00eancias \u2013 tratar o seguinte:<\/p>\n\n\n\n<p>Indigest\u00e3o aguda \u2013 est\u00f4mago, ves\u00edcula biliar<\/p>\n\n\n\n<p>Envenenamento agudo \u2013 quatro claras de ovo, 2 colheres de farinha, tratar est\u00f4mago e repetir depois de vomitar.<\/p>\n\n\n\n<p>Choque \u2013 plexo solar, nervos simp\u00e1ticos<\/p>\n\n\n\n<p>Solu\u00e7o \u2013 levantar os dois bra\u00e7os, tratar diafragma<\/p>\n\n\n\n<p>Enjoo, na \u00e1gua ou no ar \u2013 ves\u00edcula biliar, gl\u00e2ndulas pituit\u00e1rias<\/p>\n\n\n\n<hr class=\"wp-block-separator has-text-color has-background has-black-background-color has-black-color is-style-wide\"\/>\n\n\n\n<p><\/p>\n\n\n\n<p>P\u00e1gina 5<\/p>\n\n\n\n<p>Afogamento \u2013 o mais importante \u00e9 como o paciente foi retirado da \u00e1gua e trazido para o solo. Cabe\u00e7a para baixo, pernas para cima. Drenar a \u00e1gua pela boca. Fazer respira\u00e7\u00e3o artificial \u2013 tratar plexo solar, p\u00e2ncreas, f\u00edgado, cora\u00e7\u00e3o, pulm\u00f5es, manipular as m\u00e3os e os p\u00e9s.<\/p>\n\n\n\n<p>Peixe-dourado \u2013 segurar o recipiente.<\/p>\n\n\n\n<p>Flores \u2013 tratar o vaso ou os talos em \u00e1gua.<\/p>\n\n\n\n<p>Sementes \u2013 tratar as sementes antes de plantar.<\/p>\n\n\n\n<p>Pintinhos de um dia \u2013 40 a 60 segundos<\/p>\n\n\n\n<p>Porcos \u2013 Vacas \u2013 Cavalos \u2013 Cachorros \u2013 atr\u00e1s das orelhas<\/p>\n\n\n\n<p>Entorses \u2013 contus\u00f5es e fraturas \u2013 tratar diretamente na contus\u00e3o ou fratura.<\/p>\n\n\n\n<p>Ossos quebrados \u2013 ter os ossos reparados. Raio-X, colocar as m\u00e3os no gesso.<\/p>\n\n\n<p>Queimaduras \u2013 Colocar as m\u00e3os diretamente nas queimaduras.<\/p>\n<p>Quando o paciente se familiarizar com os tratamentos acima e tiver experi\u00eancia, com provas e depoimentos, estar\u00e1 pronto para o &#8220;Oku Den&#8221;, ou conhecimento mais profundo. O aluno faz o segundo voto de inicia\u00e7\u00e3o, que \u00e9 uma cerim\u00f4nia sagrada. Com o conhecimento de &#8220;Oku Den&#8221;, o aluno tem a vantagem de ajudar a mente subconsciente &#8211; casos mentais &#8211; corrigir maus h\u00e1bitos &#8211; colapsos nervosos \u2013 ins\u00f4nia &#8211; tratamentos \u00e0 dist\u00e2ncia. Nos pacientes deprimidos, muda a sua atitude para que possam alcan\u00e7ar o lado mais brilhante da vida. No tratamento de casos mentais, primeiro descubra a causa. Remova a causa e o efeito n\u00e3o estar\u00e1 presente.<\/p>\n\n\n<p><span style=\"text-decoration: underline;\">Ideais:<\/span><\/p>\n\n\n\n<p>S\u00f3 por hoje &#8211; n\u00e3o tenhas raiva<br>S\u00f3 por hoje &#8211; n\u00e3o te preocupes<br>Seja grato pelas v\u00e1rias b\u00ean\u00e7\u00e3os<br>Ganhe a tua vida com trabalho honesto<br>Seja gentil com teus vizinhos<\/p>\n\n\n\n<p>Aqui temos &#8211; &#8220;Reiki&#8221; &#8211; A Arte de Cura. \u00c9 simples, mas um tratamento completo, com resultados maravilhosos. As crian\u00e7as mostram mais aprecia\u00e7\u00e3o por causa da sua suavidade e efic\u00e1cia. Este \u00e9 o caminho do Grande Esp\u00edrito. S\u00f3 pode fazer bem.<\/p>\n\n\n\n<hr class=\"wp-block-separator is-style-wide\"\/>\n\n\n\n<div style=\"height:25px\" aria-hidden=\"true\" class=\"wp-block-spacer\"><\/div>\n\n\n\n<hr class=\"wp-block-separator is-style-wide\"\/>\n\n\n\n<div class=\"wp-block-group has-black-color has-text-color has-background\" style=\"background-color:#faf8ed\"><div class=\"wp-block-group__inner-container is-layout-flow wp-block-group-is-layout-flow\">\n<h3 class=\"has-text-align-center wp-block-heading\">Perspectivas Hist\u00f3ricas<\/h3>\n\n\n\n<p>\u2022 Ensaio de Justin Stein &#8220;<a href=\"https:\/\/reikigreybook.com\/pt-br\/resources\/o-livro-cinza-e-a-historia-de-reiki\/\" data-type=\"page\"> O Livro Cinza e a Hist\u00f3ria de Reiki<\/a>,&#8221; cont\u00e9m uma explica\u00e7\u00e3o detalhada da raz\u00e3o pela qual Takata escreveu este ensaio sobre A Arte de Cura.<\/p>\n<\/div><\/div>\n\n\n\n<hr class=\"wp-block-separator is-style-wide\"\/>\n\n\n\n<div style=\"height:100px\" aria-hidden=\"true\" class=\"wp-block-spacer\"><\/div>\n\n\n\n<div style=\"height:100px\" aria-hidden=\"true\" class=\"wp-block-spacer\"><\/div>\n","protected":false},"excerpt":{"rendered":"<p>Na minha tentativa de escrever este texto sobre a Arte de Cura em poucas palavras, tentarei ser pr\u00e1tica, mais do que t\u00e9cnica, pois o que vou definir n\u00e3o est\u00e1 associado com um ser material que \u00e9 vis\u00edvel, nem tem forma, ou nome. Acredito que existe um Ser Supremo &#8211; o Infinito Absoluto &#8211; uma For\u00e7a [&hellip;]<\/p>\n","protected":false},"author":1,"featured_media":0,"parent":6721,"menu_order":3,"comment_status":"closed","ping_status":"closed","template":"","meta":{"footnotes":""},"class_list":["post-3526","page","type-page","status-publish","hentry"],"_links":{"self":[{"href":"https:\/\/reikigreybook.com\/pt-br\/wp-json\/wp\/v2\/pages\/3526","targetHints":{"allow":["GET"]}}],"collection":[{"href":"https:\/\/reikigreybook.com\/pt-br\/wp-json\/wp\/v2\/pages"}],"about":[{"href":"https:\/\/reikigreybook.com\/pt-br\/wp-json\/wp\/v2\/types\/page"}],"author":[{"embeddable":true,"href":"https:\/\/reikigreybook.com\/pt-br\/wp-json\/wp\/v2\/users\/1"}],"replies":[{"embeddable":true,"href":"https:\/\/reikigreybook.com\/pt-br\/wp-json\/wp\/v2\/comments?post=3526"}],"version-history":[{"count":5,"href":"https:\/\/reikigreybook.com\/pt-br\/wp-json\/wp\/v2\/pages\/3526\/revisions"}],"predecessor-version":[{"id":4352,"href":"https:\/\/reikigreybook.com\/pt-br\/wp-json\/wp\/v2\/pages\/3526\/revisions\/4352"}],"up":[{"embeddable":true,"href":"https:\/\/reikigreybook.com\/pt-br\/wp-json\/wp\/v2\/pages\/6721"}],"wp:attachment":[{"href":"https:\/\/reikigreybook.com\/pt-br\/wp-json\/wp\/v2\/media?parent=3526"}],"curies":[{"name":"wp","href":"https:\/\/api.w.org\/{rel}","templated":true}]}}