{"id":3542,"date":"2021-05-09T03:02:04","date_gmt":"2021-05-09T03:02:04","guid":{"rendered":"https:\/\/reikigreybook.com\/the-grey-book\/master-students\/"},"modified":"2021-08-11T05:23:03","modified_gmt":"2021-08-11T05:23:03","slug":"master-students","status":"publish","type":"page","link":"https:\/\/reikigreybook.com\/pt-br\/the-grey-book\/master-students\/","title":{"rendered":"Alunos Mestres"},"content":{"rendered":"\n<h4 class=\"wp-block-heading\">\u201cAlunos Mestres Takata Sensei\u201d<\/h4>\n\n\n\n<p>DOROTHY BABA<br>URSULA BAYLOW<br>RICK BOCKNER<br>PATRICIA BOWLING<br>BARBARA BROWN<br>FRAN BROWN<br>PHYLLIS FURUMOTO<br>BETH GRAY<br>JOHN GRAY<br>IRIS ISHIKURO<br>HARRY KUBOI<br>ETHEL LOMBARDI<br>BARBARA McCULLOUGH<br>MARY McFADYEN<br>PAUL MITCHELL<br>BETHEL PHAIGH<br>SHINOBU SAITO<br>VIRGINIA SAMDAHL<br>WANJA TWAN<br>BARBARA WEBBER<br>KAY YAMASHITA<\/p>\n\n\n\n<div style=\"height:15px\" aria-hidden=\"true\" class=\"wp-block-spacer\"><\/div>\n\n\n\n<hr class=\"wp-block-separator is-style-wide\"\/>\n\n\n\n<div class=\"wp-block-group has-black-color has-text-color has-background\" style=\"background-color:#faf8ed\"><div class=\"wp-block-group__inner-container is-layout-flow wp-block-group-is-layout-flow\">\n<h3 class=\"has-text-align-center wp-block-heading\">Perspectivas Hist\u00f3ricas<\/h3>\n\n\n\n<p>\u2022 Leia &#8220;<a href=\"https:\/\/reikigreybook.com\/pt-br\/resources\/uma-pequena-historia-sobre-o-livro-cinza\/\" data-type=\"URL\">Uma Pequena Hist\u00f3ria sobre O LIvro Cinza<\/a>&#8221; de Paul Mitchell, no qual ele explica porque o nome de George Araki n\u00e3o est\u00e1 inclu\u00eddo na lista de &#8220;Alunos Mestres de Takata Sensei&#8221;.<\/p>\n\n\n\n<p>\u2022 V\u00ea algum nome escrito errado? Justin Stein explica no seu ensaio, &#8220;<a href=\"https:\/\/reikigreybook.com\/pt-br\/resources\/o-livro-cinza-e-a-historia-de-reiki\/\">O &#8216;Livro Cinza&#8217; e a Hist\u00f3ria de Reiki.<\/a>&#8220;<\/p>\n<\/div><\/div>\n\n\n\n<hr class=\"wp-block-separator is-style-wide\"\/>\n\n\n\n<p> <\/p>\n\n\n\n<div style=\"height:100px\" aria-hidden=\"true\" class=\"wp-block-spacer\"><\/div>\n","protected":false},"excerpt":{"rendered":"<p>\u201cAlunos Mestres Takata Sensei\u201d DOROTHY BABAURSULA BAYLOWRICK BOCKNERPATRICIA BOWLINGBARBARA BROWNFRAN BROWNPHYLLIS FURUMOTOBETH GRAYJOHN GRAYIRIS ISHIKUROHARRY KUBOIETHEL LOMBARDIBARBARA McCULLOUGHMARY McFADYENPAUL MITCHELLBETHEL PHAIGHSHINOBU SAITOVIRGINIA SAMDAHLWANJA TWANBARBARA WEBBERKAY YAMASHITA Perspectivas Hist\u00f3ricas \u2022 Leia &#8220;Uma Pequena Hist\u00f3ria sobre O LIvro Cinza&#8221; de Paul Mitchell, no qual ele explica porque o nome de George Araki n\u00e3o est\u00e1 inclu\u00eddo na lista [&hellip;]<\/p>\n","protected":false},"author":1,"featured_media":0,"parent":6721,"menu_order":6,"comment_status":"closed","ping_status":"closed","template":"","meta":{"footnotes":""},"class_list":["post-3542","page","type-page","status-publish","hentry"],"_links":{"self":[{"href":"https:\/\/reikigreybook.com\/pt-br\/wp-json\/wp\/v2\/pages\/3542","targetHints":{"allow":["GET"]}}],"collection":[{"href":"https:\/\/reikigreybook.com\/pt-br\/wp-json\/wp\/v2\/pages"}],"about":[{"href":"https:\/\/reikigreybook.com\/pt-br\/wp-json\/wp\/v2\/types\/page"}],"author":[{"embeddable":true,"href":"https:\/\/reikigreybook.com\/pt-br\/wp-json\/wp\/v2\/users\/1"}],"replies":[{"embeddable":true,"href":"https:\/\/reikigreybook.com\/pt-br\/wp-json\/wp\/v2\/comments?post=3542"}],"version-history":[{"count":5,"href":"https:\/\/reikigreybook.com\/pt-br\/wp-json\/wp\/v2\/pages\/3542\/revisions"}],"predecessor-version":[{"id":4354,"href":"https:\/\/reikigreybook.com\/pt-br\/wp-json\/wp\/v2\/pages\/3542\/revisions\/4354"}],"up":[{"embeddable":true,"href":"https:\/\/reikigreybook.com\/pt-br\/wp-json\/wp\/v2\/pages\/6721"}],"wp:attachment":[{"href":"https:\/\/reikigreybook.com\/pt-br\/wp-json\/wp\/v2\/media?parent=3542"}],"curies":[{"name":"wp","href":"https:\/\/api.w.org\/{rel}","templated":true}]}}