{"id":3546,"date":"2021-05-09T04:30:41","date_gmt":"2021-05-09T04:30:41","guid":{"rendered":"https:\/\/reikigreybook.com\/the-grey-book\/dedication-page\/"},"modified":"2022-11-15T15:23:49","modified_gmt":"2022-11-15T15:23:49","slug":"dedication-page","status":"publish","type":"page","link":"https:\/\/reikigreybook.com\/pt-br\/the-grey-book\/dedication-page\/","title":{"rendered":"P\u00e1gina de Dedica\u00e7\u00e3o"},"content":{"rendered":"\n<p>O legado deixado a Phyllis n\u00e3o pode ser negado.<\/p>\n\n<p>A imortalidade de minha m\u00e3e vive nos cora\u00e7\u00f5es das pessoas que usam REIKI. <\/p>\n\n<p class=\"has-text-align-center\">[signed] Alice Takata Furumoto<\/p>\n\n<p><\/p>\n\n<figure class=\"wp-block-image size-large is-resized\"><img fetchpriority=\"high\" decoding=\"async\" src=\"https:\/\/reikigreybook.com\/wp-content\/uploads\/2021\/05\/Dedication-watermarked-2-741x1024.png\" alt=\"\" class=\"wp-image-479\" width=\"514\" height=\"710\" srcset=\"https:\/\/reikigreybook.com\/wp-content\/uploads\/2021\/05\/Dedication-watermarked-2-741x1024.png 741w, https:\/\/reikigreybook.com\/wp-content\/uploads\/2021\/05\/Dedication-watermarked-2-600x829.png 600w, https:\/\/reikigreybook.com\/wp-content\/uploads\/2021\/05\/Dedication-watermarked-2-217x300.png 217w, https:\/\/reikigreybook.com\/wp-content\/uploads\/2021\/05\/Dedication-watermarked-2-768x1061.png 768w, https:\/\/reikigreybook.com\/wp-content\/uploads\/2021\/05\/Dedication-watermarked-2-1112x1536.png 1112w, https:\/\/reikigreybook.com\/wp-content\/uploads\/2021\/05\/Dedication-watermarked-2.png 1300w\" sizes=\"(max-width: 514px) 100vw, 514px\" \/><\/figure>\n\n<div style=\"height:15px\" aria-hidden=\"true\" class=\"wp-block-spacer\"><\/div>\n\n<hr class=\"wp-block-separator is-style-wide\"\/>\n\n<div class=\"wp-block-group has-black-color has-text-color has-background\" style=\"background-color:#faf8ed\"><div class=\"wp-block-group__inner-container is-layout-flow wp-block-group-is-layout-flow\">\n<h3 class=\"has-text-align-center wp-block-heading\">Perspectivas Hist\u00f3ricas<\/h3>\n\n\n\n<p>\u2022 Descubra o significado destes carimbos japoneses em \u201c<a href=\"https:\/\/reikigreybook.com\/pt-br\/resources\/o-livro-cinza-e-a-historia-de-reiki\/\">O Livro Cinza&#8217;e a Hist\u00f3ria de Reiki<\/a>\u201d de Justin Stein.<\/p>\n\n\n\n<p>\u2022 Leia \u201c<a href=\"https:\/\/reikigreybook.com\/pt-br\/resources\/viver-no-desconhecido\/\" data-type=\"page\" data-id=\"345\">Viver o Desconhecido<\/a>\u201d, por Susan Mitchell. Lampejos do processo de sucess\u00e3o e veja como a linhagem vive e respira nesta tradi\u00e7\u00e3o.<\/p>\n\n\n\n<p>\u2022 Leia Joyce Winough\u2019s \u201c<a href=\"https:\/\/reikigreybook.com\/pt-br\/resources\/o-misterio-da-linhagem-espiritual\/\">O Mist\u00e9rio da Linhagem Espiritual <\/a>\u201d para entender o papel importante de Alice Takata Furumoto na passagem da linhagem de Hawayo Takata para sua neta, Phyllis Lei Furumoto.<\/p>\n<\/div><\/div>\n\n<hr class=\"wp-block-separator is-style-wide\"\/>\n\n<p> <\/p>\n\n<div style=\"height:100px\" aria-hidden=\"true\" class=\"wp-block-spacer\"><\/div>\n","protected":false},"excerpt":{"rendered":"<p>O legado deixado a Phyllis n\u00e3o pode ser negado. A imortalidade de minha m\u00e3e vive nos cora\u00e7\u00f5es das pessoas que usam REIKI. [signed] Alice Takata Furumoto Perspectivas Hist\u00f3ricas \u2022 Descubra o significado destes carimbos japoneses em \u201cO Livro Cinza&#8217;e a Hist\u00f3ria de Reiki\u201d de Justin Stein. \u2022 Leia \u201cViver o Desconhecido\u201d, por Susan Mitchell. Lampejos [&hellip;]<\/p>\n","protected":false},"author":1,"featured_media":0,"parent":6721,"menu_order":7,"comment_status":"closed","ping_status":"closed","template":"","meta":{"footnotes":""},"class_list":["post-3546","page","type-page","status-publish","hentry"],"_links":{"self":[{"href":"https:\/\/reikigreybook.com\/pt-br\/wp-json\/wp\/v2\/pages\/3546","targetHints":{"allow":["GET"]}}],"collection":[{"href":"https:\/\/reikigreybook.com\/pt-br\/wp-json\/wp\/v2\/pages"}],"about":[{"href":"https:\/\/reikigreybook.com\/pt-br\/wp-json\/wp\/v2\/types\/page"}],"author":[{"embeddable":true,"href":"https:\/\/reikigreybook.com\/pt-br\/wp-json\/wp\/v2\/users\/1"}],"replies":[{"embeddable":true,"href":"https:\/\/reikigreybook.com\/pt-br\/wp-json\/wp\/v2\/comments?post=3546"}],"version-history":[{"count":5,"href":"https:\/\/reikigreybook.com\/pt-br\/wp-json\/wp\/v2\/pages\/3546\/revisions"}],"predecessor-version":[{"id":8049,"href":"https:\/\/reikigreybook.com\/pt-br\/wp-json\/wp\/v2\/pages\/3546\/revisions\/8049"}],"up":[{"embeddable":true,"href":"https:\/\/reikigreybook.com\/pt-br\/wp-json\/wp\/v2\/pages\/6721"}],"wp:attachment":[{"href":"https:\/\/reikigreybook.com\/pt-br\/wp-json\/wp\/v2\/media?parent=3546"}],"curies":[{"name":"wp","href":"https:\/\/api.w.org\/{rel}","templated":true}]}}