{"id":3745,"date":"2021-05-09T04:44:54","date_gmt":"2021-05-09T04:44:54","guid":{"rendered":"https:\/\/reikigreybook.com\/uma-forca-poderosa\/"},"modified":"2023-01-24T21:02:15","modified_gmt":"2023-01-24T21:02:15","slug":"uma-forca-poderosa","status":"publish","type":"page","link":"https:\/\/reikigreybook.com\/pt-br\/resources\/uma-forca-poderosa\/","title":{"rendered":"Uma for\u00e7a poderosa"},"content":{"rendered":"\n<h4 class=\"wp-block-heading\">por Brian Brunius<\/h4>\n\n<div class=\"wp-block-media-text alignwide is-stacked-on-mobile\" style=\"grid-template-columns:24% auto\"><figure class=\"wp-block-media-text__media\"><img decoding=\"async\" width=\"150\" height=\"175\" src=\"https:\/\/reikigreybook.com\/wp-content\/uploads\/2021\/05\/Photo-of-Brian-Brunius.png\" alt=\"Foto de Brian Brunius\" class=\"wp-image-599 size-full\"\/><\/figure><div class=\"wp-block-media-text__content\">\n<p>H\u00e1 vinte e seis anos, meu instrutor de Reiki, John Harvey Gray, mostrou, durante o curso, uma c\u00f3pia do Livro Cinza. Era-lhe t\u00e3o precioso que ele nem deixava os alunos tocarem no livro. N\u00f3s nos aproximamos, tentando conseguir ver bem o livro, enquanto ele cuidadosamente virava as p\u00e1ginas. Senti-me magnetizado por uma for\u00e7a estranha que apenas come\u00e7ara aprender a sentir, chamada \u201cReiki\u201d. O Livro Cinza, mostrado por John, me foi t\u00e3o poderoso quanto foram as inicia\u00e7\u00f5es dadas a cada dia do curso.<\/p>\n<\/div><\/div>\n\n<div style=\"height:25px\" aria-hidden=\"true\" class=\"wp-block-spacer\"><\/div>\n\n<p>Um livro fino de aproximadamente 75 p\u00e1ginas, cujo conte\u00fado do Livro Cinza foi feito baseado nos documentos sobre Reiki de Hawayo Takata e compilado ap\u00f3s sua morte pela filha, Alice Takata Furumoto. Em 1982, Alice imprimiu 100 c\u00f3pias do livro. Na sua capa, apenas dois kanjis em japon\u00eas, Rei e Ki, impressos em preto sobre papel cinza de linho. Foi este papel cinza, e a falta de um t\u00edtulo \u00f3bvio em ingl\u00eas, que fez com que o livro se chamasse &#8220;Livro Cinza&#8221;.<\/p>\n\n<p>No final do livro h\u00e1 uma p\u00e1gina assinada por Alice Takata Furumoto, usando o que parece ser uma caneta preta de ponta de feltro. A p\u00e1gina foi carimbada de forma imponente com tr\u00eas carimbos vermelhos japoneses. John nos leu em voz alta, &#8220;O legado deixado a Phyllis n\u00e3o pode ser negado&#8221;. Com estas palavras, ele come\u00e7ou a hist\u00f3ria de Phyllis Lei Furumoto, sua participa\u00e7\u00e3o em reconhecer Phyllis como a portadora da linhagem de Hawayo Takata, e fundadora da Reiki Alliance, um corpo de Mestres que apoiariam a sua evolu\u00e7\u00e3o.<\/p>\n\n<p>Em 2017, participei de um workshop no Arizona com Phyllis. Durante uma intensa troca entre n\u00f3s sobre o assunto &#8220;reconcilia\u00e7\u00e3o&#8221;, ela abriu a gaveta de sua mesa e tirou quatro c\u00f3pias remanescentes do Livro Cinza, que me deixou mudo. Das 100 c\u00f3pias originais, ela explicou, 21 tinham sido assinadas, carimbadas e enviadas aos Mestres de Reiki iniciados e reconhecidos por Hawayo Takata. As 79 c\u00f3pias remanescentes tinham sido dadas \u00e0 Phyllis. Algumas ela tinha dado a amigos ou alunos de Reiki durante os anos; em 2017 apenas restavam quatro c\u00f3pias. E n\u00e3o, nenhum de n\u00f3s poderia ter uma, mas ela prometeu que iria reimprimir o livro, com o texto japon\u00eas traduzido, &#8220;muito em breve&#8221;. Ela passou o resto do dia falando sobre reconcilia\u00e7\u00e3o em Reiki, e o seu desejo de corrigir as consequ\u00eancias negativas n\u00e3o intencionais de escolhas no passado.<\/p>\n\n<p>O Livro Cinza \u00e9 um elo a um passado que parece t\u00e3o estranho e long\u00ednquo, uma ponte entre os cursos de Reiki de Chujiro Hayashi no Jap\u00e3o e no Hava\u00ed, e os alunos de Reiki agora espalhados pelo mundo inteiro, quase 90 anos depois. As 21 c\u00f3pias assinadas e carimbadas do Livro Cinza conferem uma autoridade e autenticidade naqueles que o receberam inicialmente. Apesar de terem herdado tanto de Takata Sensei, o livro foi um dos poucos objetos tang\u00edveis. Espero que ao tornar este livro amplamente dispon\u00edvel, a tocha passada de Chujiro Hayashi para Hawayo Takata para Phyllis Lei Furumoto, e dela para Johannes Reindl e \u00e0s comunidades globais de Reiki que ela ensinou, foi mentora e vitalizou, ir\u00e1 tocar todos aqueles que aspiram ser estudantes de Reiki, e os apoiar\u00e1 em sua jornada com Reiki.<\/p>\n\n<p class=\"has-text-align-right\">~Brian Brunius<br\/>Cidade de Nova Iorque<br\/>31 de mar\u00e7o de 2021<\/p>\n\n<div style=\"height:100px\" aria-hidden=\"true\" class=\"wp-block-spacer\"><\/div>\n","protected":false},"excerpt":{"rendered":"<p>por Brian Brunius H\u00e1 vinte e seis anos, meu instrutor de Reiki, John Harvey Gray, mostrou, durante o curso, uma c\u00f3pia do Livro Cinza. Era-lhe t\u00e3o precioso que ele nem deixava os alunos tocarem no livro. N\u00f3s nos aproximamos, tentando conseguir ver bem o livro, enquanto ele cuidadosamente virava as p\u00e1ginas. Senti-me magnetizado por uma [&hellip;]<\/p>\n","protected":false},"author":1,"featured_media":0,"parent":3876,"menu_order":0,"comment_status":"closed","ping_status":"closed","template":"","meta":{"footnotes":""},"class_list":["post-3745","page","type-page","status-publish","hentry"],"_links":{"self":[{"href":"https:\/\/reikigreybook.com\/pt-br\/wp-json\/wp\/v2\/pages\/3745","targetHints":{"allow":["GET"]}}],"collection":[{"href":"https:\/\/reikigreybook.com\/pt-br\/wp-json\/wp\/v2\/pages"}],"about":[{"href":"https:\/\/reikigreybook.com\/pt-br\/wp-json\/wp\/v2\/types\/page"}],"author":[{"embeddable":true,"href":"https:\/\/reikigreybook.com\/pt-br\/wp-json\/wp\/v2\/users\/1"}],"replies":[{"embeddable":true,"href":"https:\/\/reikigreybook.com\/pt-br\/wp-json\/wp\/v2\/comments?post=3745"}],"version-history":[{"count":5,"href":"https:\/\/reikigreybook.com\/pt-br\/wp-json\/wp\/v2\/pages\/3745\/revisions"}],"predecessor-version":[{"id":9157,"href":"https:\/\/reikigreybook.com\/pt-br\/wp-json\/wp\/v2\/pages\/3745\/revisions\/9157"}],"up":[{"embeddable":true,"href":"https:\/\/reikigreybook.com\/pt-br\/wp-json\/wp\/v2\/pages\/3876"}],"wp:attachment":[{"href":"https:\/\/reikigreybook.com\/pt-br\/wp-json\/wp\/v2\/media?parent=3745"}],"curies":[{"name":"wp","href":"https:\/\/api.w.org\/{rel}","templated":true}]}}