{"id":3769,"date":"2021-05-09T04:40:55","date_gmt":"2021-05-09T04:40:55","guid":{"rendered":"https:\/\/reikigreybook.com\/viver-no-desconhecido\/"},"modified":"2023-01-24T20:59:26","modified_gmt":"2023-01-24T20:59:26","slug":"viver-no-desconhecido","status":"publish","type":"page","link":"https:\/\/reikigreybook.com\/pt-br\/resources\/viver-no-desconhecido\/","title":{"rendered":"Viver no desconhecido"},"content":{"rendered":"\n<h4 class=\"wp-block-heading\">por Susan Mitchell<\/h4>\n\n<div class=\"wp-block-media-text alignwide is-stacked-on-mobile is-vertically-aligned-center\" style=\"grid-template-columns:24% auto\"><figure class=\"wp-block-media-text__media\"><img fetchpriority=\"high\" decoding=\"async\" width=\"480\" height=\"480\" src=\"https:\/\/reikigreybook.com\/wp-content\/uploads\/2021\/05\/Susan-turkish-coffee.png\" alt=\"Foto de Susan Mitchell\" class=\"wp-image-895 size-full\" srcset=\"https:\/\/reikigreybook.com\/wp-content\/uploads\/2021\/05\/Susan-turkish-coffee.png 480w, https:\/\/reikigreybook.com\/wp-content\/uploads\/2021\/05\/Susan-turkish-coffee-300x300.png 300w, https:\/\/reikigreybook.com\/wp-content\/uploads\/2021\/05\/Susan-turkish-coffee-100x100.png 100w, https:\/\/reikigreybook.com\/wp-content\/uploads\/2021\/05\/Susan-turkish-coffee-150x150.png 150w, https:\/\/reikigreybook.com\/wp-content\/uploads\/2021\/05\/Susan-turkish-coffee-50x50.png 50w\" sizes=\"(max-width: 480px) 100vw, 480px\" \/><\/figure><div class=\"wp-block-media-text__content\">\n<p>O Livro Cinza foi um presente de Alice Takata Furumoto para os mestres iniciados por Hawayo Takata. Foi tamb\u00e9m o reconhecimento de sua filha, Phyllis, como sucessora de Hawayo Takata.<\/p>\n\n\n\n<p>Atrav\u00e9s de cartas, vemos que Alice sabia que Takata Sensei queria que Phyllis tomasse o seu lugar como cabe\u00e7a do Sistema Usui Reiki de Cura Natural. Takata morreu em dezembro de 1980 e a transi\u00e7\u00e3o ocorreu sem um an\u00fancio p\u00fablico formal. Phyllis deu os primeiros passos em sua jornada se sentindo muito s\u00f3.<\/p>\n<\/div><\/div>\n\n<div style=\"height:25px\" aria-hidden=\"true\" class=\"wp-block-spacer\"><\/div>\n\n<p>Com o seu diagn\u00f3stico de c\u00e2ncer em 2009, Phyllis percebeu que precisava preparar-se e \u00e0 comunidade para sua pr\u00f3pria morte. Phyllis e Paul Mitchell fizeram sete retiros sobre o t\u00f3pico da sucess\u00e3o. Destes surgiu um grupo de mestres e alunos que se encontraram por dois anos e meio antes da morte de Phyllis, para olhar, questionar, e ir al\u00e9m de sua compreens\u00e3o do processo de sucess\u00e3o.<\/p>\n\n<p>Quando Phyllis anunciou Johannes como Portador da Linhagem, ele se viu muito s\u00f3, por\u00e9m, ao contr\u00e1rio de Phyllis, n\u00e3o s\u00f3, apoiado por mestres e alunos do mundo todo que abra\u00e7aram a linhagem dessa tradi\u00e7\u00e3o de Usui Shiki Ryoho.<\/p>\n\n<p>\u201cComo \u00e9 vestir o manto da sucess\u00e3o?\u201d Perguntei a Johannes. Ele respondeu,<\/p>\n\n<div class=\"wp-block-group\"><div class=\"wp-block-group__inner-container is-layout-flow wp-block-group-is-layout-flow\">\n<pre class=\"wp-block-verse\"><em><figure class=\"wp-block-vers is-style-default\" align=\"right\"><img decoding=\"async\" src=\"https:\/\/reikigreybook.com\/wp-content\/uploads\/2021\/06\/Phyllis-Furumoto-and-Johannes-Reindl-300.jpg\" alt=\"Foto de Johannes Reindl e Phyllis Lei Furumoto juntos, no Jap&#xE3;o\" class=\"wp-image-2029\" width=\"300\" align=\"right\"\/><\/figure>\u201cLembrando aquele dia de mar\u00e7o de 2019, posso ouvir Phyllis dizer, 'Johannes, \u00e9 voc\u00ea agora'. N\u00e3o foi uma pergunta. Foi uma afirma\u00e7\u00e3o. \u00c9 simplesmente assim. Eu tive que ouvir a verdade dessas palavras. S\u00f3 poderiam ter vindo da Phyllis.<\/em>\n\n <em>\u201cAgora sei que a sucess\u00e3o n\u00e3o tem a ver 'comigo', minha personalidade ou caracter\u00edsticas. N\u00e3o tem a ver com auto-nomea\u00e7\u00e3o ou auto-sele\u00e7\u00e3o. N\u00e3o \u00e9 pessoal. Tamb\u00e9m n\u00e3o sinto que me identificar foi uma escolha pessoal da Phyllis.<\/em>\n \n<em>\u201cLi uma entrevista recentemente, em que Phyllis fala sobre a sua experi\u00eancia como sucessora de Takata Sensei. Sinto que no processo da Phyllis para identificar um sucessor, ela buscava algo que ela tinha experienciado. N\u00e3o era sobre habilidades, ou se Johannes \u00e9 legal e obediente, n\u00e3o era sobre 'voc\u00ea' estar feliz 'comigo'. Nem mesmo se a Phyllis gostava especialmente de mim. Penso que ela buscava onde flu\u00eda a energia.<\/em>\n\n <em>Deve ser um profundo processo interno para perceber que Reiki est\u00e1 em primeiro lugar. No come\u00e7o senti isso como um peso. Sempre que ouvia Phyllis dizer, 'Reiki est\u00e1 em primeiro lugar', eu sentia que era pedir demais. Se Reiki est\u00e1 em primeiro lugar, o eu est\u00e1 em segundo. Ent\u00e3o e eu, meu eu individual?<\/em>\n\n <em>Agora sinto como um grande al\u00edvio. Isso me conecta com a realidade de que eu n\u00e3o preciso agradar a todos. Pode haver conflitos, por\u00e9m, isso fica mais f\u00e1cil, pois entendo que n\u00e3o tem a ver com o conflito. \u00c9 uma quest\u00e3o de Reiki estar em primeiro lugar. Isso coloca a minha vida em perspectiva: servir o sistema, servir Reiki.\"<\/em>\n\n <em>\u201cEste \u00e9 um ensinamento importante para muitos de n\u00f3s. Nossos mestres nos desafiam, nos provocam, nos mostram o que precisamos aprender: o que importa \u00e9 a nossa rela\u00e7\u00e3o com a pr\u00e1tica. Reiki est\u00e1 em primeiro lugar. Esta \u00e9 a resposta para tantas quest\u00f5es\".<\/em> <\/pre>\n\n\n\n<p><\/p>\n<\/div><\/div>\n\n<div style=\"height:10px\" aria-hidden=\"true\" class=\"wp-block-spacer\"><\/div>\n\n<p>A jornada interna de Phyllis, a explora\u00e7\u00e3o da comunidade na sucess\u00e3o, e as conversas entre os alunos e os mestres em todo o mundo gerou um campo para o processo de sucess\u00e3o. Como Alice Takata Furumoto somos convidados a testemunhar, a participar do desdobramento do fluxo de sucess\u00e3o na linhagem de Usui Shiki Ryoho.<\/p>\n\n<p class=\"has-text-align-right\">~Susan Mitchell<br\/>Kellogg, ID, EUA<br\/>30 de mar\u00e7o de 2021<\/p>\n\n<div style=\"height:100px\" aria-hidden=\"true\" class=\"wp-block-spacer\"><\/div>\n","protected":false},"excerpt":{"rendered":"<p>por Susan Mitchell O Livro Cinza foi um presente de Alice Takata Furumoto para os mestres iniciados por Hawayo Takata. Foi tamb\u00e9m o reconhecimento de sua filha, Phyllis, como sucessora de Hawayo Takata. Atrav\u00e9s de cartas, vemos que Alice sabia que Takata Sensei queria que Phyllis tomasse o seu lugar como cabe\u00e7a do Sistema Usui [&hellip;]<\/p>\n","protected":false},"author":1,"featured_media":0,"parent":3876,"menu_order":0,"comment_status":"closed","ping_status":"closed","template":"","meta":{"footnotes":""},"class_list":["post-3769","page","type-page","status-publish","hentry"],"_links":{"self":[{"href":"https:\/\/reikigreybook.com\/pt-br\/wp-json\/wp\/v2\/pages\/3769","targetHints":{"allow":["GET"]}}],"collection":[{"href":"https:\/\/reikigreybook.com\/pt-br\/wp-json\/wp\/v2\/pages"}],"about":[{"href":"https:\/\/reikigreybook.com\/pt-br\/wp-json\/wp\/v2\/types\/page"}],"author":[{"embeddable":true,"href":"https:\/\/reikigreybook.com\/pt-br\/wp-json\/wp\/v2\/users\/1"}],"replies":[{"embeddable":true,"href":"https:\/\/reikigreybook.com\/pt-br\/wp-json\/wp\/v2\/comments?post=3769"}],"version-history":[{"count":5,"href":"https:\/\/reikigreybook.com\/pt-br\/wp-json\/wp\/v2\/pages\/3769\/revisions"}],"predecessor-version":[{"id":9152,"href":"https:\/\/reikigreybook.com\/pt-br\/wp-json\/wp\/v2\/pages\/3769\/revisions\/9152"}],"up":[{"embeddable":true,"href":"https:\/\/reikigreybook.com\/pt-br\/wp-json\/wp\/v2\/pages\/3876"}],"wp:attachment":[{"href":"https:\/\/reikigreybook.com\/pt-br\/wp-json\/wp\/v2\/media?parent=3769"}],"curies":[{"name":"wp","href":"https:\/\/api.w.org\/{rel}","templated":true}]}}