{"id":3876,"date":"2021-05-09T02:56:21","date_gmt":"2021-05-09T02:56:21","guid":{"rendered":"https:\/\/reikigreybook.com\/resources\/"},"modified":"2023-03-11T15:08:48","modified_gmt":"2023-03-11T15:08:48","slug":"resources","status":"publish","type":"page","link":"https:\/\/reikigreybook.com\/pt-br\/resources\/","title":{"rendered":"Resources"},"content":{"rendered":"\n<p>Membros da <a href=\"\/en\/?page_id=700\" data-type=\"page\" data-id=\"700\">Equipe do Livro Cinza<\/a> escreveram alguns ensaios para servir como recurso para compreender e contextualizar o conte\u00fado de <em>Reiki: O Livro Cinza<\/em> neste website. Quando vista separada do volume original, impresso como um livro em 1982, a se\u00e7\u00e3o dos materiais do <a href=\"https:\/\/reikigreybook.com\/pt-br\/the-grey-book\/\" data-type=\"page\" data-id=\"323\">Livro Cinza<\/a> neste websitse pode parecer como sendo separada e disconectada dos documentos hist\u00f3ricos. Nossa esperan\u00e7a \u00e9 preservar o contexto original do volume impresso. <\/p>\n\n<div style=\"height:20px\" aria-hidden=\"true\" class=\"wp-block-spacer\"><\/div>\n\n<div class=\"wp-block-cover alignwide is-light has-custom-content-position is-position-bottom-center is-position-center-center\" style=\"min-height:97px;aspect-ratio:unset;\"><span aria-hidden=\"true\" class=\"wp-block-cover__background has-white-background-color has-background-dim-20 has-background-dim\"><\/span><img fetchpriority=\"high\" decoding=\"async\" width=\"642\" height=\"349\" class=\"wp-block-cover__image-background wp-image-731\" alt=\"\" src=\"https:\/\/reikigreybook.com\/wp-content\/uploads\/2021\/05\/snowy-kurama-gate.png\" style=\"object-position:57% 0%\" data-object-fit=\"cover\" data-object-position=\"57% 0%\" srcset=\"https:\/\/reikigreybook.com\/wp-content\/uploads\/2021\/05\/snowy-kurama-gate.png 642w, https:\/\/reikigreybook.com\/wp-content\/uploads\/2021\/05\/snowy-kurama-gate-600x326.png 600w, https:\/\/reikigreybook.com\/wp-content\/uploads\/2021\/05\/snowy-kurama-gate-300x163.png 300w\" sizes=\"(max-width: 642px) 100vw, 642px\" \/><div class=\"wp-block-cover__inner-container is-layout-flow wp-block-cover-is-layout-flow\">\n<p class=\"has-text-align-center has-large-font-size\" style=\"line-height:1.1\"><strong>Perspectivas Hist\u00f3ricas<\/strong><\/p>\n<\/div><\/div>\n\n<div class=\"wp-block-group has-black-color has-text-color has-background\" style=\"background-color:#faf8ed\"><div class=\"wp-block-group__inner-container is-layout-flow wp-block-group-is-layout-flow\">\n<p><a href=\"https:\/\/reikigreybook.com\/pt-br\/resources\/uma-forca-poderosa\/\" data-type=\"page\" data-id=\"352\">Uma For\u00e7a Poderosa<\/a> \u2013 Brian Brunius escreve sobre sua motiva\u00e7\u00e3o para reimprimir <em>Reiki: O Livro Cinza<\/em> e coloc\u00e1-lo online para todo o mundo ver.<\/p>\n\n\n\n<p><a href=\"https:\/\/reikigreybook.com\/pt-br\/resources\/o-livro-cinza-e-a-historia-de-reiki\/\" data-type=\"page\" data-id=\"301\">O \u201cLivro Cinza\u201d e a Hist\u00f3ria de Reiki<\/a> \u2013 Ler a perspectiva hist\u00f3rica do Dr. Justin Stein em <em>Reiki: O Livro Cinza<\/em>. Saiba sobre o contexto ao redor de sua cria\u00e7\u00e3o e os Mestres que o receberam primeiro.<\/p>\n\n\n\n<p><a href=\"https:\/\/reikigreybook.com\/pt-br\/resources\/uma-pequena-historia-sobre-o-livro-cinza\/\" data-type=\"page\" data-id=\"740\">Uma Pequena Hist\u00f3ria sobre o Livro Cinza<\/a> \u2013 Paul Mitchell nos conta sobre os seus pagamentos para o treinamento de Mestre, e como, sem saber, foram esses que financiaram a impress\u00e3o original de <em>Reiki: O Livro Cinza<\/em>. <\/p>\n\n\n\n<p><a href=\"https:\/\/reikigreybook.com\/pt-br\/resources\/o-misterio-da-linhagem-espiritual\/\" data-type=\"URL\" data-id=\"https:\/\/reikigreybook.com\/en\/resources\/the-mystery-of-spiritual-lineage\/\">O Mist\u00e9rio da Linhagem Espiritual<\/a> \u2013 Joyce Winough escreve sobre o passar da linhagem espiritual de uma gera\u00e7\u00e3o para a pr\u00f3xima, e o papel importante de Alice Takata Furumoto no passar da linhagem de Hawayo Takata para a sua neta, Phyllis Lei Furumoto.<\/p>\n\n\n\n<p><a href=\"https:\/\/reikigreybook.com\/pt-br\/resources\/viver-no-desconhecido\/\" data-type=\"page\" data-id=\"345\">Viver no Desconhecido<\/a> \u2013 Susan Mitchell escreve sobre Johannes Reindl, e as quatro palavras que mudaram a sua vida. Lampejos do processo de sucess\u00e3o e veja como a linhagem vive e respira nesta tradi\u00e7\u00e3o.<\/p>\n<\/div><\/div>\n\n<div class=\"wp-block-cover alignwide is-light has-custom-content-position is-position-bottom-center is-position-center-center\" style=\"min-height:97px;aspect-ratio:unset;\"><span aria-hidden=\"true\" class=\"wp-block-cover__background has-white-background-color has-background-dim-20 has-background-dim\"><\/span><img decoding=\"async\" width=\"642\" height=\"349\" class=\"wp-block-cover__image-background wp-image-731\" alt=\"\" src=\"https:\/\/reikigreybook.com\/wp-content\/uploads\/2021\/05\/snowy-kurama-gate.png\" style=\"object-position:51% 100%\" data-object-fit=\"cover\" data-object-position=\"51% 100%\" srcset=\"https:\/\/reikigreybook.com\/wp-content\/uploads\/2021\/05\/snowy-kurama-gate.png 642w, https:\/\/reikigreybook.com\/wp-content\/uploads\/2021\/05\/snowy-kurama-gate-600x326.png 600w, https:\/\/reikigreybook.com\/wp-content\/uploads\/2021\/05\/snowy-kurama-gate-300x163.png 300w\" sizes=\"(max-width: 642px) 100vw, 642px\" \/><div class=\"wp-block-cover__inner-container is-layout-flow wp-block-cover-is-layout-flow\">\n<p class=\"has-text-align-center has-large-font-size\" style=\"line-height:1.1\"><\/p>\n<\/div><\/div>\n\n<div style=\"height:100px\" aria-hidden=\"true\" class=\"wp-block-spacer\"><\/div>\n","protected":false},"excerpt":{"rendered":"<p>Membros da Equipe do Livro Cinza escreveram alguns ensaios para servir como recurso para compreender e contextualizar o conte\u00fado de Reiki: O Livro Cinza neste website. Quando vista separada do volume original, impresso como um livro em 1982, a se\u00e7\u00e3o dos materiais do Livro Cinza neste websitse pode parecer como sendo separada e disconectada dos [&hellip;]<\/p>\n","protected":false},"author":1,"featured_media":0,"parent":0,"menu_order":0,"comment_status":"closed","ping_status":"closed","template":"","meta":{"footnotes":""},"class_list":["post-3876","page","type-page","status-publish","hentry"],"_links":{"self":[{"href":"https:\/\/reikigreybook.com\/pt-br\/wp-json\/wp\/v2\/pages\/3876","targetHints":{"allow":["GET"]}}],"collection":[{"href":"https:\/\/reikigreybook.com\/pt-br\/wp-json\/wp\/v2\/pages"}],"about":[{"href":"https:\/\/reikigreybook.com\/pt-br\/wp-json\/wp\/v2\/types\/page"}],"author":[{"embeddable":true,"href":"https:\/\/reikigreybook.com\/pt-br\/wp-json\/wp\/v2\/users\/1"}],"replies":[{"embeddable":true,"href":"https:\/\/reikigreybook.com\/pt-br\/wp-json\/wp\/v2\/comments?post=3876"}],"version-history":[{"count":5,"href":"https:\/\/reikigreybook.com\/pt-br\/wp-json\/wp\/v2\/pages\/3876\/revisions"}],"predecessor-version":[{"id":9434,"href":"https:\/\/reikigreybook.com\/pt-br\/wp-json\/wp\/v2\/pages\/3876\/revisions\/9434"}],"wp:attachment":[{"href":"https:\/\/reikigreybook.com\/pt-br\/wp-json\/wp\/v2\/media?parent=3876"}],"curies":[{"name":"wp","href":"https:\/\/api.w.org\/{rel}","templated":true}]}}