{"id":3951,"date":"2021-05-10T00:36:06","date_gmt":"2021-05-10T00:36:06","guid":{"rendered":"https:\/\/reikigreybook.com\/home\/"},"modified":"2022-05-12T15:49:16","modified_gmt":"2022-05-12T15:49:16","slug":"home","status":"publish","type":"page","link":"https:\/\/reikigreybook.com\/pt-br\/","title":{"rendered":"Arquivo"},"content":{"rendered":"\n<div class=\"wp-block-media-text alignwide has-media-on-the-right is-stacked-on-mobile is-vertically-aligned-center\" style=\"grid-template-columns:auto 51%\"><figure class=\"wp-block-media-text__media\"><img fetchpriority=\"high\" decoding=\"async\" width=\"675\" height=\"940\" src=\"https:\/\/reikigreybook.com\/wp-content\/uploads\/2022\/05\/Inviting-Generosity-vertical.jpg\" alt=\"\" class=\"wp-image-6075 size-full\" srcset=\"https:\/\/reikigreybook.com\/wp-content\/uploads\/2022\/05\/Inviting-Generosity-vertical.jpg 675w, https:\/\/reikigreybook.com\/wp-content\/uploads\/2022\/05\/Inviting-Generosity-vertical-600x836.jpg 600w, https:\/\/reikigreybook.com\/wp-content\/uploads\/2022\/05\/Inviting-Generosity-vertical-215x300.jpg 215w\" sizes=\"(max-width: 675px) 100vw, 675px\" \/><\/figure><div class=\"wp-block-media-text__content\">\n<h3 class=\"wp-block-heading\"><a href=\"https:\/\/reikigreybook.com\/pt-br\/about-us\/inviting-generosity\/\" data-type=\"page\" data-id=\"338\">Convite \u00e0 generosidade<\/a><br\/><strong><em>Reiki: O Livro Cinza<\/em><\/strong><\/h3>\n\n\n\n<hr class=\"wp-block-separator has-text-color has-background has-black-background-color has-black-color is-style-wide\"\/>\n\n\n\n<p><\/p>\n\n\n\n<p>Alice Takata Furumoto publicou o <em>Livro Cinza<\/em> em 1982 como um presente para os mestres de Reiki que sua m\u00e3e, Hawayo Takata, iniciara. <a href=\"https:\/\/reikigreybook.com\/pt-br\/about-us\/the-grey-book-team\/\" data-type=\"page\" data-id=\"700\">A equipe do Livro Cinza<\/a> gostaria de continuar esse legado de generosidade oferecendo uma tradu\u00e7\u00e3o do texto original para a comunidade de Reiki de todo o mundo.<\/p>\n\n\n\n<p><a href=\"https:\/\/reikigreybook.com\/pt-br\/contribute\/doacao\/\">Convidamos voc\u00ea a fazer parte deste legado de generosidade.<\/a> Fa\u00e7a parte do projeto<em>Livro Cinza<\/em> fazendo uma doa\u00e7\u00e3o para tradu\u00e7\u00e3o do texto.<\/p>\n\n\n\n<p><\/p>\n\n\n\n<div class=\"wp-block-buttons is-layout-flex wp-block-buttons-is-layout-flex\">\n<div class=\"wp-block-button has-custom-width wp-block-button__width-100 is-style-outline is-style-outline--1\"><a class=\"wp-block-button__link has-vivid-red-color has-white-background-color has-text-color has-background\" href=\"https:\/\/reikigreybook.com\/pt-br\/contribute\/doacao\/\" style=\"border-radius:13px\">Fa\u00e7a uma contribui\u00e7\u00e3o para a tradu\u00e7\u00e3o<\/a><\/div>\n<\/div>\n\n\n\n<p><\/p>\n<\/div><\/div>\n\n<div style=\"height:50px\" aria-hidden=\"true\" class=\"wp-block-spacer\"><\/div>\n\n<div class=\"wp-block-media-text alignwide is-stacked-on-mobile is-vertically-aligned-center\" style=\"grid-template-columns:51% auto\"><figure class=\"wp-block-media-text__media\"><img decoding=\"async\" width=\"716\" height=\"904\" src=\"https:\/\/reikigreybook.com\/wp-content\/uploads\/2022\/05\/The-Grey-Book-Cover-only-med.jpg\" alt=\"Foto da capa da reimpress\u00e3o da Edi\u00e7\u00e3o Limitada de 2022 de Reiki: O Livro Cinza\" class=\"wp-image-6293 size-full\" srcset=\"https:\/\/reikigreybook.com\/wp-content\/uploads\/2022\/05\/The-Grey-Book-Cover-only-med.jpg 716w, https:\/\/reikigreybook.com\/wp-content\/uploads\/2022\/05\/The-Grey-Book-Cover-only-med-600x758.jpg 600w, https:\/\/reikigreybook.com\/wp-content\/uploads\/2022\/05\/The-Grey-Book-Cover-only-med-238x300.jpg 238w\" sizes=\"(max-width: 716px) 100vw, 716px\" \/><\/figure><div class=\"wp-block-media-text__content\">\n<h3 class=\"wp-block-heading\"><br\/><a href=\"https:\/\/reikigreybook.com\/pt-br\/the-grey-book\/\" data-type=\"page\" data-id=\"323\">Leia o livro completo<br\/><\/a><strong><em>Reiki: O Livro Cinza<\/em><\/strong><\/h3>\n\n\n\n<hr class=\"wp-block-separator has-text-color has-background has-black-background-color has-black-color is-style-wide\"\/>\n\n\n\n<div style=\"height:20px\" aria-hidden=\"true\" class=\"wp-block-spacer\"><\/div>\n\n\n\n<h6 class=\"wp-block-heading\">Veja abaixo as sete se\u00e7\u00f5es do volume original de 1982 de <em>Reiki<\/em>. <\/h6>\n\n\n\n<p>&gt; <a rel=\"noreferrer noopener\" href=\"https:\/\/reikigreybook.com\/pt-br\/the-grey-book\/takatas-diary-entries\/\" data-type=\"page\" target=\"_blank\">Entradas no Di\u00e1rio de Takata<\/a><\/p>\n\n\n\n<p>&gt; <a rel=\"noreferrer noopener\" href=\"https:\/\/reikigreybook.com\/pt-br\/the-grey-book\/therapy-guide\/\" data-type=\"page\" target=\"_blank\">Guia de Terapia<\/a><\/p>\n\n\n\n<p>&gt; <a rel=\"noreferrer noopener\" href=\"https:\/\/reikigreybook.com\/pt-br\/the-grey-book\/the-art-of-healing\/\" data-type=\"page\" data-id=\"306\" target=\"_blank\">A Arte de Cura<\/a><\/p>\n\n\n\n<p>&gt; <a rel=\"noreferrer noopener\" href=\"https:\/\/reikigreybook.com\/pt-br\/the-grey-book\/photos\/\" data-type=\"page\" data-id=\"334\" target=\"_blank\">Fotos<\/a><\/p>\n\n\n\n<p>&gt; <a rel=\"noreferrer noopener\" href=\"https:\/\/reikigreybook.com\/pt-br\/the-grey-book\/takatas-master-certificate\/\" data-type=\"page\" data-id=\"320\" target=\"_blank\">Certificado de Mestre da Takata<\/a><\/p>\n\n\n\n<p>&gt; <a rel=\"noreferrer noopener\" href=\"https:\/\/reikigreybook.com\/pt-br\/the-grey-book\/master-students\/\" data-type=\"page\" data-id=\"308\" target=\"_blank\">Alunos Mestres<\/a><\/p>\n\n\n\n<p>&gt; <a rel=\"noreferrer noopener\" href=\"https:\/\/reikigreybook.com\/pt-br\/the-grey-book\/dedication-page\/\" data-type=\"page\" data-id=\"328\" target=\"_blank\">P\u00e1gina de Dedica\u00e7\u00e3o<\/a><\/p>\n<\/div><\/div>\n\n<div style=\"height:50px\" aria-hidden=\"true\" class=\"wp-block-spacer\"><\/div>\n\n<div style=\"height:20px\" aria-hidden=\"true\" class=\"wp-block-spacer\"><\/div>\n\n<div class=\"wp-block-cover alignwide is-light has-custom-content-position is-position-bottom-center is-position-center-center\" style=\"min-height:97px;aspect-ratio:unset;\"><span aria-hidden=\"true\" class=\"has-white-background-color has-background-dim-20 wp-block-cover__gradient-background has-background-dim\"><\/span><img decoding=\"async\" width=\"642\" height=\"349\" class=\"wp-block-cover__image-background wp-image-1638\" alt=\"\" src=\"https:\/\/reikigreybook.com\/wp-content\/uploads\/2021\/05\/snowy-kurama-gate.png\" style=\"object-position:57% 0%\" data-object-fit=\"cover\" data-object-position=\"57% 0%\" srcset=\"https:\/\/reikigreybook.com\/wp-content\/uploads\/2021\/05\/snowy-kurama-gate.png 642w, https:\/\/reikigreybook.com\/wp-content\/uploads\/2021\/05\/snowy-kurama-gate-600x326.png 600w, https:\/\/reikigreybook.com\/wp-content\/uploads\/2021\/05\/snowy-kurama-gate-300x163.png 300w\" sizes=\"(max-width: 642px) 100vw, 642px\" \/><div class=\"wp-block-cover__inner-container is-layout-flow wp-block-cover-is-layout-flow\">\n<p class=\"has-text-align-center has-large-font-size\" style=\"line-height:1.1\"><strong>Perspectivas Hist\u00f3ricas<\/strong><\/p>\n<\/div><\/div>\n\n<div class=\"wp-block-group has-black-color has-text-color has-background\" style=\"background-color:#faf8ed\"><div class=\"wp-block-group__inner-container is-layout-flow wp-block-group-is-layout-flow\">\n<p><a href=\"https:\/\/reikigreybook.com\/pt-br\/resources\/uma-forca-poderosa\/\" data-type=\"page\" data-id=\"352\">Uma For\u00e7a Poderosa<\/a> &#8211; Brian Brunius escreve sobre sua motiva\u00e7\u00e3o para reimprimir <em>Reiki: O Livro Cinza<\/em> e coloc\u00e1-lo online para todo o mundo ver.<\/p>\n\n\n\n<p><a href=\"https:\/\/reikigreybook.com\/pt-br\/resources\/o-livro-cinza-e-a-historia-de-reiki\/\" data-type=\"page\" data-id=\"301\">O &#8220;Livro Cinza&#8221; e a Hist\u00f3ria de Reiki <\/a> &#8211; Ler a perspectiva hist\u00f3rica do Dr. Justin Stein em <em>Reiki: O Livro Cinza <\/em>. Saiba sobre o contexto ao redor de sua cria\u00e7\u00e3o e os Mestres que o receberam primeiro.<\/p>\n\n\n\n<p><a href=\"https:\/\/reikigreybook.com\/pt-br\/resources\/uma-pequena-historia-sobre-o-livro-cinza\/\" data-type=\"page\" data-id=\"740\">Uma Pequena Hist\u00f3ria sobre o Livro Cinza<\/a> &#8211; Paul Mitchell nos conta sobre os seus pagamentos para o treinamento de Mestre, e como, sem saber, foram esses que financiaram a impress\u00e3o original de <em>Reiki: O Livro Cinza. <\/em> <\/p>\n\n\n\n<p><a href=\"https:\/\/reikigreybook.com\/pt-br\/resources\/o-misterio-da-linhagem-espiritual\/\">O Mist\u00e9rio da Linhagem Espiritual<\/a> &#8211; Joyce Winough escreve sobre o passar da linhagem espiritual de uma gera\u00e7\u00e3o para a pr\u00f3xima, e o papel importante de Alice Takata Furumoto no passar da linhagem de Hawayo Takata para a sua neta, Phyllis Lei Furumoto.<\/p>\n\n\n\n<p><a href=\"https:\/\/reikigreybook.com\/pt-br\/resources\/viver-no-desconhecido\/\" data-type=\"page\" data-id=\"345\">Viver no Desconhecido<\/a> &#8211; Susan Mitchell escreve sobre Johannes Reindl, e as quatro palavras que mudaram a sua vida. Lampejos do processo de sucess\u00e3o e veja como a linhagem vive e respira nesta tradi\u00e7\u00e3o. <\/p>\n<\/div><\/div>\n\n<div class=\"wp-block-cover alignwide is-light has-custom-content-position is-position-bottom-center is-position-center-center\" style=\"min-height:97px;aspect-ratio:unset;\"><span aria-hidden=\"true\" class=\"has-white-background-color has-background-dim-20 wp-block-cover__gradient-background has-background-dim\"><\/span><img loading=\"lazy\" decoding=\"async\" width=\"642\" height=\"349\" class=\"wp-block-cover__image-background wp-image-1638\" alt=\"\" src=\"https:\/\/reikigreybook.com\/wp-content\/uploads\/2021\/05\/snowy-kurama-gate.png\" style=\"object-position:51% 100%\" data-object-fit=\"cover\" data-object-position=\"51% 100%\" srcset=\"https:\/\/reikigreybook.com\/wp-content\/uploads\/2021\/05\/snowy-kurama-gate.png 642w, https:\/\/reikigreybook.com\/wp-content\/uploads\/2021\/05\/snowy-kurama-gate-600x326.png 600w, https:\/\/reikigreybook.com\/wp-content\/uploads\/2021\/05\/snowy-kurama-gate-300x163.png 300w\" sizes=\"(max-width: 642px) 100vw, 642px\" \/><div class=\"wp-block-cover__inner-container is-layout-flow wp-block-cover-is-layout-flow\">\n<p class=\"has-text-align-center has-large-font-size\" style=\"line-height:1.1\"><\/p>\n<\/div><\/div>\n\n<div style=\"height:100px\" aria-hidden=\"true\" class=\"wp-block-spacer\"><\/div>\n","protected":false},"excerpt":{"rendered":"<p>Uma For\u00e7a Poderosa &#8211; Brian Brunius escreve sobre sua motiva\u00e7\u00e3o para reimprimir Reiki: O Livro Cinza e coloc\u00e1-lo online para todo o mundo ver. O &#8220;Livro Cinza&#8221; e a Hist\u00f3ria de Reiki &#8211; Ler a perspectiva hist\u00f3rica do Dr. Justin Stein em Reiki: O Livro Cinza . Saiba sobre o contexto ao redor de sua [&hellip;]<\/p>\n","protected":false},"author":1,"featured_media":0,"parent":0,"menu_order":0,"comment_status":"closed","ping_status":"closed","template":"","meta":{"footnotes":""},"class_list":["post-3951","page","type-page","status-publish","hentry"],"_links":{"self":[{"href":"https:\/\/reikigreybook.com\/pt-br\/wp-json\/wp\/v2\/pages\/3951","targetHints":{"allow":["GET"]}}],"collection":[{"href":"https:\/\/reikigreybook.com\/pt-br\/wp-json\/wp\/v2\/pages"}],"about":[{"href":"https:\/\/reikigreybook.com\/pt-br\/wp-json\/wp\/v2\/types\/page"}],"author":[{"embeddable":true,"href":"https:\/\/reikigreybook.com\/pt-br\/wp-json\/wp\/v2\/users\/1"}],"replies":[{"embeddable":true,"href":"https:\/\/reikigreybook.com\/pt-br\/wp-json\/wp\/v2\/comments?post=3951"}],"version-history":[{"count":5,"href":"https:\/\/reikigreybook.com\/pt-br\/wp-json\/wp\/v2\/pages\/3951\/revisions"}],"predecessor-version":[{"id":7093,"href":"https:\/\/reikigreybook.com\/pt-br\/wp-json\/wp\/v2\/pages\/3951\/revisions\/7093"}],"wp:attachment":[{"href":"https:\/\/reikigreybook.com\/pt-br\/wp-json\/wp\/v2\/media?parent=3951"}],"curies":[{"name":"wp","href":"https:\/\/api.w.org\/{rel}","templated":true}]}}