{"id":3958,"date":"2021-05-09T04:45:15","date_gmt":"2021-05-09T04:45:15","guid":{"rendered":"https:\/\/reikigreybook.com\/about-us\/"},"modified":"2023-01-24T20:52:52","modified_gmt":"2023-01-24T20:52:52","slug":"about-us","status":"publish","type":"page","link":"https:\/\/reikigreybook.com\/pt-br\/about-us\/","title":{"rendered":"Sobre n\u00f3s"},"content":{"rendered":"\n<div class=\"wp-block-media-text alignwide has-media-on-the-right is-stacked-on-mobile is-image-fill has-black-color has-text-color has-background\" style=\"background-color:#f2eeae;grid-template-columns:auto 46%\"><div class=\"wp-block-media-text__content\">\n<div style=\"height:20px\" aria-hidden=\"true\" class=\"wp-block-spacer\"><\/div>\n\n\n\n<p class=\"has-text-align-justify has-normal-font-size\">Todos que contribu\u00edram para o Projeto Livro Cinza agradecem ao Esp\u00f3lio de Phyllis Lei Furumoto por nos conceder permiss\u00e3o para reimprimir 1500 c\u00f3pias do livro sobre <em>Reiki<\/em> de 1982, comumente chamado de &#8220;O Livro Cinza&#8221;. Foi para n\u00f3s um ato de f\u00e9 quando pedimos tamb\u00e9m permiss\u00e3o ao Esp\u00f3lio para colocar todo conte\u00fado do livro on a website em pelo menos oito idiomas. Mesmo assim, permiss\u00e3o para isso tamb\u00e9m nos foi concedida. <\/p>\n\n\n\n<p class=\"has-text-align-justify has-normal-font-size\">Com todo amor em nossos cora\u00e7\u00f5es, oferecemos este livro e o website para todas as comunidades de Reiki, esperando que o compartilhar de materiais hist\u00f3ricos, bem preservados, possa nos unir no amor ao Reiki.<\/p>\n\n\n\n<p class=\"has-text-align-center has-normal-font-size\">Em amorosa mem\u00f3ria<br\/><strong>Phyllis Lei Furumoto<\/strong><br\/>Nossos Cora\u00e7\u00f5es ~ Nosso Amor ~ Nossa Gratid\u00e3o<\/p>\n\n\n\n<div style=\"height:13px\" aria-hidden=\"true\" class=\"wp-block-spacer\"><\/div>\n\n\n\n<p><\/p>\n<\/div><figure class=\"wp-block-media-text__media\" style=\"background-image:url(https:\/\/reikigreybook.com\/wp-content\/uploads\/2021\/05\/53095747_2757244500967350_7598808714501423104_o-683x1024.jpg);background-position:58% 40%\"><img fetchpriority=\"high\" decoding=\"async\" width=\"683\" height=\"1024\" src=\"https:\/\/reikigreybook.com\/wp-content\/uploads\/2021\/05\/53095747_2757244500967350_7598808714501423104_o-683x1024.jpg\" alt=\"Foto de Phyllis Lei Furumoto, Portadora da Linhagem de Reiki Usui Shiki Ryoho.\" class=\"wp-image-604 size-full\" srcset=\"https:\/\/reikigreybook.com\/wp-content\/uploads\/2021\/05\/53095747_2757244500967350_7598808714501423104_o-683x1024.jpg 683w, https:\/\/reikigreybook.com\/wp-content\/uploads\/2021\/05\/53095747_2757244500967350_7598808714501423104_o-600x900.jpg 600w, https:\/\/reikigreybook.com\/wp-content\/uploads\/2021\/05\/53095747_2757244500967350_7598808714501423104_o-200x300.jpg 200w, https:\/\/reikigreybook.com\/wp-content\/uploads\/2021\/05\/53095747_2757244500967350_7598808714501423104_o-768x1152.jpg 768w, https:\/\/reikigreybook.com\/wp-content\/uploads\/2021\/05\/53095747_2757244500967350_7598808714501423104_o-1024x1536.jpg 1024w, https:\/\/reikigreybook.com\/wp-content\/uploads\/2021\/05\/53095747_2757244500967350_7598808714501423104_o.jpg 1260w\" sizes=\"(max-width: 683px) 100vw, 683px\" \/><\/figure><\/div>\n\n<div style=\"height:35px\" aria-hidden=\"true\" class=\"wp-block-spacer\"><\/div>\n\n<hr class=\"wp-block-separator has-text-color has-black-color has-css-opacity has-black-background-color has-background is-style-wide\"\/>\n\n<div class=\"wp-block-group has-white-background-color has-background\"><div class=\"wp-block-group__inner-container is-layout-flow wp-block-group-is-layout-flow\">\n<div class=\"wp-block-group\"><div class=\"wp-block-group__inner-container is-layout-flow wp-block-group-is-layout-flow\">\n<p><em>Reiki: O Livro Cinza <\/em> \u00e9 uma colabora\u00e7\u00e3o entre o Esp\u00f3lio de Phyllis Lei Furumoto, o <a rel=\"noreferrer noopener\" href=\"https:\/\/www.usuishikiryohoreiki.com\/\" data-type=\"URL\" data-id=\"https:\/\/www.usuishikiryohoreiki.com\/\" target=\"_blank\">Escrit\u00f3rio do Gr\u00e3o-Mestre<\/a>, e os <a rel=\"noreferrer noopener\" href=\"https:\/\/reikicentersofamerica.org\/\" data-type=\"URL\" data-id=\"https:\/\/reikicentersofamerica.org\/\" target=\"_blank\">Centros de Reiki da Am\u00e9rica<\/a>.<\/p>\n<\/div><\/div>\n\n\n\n<div style=\"height:10px\" aria-hidden=\"true\" class=\"wp-block-spacer\"><\/div>\n\n\n\n<p>&gt; <a href=\"https:\/\/reikigreybook.com\/pt-br\/about-us\/the-grey-book-team\/\" data-type=\"URL\" data-id=\"https:\/\/reikigreybook.com\/en\/about-us\/the-grey-book-team\/\">Conhe\u00e7a a equipe do Livro Cinza<\/a><br\/>&gt; <a href=\"https:\/\/reikigreybook.com\/pt-br\/about-us\/our-translators\/\" data-type=\"page\" data-id=\"694\">Conhe\u00e7a os tradutores<\/a><br\/>&gt; <a href=\"https:\/\/reikigreybook.com\/pt-br\/about-us\/inviting-generosity\/\" data-type=\"page\" data-id=\"338\">Ajude-nos a compartilhar este projeto<\/a> <\/p>\n<\/div><\/div>\n\n<hr class=\"wp-block-separator has-text-color has-black-color has-css-opacity has-black-background-color has-background is-style-wide\"\/>\n\n<div style=\"height:35px\" aria-hidden=\"true\" class=\"wp-block-spacer\"><\/div>\n\n<div style=\"height:40px\" aria-hidden=\"true\" class=\"wp-block-spacer\"><\/div>\n\n<div class=\"wp-block-group\"><div class=\"wp-block-group__inner-container is-layout-flow wp-block-group-is-layout-flow\">\n<div class=\"wp-block-group has-background\" style=\"background-color:#e4e4e4\"><div class=\"wp-block-group__inner-container is-layout-flow wp-block-group-is-layout-flow\">\n<div class=\"wp-block-media-text alignwide is-stacked-on-mobile\" style=\"grid-template-columns:32% auto\"><figure class=\"wp-block-media-text__media\"><img decoding=\"async\" width=\"500\" height=\"500\" src=\"https:\/\/reikigreybook.com\/wp-content\/uploads\/2021\/06\/logo-of-office-of-the-grand-master-Usui-shiki-ryoho-sq.jpg\" alt=\"\" class=\"wp-image-2191 size-full\" srcset=\"https:\/\/reikigreybook.com\/wp-content\/uploads\/2021\/06\/logo-of-office-of-the-grand-master-Usui-shiki-ryoho-sq.jpg 500w, https:\/\/reikigreybook.com\/wp-content\/uploads\/2021\/06\/logo-of-office-of-the-grand-master-Usui-shiki-ryoho-sq-300x300.jpg 300w, https:\/\/reikigreybook.com\/wp-content\/uploads\/2021\/06\/logo-of-office-of-the-grand-master-Usui-shiki-ryoho-sq-100x100.jpg 100w, https:\/\/reikigreybook.com\/wp-content\/uploads\/2021\/06\/logo-of-office-of-the-grand-master-Usui-shiki-ryoho-sq-150x150.jpg 150w, https:\/\/reikigreybook.com\/wp-content\/uploads\/2021\/06\/logo-of-office-of-the-grand-master-Usui-shiki-ryoho-sq-50x50.jpg 50w, https:\/\/reikigreybook.com\/wp-content\/uploads\/2021\/06\/logo-of-office-of-the-grand-master-Usui-shiki-ryoho-sq-60x60.jpg 60w, https:\/\/reikigreybook.com\/wp-content\/uploads\/2021\/06\/logo-of-office-of-the-grand-master-Usui-shiki-ryoho-sq-90x90.jpg 90w\" sizes=\"(max-width: 500px) 100vw, 500px\" \/><\/figure><div class=\"wp-block-media-text__content\">\n<p><strong>Escrit\u00f3rio do Gr\u00e3o-Mestre<\/strong><br\/>(<a rel=\"noreferrer noopener\" href=\"https:\/\/www.usuishikiryohoreiki.com\/\" data-type=\"URL\" data-id=\"https:\/\/www.usuishikiryohoreiki.com\/\" target=\"_blank\">https:\/\/www.usuishikiryohoreiki.com\/<\/a>)<\/p>\n\n\n\n<p class=\"has-black-color has-text-color\">O Escrit\u00f3rio da Gr\u00e3-Mestre (OGM) foi fundado por Phyllis Furumoto e Paul Mitchell, em 1993, para compartilhar o papel de Phyllis e a sua responsabilidade como Gr\u00e3-Mestre. Phyllis Furumoto, Portadora da Linhagem, e Paul Mitchell, Chefe da Disciplina, trabalharam juntos at\u00e9 a morte de Phyllis, em 2019. O Escrit\u00f3rio do Gr\u00e3o-Mestre, liderado por Johannes Reindl, sucessor reconhecido de Phyllis Furumoto, junto com Paul Mitchell e Joyce Winough, se dedica a preservar a pr\u00e1tica de Usui Shiki Ryoho para as gera\u00e7\u00f5es futuras, conforme passado pela Linhagem Espiritual de Mikao Usui, Chujiro Hayashi, Hawayo Takata, Phyllis Furumoto, e Johannes Reindl. Sua investiga\u00e7\u00e3o cont\u00ednua do presente e pr\u00e1tica de Reiki est\u00e1 dispon\u00edvel para a comunidade de todo o mundo atrav\u00e9s de workshops, retiros, intensivos para mestres e programas online.<\/p>\n<\/div><\/div>\n<\/div><\/div>\n\n\n\n<div style=\"height:34px\" aria-hidden=\"true\" class=\"wp-block-spacer\"><\/div>\n<\/div><\/div>\n\n<div class=\"wp-block-group\"><div class=\"wp-block-group__inner-container is-layout-flow wp-block-group-is-layout-flow\">\n<div class=\"wp-block-group has-background\" style=\"background-color:#e4e4e4\"><div class=\"wp-block-group__inner-container is-layout-flow wp-block-group-is-layout-flow\">\n<div class=\"wp-block-media-text alignwide is-stacked-on-mobile is-vertically-aligned-center\" style=\"grid-template-columns:31% auto\"><figure class=\"wp-block-media-text__media\"><img decoding=\"async\" width=\"600\" height=\"600\" src=\"https:\/\/reikigreybook.com\/wp-content\/uploads\/2021\/05\/RCA-_logo_toned-down.jpg\" alt=\"Logo de Centros de Reiki da Am\u00e9rica, uma organiza\u00e7\u00e3o sem fins lucrativos, dedica-se a ajudar os praticantes dos centros de Reiki nas Am\u00e9ricas.\" class=\"wp-image-559 size-full\" srcset=\"https:\/\/reikigreybook.com\/wp-content\/uploads\/2021\/05\/RCA-_logo_toned-down.jpg 600w, https:\/\/reikigreybook.com\/wp-content\/uploads\/2021\/05\/RCA-_logo_toned-down-300x300.jpg 300w, https:\/\/reikigreybook.com\/wp-content\/uploads\/2021\/05\/RCA-_logo_toned-down-100x100.jpg 100w, https:\/\/reikigreybook.com\/wp-content\/uploads\/2021\/05\/RCA-_logo_toned-down-150x150.jpg 150w, https:\/\/reikigreybook.com\/wp-content\/uploads\/2021\/05\/RCA-_logo_toned-down-50x50.jpg 50w\" sizes=\"(max-width: 600px) 100vw, 600px\" \/><\/figure><div class=\"wp-block-media-text__content\">\n<p><strong>Centros de Reiki da Am\u00e9rica<\/strong><br\/>(<a href=\"https:\/\/ReikiCentersofAmerica.org\" target=\"_blank\" rel=\"noreferrer noopener\">https:\/\/ReikiCentersofAmerica.org<\/a>)<\/p>\n\n\n\n<p class=\"has-black-color has-text-color\">Centros de Reiki da Am\u00e9rica empodera os praticantes e os Mestres de Reiki para abrirem Centros de Reiki bem sucedidos e para que as comunidades cres\u00e7am pr\u00f3speras, tornando dispon\u00edvel instru\u00e7\u00f5es, t\u00e9cnicas e materiais aut\u00eanticos sobre Reiki e seus primeiros Mestres, al\u00e9m de organizar peregrina\u00e7\u00f5es ao Jap\u00e3o para todos os alunos conectados com as ra\u00edzes de Reiki. Centros de Reiki da Am\u00e9rica \u00e9 uma organiza\u00e7\u00e3o 501(c)(3) sem fins lucrativos baseada na cidade de Nova Iorque.<\/p>\n<\/div><\/div>\n<\/div><\/div>\n<\/div><\/div>\n\n<div style=\"height:46px\" aria-hidden=\"true\" class=\"wp-block-spacer\"><\/div>\n\n<div style=\"height:100px\" aria-hidden=\"true\" class=\"wp-block-spacer\"><\/div>\n","protected":false},"excerpt":{"rendered":"<p>Reiki: O Livro Cinza \u00e9 uma colabora\u00e7\u00e3o entre o Esp\u00f3lio de Phyllis Lei Furumoto, o Escrit\u00f3rio do Gr\u00e3o-Mestre, e os Centros de Reiki da Am\u00e9rica. &gt; Conhe\u00e7a a equipe do Livro Cinza&gt; Conhe\u00e7a os tradutores&gt; Ajude-nos a compartilhar este projeto Escrit\u00f3rio do Gr\u00e3o-Mestre(https:\/\/www.usuishikiryohoreiki.com\/) O Escrit\u00f3rio da Gr\u00e3-Mestre (OGM) foi fundado por Phyllis Furumoto e Paul [&hellip;]<\/p>\n","protected":false},"author":1,"featured_media":0,"parent":0,"menu_order":0,"comment_status":"closed","ping_status":"closed","template":"","meta":{"footnotes":""},"class_list":["post-3958","page","type-page","status-publish","hentry"],"_links":{"self":[{"href":"https:\/\/reikigreybook.com\/pt-br\/wp-json\/wp\/v2\/pages\/3958","targetHints":{"allow":["GET"]}}],"collection":[{"href":"https:\/\/reikigreybook.com\/pt-br\/wp-json\/wp\/v2\/pages"}],"about":[{"href":"https:\/\/reikigreybook.com\/pt-br\/wp-json\/wp\/v2\/types\/page"}],"author":[{"embeddable":true,"href":"https:\/\/reikigreybook.com\/pt-br\/wp-json\/wp\/v2\/users\/1"}],"replies":[{"embeddable":true,"href":"https:\/\/reikigreybook.com\/pt-br\/wp-json\/wp\/v2\/comments?post=3958"}],"version-history":[{"count":5,"href":"https:\/\/reikigreybook.com\/pt-br\/wp-json\/wp\/v2\/pages\/3958\/revisions"}],"predecessor-version":[{"id":9145,"href":"https:\/\/reikigreybook.com\/pt-br\/wp-json\/wp\/v2\/pages\/3958\/revisions\/9145"}],"wp:attachment":[{"href":"https:\/\/reikigreybook.com\/pt-br\/wp-json\/wp\/v2\/media?parent=3958"}],"curies":[{"name":"wp","href":"https:\/\/api.w.org\/{rel}","templated":true}]}}