{"id":6721,"date":"2021-05-09T04:27:49","date_gmt":"2021-05-09T04:27:49","guid":{"rendered":"https:\/\/reikigreybook.com\/leia-o-livro-cinza\/"},"modified":"2024-06-07T04:10:30","modified_gmt":"2024-06-07T04:10:30","slug":"the-grey-book","status":"publish","type":"page","link":"https:\/\/reikigreybook.com\/pt-br\/the-grey-book\/","title":{"rendered":"Leia o Livro Cinza"},"content":{"rendered":"\n<p>Estas sete se\u00e7\u00f5es do volume de 1982, <em>Reiki<\/em> \u00e9 apresentado na ordem em que foi publicado por Alice Takata Furumoto. O Guia de Terapia, originalmente produzido em japon\u00eas, foi convertido para o ingl\u00eas pelo tradutor acad\u00eamico profissional Dylan Luers Toda. A partir do trabalho de Toda, foram comissionadas 8 tradu\u00e7\u00f5es deste website, e pela primeira vez, muitos de n\u00f3s podem ler o manual original de tratamento de Reiki, que Chujiro Hayashi preparou para os alunos da Hayashi Reiki Kenkyukai no Hava\u00ed, em 1938.<\/p>\n\n<div class=\"wp-block-media-text alignwide is-stacked-on-mobile is-vertically-aligned-bottom\" style=\"grid-template-columns:46% auto\"><figure class=\"wp-block-media-text__media\"><img fetchpriority=\"high\" decoding=\"async\" width=\"716\" height=\"904\" src=\"https:\/\/reikigreybook.com\/wp-content\/uploads\/2022\/05\/The-Grey-Book-Cover-only-med.jpg\" alt=\"\" class=\"wp-image-6293 size-full\" srcset=\"https:\/\/reikigreybook.com\/wp-content\/uploads\/2022\/05\/The-Grey-Book-Cover-only-med.jpg 716w, https:\/\/reikigreybook.com\/wp-content\/uploads\/2022\/05\/The-Grey-Book-Cover-only-med-600x758.jpg 600w, https:\/\/reikigreybook.com\/wp-content\/uploads\/2022\/05\/The-Grey-Book-Cover-only-med-238x300.jpg 238w\" sizes=\"(max-width: 716px) 100vw, 716px\" \/><\/figure><div class=\"wp-block-media-text__content\">\n<h3 class=\"wp-block-heading\"><a href=\"https:\/\/reikigreybook.com\/pt-br\/the-grey-book\/takatas-diary-entries\/\" data-type=\"p&#xE1;gina\" data-id=\"302\">Comece a ler<\/a><br\/><strong><em>Reiki: O Livro Cinza<\/em><\/strong><\/h3>\n\n\n\n<hr class=\"wp-block-separator has-text-color has-background has-black-background-color has-black-color is-style-wide\"\/>\n\n\n\n<div style=\"height:14px\" aria-hidden=\"true\" class=\"wp-block-spacer\"><\/div>\n\n\n\n<p>&gt; <a rel=\"noreferrer noopener\" href=\"https:\/\/reikigreybook.com\/pt-br\/the-grey-book\/takatas-diary-entries\/\" data-type=\"p&#xE1;gina\" target=\"_blank\">Entradas no Di\u00e1rio de Takata<\/a><\/p>\n\n\n\n<p>&gt; <a rel=\"noreferrer noopener\" href=\"https:\/\/reikigreybook.com\/pt-br\/the-grey-book\/therapy-guide\/\" data-type=\"p&#xE1;gina\" target=\"_blank\">Guia de Terapia<\/a><\/p>\n\n\n\n<p>&gt; <a rel=\"noreferrer noopener\" href=\"https:\/\/reikigreybook.com\/pt-br\/the-grey-book\/the-art-of-healing\/\" data-type=\"p&#xE1;gina\" data-id=\"306\" target=\"_blank\">A Arte de Cura<\/a><\/p>\n\n\n\n<p>&gt; <a rel=\"noreferrer noopener\" href=\"https:\/\/reikigreybook.com\/pt-br\/the-grey-book\/photos\/\" data-type=\"p&#xE1;gina\" data-id=\"334\" target=\"_blank\">Fotos<\/a><\/p>\n\n\n\n<p>&gt; <a rel=\"noreferrer noopener\" href=\"https:\/\/reikigreybook.com\/pt-br\/the-grey-book\/takatas-master-certificate\/\" data-type=\"p&#xE1;gina\" data-id=\"320\" target=\"_blank\">Certificado de Mestre da Takata<\/a><\/p>\n\n\n\n<p>&gt; <a href=\"https:\/\/reikigreybook.com\/pt-br\/the-grey-book\/master-students\/\" data-type=\"p&#xE1;gina\" target=\"_blank\" rel=\"noreferrer noopener\">Alunos Mestres<\/a><\/p>\n\n\n\n<p>&gt; <a rel=\"noreferrer noopener\" href=\"https:\/\/reikigreybook.com\/pt-br\/the-grey-book\/dedication-page\/\" data-type=\"p&#xE1;gina\" data-id=\"328\" target=\"_blank\">P\u00e1gina de Dedica\u00e7\u00e3o<\/a><\/p>\n<\/div><\/div>\n\n<div style=\"height:30px\" aria-hidden=\"true\" class=\"wp-block-spacer\"><\/div>\n\n<hr class=\"wp-block-separator has-text-color has-background has-black-background-color has-black-color is-style-wide\"\/>\n\n<div style=\"height:30px\" aria-hidden=\"true\" class=\"wp-block-spacer\"><\/div>\n\n<div class=\"wp-block-media-text alignwide has-media-on-the-right is-stacked-on-mobile is-vertically-aligned-center\" style=\"grid-template-columns:auto 51%\"><figure class=\"wp-block-media-text__media\"><img decoding=\"async\" width=\"675\" height=\"940\" src=\"https:\/\/reikigreybook.com\/wp-content\/uploads\/2022\/05\/Inviting-Generosity-vertical.jpg\" alt=\"\" class=\"wp-image-6075 size-full\" srcset=\"https:\/\/reikigreybook.com\/wp-content\/uploads\/2022\/05\/Inviting-Generosity-vertical.jpg 675w, https:\/\/reikigreybook.com\/wp-content\/uploads\/2022\/05\/Inviting-Generosity-vertical-600x836.jpg 600w, https:\/\/reikigreybook.com\/wp-content\/uploads\/2022\/05\/Inviting-Generosity-vertical-215x300.jpg 215w\" sizes=\"(max-width: 675px) 100vw, 675px\" \/><\/figure><div class=\"wp-block-media-text__content\">\n<h3 class=\"wp-block-heading\"><a href=\"https:\/\/reikigreybook.com\/pt-br\/about-us\/inviting-generosity\/\" data-type=\"p&#xE1;gina\" data-id=\"338\">Convite \u00e0 generosidade<\/a><br\/><strong><em>Reiki: O Livro Cinza<\/em><\/strong><\/h3>\n\n\n\n<hr class=\"wp-block-separator has-text-color has-background has-black-background-color has-black-color is-style-wide\"\/>\n\n\n\n<p><\/p>\n\n\n\n<p>Alice Takata Furumoto publicou o <em>Livro Cinza<\/em> em 1982 como um presente para os mestres de Reiki que sua m\u00e3e, Hawayo Takata, iniciara. <a href=\"https:\/\/reikigreybook.com\/pt-br\/about-us\/the-grey-book-team\/\" data-type=\"p&#xE1;gina\" data-id=\"700\">A equipe do Livro Cinza<\/a> gostaria de continuar esse legado de generosidade, oferecendo tradu\u00e7\u00f5es do texto original, como presente para a comunidade de Reiki em todo o mundo.<\/p>\n\n\n\n<p><a href=\"https:\/\/reikigreybook.com\/pt-br\/contribute\/doacao\/\">Convidamos voc\u00ea para ser parte deste legado.<\/a> Fa\u00e7a parte do projeto <em>Livro Cinza<\/em> atrav\u00e9s de uma contribui\u00e7\u00e3o financeira, apoiando mais tradu\u00e7\u00f5es deste texto.<\/p>\n\n\n\n<p><\/p>\n\n\n\n<p> <\/p>\n\n\n\n<div class=\"wp-block-buttons is-horizontal is-content-justification-right is-layout-flex wp-container-core-buttons-is-layout-ae2fe186 wp-block-buttons-is-layout-flex\">\n<div class=\"wp-block-button has-custom-width wp-block-button__width-100 is-style-outline is-style-outline--1\"><a class=\"wp-block-button__link has-vivid-red-color has-white-background-color has-text-color has-background\" href=\"https:\/\/reikigreybook.com\/pt-br\/contribute\/doacao\/\" style=\"border-radius:13px\">Fa\u00e7a uma doa\u00e7\u00e3o para tradu\u00e7\u00e3o<\/a><\/div>\n<\/div>\n<\/div><\/div>\n\n<div style=\"height:50px\" aria-hidden=\"true\" class=\"wp-block-spacer\"><\/div>\n\n<hr class=\"wp-block-separator is-style-wide\"\/>\n\n<div style=\"height:50px\" aria-hidden=\"true\" class=\"wp-block-spacer\"><\/div>\n\n<p><\/p>\n","protected":false},"excerpt":{"rendered":"<p>Estas sete se\u00e7\u00f5es do volume de 1982, Reiki \u00e9 apresentado na ordem em que foi publicado por Alice Takata Furumoto. O Guia de Terapia, originalmente produzido em japon\u00eas, foi convertido para o ingl\u00eas pelo tradutor acad\u00eamico profissional Dylan Luers Toda. A partir do trabalho de Toda, foram comissionadas 8 tradu\u00e7\u00f5es deste website, e pela primeira [&hellip;]<\/p>\n","protected":false},"author":1,"featured_media":0,"parent":0,"menu_order":0,"comment_status":"closed","ping_status":"closed","template":"","meta":{"footnotes":""},"class_list":["post-6721","page","type-page","status-publish","hentry"],"_links":{"self":[{"href":"https:\/\/reikigreybook.com\/pt-br\/wp-json\/wp\/v2\/pages\/6721","targetHints":{"allow":["GET"]}}],"collection":[{"href":"https:\/\/reikigreybook.com\/pt-br\/wp-json\/wp\/v2\/pages"}],"about":[{"href":"https:\/\/reikigreybook.com\/pt-br\/wp-json\/wp\/v2\/types\/page"}],"author":[{"embeddable":true,"href":"https:\/\/reikigreybook.com\/pt-br\/wp-json\/wp\/v2\/users\/1"}],"replies":[{"embeddable":true,"href":"https:\/\/reikigreybook.com\/pt-br\/wp-json\/wp\/v2\/comments?post=6721"}],"version-history":[{"count":5,"href":"https:\/\/reikigreybook.com\/pt-br\/wp-json\/wp\/v2\/pages\/6721\/revisions"}],"predecessor-version":[{"id":9730,"href":"https:\/\/reikigreybook.com\/pt-br\/wp-json\/wp\/v2\/pages\/6721\/revisions\/9730"}],"wp:attachment":[{"href":"https:\/\/reikigreybook.com\/pt-br\/wp-json\/wp\/v2\/media?parent=6721"}],"curies":[{"name":"wp","href":"https:\/\/api.w.org\/{rel}","templated":true}]}}